{"id":3568,"date":"2025-01-31T11:30:27","date_gmt":"2025-01-31T11:30:27","guid":{"rendered":"https:\/\/snoeck.process-vision.de\/shop\/guenther-foerg-zwoelf-bleibilder\/"},"modified":"2025-04-01T17:04:54","modified_gmt":"2025-04-01T17:04:54","slug":"guenther-foerg-zwoelf-bleibilder","status":"publish","type":"product","link":"https:\/\/snoeck.de\/fr\/shop\/guenther-foerg-zwoelf-bleibilder\/","title":{"rendered":"G\u00fcnther F\u00f6rg : Douze tableaux en plomb"},"content":{"rendered":"<h3>G\u00fcnther F\u00f6rg - la derni\u00e8re publication de son vivant<\/h3>\n<p>Cette publication pr\u00e9sente pour la premi\u00e8re fois douze tableaux au plomb de grand format de G\u00fcnther F\u00f6rg (240 x 160 cm chacun) datant de 1989. Les grandes reproductions pleine page de 31 x 21 cm chacune donnent une impression imm\u00e9diate, rarement obtenue jusqu'\u00e0 pr\u00e9sent, de l'effet produit par les originaux. Car, comme le d\u00e9crit Max Wechsler dans son texte, \"l'attrait particulier des tableaux au plomb r\u00e9side naturellement dans leur mat\u00e9rialit\u00e9 et dans la mat\u00e9rialit\u00e9 unique de ce support plut\u00f4t inhabituel. \u00c0 cela s'ajoute la couleur sp\u00e9ciale du plomb qui, iris\u00e9e entre le gris et le bleu, appara\u00eet comme une boule d'orage sombre et mena\u00e7ante, avec ses infinies nuances de noirceur, et qui joue finement avec les patines naturelles et artificielles. Cette surface d'apparence organique est maintenant oppos\u00e9e, dans le discours pictural, aux figurations g\u00e9om\u00e9triques rectilignes des divisions. Cette opposition subtile ouvre un champ de tensions sur l'arri\u00e8re-plan duquel les programmes de composition syst\u00e9matiques et les \u00e9tudes plut\u00f4t intuitives des rapports chromatiques sont mis en \u0153uvre avec la plus grande concentration. Cela est certainement d\u00fb au fait que l'application de la couleur sur le plomb se fait apparemment presque sans r\u00e9sistance, ce qui flatte le penchant notoire de F\u00f6rg pour la rapidit\u00e9. Une des raisons de ce glissement rapide r\u00e9side bien s\u00fbr dans le fait que ce support de peinture n'absorbe absolument pas et que la mati\u00e8re color\u00e9e se d\u00e9pose pour ainsi dire \u00e0 la surface\". Le deuxi\u00e8me auteur de l'ouvrage, Britta Schr\u00f6der, d\u00e9crit l'effet saisissant comme un cosmos ferm\u00e9 : \"La peinture n'envahit pas l'espace, mais adh\u00e8re \u00e0 la surface comme \u00e0 un aimant. Il est \u00e0 craindre que certains \u00e9l\u00e9ments de la peinture soient aval\u00e9s d\u00e8s qu'on les fixe trop longtemps. En revanche, on tombe dans des formes color\u00e9es dont la force d'absorption nous absorbe comme si on tombait la t\u00eate la premi\u00e8re dans un trou noir\".<\/p>\n<p>Exposition :<br \/>\nGalerie B\u00e4rbel Gr\u00e4sslin Francfort, 23\/3 - 27\/4\/2013<\/p>","protected":false},"excerpt":{"rendered":"<p>Catalogue d'exposition, Galerie B\u00e4rbel Gr\u00e4sslin, \u00e9d. par B\u00e4rbel Gr\u00e4sslin et Uli Knecht<br \/>\nTextes (all.\/ang.) de Britta Schr\u00f6der, Max Wechsler<br \/>\n36 p. avec 20 illustrations en couleur<br \/>\nformat 35 x 25 cm, agraf\u00e9 avec jaquette<\/p>","protected":false},"featured_media":4983,"template":"","meta":[],"product_brand":[],"product_cat":[101,63,92],"product_tag":[],"class_list":{"0":"post-3568","1":"product","2":"type-product","3":"status-publish","4":"has-post-thumbnail","6":"product_cat-101","7":"product_cat-f","8":"product_cat-guenther-foerg","10":"first","11":"instock","12":"taxable","13":"shipping-taxable","14":"purchasable","15":"product-type-simple"},"aioseo_notices":[],"_wp_attached_file":null,"_wp_attachment_metadata":null,"_wc_attachment_source":null,"_elementor_inline_svg":null,"_elementor_is_screenshot":null,"_elementor_source_image_hash":null,"_source_url":null,"_wp_attachment_context":null,"_menu_item_type":null,"_menu_item_menu_item_parent":null,"_menu_item_object_id":null,"_menu_item_object":null,"_menu_item_target":null,"_menu_item_classes":null,"_menu_item_xfn":null,"_menu_item_url":null,"__elementor_forms_snapshot":null,"_unit":"","_unit_base":"","_unit_product":"","_unit_price_auto":"no","_unit_price_regular":"","_unit_price":"","_unit_price_sale":"","_sale_price_label":"","_sale_price_regular_label":"","_manufacturer_slug":"","_mini_desc":"","_defect_description":"","_safety_instructions":"","_allergen_ids":[],"_warranty_attachment_id":"","_safety_attachment_ids":[],"_min_age":"","_ts_gtin":"","_ts_mpn":"","_delivery_time_countries":[],"_free_shipping":"no","_service":"no","_photovoltaic_system":"no","_used_good":"no","_defective_copy":"no","_wireless_electronic_device":"no","_device_contains_power_supply":"no","_device_charging_supports_usb_pd":"no","_device_charging_watt_min":"0","_device_charging_watt_max":"0","_is_food":"no","_differential_taxation":"no","_gzd_version":"3.18.7","_hs_code":"","_customs_description":"","_manufacture_country":"0","_is_non_returnable":"no","_shipping_length":"","_shipping_width":"","_shipping_height":"","_sku":"ISBN 978-3-86442-049-8","_global_unique_id":"978-3-86442-049-8","_regular_price":"39.8","total_sales":"0","_tax_status":"taxable","_tax_class":"","_manage_stock":"no","_backorders":"no","_sold_individually":"no","_weight":"1","_virtual":"no","_downloadable":"no","_download_limit":"-1","_download_expiry":"-1","_stock":"","_stock_status":"instock","_wc_average_rating":"0","_wc_review_count":"0","_product_version":"9.7.1","_price":"39.8","shopengine_product_views_count":"3009","_thumbnail_id":"4983","_product_attributes":{"erscheinungsdatum":{"name":"Date de publication","value":"30.04.2013","position":0,"is_visible":1,"is_variation":0,"is_taxonomy":0,"checkout_visible":0}},"_nutrient_ids":[],"_upsell_ids":null,"pswc_subtitle":null,"_default_delivery_time":null,"_wp_desired_post_slug":null,"_isbn":null,"pageType":null,"isExternalUrl":null,"pageId":null,"externalUrl":null,"hideCookieBanner":null,"isTargetBlank":null,"isProviderCurrentWebsite":null,"isEmbeddingOnlyExternalResources":null,"legalBasis":null,"dataProcessingInCountries":null,"dataProcessingInCountriesSpecialTreatments":null,"technicalDefinitions":null,"googleConsentModeConsentTypes":null,"executePriority":null,"executeCodeOptInWhenNoTagManagerConsentIsGiven":null,"executeCodeOptOutWhenNoTagManagerConsentIsGiven":null,"deleteTechnicalDefinitionsAfterOptOut":null,"presetId":null,"presetVersion":null,"provider":null,"providerContactPhone":null,"providerContactEmail":null,"providerContactLink":null,"uniqueName":null,"providerPrivacyPolicyUrl":null,"providerLegalNoticeUrl":null,"codeOptIn":null,"codeOptOut":null,"codeOnPageLoad":null,"language_code":null,"shopengine_template__post_meta__type":null,"shopengine_template__post_meta":null,"shopengine_template__post_meta__edit_with":null,"origin":null,"_enabled":null,"_filters":null,"_layout":null,"_elementor_import_session_id":null,"_wp_trash_meta_status":null,"_wp_trash_meta_time":null,"_edit_lock":"1743526954:2","_elementor_floating_elements_type":null,"_elementor_edit_mode":null,"_elementor_template_type":null,"tc-thumb-fld":{"_thumb_id":4983,"_thumb_type":"thumb"},"_wp_page_template":"default","_elementor_version":null,"_elementor_pro_version":null,"_elementor_page_settings":null,"_elementor_data":null,"_elementor_conditions":null,"_elementor_popup_display_settings":null,"_edit_last":"2","_elementor_template_sub_type":null,"_elementor_controls_usage":null,"_elementor_screenshot":null,"_elementor_css":null,"_elementor_page_assets":[],"_elementor_element_cache":null,"_elementor_screenshot_failed":null,"_elementor_source":null,"_wp_old_date":null,"layout_key":"","post_slider_check_key":"0","_links":{"self":[{"href":"https:\/\/snoeck.de\/fr\/wp-json\/wp\/v2\/product\/3568","targetHints":{"allow":["GET"]}}],"collection":[{"href":"https:\/\/snoeck.de\/fr\/wp-json\/wp\/v2\/product"}],"about":[{"href":"https:\/\/snoeck.de\/fr\/wp-json\/wp\/v2\/types\/product"}],"wp:featuredmedia":[{"embeddable":true,"href":"https:\/\/snoeck.de\/fr\/wp-json\/wp\/v2\/media\/4983"}],"wp:attachment":[{"href":"https:\/\/snoeck.de\/fr\/wp-json\/wp\/v2\/media?parent=3568"}],"wp:term":[{"taxonomy":"product_brand","embeddable":true,"href":"https:\/\/snoeck.de\/fr\/wp-json\/wp\/v2\/product_brand?post=3568"},{"taxonomy":"product_cat","embeddable":true,"href":"https:\/\/snoeck.de\/fr\/wp-json\/wp\/v2\/product_cat?post=3568"},{"taxonomy":"product_tag","embeddable":true,"href":"https:\/\/snoeck.de\/fr\/wp-json\/wp\/v2\/product_tag?post=3568"}],"curies":[{"name":"wp","href":"https:\/\/api.w.org\/{rel}","templated":true}]}}