{"id":3570,"date":"2025-01-31T11:30:28","date_gmt":"2025-01-31T11:30:28","guid":{"rendered":"https:\/\/snoeck.process-vision.de\/shop\/guenther-foerg-wandmalerei-1978-2013\/"},"modified":"2025-04-01T16:57:13","modified_gmt":"2025-04-01T16:57:13","slug":"guenther-foerg-wandmalerei-1978-2013","status":"publish","type":"product","link":"https:\/\/snoeck.de\/fr\/shop\/guenther-foerg-wandmalerei-1978-2013\/","title":{"rendered":"G\u00fcnther F\u00f6rg : Peintures murales \/ Wall Paintings 1978-2013"},"content":{"rendered":"<h3>Un premier aper\u00e7u sommaire d'un aspect fondamental et en m\u00eame temps extr\u00eamement vaste de l'\u0153uvre<\/h3>\n<p>Lorsque G\u00fcnther F\u00f6rg est d\u00e9c\u00e9d\u00e9 le 5 d\u00e9cembre 2013, il avait encore travaill\u00e9 intensivement la m\u00eame ann\u00e9e \u00e0 un catalogue de ses peintures murales, qu'il n'a toutefois pas pu achever. Les peintures murales de G\u00fcnther F\u00f6rg sont l'un des aspects centraux de toute sa cr\u00e9ation artistique. Elles lui ont ouvert de nombreuses possibilit\u00e9s de pr\u00e9sentation, ont pu \u00eatre combin\u00e9es avec des travaux photographiques et picturaux et ont toujours \u00e9t\u00e9 con\u00e7ues comme une clarification de l'espace, comme une source de rythme pour sa structure interne. Dans ce contexte, il n'a rien \u00e0 envier \u00e0 ses grands pr\u00e9d\u00e9cesseurs historiques, qu'il s'agisse de Malevitch, Rothko ou Palermo, dans son appropriation ais\u00e9e, et leur a peut-\u00eatre m\u00eame \u00e9t\u00e9 sup\u00e9rieur de temps \u00e0 autre. En tout cas, bon nombre de ses coll\u00e8gues artistes de son \u00e2ge l'envient aujourd'hui pour savoir quand et comment il a su g\u00e9rer de mani\u00e8re souveraine des espaces isol\u00e9s ou des espaces entiers. En 1986, \u00e0 l'occasion de l'exposition de G\u00fcnther F\u00f6rg \u00e0 la Kunsthalle de Berne, Max Wechsler a \u00e9crit dans le journal \"Vaterland\" que \"l'am\u00e9nagement de l'espace et la pr\u00e9sentation des images s'interp\u00e9n\u00e8trent tout naturellement. Les salles respirent d'abord une \u00e9l\u00e9gance froide, presque design, qui, au-del\u00e0 des significations, met en valeur l'architecture unique de la Kunsthalle et invite \u00e0 une sorte de fl\u00e2nerie. Mais peu \u00e0 peu, le calcul de la mise en sc\u00e8ne devient efficace, et la pr\u00e9sence exacerb\u00e9e des pi\u00e8ces commence \u00e0 rayonner, \u00e0 ouvrir d'autres espaces : Des vues et des perspectives. Des structures deviennent efficaces, des ambiances sont \u00e9voqu\u00e9es et des sentiments sont \u00e9veill\u00e9s ; un syst\u00e8me complexe de relations s'ouvre, qui \u00e0 la fois brisent et maintiennent l'ensemble\".<br \/>\nLe pr\u00e9sent volume reprend maintenant les carnets tenus par l'artiste et les reproduit en fac-simil\u00e9. Un catalogue des \u0153uvres doit \u00eatre r\u00e9serv\u00e9 \u00e0 un traitement scientifique ult\u00e9rieur et minutieux. La publication souhaite toutefois donner un premier aper\u00e7u sommaire de cet aspect fondamental et en m\u00eame temps extr\u00eamement vaste de l'\u0153uvre. Pour ce faire, les fiches techniques corrig\u00e9es \u00e0 la main par G\u00fcnther F\u00f6rg ont \u00e9t\u00e9 soigneusement reproduites en fac-simil\u00e9 et quelques feuilles ont \u00e9t\u00e9 compl\u00e9t\u00e9es par des \u00e9chantillons de couleurs quasiment identiques.<\/p>\n<p>Exposition :<br \/>\nDeichtorhallen Hamburg, 31\/7 - 25\/10\/2015<\/p>","protected":false},"excerpt":{"rendered":"<p>Edit\u00e9 par les Editions Traverses S\u00e0rl, M\u00fcnchenstein, Suisse, et Michael Neff, Francfort\/Main<br \/>\nTexte (all.\/ang.) de Max Wechsler<br \/>\n392 p. avec 250 illustrations en couleur<br \/>\nformat 29,7 x 21 cm, reliure en lin blanc gaufr\u00e9<\/p>","protected":false},"featured_media":4985,"template":"","meta":[],"product_brand":[],"product_cat":[102,63,92],"product_tag":[],"class_list":{"0":"post-3570","1":"product","2":"type-product","3":"status-publish","4":"has-post-thumbnail","6":"product_cat-102","7":"product_cat-f","8":"product_cat-guenther-foerg","10":"first","11":"instock","12":"taxable","13":"shipping-taxable","14":"purchasable","15":"product-type-simple"},"aioseo_notices":[],"_wp_attached_file":null,"_wp_attachment_metadata":null,"_wc_attachment_source":null,"_elementor_inline_svg":null,"_elementor_is_screenshot":null,"_elementor_source_image_hash":null,"_source_url":null,"_wp_attachment_context":null,"_menu_item_type":null,"_menu_item_menu_item_parent":null,"_menu_item_object_id":null,"_menu_item_object":null,"_menu_item_target":null,"_menu_item_classes":null,"_menu_item_xfn":null,"_menu_item_url":null,"__elementor_forms_snapshot":null,"_unit":"","_unit_base":"","_unit_product":"","_unit_price_auto":"no","_unit_price_regular":"","_unit_price":"","_unit_price_sale":"","_sale_price_label":"","_sale_price_regular_label":"","_manufacturer_slug":"","_mini_desc":"","_defect_description":"","_safety_instructions":"","_allergen_ids":[],"_warranty_attachment_id":"","_safety_attachment_ids":[],"_min_age":"","_ts_gtin":"","_ts_mpn":"","_delivery_time_countries":[],"_free_shipping":"no","_service":"no","_photovoltaic_system":"no","_used_good":"no","_defective_copy":"no","_wireless_electronic_device":"no","_device_contains_power_supply":"no","_device_charging_supports_usb_pd":"no","_device_charging_watt_min":"0","_device_charging_watt_max":"0","_is_food":"no","_differential_taxation":"no","_gzd_version":"3.18.7","_hs_code":"","_customs_description":"","_manufacture_country":"0","_is_non_returnable":"no","_shipping_length":"","_shipping_width":"","_shipping_height":"","_sku":"ISBN 978-3-86442-130-3","_global_unique_id":"978-3-86442-130-3","_regular_price":"148","total_sales":"0","_tax_status":"taxable","_tax_class":"","_manage_stock":"no","_backorders":"no","_sold_individually":"no","_weight":"3","_virtual":"no","_downloadable":"no","_download_limit":"-1","_download_expiry":"-1","_stock":"","_stock_status":"instock","_wc_average_rating":"0","_wc_review_count":"0","_product_version":"9.7.1","_price":"148","shopengine_product_views_count":"2633","_thumbnail_id":"4985","_product_attributes":{"erscheinungsdatum":{"name":"Erscheinungsdatum","value":"31.07.2015","position":0,"is_visible":1,"is_variation":0,"is_taxonomy":0,"checkout_visible":0}},"_nutrient_ids":[],"_upsell_ids":null,"pswc_subtitle":null,"_default_delivery_time":null,"_wp_desired_post_slug":null,"_isbn":null,"pageType":null,"isExternalUrl":null,"pageId":null,"externalUrl":null,"hideCookieBanner":null,"isTargetBlank":null,"isProviderCurrentWebsite":null,"isEmbeddingOnlyExternalResources":null,"legalBasis":null,"dataProcessingInCountries":null,"dataProcessingInCountriesSpecialTreatments":null,"technicalDefinitions":null,"googleConsentModeConsentTypes":null,"executePriority":null,"executeCodeOptInWhenNoTagManagerConsentIsGiven":null,"executeCodeOptOutWhenNoTagManagerConsentIsGiven":null,"deleteTechnicalDefinitionsAfterOptOut":null,"presetId":null,"presetVersion":null,"provider":null,"providerContactPhone":null,"providerContactEmail":null,"providerContactLink":null,"uniqueName":null,"providerPrivacyPolicyUrl":null,"providerLegalNoticeUrl":null,"codeOptIn":null,"codeOptOut":null,"codeOnPageLoad":null,"language_code":null,"shopengine_template__post_meta__type":null,"shopengine_template__post_meta":null,"shopengine_template__post_meta__edit_with":null,"origin":null,"_enabled":null,"_filters":null,"_layout":null,"_elementor_import_session_id":null,"_wp_trash_meta_status":null,"_wp_trash_meta_time":null,"_edit_lock":"1743526564:2","_elementor_floating_elements_type":null,"_elementor_edit_mode":null,"_elementor_template_type":null,"tc-thumb-fld":{"_thumb_id":4985,"_thumb_type":"thumb"},"_wp_page_template":"default","_elementor_version":null,"_elementor_pro_version":null,"_elementor_page_settings":null,"_elementor_data":null,"_elementor_conditions":null,"_elementor_popup_display_settings":null,"_edit_last":"2","_elementor_template_sub_type":null,"_elementor_controls_usage":null,"_elementor_screenshot":null,"_elementor_css":null,"_elementor_page_assets":[],"_elementor_element_cache":null,"_elementor_screenshot_failed":null,"_elementor_source":null,"_wp_old_date":null,"layout_key":"","post_slider_check_key":"0","_links":{"self":[{"href":"https:\/\/snoeck.de\/fr\/wp-json\/wp\/v2\/product\/3570","targetHints":{"allow":["GET"]}}],"collection":[{"href":"https:\/\/snoeck.de\/fr\/wp-json\/wp\/v2\/product"}],"about":[{"href":"https:\/\/snoeck.de\/fr\/wp-json\/wp\/v2\/types\/product"}],"wp:featuredmedia":[{"embeddable":true,"href":"https:\/\/snoeck.de\/fr\/wp-json\/wp\/v2\/media\/4985"}],"wp:attachment":[{"href":"https:\/\/snoeck.de\/fr\/wp-json\/wp\/v2\/media?parent=3570"}],"wp:term":[{"taxonomy":"product_brand","embeddable":true,"href":"https:\/\/snoeck.de\/fr\/wp-json\/wp\/v2\/product_brand?post=3570"},{"taxonomy":"product_cat","embeddable":true,"href":"https:\/\/snoeck.de\/fr\/wp-json\/wp\/v2\/product_cat?post=3570"},{"taxonomy":"product_tag","embeddable":true,"href":"https:\/\/snoeck.de\/fr\/wp-json\/wp\/v2\/product_tag?post=3570"}],"curies":[{"name":"wp","href":"https:\/\/api.w.org\/{rel}","templated":true}]}}