{"id":3572,"date":"2025-01-31T11:30:29","date_gmt":"2025-01-31T11:30:29","guid":{"rendered":"https:\/\/snoeck.process-vision.de\/shop\/guenther-foerg-ohne-titel-1976-2008\/"},"modified":"2025-04-01T16:52:54","modified_gmt":"2025-04-01T16:52:54","slug":"guenther-foerg-ohne-titel-1976-2008","status":"publish","type":"product","link":"https:\/\/snoeck.de\/fr\/shop\/guenther-foerg-ohne-titel-1976-2008\/","title":{"rendered":"G\u00fcnther F\u00f6rg : [Sans titre] 1976-2008"},"content":{"rendered":"<h3>G\u00fcnther F\u00f6rg - Ma\u00eetre de l'univers<\/h3>\n<p>G\u00fcnther F\u00f6rg (1952-2013) est un grand r\u00e9novateur de la peinture entre le moderne et le contemporain, entre l'Europe et l'Am\u00e9rique, entre le minimalisme abstrait et laconique et l'expression gestuelle d\u00e9licate. Le Kunstverein Reutlingen pr\u00e9sente une s\u00e9lection de son \u0153uvre picturale des ann\u00e9es 1976 \u00e0 2008, issue de la collection de Brunhilde et G\u00fcnther Friedrichs : 100 peintures et travaux sur papier sur plus de 30 ans sont pr\u00e9sent\u00e9s pour la premi\u00e8re fois au public de mani\u00e8re coh\u00e9rente et donnent un aper\u00e7u impressionnant des audaces aussi risqu\u00e9es que sensuelles de la peinture de G\u00fcnther F\u00f6rg.Le volume destin\u00e9 au Kunstverein Reutlingen s'inscrit dans la tradition des nombreux livres que G\u00fcnther F\u00f6rg a publi\u00e9s chez Snoeck. La collaboration a commenc\u00e9 avec une publication comm\u00e9morative \u00e0 l'occasion de son 50e anniversaire en 2002 (parue en 2005) et s'est poursuivie les ann\u00e9es suivantes avec toute une s\u00e9rie - onze au total - de magnifiques publications. Apr\u00e8s sa mort, un catalogue d'exposition a suivi en 2015 pour la pr\u00e9sentation de travaux muraux dans les Deichtorhallen. La m\u00eame ann\u00e9e, le volume \"F\u00f6rg. Wallmalerei | Wallpaintings 1978-2013\", sur lequel l'artiste avait travaill\u00e9 jusqu'\u00e0 la fin (voir aussi notre page sp\u00e9ciale avec toutes les publications sur G\u00fcnther F\u00f6rg).<\/p>\n<p>Exposition :<br \/>\nAssociation artistique de Reutlingen, 10\/6 - 26\/8\/2018<\/p>","protected":false},"excerpt":{"rendered":"<p>Catalogue d'exposition, Kunstverein Reutlingen, \u00e9d. Christian Malycha<br \/>\nTexte (all.\/ang.) de Christian Malycha<br \/>\n48 p. avec 18 illustrations en couleur sur deux pages<br \/>\nFormat : 30 x 24 cm, couverture souple<\/p>","protected":false},"featured_media":4987,"template":"","meta":[],"product_brand":[],"product_cat":[111,63,92],"product_tag":[],"class_list":{"0":"post-3572","1":"product","2":"type-product","3":"status-publish","4":"has-post-thumbnail","6":"product_cat-111","7":"product_cat-f","8":"product_cat-guenther-foerg","10":"first","11":"instock","12":"taxable","13":"shipping-taxable","14":"purchasable","15":"product-type-simple"},"aioseo_notices":[],"_wp_attached_file":null,"_wp_attachment_metadata":null,"_wc_attachment_source":null,"_elementor_inline_svg":null,"_elementor_is_screenshot":null,"_elementor_source_image_hash":null,"_source_url":null,"_wp_attachment_context":null,"_menu_item_type":null,"_menu_item_menu_item_parent":null,"_menu_item_object_id":null,"_menu_item_object":null,"_menu_item_target":null,"_menu_item_classes":null,"_menu_item_xfn":null,"_menu_item_url":null,"__elementor_forms_snapshot":null,"_unit":"","_unit_base":"","_unit_product":"","_unit_price_auto":"no","_unit_price_regular":"","_unit_price":"","_unit_price_sale":"","_sale_price_label":"","_sale_price_regular_label":"","_manufacturer_slug":"","_mini_desc":"","_defect_description":"","_safety_instructions":"","_allergen_ids":[],"_warranty_attachment_id":"","_safety_attachment_ids":[],"_min_age":"","_ts_gtin":"","_ts_mpn":"","_delivery_time_countries":[],"_free_shipping":"no","_service":"no","_photovoltaic_system":"no","_used_good":"no","_defective_copy":"no","_wireless_electronic_device":"no","_device_contains_power_supply":"no","_device_charging_supports_usb_pd":"no","_device_charging_watt_min":"0","_device_charging_watt_max":"0","_is_food":"no","_differential_taxation":"no","_gzd_version":"3.18.7","_hs_code":"","_customs_description":"","_manufacture_country":"0","_is_non_returnable":"no","_shipping_length":"","_shipping_width":"","_shipping_height":"","_sku":"ISBN 978-3-86442-265-2","_global_unique_id":"978-3-86442-265-2","_regular_price":"24.8","total_sales":"0","_tax_status":"taxable","_tax_class":"","_manage_stock":"no","_backorders":"no","_sold_individually":"no","_weight":"1","_virtual":"no","_downloadable":"no","_download_limit":"-1","_download_expiry":"-1","_stock":"","_stock_status":"instock","_wc_average_rating":"0","_wc_review_count":"0","_product_version":"9.7.1","_price":"24.8","shopengine_product_views_count":"2491","_thumbnail_id":"4987","_product_attributes":{"erscheinungsdatum":{"name":"Erscheinungsdatum","value":"07.08.2018","position":0,"is_visible":1,"is_variation":0,"is_taxonomy":0,"checkout_visible":0}},"_nutrient_ids":[],"_upsell_ids":null,"pswc_subtitle":null,"_default_delivery_time":null,"_wp_desired_post_slug":null,"_isbn":null,"pageType":null,"isExternalUrl":null,"pageId":null,"externalUrl":null,"hideCookieBanner":null,"isTargetBlank":null,"isProviderCurrentWebsite":null,"isEmbeddingOnlyExternalResources":null,"legalBasis":null,"dataProcessingInCountries":null,"dataProcessingInCountriesSpecialTreatments":null,"technicalDefinitions":null,"googleConsentModeConsentTypes":null,"executePriority":null,"executeCodeOptInWhenNoTagManagerConsentIsGiven":null,"executeCodeOptOutWhenNoTagManagerConsentIsGiven":null,"deleteTechnicalDefinitionsAfterOptOut":null,"presetId":null,"presetVersion":null,"provider":null,"providerContactPhone":null,"providerContactEmail":null,"providerContactLink":null,"uniqueName":null,"providerPrivacyPolicyUrl":null,"providerLegalNoticeUrl":null,"codeOptIn":null,"codeOptOut":null,"codeOnPageLoad":null,"language_code":null,"shopengine_template__post_meta__type":null,"shopengine_template__post_meta":null,"shopengine_template__post_meta__edit_with":null,"origin":null,"_enabled":null,"_filters":null,"_layout":null,"_elementor_import_session_id":null,"_wp_trash_meta_status":null,"_wp_trash_meta_time":null,"_edit_lock":"1743526234:2","_elementor_floating_elements_type":null,"_elementor_edit_mode":null,"_elementor_template_type":null,"tc-thumb-fld":{"_thumb_id":4987,"_thumb_type":"thumb"},"_wp_page_template":"default","_elementor_version":null,"_elementor_pro_version":null,"_elementor_page_settings":null,"_elementor_data":null,"_elementor_conditions":null,"_elementor_popup_display_settings":null,"_edit_last":"2","_elementor_template_sub_type":null,"_elementor_controls_usage":null,"_elementor_screenshot":null,"_elementor_css":null,"_elementor_page_assets":[],"_elementor_element_cache":null,"_elementor_screenshot_failed":null,"_elementor_source":null,"_wp_old_date":null,"layout_key":"","post_slider_check_key":"0","_links":{"self":[{"href":"https:\/\/snoeck.de\/fr\/wp-json\/wp\/v2\/product\/3572","targetHints":{"allow":["GET"]}}],"collection":[{"href":"https:\/\/snoeck.de\/fr\/wp-json\/wp\/v2\/product"}],"about":[{"href":"https:\/\/snoeck.de\/fr\/wp-json\/wp\/v2\/types\/product"}],"wp:featuredmedia":[{"embeddable":true,"href":"https:\/\/snoeck.de\/fr\/wp-json\/wp\/v2\/media\/4987"}],"wp:attachment":[{"href":"https:\/\/snoeck.de\/fr\/wp-json\/wp\/v2\/media?parent=3572"}],"wp:term":[{"taxonomy":"product_brand","embeddable":true,"href":"https:\/\/snoeck.de\/fr\/wp-json\/wp\/v2\/product_brand?post=3572"},{"taxonomy":"product_cat","embeddable":true,"href":"https:\/\/snoeck.de\/fr\/wp-json\/wp\/v2\/product_cat?post=3572"},{"taxonomy":"product_tag","embeddable":true,"href":"https:\/\/snoeck.de\/fr\/wp-json\/wp\/v2\/product_tag?post=3572"}],"curies":[{"name":"wp","href":"https:\/\/api.w.org\/{rel}","templated":true}]}}