{"id":3574,"date":"2025-01-31T11:30:30","date_gmt":"2025-01-31T11:30:30","guid":{"rendered":"https:\/\/snoeck.process-vision.de\/shop\/fotofinish\/"},"modified":"2026-04-08T15:14:32","modified_gmt":"2026-04-08T14:14:32","slug":"fotofinish","status":"publish","type":"product","link":"https:\/\/snoeck.de\/fr\/shop\/fotofinish\/","title":{"rendered":"Photofinish"},"content":{"rendered":"<h3>La photographie comme m\u00e9dium artistique<\/h3>\n<p>Au d\u00e9but des ann\u00e9es 1990, la photographie a commenc\u00e9 \u00e0 s'\u00e9tablir timidement comme mat\u00e9riau dans l'art et sur le march\u00e9 de l'art, mais elle \u00e9tait encore loin d'\u00eatre \u00e9lev\u00e9e au rang de genre artistique \u00e0 part enti\u00e8re. Actuellement, elle fait partie des formes de d\u00e9part les plus vari\u00e9es qui existent dans la confrontation artistique. En m\u00eame temps, au z\u00e9nith de son ascension, la question se pose de savoir combien de temps la photographie sera encore utilis\u00e9e comme proc\u00e9d\u00e9 (autonome) dans l'art. La num\u00e9risation a presque totalement supplant\u00e9 les techniques analogiques. Et avec les changements fondamentaux des approches techniques, l'approche de la photographie \u00e9volue \u00e9galement. Outre le texte de Christina Leber sur l'histoire de la collection d'art de la DZ BANK \u00e0 l'occasion de son 25e anniversaire, cinq essais de ce volume richement illustr\u00e9 mettent en lumi\u00e8re et reclassent la relation de la photographie avec les autres genres artistiques : avec la peinture, le dessin et la sculpture, l'image en mouvement et l'art conceptuel. Car il est temps de d\u00e9passer la fonction purement documentaire de la photographie dans l'art, qui a \u00e9t\u00e9 forc\u00e9e ces derni\u00e8res ann\u00e9es, pour ouvrir la fen\u00eatre et porter \u00e0 nouveau un regard concentr\u00e9 sur les possibilit\u00e9s de ce m\u00e9dium en tant qu'art.<\/p>\n<p>Lancement de livres avec des auteurs :<br \/>\nArt Foyer, DZ Bank AG Francfort, 8\/6\/2018 (Mod\u00e9ration : Julia Voss)<\/p>","protected":false},"excerpt":{"rendered":"<p>\u00c9dit\u00e9 par Christina Leber pour la collection d'art de la DZ Bank<br \/>\nTextes (all.\/ang.) de Henning Engelke, Ursula Frohne, Christina Leber, Kathrin Sch\u00f6negg, Steffen Siegel, Wolfgang Ullrich<br \/>\n472 p. avec 160 illustrations en couleur et 220 en n\/b<br \/>\nformat 24 x 17 cm, reliure en toile avec \u00e9tiquette de titre et coupe couleur<\/p>","protected":false},"featured_media":4989,"template":"","meta":[],"product_brand":[],"product_cat":[95],"product_tag":[],"class_list":{"0":"post-3574","1":"product","2":"type-product","3":"status-publish","4":"has-post-thumbnail","6":"product_cat-vergriffen","8":"first","9":"outofstock","10":"taxable","11":"shipping-taxable","12":"product-type-simple"},"aioseo_notices":[],"_wp_attached_file":null,"_wp_attachment_metadata":null,"_wc_attachment_source":null,"_elementor_inline_svg":null,"_elementor_is_screenshot":null,"_elementor_source_image_hash":null,"_source_url":null,"_wp_attachment_context":null,"_menu_item_type":null,"_menu_item_menu_item_parent":null,"_menu_item_object_id":null,"_menu_item_object":null,"_menu_item_target":null,"_menu_item_classes":null,"_menu_item_xfn":null,"_menu_item_url":null,"__elementor_forms_snapshot":null,"_unit":"","_unit_base":"","_unit_product":"","_unit_price_auto":"no","_unit_price_regular":"","_unit_price":"","_unit_price_sale":"","_sale_price_label":"","_sale_price_regular_label":"","_manufacturer_slug":"","_mini_desc":"","_defect_description":"","_safety_instructions":"","_allergen_ids":[],"_warranty_attachment_id":"","_safety_attachment_ids":[],"_min_age":"","_ts_gtin":"","_ts_mpn":"","_delivery_time_countries":[],"_free_shipping":"no","_service":"no","_photovoltaic_system":"no","_used_good":"no","_defective_copy":"no","_wireless_electronic_device":"no","_device_contains_power_supply":"no","_device_charging_supports_usb_pd":"no","_device_charging_watt_min":"0","_device_charging_watt_max":"0","_is_food":"no","_differential_taxation":"no","_gzd_version":"3.18.7","_hs_code":"","_customs_description":"","_manufacture_country":"0","_is_non_returnable":"no","_shipping_length":"","_shipping_width":"","_shipping_height":"","_sku":"ISBN 978-3-86442-233-1","_global_unique_id":"978-3-86442-233-1","_regular_price":null,"total_sales":"0","_tax_status":"taxable","_tax_class":"","_manage_stock":"no","_backorders":"no","_sold_individually":"no","_weight":"2","_virtual":"no","_downloadable":"no","_download_limit":"-1","_download_expiry":"-1","_stock":"","_stock_status":"outofstock","_wc_average_rating":"0","_wc_review_count":"0","_product_version":"10.1.4","_price":"","shopengine_product_views_count":"3389","_thumbnail_id":"4989","_product_attributes":{"erscheinungsdatum":{"name":"Date de publication","value":"22.05.2018","position":0,"is_visible":1,"is_variation":0,"is_taxonomy":0,"checkout_visible":0}},"_nutrient_ids":[],"_upsell_ids":null,"pswc_subtitle":null,"_default_delivery_time":null,"_wp_desired_post_slug":null,"_isbn":null,"pageType":null,"isExternalUrl":null,"pageId":null,"externalUrl":null,"hideCookieBanner":null,"isTargetBlank":null,"isProviderCurrentWebsite":null,"isEmbeddingOnlyExternalResources":null,"legalBasis":null,"dataProcessingInCountries":null,"dataProcessingInCountriesSpecialTreatments":null,"technicalDefinitions":null,"googleConsentModeConsentTypes":null,"executePriority":null,"executeCodeOptInWhenNoTagManagerConsentIsGiven":null,"executeCodeOptOutWhenNoTagManagerConsentIsGiven":null,"deleteTechnicalDefinitionsAfterOptOut":null,"presetId":null,"presetVersion":null,"provider":null,"providerContactPhone":null,"providerContactEmail":null,"providerContactLink":null,"uniqueName":null,"providerPrivacyPolicyUrl":null,"providerLegalNoticeUrl":null,"codeOptIn":null,"codeOptOut":null,"codeOnPageLoad":null,"language_code":null,"shopengine_template__post_meta__type":null,"shopengine_template__post_meta":null,"shopengine_template__post_meta__edit_with":null,"origin":null,"_enabled":null,"_filters":null,"_layout":null,"_elementor_import_session_id":null,"_wp_trash_meta_status":null,"_wp_trash_meta_time":null,"_edit_lock":"1743526172:2","_elementor_floating_elements_type":null,"_elementor_edit_mode":null,"_elementor_template_type":null,"tc-thumb-fld":{"_thumb_id":4989,"_thumb_type":"thumb"},"_wp_page_template":"default","_elementor_version":null,"_elementor_pro_version":null,"_elementor_page_settings":null,"_elementor_data":null,"_elementor_conditions":null,"_elementor_popup_display_settings":null,"_edit_last":"2","_elementor_template_sub_type":null,"_elementor_controls_usage":null,"_elementor_screenshot":null,"_elementor_css":null,"_elementor_page_assets":[],"_elementor_element_cache":null,"_elementor_screenshot_failed":null,"_elementor_source":null,"_wp_old_date":null,"layout_key":"","post_slider_check_key":"0","_links":{"self":[{"href":"https:\/\/snoeck.de\/fr\/wp-json\/wp\/v2\/product\/3574","targetHints":{"allow":["GET"]}}],"collection":[{"href":"https:\/\/snoeck.de\/fr\/wp-json\/wp\/v2\/product"}],"about":[{"href":"https:\/\/snoeck.de\/fr\/wp-json\/wp\/v2\/types\/product"}],"wp:featuredmedia":[{"embeddable":true,"href":"https:\/\/snoeck.de\/fr\/wp-json\/wp\/v2\/media\/4989"}],"wp:attachment":[{"href":"https:\/\/snoeck.de\/fr\/wp-json\/wp\/v2\/media?parent=3574"}],"wp:term":[{"taxonomy":"product_brand","embeddable":true,"href":"https:\/\/snoeck.de\/fr\/wp-json\/wp\/v2\/product_brand?post=3574"},{"taxonomy":"product_cat","embeddable":true,"href":"https:\/\/snoeck.de\/fr\/wp-json\/wp\/v2\/product_cat?post=3574"},{"taxonomy":"product_tag","embeddable":true,"href":"https:\/\/snoeck.de\/fr\/wp-json\/wp\/v2\/product_tag?post=3574"}],"curies":[{"name":"wp","href":"https:\/\/api.w.org\/{rel}","templated":true}]}}