{"id":3575,"date":"2025-01-31T11:30:30","date_gmt":"2025-01-31T11:30:30","guid":{"rendered":"https:\/\/snoeck.process-vision.de\/shop\/fragile-alles-aus-glas\/"},"modified":"2026-04-08T15:29:22","modified_gmt":"2026-04-08T14:29:22","slug":"fragile-alles-aus-glas","status":"publish","type":"product","link":"https:\/\/snoeck.de\/fr\/shop\/fragile-alles-aus-glas\/","title":{"rendered":"Fragile - Tout en verre"},"content":{"rendered":"<h3>Le verre - aux fronti\u00e8res de la sculpture<\/h3>\n<p>Le verre fascine les hommes depuis qu'ils le manipulent. Dans la diversit\u00e9 de ses propri\u00e9t\u00e9s - visqueuses et cristallines, fragiles et r\u00e9sistantes \u00e0 la fois - il se r\u00e9v\u00e8le \u00eatre un mat\u00e9riau qui pose d'immenses d\u00e9fis artistiques. Ce n'est que dans la coop\u00e9ration de plus en plus \u00e9troite entre les artistes* et les manufactures de verre renomm\u00e9es que ce mat\u00e9riau exquis semble \u00eatre devenu docile. En m\u00eame temps, le verre invite \u00e0 des charges m\u00e9taphoriques et \u00e0 des interpr\u00e9tations spirituelles et intellectuelles. Le livre et l'exposition suivent donc de pr\u00e8s les questions relatives \u00e0 l'\u00e9mancipation picturale de ce mat\u00e9riau depuis le XIXe si\u00e8cle ainsi que le \"culte du cristallin\" entretenu par exemple par les fantaisies architecturales visionnaires de la Gl\u00e4serne Kette (cha\u00eene de verre) autour de Bruno Taut et Hans Scharoun. La lutte des \"cr\u00e9ateurs de verre\" pour la forme sans ornement, telle qu'elle a \u00e9t\u00e9 d\u00e9fendue par Peter Behrens et Adolf Loos, est tout aussi bien illustr\u00e9e. Le \"Grand verre\" (1915) de Marcel Duchamp, consid\u00e9r\u00e9 comme \u00e9nigmatique, a \u00e9galement exerc\u00e9 une grande influence sur l'art du 20e si\u00e8cle. Dans les actes destructeurs de l'art politis\u00e9 des ann\u00e9es 1960, il constitue un point de r\u00e9f\u00e9rence constant, et les travaux de Barry LeVa, Tony Cragg ou Bethan Huws sont l'expression d'un d\u00e9bat qui s'\u00e9tend jusqu'\u00e0 nos jours sur l'h\u00e9ritage \"vitreux\" de Marcel Duchamp. Enfin, les travaux en verre de Thomas Sch\u00fctte, laur\u00e9at du prix Ernst Franz Vogelmann, ouvrent un spectre contemporain polyphonique avec les \u0153uvres de Christoph Brech, Tony Cragg, Ay\u015fe Erkmen, Louisa Clement, Luciano Fabro, Gabriella Gerosa, Asta Gr\u00f6ting, Mona Hatoum, Marta Klonowska, Isa Melsheimer, Cornelia Parker, Gerda Schlembach et Timm Ulrichs.<\/p>\n<p>Expositions :<br \/>\nMus\u00e9es municipaux de Heilbronn \/ Kunsthalle Vogelmann, 18\/12\/2021 - 15\/4\/2022<br \/>\nMus\u00e9e d'art d'Ahlen, 19\/6 - 16\/10\/2022<\/p>","protected":false},"excerpt":{"rendered":"<p>Catalogue d'exposition, St\u00e4dtische Museen Heilbronn\/Kunsthalle Vogelmann, Kunstmuseum Ahlen, \u00e9d. par Marc Gundel et Martina Padberg avec Rita G. T\u00e4uber<br \/>\nTextes (all.) de Marc Gundel, Monika Hawrylewicz, Kinga Luchs, Sophie Marlich, Ralph Musielski, Martina Padberg, Andreas Pinczewski, Dagmar Schmidt, Manfred Schneider, Rita E. T\u00e4uber, Maaike van Rijn<br \/>\n160 p. avec 123 illustrations en couleur<br \/>\nformat 28 x 21 cm, couverture rigide<\/p>","protected":false},"featured_media":4990,"template":"","meta":[],"product_brand":[],"product_cat":[95],"product_tag":[],"class_list":{"0":"post-3575","1":"product","2":"type-product","3":"status-publish","4":"has-post-thumbnail","6":"product_cat-vergriffen","8":"first","9":"outofstock","10":"taxable","11":"shipping-taxable","12":"product-type-simple"},"aioseo_notices":[],"_wp_attached_file":null,"_wp_attachment_metadata":null,"_wc_attachment_source":null,"_elementor_inline_svg":null,"_elementor_is_screenshot":null,"_elementor_source_image_hash":null,"_source_url":null,"_wp_attachment_context":null,"_menu_item_type":null,"_menu_item_menu_item_parent":null,"_menu_item_object_id":null,"_menu_item_object":null,"_menu_item_target":null,"_menu_item_classes":null,"_menu_item_xfn":null,"_menu_item_url":null,"__elementor_forms_snapshot":null,"_unit":"","_unit_base":"","_unit_product":"","_unit_price_auto":"no","_unit_price_regular":"","_unit_price":"","_unit_price_sale":"","_sale_price_label":"","_sale_price_regular_label":"","_manufacturer_slug":"","_mini_desc":"","_defect_description":"","_safety_instructions":"","_allergen_ids":[],"_warranty_attachment_id":"","_safety_attachment_ids":[],"_min_age":"","_ts_gtin":"","_ts_mpn":"","_delivery_time_countries":[],"_free_shipping":"no","_service":"no","_photovoltaic_system":"no","_used_good":"no","_defective_copy":"no","_wireless_electronic_device":"no","_device_contains_power_supply":"no","_device_charging_supports_usb_pd":"no","_device_charging_watt_min":"0","_device_charging_watt_max":"0","_is_food":"no","_differential_taxation":"no","_gzd_version":"3.18.7","_hs_code":"","_customs_description":"","_manufacture_country":"0","_is_non_returnable":"no","_shipping_length":"","_shipping_width":"","_shipping_height":"","_sku":"ISBN 978-3-86442-375-8","_global_unique_id":"978-3-86442-375-8","_regular_price":null,"total_sales":"0","_tax_status":"taxable","_tax_class":"","_manage_stock":"no","_backorders":"no","_sold_individually":"no","_weight":"1","_virtual":"no","_downloadable":"no","_download_limit":"-1","_download_expiry":"-1","_stock":"","_stock_status":"outofstock","_wc_average_rating":"0","_wc_review_count":"0","_product_version":"10.1.4","_price":"","shopengine_product_views_count":"2834","_thumbnail_id":"4990","_product_attributes":{"erscheinungsdatum":{"name":"Date de publication","value":"03.01.2022","position":0,"is_visible":1,"is_variation":0,"is_taxonomy":0,"checkout_visible":0}},"_nutrient_ids":[],"_upsell_ids":null,"pswc_subtitle":null,"_default_delivery_time":null,"_wp_desired_post_slug":null,"_isbn":null,"pageType":null,"isExternalUrl":null,"pageId":null,"externalUrl":null,"hideCookieBanner":null,"isTargetBlank":null,"isProviderCurrentWebsite":null,"isEmbeddingOnlyExternalResources":null,"legalBasis":null,"dataProcessingInCountries":null,"dataProcessingInCountriesSpecialTreatments":null,"technicalDefinitions":null,"googleConsentModeConsentTypes":null,"executePriority":null,"executeCodeOptInWhenNoTagManagerConsentIsGiven":null,"executeCodeOptOutWhenNoTagManagerConsentIsGiven":null,"deleteTechnicalDefinitionsAfterOptOut":null,"presetId":null,"presetVersion":null,"provider":null,"providerContactPhone":null,"providerContactEmail":null,"providerContactLink":null,"uniqueName":null,"providerPrivacyPolicyUrl":null,"providerLegalNoticeUrl":null,"codeOptIn":null,"codeOptOut":null,"codeOnPageLoad":null,"language_code":null,"shopengine_template__post_meta__type":null,"shopengine_template__post_meta":null,"shopengine_template__post_meta__edit_with":null,"origin":null,"_enabled":null,"_filters":null,"_layout":null,"_elementor_import_session_id":null,"_wp_trash_meta_status":null,"_wp_trash_meta_time":null,"_edit_lock":"1743526059:2","_elementor_floating_elements_type":null,"_elementor_edit_mode":null,"_elementor_template_type":null,"tc-thumb-fld":{"_thumb_id":4990,"_thumb_type":"thumb"},"_wp_page_template":"default","_elementor_version":null,"_elementor_pro_version":null,"_elementor_page_settings":null,"_elementor_data":null,"_elementor_conditions":null,"_elementor_popup_display_settings":null,"_edit_last":"2","_elementor_template_sub_type":null,"_elementor_controls_usage":null,"_elementor_screenshot":null,"_elementor_css":null,"_elementor_page_assets":[],"_elementor_element_cache":null,"_elementor_screenshot_failed":null,"_elementor_source":null,"_wp_old_date":null,"layout_key":"","post_slider_check_key":"0","_links":{"self":[{"href":"https:\/\/snoeck.de\/fr\/wp-json\/wp\/v2\/product\/3575","targetHints":{"allow":["GET"]}}],"collection":[{"href":"https:\/\/snoeck.de\/fr\/wp-json\/wp\/v2\/product"}],"about":[{"href":"https:\/\/snoeck.de\/fr\/wp-json\/wp\/v2\/types\/product"}],"wp:featuredmedia":[{"embeddable":true,"href":"https:\/\/snoeck.de\/fr\/wp-json\/wp\/v2\/media\/4990"}],"wp:attachment":[{"href":"https:\/\/snoeck.de\/fr\/wp-json\/wp\/v2\/media?parent=3575"}],"wp:term":[{"taxonomy":"product_brand","embeddable":true,"href":"https:\/\/snoeck.de\/fr\/wp-json\/wp\/v2\/product_brand?post=3575"},{"taxonomy":"product_cat","embeddable":true,"href":"https:\/\/snoeck.de\/fr\/wp-json\/wp\/v2\/product_cat?post=3575"},{"taxonomy":"product_tag","embeddable":true,"href":"https:\/\/snoeck.de\/fr\/wp-json\/wp\/v2\/product_tag?post=3575"}],"curies":[{"name":"wp","href":"https:\/\/api.w.org\/{rel}","templated":true}]}}