{"id":3576,"date":"2025-01-31T11:30:31","date_gmt":"2025-01-31T11:30:31","guid":{"rendered":"https:\/\/snoeck.process-vision.de\/shop\/pia-fries-tausend-einerlei\/"},"modified":"2025-04-01T16:48:02","modified_gmt":"2025-04-01T16:48:02","slug":"pia-fries-tausend-einerlei","status":"publish","type":"product","link":"https:\/\/snoeck.de\/fr\/shop\/pia-fries-tausend-einerlei\/","title":{"rendered":"Pia Fries : mille : une fois"},"content":{"rendered":"<h3>Collages entre figuration et abstraction<\/h3>\n<p>Pia Fries (*1955) utilise la peinture directement sur ses toiles, soit comme une masse dense, soit comme une trace liquide ; elle joue ainsi avec les textures, les factures et les formes r\u00e9p\u00e9titives. Comme d'autres de ses coll\u00e8gues peintres contemporains, elle fait un usage virtuose des possibilit\u00e9s de reproduction technique. Toutefois, en utilisant des processus photom\u00e9caniques dans son travail pictural, elle ne vise ni les aspects de transparence ni ceux de reconnaissance de la repr\u00e9sentation, mais se concentre sur la vie propre qui se d\u00e9veloppe dans les diff\u00e9rentes parties. Le p\u00f4le oppos\u00e9 \u00e0 sa peinture est le graphisme, qui oscille de mani\u00e8re fascinante entre figuration et abstraction, entre histoire et pr\u00e9sent. Pour la pr\u00e9sente s\u00e9rie d'\u0153uvres, elle a donc choisi trois exemplaires du livre illustr\u00e9 \"Chinesische Bambuspapierherstellung. Un livre d'images du 18e si\u00e8cle\", ont \u00e9t\u00e9 d\u00e9mont\u00e9s, les textes ont \u00e9t\u00e9 retir\u00e9s et \"les diff\u00e9rentes planches en couleur ont \u00e9t\u00e9 rendues autonomes\", comme elle l'\u00e9crit. \"Ensuite, je me suis appropri\u00e9 ces planches d'images ind\u00e9pendantes - en les transformant avec des couleurs et des impressions, et finalement, elles se sont transform\u00e9es en quelque chose de nouveau\". Pia Fries, ma\u00eetre-\u00e9l\u00e8ve de Gerhard Richter, a \u00e9tudi\u00e9 \u00e0 D\u00fcsseldorf de 1980 \u00e0 1986 et a acquis une renomm\u00e9e internationale depuis sa participation \u00e0 la Biennale de Venise en 1999, dont Harald Szeemann \u00e9tait le commissaire.<\/p>","protected":false},"excerpt":{"rendered":"<p>Kienbaum Artists' Books 2022, \u00e9d. par Jochen et Laura Kienbaum<br \/>\nPo\u00e8mes (all.\/angl.) de John Yau<br \/>\n96 p. avec 39 illustrations en couleur sur deux pages<br \/>\nFormat 33,7 x 30,5 cm, couverture rigide<\/p>","protected":false},"featured_media":4991,"template":"","meta":[],"product_brand":[],"product_cat":[86,63,68],"product_tag":[],"class_list":{"0":"post-3576","1":"product","2":"type-product","3":"status-publish","4":"has-post-thumbnail","6":"product_cat-86","7":"product_cat-f","8":"product_cat-k","10":"first","11":"instock","12":"taxable","13":"shipping-taxable","14":"purchasable","15":"product-type-simple"},"aioseo_notices":[],"_wp_attached_file":null,"_wp_attachment_metadata":null,"_wc_attachment_source":null,"_elementor_inline_svg":null,"_elementor_is_screenshot":null,"_elementor_source_image_hash":null,"_source_url":null,"_wp_attachment_context":null,"_menu_item_type":null,"_menu_item_menu_item_parent":null,"_menu_item_object_id":null,"_menu_item_object":null,"_menu_item_target":null,"_menu_item_classes":null,"_menu_item_xfn":null,"_menu_item_url":null,"__elementor_forms_snapshot":null,"_unit":"","_unit_base":"","_unit_product":"","_unit_price_auto":"no","_unit_price_regular":"","_unit_price":"","_unit_price_sale":"","_sale_price_label":"","_sale_price_regular_label":"","_manufacturer_slug":"","_mini_desc":"","_defect_description":"","_safety_instructions":"","_allergen_ids":[],"_warranty_attachment_id":"","_safety_attachment_ids":[],"_min_age":"","_ts_gtin":"","_ts_mpn":"","_delivery_time_countries":[],"_free_shipping":"no","_service":"no","_photovoltaic_system":"no","_used_good":"no","_defective_copy":"no","_wireless_electronic_device":"no","_device_contains_power_supply":"no","_device_charging_supports_usb_pd":"no","_device_charging_watt_min":"0","_device_charging_watt_max":"0","_is_food":"no","_differential_taxation":"no","_gzd_version":"3.18.7","_hs_code":"","_customs_description":"","_manufacture_country":"0","_is_non_returnable":"no","_shipping_length":"","_shipping_width":"","_shipping_height":"","_sku":"ISBN 978-3-86442-371-0","_global_unique_id":"978-3-86442-371-0","_regular_price":"48","total_sales":"0","_tax_status":"taxable","_tax_class":"","_manage_stock":"no","_backorders":"no","_sold_individually":"no","_weight":"2","_virtual":"no","_downloadable":"no","_download_limit":"-1","_download_expiry":"-1","_stock":"","_stock_status":"instock","_wc_average_rating":"0","_wc_review_count":"0","_product_version":"9.7.1","_price":"48","shopengine_product_views_count":"2666","_thumbnail_id":"4991","_product_attributes":{"erscheinungsdatum":{"name":"Date de publication","value":"03.01.2022","position":0,"is_visible":1,"is_variation":0,"is_taxonomy":0,"checkout_visible":0}},"_nutrient_ids":[],"_upsell_ids":null,"pswc_subtitle":null,"_default_delivery_time":null,"_wp_desired_post_slug":null,"_isbn":null,"pageType":null,"isExternalUrl":null,"pageId":null,"externalUrl":null,"hideCookieBanner":null,"isTargetBlank":null,"isProviderCurrentWebsite":null,"isEmbeddingOnlyExternalResources":null,"legalBasis":null,"dataProcessingInCountries":null,"dataProcessingInCountriesSpecialTreatments":null,"technicalDefinitions":null,"googleConsentModeConsentTypes":null,"executePriority":null,"executeCodeOptInWhenNoTagManagerConsentIsGiven":null,"executeCodeOptOutWhenNoTagManagerConsentIsGiven":null,"deleteTechnicalDefinitionsAfterOptOut":null,"presetId":null,"presetVersion":null,"provider":null,"providerContactPhone":null,"providerContactEmail":null,"providerContactLink":null,"uniqueName":null,"providerPrivacyPolicyUrl":null,"providerLegalNoticeUrl":null,"codeOptIn":null,"codeOptOut":null,"codeOnPageLoad":null,"language_code":null,"shopengine_template__post_meta__type":null,"shopengine_template__post_meta":null,"shopengine_template__post_meta__edit_with":null,"origin":null,"_enabled":null,"_filters":null,"_layout":null,"_elementor_import_session_id":null,"_wp_trash_meta_status":null,"_wp_trash_meta_time":null,"_edit_lock":"1743525943:2","_elementor_floating_elements_type":null,"_elementor_edit_mode":null,"_elementor_template_type":null,"tc-thumb-fld":{"_thumb_id":4991,"_thumb_type":"thumb"},"_wp_page_template":"default","_elementor_version":null,"_elementor_pro_version":null,"_elementor_page_settings":null,"_elementor_data":null,"_elementor_conditions":null,"_elementor_popup_display_settings":null,"_edit_last":"2","_elementor_template_sub_type":null,"_elementor_controls_usage":null,"_elementor_screenshot":null,"_elementor_css":null,"_elementor_page_assets":[],"_elementor_element_cache":null,"_elementor_screenshot_failed":null,"_elementor_source":null,"_wp_old_date":null,"layout_key":"","post_slider_check_key":"0","_links":{"self":[{"href":"https:\/\/snoeck.de\/fr\/wp-json\/wp\/v2\/product\/3576","targetHints":{"allow":["GET"]}}],"collection":[{"href":"https:\/\/snoeck.de\/fr\/wp-json\/wp\/v2\/product"}],"about":[{"href":"https:\/\/snoeck.de\/fr\/wp-json\/wp\/v2\/types\/product"}],"wp:featuredmedia":[{"embeddable":true,"href":"https:\/\/snoeck.de\/fr\/wp-json\/wp\/v2\/media\/4991"}],"wp:attachment":[{"href":"https:\/\/snoeck.de\/fr\/wp-json\/wp\/v2\/media?parent=3576"}],"wp:term":[{"taxonomy":"product_brand","embeddable":true,"href":"https:\/\/snoeck.de\/fr\/wp-json\/wp\/v2\/product_brand?post=3576"},{"taxonomy":"product_cat","embeddable":true,"href":"https:\/\/snoeck.de\/fr\/wp-json\/wp\/v2\/product_cat?post=3576"},{"taxonomy":"product_tag","embeddable":true,"href":"https:\/\/snoeck.de\/fr\/wp-json\/wp\/v2\/product_tag?post=3576"}],"curies":[{"name":"wp","href":"https:\/\/api.w.org\/{rel}","templated":true}]}}