{"id":3578,"date":"2025-01-31T11:30:32","date_gmt":"2025-01-31T11:30:32","guid":{"rendered":"https:\/\/snoeck.process-vision.de\/shop\/albrecht-fuchs\/"},"modified":"2025-06-20T12:00:57","modified_gmt":"2025-06-20T11:00:57","slug":"albrecht-fuchs","status":"publish","type":"product","link":"https:\/\/snoeck.de\/fr\/shop\/albrecht-fuchs\/","title":{"rendered":"Albrecht Fuchs"},"content":{"rendered":"<h3>Setting ou sitting<\/h3>\n<p>Albrecht Fuchs, n\u00e9 en 1964 \u00e0 Bielefeld, est un portraitiste qui travaille avec la photographie. Sa m\u00e9thode de distance respectueuse et d'empathie affectueuse cr\u00e9e une \u00e9trange tension dans ses images, malgr\u00e9 l'\u00e9quilibre et le calme qui y r\u00e8gnent. Bien s\u00fbr, les sujets de ces photos, dont la composition des couleurs et la gestion de la lumi\u00e8re sont particuli\u00e8rement soign\u00e9es, vous regardent ouvertement et s\u00e9rieusement. Ils veulent para\u00eetre sympathiques \u00e0 leur mani\u00e8re et sont toujours un peu distants. Pourtant, en y regardant de plus pr\u00e8s, on a l'impression de ressentir une authenticit\u00e9 dans l'instant qui, autrement, nous serait refus\u00e9e. Avec ses portraits de Martin Kippenberger, Mike Kelley, Paul McCarthy, John Baldessari, Wolfgang Tillmans, Bruno Brunnet, Isabella Rosselini, Joschka Fischer, Ennio Morricone, pour n'en citer que quelques-uns parmi les plus c\u00e9l\u00e8bres, Albrecht Fuchs est notre compagnon permanent dans des magazines comme art, Monopol ou m\u00eame dans des journaux comme la S\u00fcddeutsche ou la FAZ. Le pr\u00e9sent ouvrage rassemble pour la premi\u00e8re fois une s\u00e9lection importante de photographies, rassembl\u00e9es \u00e9galement dans leur ordre par Albrecht Fuchs.<\/p>","protected":false},"excerpt":{"rendered":"<p>Texte (all.\/angl.) de Mark von Schlegell<br \/>\n120 p. avec 52 illustrations en couleur<br \/>\nformat 28 x 23 cm, reliure en toile gaufr\u00e9e avec jaquette \u00e0 double pli<\/p>","protected":false},"featured_media":4993,"template":"","meta":[],"product_brand":[],"product_cat":[116,63,90],"product_tag":[],"class_list":{"0":"post-3578","1":"product","2":"type-product","3":"status-publish","4":"has-post-thumbnail","6":"product_cat-116","7":"product_cat-f","8":"product_cat-rare-books","10":"first","11":"instock","12":"taxable","13":"shipping-taxable","14":"purchasable","15":"product-type-simple"},"aioseo_notices":[],"_wp_attached_file":null,"_wp_attachment_metadata":null,"_wc_attachment_source":null,"_elementor_inline_svg":null,"_elementor_is_screenshot":null,"_elementor_source_image_hash":null,"_source_url":null,"_wp_attachment_context":null,"_menu_item_type":null,"_menu_item_menu_item_parent":null,"_menu_item_object_id":null,"_menu_item_object":null,"_menu_item_target":null,"_menu_item_classes":null,"_menu_item_xfn":null,"_menu_item_url":null,"__elementor_forms_snapshot":null,"_unit":"","_unit_base":"","_unit_product":"","_unit_price_auto":"no","_unit_price_regular":"","_unit_price":"","_unit_price_sale":"","_sale_price_label":"","_sale_price_regular_label":"","_manufacturer_slug":"","_mini_desc":"","_defect_description":"","_safety_instructions":"","_allergen_ids":[],"_warranty_attachment_id":"","_safety_attachment_ids":[],"_min_age":"","_ts_gtin":"","_ts_mpn":"","_delivery_time_countries":[],"_free_shipping":"no","_service":"no","_photovoltaic_system":"no","_used_good":"no","_defective_copy":"no","_wireless_electronic_device":"no","_device_contains_power_supply":"no","_device_charging_supports_usb_pd":"no","_device_charging_watt_min":"0","_device_charging_watt_max":"0","_is_food":"no","_differential_taxation":"no","_gzd_version":"3.18.7","_hs_code":"","_customs_description":"","_manufacture_country":"0","_is_non_returnable":"no","_shipping_length":"","_shipping_width":"","_shipping_height":"","_sku":"ISBN 978-3-936859-59-1","_global_unique_id":"978-3-936859-59-1","_regular_price":"68","total_sales":"0","_tax_status":"taxable","_tax_class":"","_manage_stock":"no","_backorders":"no","_sold_individually":"no","_weight":"1","_virtual":"no","_downloadable":"no","_download_limit":"-1","_download_expiry":"-1","_stock":"","_stock_status":"instock","_wc_average_rating":"0","_wc_review_count":"0","_product_version":"9.8.3","_price":"68","shopengine_product_views_count":"3642","_thumbnail_id":"4993","_product_attributes":{"erscheinungsdatum":{"name":"Erscheinungsdatum","value":"02.02.2008","position":0,"is_visible":1,"is_variation":0,"is_taxonomy":0,"checkout_visible":0}},"_nutrient_ids":[],"_upsell_ids":null,"pswc_subtitle":null,"_default_delivery_time":"","_wp_desired_post_slug":null,"_isbn":null,"pageType":null,"isExternalUrl":null,"pageId":null,"externalUrl":null,"hideCookieBanner":null,"isTargetBlank":null,"isProviderCurrentWebsite":null,"isEmbeddingOnlyExternalResources":null,"legalBasis":null,"dataProcessingInCountries":null,"dataProcessingInCountriesSpecialTreatments":null,"technicalDefinitions":null,"googleConsentModeConsentTypes":null,"executePriority":null,"executeCodeOptInWhenNoTagManagerConsentIsGiven":null,"executeCodeOptOutWhenNoTagManagerConsentIsGiven":null,"deleteTechnicalDefinitionsAfterOptOut":null,"presetId":null,"presetVersion":null,"provider":null,"providerContactPhone":null,"providerContactEmail":null,"providerContactLink":null,"uniqueName":null,"providerPrivacyPolicyUrl":null,"providerLegalNoticeUrl":null,"codeOptIn":null,"codeOptOut":null,"codeOnPageLoad":null,"language_code":null,"shopengine_template__post_meta__type":null,"shopengine_template__post_meta":null,"shopengine_template__post_meta__edit_with":null,"origin":null,"_enabled":null,"_filters":null,"_layout":null,"_elementor_import_session_id":null,"_wp_trash_meta_status":null,"_wp_trash_meta_time":null,"_edit_lock":"1746367568:1","_elementor_floating_elements_type":null,"_elementor_edit_mode":null,"_elementor_template_type":null,"tc-thumb-fld":{"_thumb_id":4993,"_thumb_type":"thumb"},"_wp_page_template":"default","_elementor_version":null,"_elementor_pro_version":null,"_elementor_page_settings":null,"_elementor_data":null,"_elementor_conditions":null,"_elementor_popup_display_settings":null,"_edit_last":"2","_elementor_template_sub_type":null,"_elementor_controls_usage":null,"_elementor_screenshot":null,"_elementor_css":null,"_elementor_page_assets":[],"_elementor_element_cache":null,"_elementor_screenshot_failed":null,"_elementor_source":null,"_wp_old_date":null,"layout_key":"","post_slider_check_key":"0","_links":{"self":[{"href":"https:\/\/snoeck.de\/fr\/wp-json\/wp\/v2\/product\/3578","targetHints":{"allow":["GET"]}}],"collection":[{"href":"https:\/\/snoeck.de\/fr\/wp-json\/wp\/v2\/product"}],"about":[{"href":"https:\/\/snoeck.de\/fr\/wp-json\/wp\/v2\/types\/product"}],"wp:featuredmedia":[{"embeddable":true,"href":"https:\/\/snoeck.de\/fr\/wp-json\/wp\/v2\/media\/4993"}],"wp:attachment":[{"href":"https:\/\/snoeck.de\/fr\/wp-json\/wp\/v2\/media?parent=3578"}],"wp:term":[{"taxonomy":"product_brand","embeddable":true,"href":"https:\/\/snoeck.de\/fr\/wp-json\/wp\/v2\/product_brand?post=3578"},{"taxonomy":"product_cat","embeddable":true,"href":"https:\/\/snoeck.de\/fr\/wp-json\/wp\/v2\/product_cat?post=3578"},{"taxonomy":"product_tag","embeddable":true,"href":"https:\/\/snoeck.de\/fr\/wp-json\/wp\/v2\/product_tag?post=3578"}],"curies":[{"name":"wp","href":"https:\/\/api.w.org\/{rel}","templated":true}]}}