{"id":3580,"date":"2025-01-31T11:30:33","date_gmt":"2025-01-31T11:30:33","guid":{"rendered":"https:\/\/snoeck.process-vision.de\/shop\/rudi-fuchs-rembrandt-spricht\/"},"modified":"2025-04-01T16:43:34","modified_gmt":"2025-04-01T16:43:34","slug":"rudi-fuchs-rembrandt-spricht","status":"publish","type":"product","link":"https:\/\/snoeck.de\/fr\/shop\/rudi-fuchs-rembrandt-spricht\/","title":{"rendered":"Rudi Fuchs : Rembrandt parle"},"content":{"rendered":"<h3>Rembrandt unplugged !<\/h3>\n<p>Avec son langage litt\u00e9raire simple, ses descriptions pr\u00e9cises et ses observations d'une exactitude presque photographique, Rudi Fuchs nous fait participer \u00e0 la naissance et au perfectionnement de l'un des plus grands peintres n\u00e9erlandais de l'\u00e9poque baroque, qui n'a \u00e9t\u00e9 \u00e9lev\u00e9 au rang de peintre-ic\u00f4ne de l'\u00c2ge d'or qu'avec le XXe si\u00e8cle.Rudi Fuchs, lui-m\u00eame c\u00e9l\u00e8bre homme de mus\u00e9e et conservateur influent d'art contemporain (entre autres. documenta 7), a visit\u00e9 pendant des d\u00e9cennies des centaines d'ateliers et men\u00e9 autant d'entretiens avec des artistes. Aujourd'hui, il nous emm\u00e8ne enfin dans ses visites imaginaires de l'atelier de Rembrandt, observe avec une grande concentration son c\u00e9l\u00e8bre compatriote lors de la cr\u00e9ation d'une s\u00e9lection cibl\u00e9e de ses \u0153uvres les plus importantes et nous offre un panorama vraiment impressionnant de l'\u0153uvre de Rembrandt.Rudi Fuchs fait donc effectivement parler son Rembrandt lorsqu'il suit avec lui, pas \u00e0 pas, d'un tableau \u00e0 l'autre, peut-\u00eatre par le d\u00e9tour d'une esquisse ou d'une gravure, les solutions concr\u00e8tes aux probl\u00e8mes picturaux. Car une chose n'a jamais quitt\u00e9 l'histoire de l'art : Rembrandt n'a cess\u00e9 de se r\u00e9inventer, il est consid\u00e9r\u00e9 comme l'un des peintres peut-\u00eatre les moins conventionnels du XVIIe si\u00e8cle, toujours \u00e0 la recherche de nouvelles solutions.<\/p>","protected":false},"excerpt":{"rendered":"<p>Roman biographique traduit du n\u00e9erlandais par Jolanda Michelmann<br \/>\n320 p. avec 180 illustrations en couleur<br \/>\nformat 15 x 11 cm, reli\u00e9 avec ruban de lecture<\/p>","protected":false},"featured_media":4995,"template":"","meta":[],"product_brand":[],"product_cat":[105,63,75],"product_tag":[],"class_list":{"0":"post-3580","1":"product","2":"type-product","3":"status-publish","4":"has-post-thumbnail","6":"product_cat-105","7":"product_cat-f","8":"product_cat-r","10":"first","11":"instock","12":"taxable","13":"shipping-taxable","14":"purchasable","15":"product-type-simple"},"aioseo_notices":[],"_wp_attached_file":null,"_wp_attachment_metadata":null,"_wc_attachment_source":null,"_elementor_inline_svg":null,"_elementor_is_screenshot":null,"_elementor_source_image_hash":null,"_source_url":null,"_wp_attachment_context":null,"_menu_item_type":null,"_menu_item_menu_item_parent":null,"_menu_item_object_id":null,"_menu_item_object":null,"_menu_item_target":null,"_menu_item_classes":null,"_menu_item_xfn":null,"_menu_item_url":null,"__elementor_forms_snapshot":null,"_unit":"","_unit_base":"","_unit_product":"","_unit_price_auto":"no","_unit_price_regular":"","_unit_price":"","_unit_price_sale":"","_sale_price_label":"","_sale_price_regular_label":"","_manufacturer_slug":"","_mini_desc":"","_defect_description":"","_safety_instructions":"","_allergen_ids":[],"_warranty_attachment_id":"","_safety_attachment_ids":[],"_min_age":"","_ts_gtin":"","_ts_mpn":"","_delivery_time_countries":[],"_free_shipping":"no","_service":"no","_photovoltaic_system":"no","_used_good":"no","_defective_copy":"no","_wireless_electronic_device":"no","_device_contains_power_supply":"no","_device_charging_supports_usb_pd":"no","_device_charging_watt_min":"0","_device_charging_watt_max":"0","_is_food":"no","_differential_taxation":"no","_gzd_version":"3.18.7","_hs_code":"","_customs_description":"","_manufacture_country":"0","_is_non_returnable":"no","_shipping_length":"","_shipping_width":"","_shipping_height":"","_sku":"ISBN 978-3-940953-89-6","_global_unique_id":"978-3-940953-89-6","_regular_price":"19.8","total_sales":"1","_tax_status":"taxable","_tax_class":"","_manage_stock":"no","_backorders":"no","_sold_individually":"no","_weight":"1","_virtual":"no","_downloadable":"no","_download_limit":"-1","_download_expiry":"-1","_stock":"","_stock_status":"instock","_wc_average_rating":"0","_wc_review_count":"0","_product_version":"9.7.1","_price":"19.8","shopengine_product_views_count":"3121","_thumbnail_id":"4995","_product_attributes":{"erscheinungsdatum":{"name":"Date de publication","value":"30.08.2010","position":0,"is_visible":1,"is_variation":0,"is_taxonomy":0,"checkout_visible":0}},"_nutrient_ids":[],"_upsell_ids":null,"pswc_subtitle":null,"_default_delivery_time":null,"_wp_desired_post_slug":null,"_isbn":null,"pageType":null,"isExternalUrl":null,"pageId":null,"externalUrl":null,"hideCookieBanner":null,"isTargetBlank":null,"isProviderCurrentWebsite":null,"isEmbeddingOnlyExternalResources":null,"legalBasis":null,"dataProcessingInCountries":null,"dataProcessingInCountriesSpecialTreatments":null,"technicalDefinitions":null,"googleConsentModeConsentTypes":null,"executePriority":null,"executeCodeOptInWhenNoTagManagerConsentIsGiven":null,"executeCodeOptOutWhenNoTagManagerConsentIsGiven":null,"deleteTechnicalDefinitionsAfterOptOut":null,"presetId":null,"presetVersion":null,"provider":null,"providerContactPhone":null,"providerContactEmail":null,"providerContactLink":null,"uniqueName":null,"providerPrivacyPolicyUrl":null,"providerLegalNoticeUrl":null,"codeOptIn":null,"codeOptOut":null,"codeOnPageLoad":null,"language_code":null,"shopengine_template__post_meta__type":null,"shopengine_template__post_meta":null,"shopengine_template__post_meta__edit_with":null,"origin":null,"_enabled":null,"_filters":null,"_layout":null,"_elementor_import_session_id":null,"_wp_trash_meta_status":null,"_wp_trash_meta_time":null,"_edit_lock":"1743525675:2","_elementor_floating_elements_type":null,"_elementor_edit_mode":null,"_elementor_template_type":null,"tc-thumb-fld":{"_thumb_id":4995,"_thumb_type":"thumb"},"_wp_page_template":"default","_elementor_version":null,"_elementor_pro_version":null,"_elementor_page_settings":null,"_elementor_data":null,"_elementor_conditions":null,"_elementor_popup_display_settings":null,"_edit_last":"2","_elementor_template_sub_type":null,"_elementor_controls_usage":null,"_elementor_screenshot":null,"_elementor_css":null,"_elementor_page_assets":[],"_elementor_element_cache":null,"_elementor_screenshot_failed":null,"_elementor_source":null,"_wp_old_date":null,"layout_key":"","post_slider_check_key":"0","_links":{"self":[{"href":"https:\/\/snoeck.de\/fr\/wp-json\/wp\/v2\/product\/3580","targetHints":{"allow":["GET"]}}],"collection":[{"href":"https:\/\/snoeck.de\/fr\/wp-json\/wp\/v2\/product"}],"about":[{"href":"https:\/\/snoeck.de\/fr\/wp-json\/wp\/v2\/types\/product"}],"wp:featuredmedia":[{"embeddable":true,"href":"https:\/\/snoeck.de\/fr\/wp-json\/wp\/v2\/media\/4995"}],"wp:attachment":[{"href":"https:\/\/snoeck.de\/fr\/wp-json\/wp\/v2\/media?parent=3580"}],"wp:term":[{"taxonomy":"product_brand","embeddable":true,"href":"https:\/\/snoeck.de\/fr\/wp-json\/wp\/v2\/product_brand?post=3580"},{"taxonomy":"product_cat","embeddable":true,"href":"https:\/\/snoeck.de\/fr\/wp-json\/wp\/v2\/product_cat?post=3580"},{"taxonomy":"product_tag","embeddable":true,"href":"https:\/\/snoeck.de\/fr\/wp-json\/wp\/v2\/product_tag?post=3580"}],"curies":[{"name":"wp","href":"https:\/\/api.w.org\/{rel}","templated":true}]}}