{"id":3581,"date":"2025-01-31T11:30:35","date_gmt":"2025-01-31T11:30:35","guid":{"rendered":"https:\/\/snoeck.process-vision.de\/shop\/hamish-fulton-walking-transformation\/"},"modified":"2026-04-08T15:00:13","modified_gmt":"2026-04-08T14:00:13","slug":"hamish-fulton-walking-transformation","status":"publish","type":"product","link":"https:\/\/snoeck.de\/fr\/shop\/hamish-fulton-walking-transformation\/","title":{"rendered":"Hamish Fulton : Walking Transformation"},"content":{"rendered":"<h3>No Walk, No Art<\/h3>\n<p>Hamish Fulton, n\u00e9 \u00e0 Londres en 1946, travaille \u00e0 une \u0153uvre totalement originale, pleine de po\u00e9sie et port\u00e9e par une attitude profil\u00e9e, authentique et ouverte sur le monde. Depuis plus de 40 ans, il transforme la \"marche\" en une forme d'art : les walks. Fulton entreprend des marches sur tous les continents, qu'il intitule par exemple \"From Coast to Coast\" en Grande-Bretagne. Il en r\u00e9sulte des dessins et des peintures murales, des photographies et des objets, dans lesquels les ph\u00e9nom\u00e8nes marquants de ces marches sont consign\u00e9s de diverses mani\u00e8res. En m\u00eame temps, selon la devise \"No Walk, no Art\", ceux-ci peuvent aussi \u00eatre lus comme une protestation passive contre les exc\u00e8s de l'urbanisation, que Fulton formule de mani\u00e8re sympathique mais sans compromis. En 1994, Hamish Fulton a pour la premi\u00e8re fois impliqu\u00e9 directement d'autres personnes dans son travail en organisant une Group Walk. Le pr\u00e9sent ouvrage documente le noyau de l'exposition \u00e0 la Villa Merkel \u00e0 Esslingen, les Walks de l'artiste enregistr\u00e9s ces derni\u00e8res ann\u00e9es en Inde et au Tibet.<\/p>\n<p>Exposition :<br \/>\nVilla Merkel Galerie de la ville d'Esslingen, 9\/3 - 8\/6\/2014<\/p>","protected":false},"excerpt":{"rendered":"<p>Catalogue d'exposition, Villa Merkel Esslingen, \u00e9d. par Andreas Baur et Tina Plokarz<br \/>\nTextes (all.\/ang.) d'Andreas Baur, Freddy Langer, Tina Plokarz<br \/>\n64 p. avec 30 illustrations en couleur<br \/>\nformat 22 x 30 cm, couverture rigide avec jaquette<\/p>","protected":false},"featured_media":4996,"template":"","meta":[],"product_brand":[],"product_cat":[95],"product_tag":[],"class_list":{"0":"post-3581","1":"product","2":"type-product","3":"status-publish","4":"has-post-thumbnail","6":"product_cat-vergriffen","8":"first","9":"outofstock","10":"taxable","11":"shipping-taxable","12":"product-type-simple"},"aioseo_notices":[],"_wp_attached_file":null,"_wp_attachment_metadata":null,"_wc_attachment_source":null,"_elementor_inline_svg":null,"_elementor_is_screenshot":null,"_elementor_source_image_hash":null,"_source_url":null,"_wp_attachment_context":null,"_menu_item_type":null,"_menu_item_menu_item_parent":null,"_menu_item_object_id":null,"_menu_item_object":null,"_menu_item_target":null,"_menu_item_classes":null,"_menu_item_xfn":null,"_menu_item_url":null,"__elementor_forms_snapshot":null,"_unit":"","_unit_base":"","_unit_product":"","_unit_price_auto":"no","_unit_price_regular":"","_unit_price":"","_unit_price_sale":"","_sale_price_label":"","_sale_price_regular_label":"","_manufacturer_slug":"","_mini_desc":"","_defect_description":"","_safety_instructions":"","_allergen_ids":[],"_warranty_attachment_id":"","_safety_attachment_ids":[],"_min_age":"","_ts_gtin":"","_ts_mpn":"","_delivery_time_countries":[],"_free_shipping":"no","_service":"no","_photovoltaic_system":"no","_used_good":"no","_defective_copy":"no","_wireless_electronic_device":"no","_device_contains_power_supply":"no","_device_charging_supports_usb_pd":"no","_device_charging_watt_min":"0","_device_charging_watt_max":"0","_is_food":"no","_differential_taxation":"no","_gzd_version":"3.18.7","_hs_code":"","_customs_description":"","_manufacture_country":"0","_is_non_returnable":"no","_shipping_length":"","_shipping_width":"","_shipping_height":"","_sku":"ISBN 978-3-86442-092-4","_global_unique_id":"978-3-86442-092-4","_regular_price":null,"total_sales":"0","_tax_status":"taxable","_tax_class":"","_manage_stock":"no","_backorders":"no","_sold_individually":"no","_weight":"1","_virtual":"no","_downloadable":"no","_download_limit":"-1","_download_expiry":"-1","_stock":"","_stock_status":"outofstock","_wc_average_rating":"0","_wc_review_count":"0","_product_version":"10.1.4","_price":"","shopengine_product_views_count":"3669","_thumbnail_id":"4996","_product_attributes":{"erscheinungsdatum":{"name":"Date de publication","value":"10.10.2014","position":0,"is_visible":1,"is_variation":0,"is_taxonomy":0,"checkout_visible":0}},"_nutrient_ids":[],"_upsell_ids":null,"pswc_subtitle":null,"_default_delivery_time":null,"_wp_desired_post_slug":null,"_isbn":null,"pageType":null,"isExternalUrl":null,"pageId":null,"externalUrl":null,"hideCookieBanner":null,"isTargetBlank":null,"isProviderCurrentWebsite":null,"isEmbeddingOnlyExternalResources":null,"legalBasis":null,"dataProcessingInCountries":null,"dataProcessingInCountriesSpecialTreatments":null,"technicalDefinitions":null,"googleConsentModeConsentTypes":null,"executePriority":null,"executeCodeOptInWhenNoTagManagerConsentIsGiven":null,"executeCodeOptOutWhenNoTagManagerConsentIsGiven":null,"deleteTechnicalDefinitionsAfterOptOut":null,"presetId":null,"presetVersion":null,"provider":null,"providerContactPhone":null,"providerContactEmail":null,"providerContactLink":null,"uniqueName":null,"providerPrivacyPolicyUrl":null,"providerLegalNoticeUrl":null,"codeOptIn":null,"codeOptOut":null,"codeOnPageLoad":null,"language_code":null,"shopengine_template__post_meta__type":null,"shopengine_template__post_meta":null,"shopengine_template__post_meta__edit_with":null,"origin":null,"_enabled":null,"_filters":null,"_layout":null,"_elementor_import_session_id":null,"_wp_trash_meta_status":null,"_wp_trash_meta_time":null,"_edit_lock":"1743525434:2","_elementor_floating_elements_type":null,"_elementor_edit_mode":null,"_elementor_template_type":null,"tc-thumb-fld":{"_thumb_id":4996,"_thumb_type":"thumb"},"_wp_page_template":"default","_elementor_version":null,"_elementor_pro_version":null,"_elementor_page_settings":null,"_elementor_data":null,"_elementor_conditions":null,"_elementor_popup_display_settings":null,"_edit_last":"2","_elementor_template_sub_type":null,"_elementor_controls_usage":null,"_elementor_screenshot":null,"_elementor_css":null,"_elementor_page_assets":[],"_elementor_element_cache":null,"_elementor_screenshot_failed":null,"_elementor_source":null,"_wp_old_date":null,"layout_key":"","post_slider_check_key":"0","_links":{"self":[{"href":"https:\/\/snoeck.de\/fr\/wp-json\/wp\/v2\/product\/3581","targetHints":{"allow":["GET"]}}],"collection":[{"href":"https:\/\/snoeck.de\/fr\/wp-json\/wp\/v2\/product"}],"about":[{"href":"https:\/\/snoeck.de\/fr\/wp-json\/wp\/v2\/types\/product"}],"wp:featuredmedia":[{"embeddable":true,"href":"https:\/\/snoeck.de\/fr\/wp-json\/wp\/v2\/media\/4996"}],"wp:attachment":[{"href":"https:\/\/snoeck.de\/fr\/wp-json\/wp\/v2\/media?parent=3581"}],"wp:term":[{"taxonomy":"product_brand","embeddable":true,"href":"https:\/\/snoeck.de\/fr\/wp-json\/wp\/v2\/product_brand?post=3581"},{"taxonomy":"product_cat","embeddable":true,"href":"https:\/\/snoeck.de\/fr\/wp-json\/wp\/v2\/product_cat?post=3581"},{"taxonomy":"product_tag","embeddable":true,"href":"https:\/\/snoeck.de\/fr\/wp-json\/wp\/v2\/product_tag?post=3581"}],"curies":[{"name":"wp","href":"https:\/\/api.w.org\/{rel}","templated":true}]}}