{"id":3582,"date":"2025-01-31T11:30:35","date_gmt":"2025-01-31T11:30:35","guid":{"rendered":"https:\/\/snoeck.process-vision.de\/shop\/fuzzy-dark-spot\/"},"modified":"2025-04-01T16:37:47","modified_gmt":"2025-04-01T16:37:47","slug":"fuzzy-dark-spot","status":"publish","type":"product","link":"https:\/\/snoeck.de\/fr\/shop\/fuzzy-dark-spot\/","title":{"rendered":"Fuzzy Dark Spot"},"content":{"rendered":"<h3>J'ai une tache sombre et floue sur mon objectif<\/h3>\n<p>Le livre FUZZY DARK SPOT, qui accompagne l'exposition de la Collection Falckenberg \/ Deichtorhallen Hambourg, examine en 56 positions comment la vid\u00e9o, en tant que m\u00e9dia artistique, permet d'interpr\u00e9ter les irritations et les manipulations sociales et m\u00e9diatiques. Cela se r\u00e9f\u00e8re \u00e0 la t\u00e9l\u00e9vision, aux mouvements \u00e9clair\u00e9s du contre-public dans les ann\u00e9es 1970, \u00e0 l'utilisation de la vid\u00e9o comme moyen de surveillance ainsi qu'aux moyens de narration artistique comme miroir psychosocial ou instrument d'optimisation de soi \u00e0 l'\u00e9poque num\u00e9rique. L'influence consid\u00e9rable des images vid\u00e9o sur la m\u00e9moire et la conscience collectives aux 20e et 21e si\u00e8cles fait du doute face \u00e0 l'image, du malaise face \u00e0 l'habitude et de la m\u00e9fiance face aux pr\u00e9tentions \u00e0 la v\u00e9rit\u00e9 des motifs importants de la r\u00e9flexion artistique. Le titre de l'exposition rassemble ces \u00e9l\u00e9ments et d\u00e9crit un point, un lieu ou un \u00e9tat n\u00e9buleux, flou, dans l'obscurit\u00e9. Le terme Fuzzy Dark Spot provient d'un forum Internet o\u00f9 l'on discute de la moisissure qui a contamin\u00e9 les lentilles des appareils photo. L'exposition, organis\u00e9e par le vid\u00e9aste hambourgeois Wolfgang Oelze, jette un regard global sur les travaux des artistes hambourgeois* dans le contexte de la collection Falckenberg.<\/p>\n<p>Artistes* :<br \/>\nVito Acconci, Gabor Altorjay, John Bock, Claus B\u00f6hmler, \u00d6yvind Fahlstr\u00f6m,<br \/>\nHarun Farocki, Jeanne Faust, Lee Friedlander, Gintersdorfer\/Kla\u00dfen, Rosanna Graf, Britta Gr\u00f6ne\/Peter Piller, Romeo Gr\u00fcnfelder, Christian Jankowski, Volko Kamensky, Naho Kawabe, Mike Kelley, Jon Kessler, Nina K\u00f6nnemann, Till Krause, Vlado Kristl, Lene Markusen,<br \/>\nPaul McCarthy, Aurelia Mihai, Ernst Mitzka, Vanessa Nica Mueller, Karina Nimmerfall, Wolfgang Oelze, Tony Oursler, Nam June Paik, Stefan Panhans, Rotraut Pape\/Raskin, reproducts, Rainer Korsen\/Gerd Roscher, Oliver Ross, Gerhard R\u00fchm, Swen Erik Scheuerling, Corinna Schnitt, Paul Spengemann, Hans St\u00fctzer, Mike Mandel\/Larry Sultan, Inga Svala Thorsdottir, Helena Wittmann, Steffen Zillig<\/p>\n<p>Exposition :<br \/>\nDeichtorhallen Hamburg \/ Collection Falckenberg, Hambourg-Harburg, 13\/4-3\/11\/2019<\/p>","protected":false},"excerpt":{"rendered":"<p>Catalogue d'exposition, Deichtorhallen Hamburg \/ Collection Falckenberg Hamburg-Harburg, \u00e9d. Dirk Luckow et Wolfgang Oelze<br \/>\nTextes (all.\/ang.) de Friedrich Heubach, Dirk Luckow, Thomas Macho, Wolfgang Oelze, Claudia Reiche, Gerd Roscher, Siegfried Zielinski ainsi que des textes d'introduction sur les artistes<br \/>\n324 p. avec 210 illustrations en couleur<br \/>\nformat 24 x 18 cm, couverture souple gaufr\u00e9e<\/p>","protected":false},"featured_media":4997,"template":"","meta":[],"product_brand":[],"product_cat":[110,61,63,76],"product_tag":[],"class_list":{"0":"post-3582","1":"product","2":"type-product","3":"status-publish","4":"has-post-thumbnail","6":"product_cat-110","7":"product_cat-d","8":"product_cat-f","9":"product_cat-s","11":"first","12":"instock","13":"taxable","14":"shipping-taxable","15":"purchasable","16":"product-type-simple"},"aioseo_notices":[],"_wp_attached_file":null,"_wp_attachment_metadata":null,"_wc_attachment_source":null,"_elementor_inline_svg":null,"_elementor_is_screenshot":null,"_elementor_source_image_hash":null,"_source_url":null,"_wp_attachment_context":null,"_menu_item_type":null,"_menu_item_menu_item_parent":null,"_menu_item_object_id":null,"_menu_item_object":null,"_menu_item_target":null,"_menu_item_classes":null,"_menu_item_xfn":null,"_menu_item_url":null,"__elementor_forms_snapshot":null,"_unit":"","_unit_base":"","_unit_product":"","_unit_price_auto":"no","_unit_price_regular":"","_unit_price":"","_unit_price_sale":"","_sale_price_label":"","_sale_price_regular_label":"","_manufacturer_slug":"","_mini_desc":"","_defect_description":"","_safety_instructions":"","_allergen_ids":[],"_warranty_attachment_id":"","_safety_attachment_ids":[],"_min_age":"","_ts_gtin":"","_ts_mpn":"","_delivery_time_countries":[],"_free_shipping":"no","_service":"no","_photovoltaic_system":"no","_used_good":"no","_defective_copy":"no","_wireless_electronic_device":"no","_device_contains_power_supply":"no","_device_charging_supports_usb_pd":"no","_device_charging_watt_min":"0","_device_charging_watt_max":"0","_is_food":"no","_differential_taxation":"no","_gzd_version":"3.18.7","_hs_code":"","_customs_description":"","_manufacture_country":"0","_is_non_returnable":"no","_shipping_length":"","_shipping_width":"","_shipping_height":"","_sku":"ISBN 978-3-86442-287-4","_global_unique_id":"978-3-86442-287-4","_regular_price":"34","total_sales":"0","_tax_status":"taxable","_tax_class":"","_manage_stock":"no","_backorders":"no","_sold_individually":"no","_weight":"1","_virtual":"no","_downloadable":"no","_download_limit":"-1","_download_expiry":"-1","_stock":"","_stock_status":"instock","_wc_average_rating":"0","_wc_review_count":"0","_product_version":"9.7.1","_price":"34","shopengine_product_views_count":"3542","_thumbnail_id":"4997","_product_attributes":{"erscheinungsdatum":{"name":"Date de publication","value":"27.05.2019","position":0,"is_visible":1,"is_variation":0,"is_taxonomy":0,"checkout_visible":0}},"_nutrient_ids":[],"_upsell_ids":null,"pswc_subtitle":null,"_default_delivery_time":null,"_wp_desired_post_slug":null,"_isbn":null,"pageType":null,"isExternalUrl":null,"pageId":null,"externalUrl":null,"hideCookieBanner":null,"isTargetBlank":null,"isProviderCurrentWebsite":null,"isEmbeddingOnlyExternalResources":null,"legalBasis":null,"dataProcessingInCountries":null,"dataProcessingInCountriesSpecialTreatments":null,"technicalDefinitions":null,"googleConsentModeConsentTypes":null,"executePriority":null,"executeCodeOptInWhenNoTagManagerConsentIsGiven":null,"executeCodeOptOutWhenNoTagManagerConsentIsGiven":null,"deleteTechnicalDefinitionsAfterOptOut":null,"presetId":null,"presetVersion":null,"provider":null,"providerContactPhone":null,"providerContactEmail":null,"providerContactLink":null,"uniqueName":null,"providerPrivacyPolicyUrl":null,"providerLegalNoticeUrl":null,"codeOptIn":null,"codeOptOut":null,"codeOnPageLoad":null,"language_code":null,"shopengine_template__post_meta__type":null,"shopengine_template__post_meta":null,"shopengine_template__post_meta__edit_with":null,"origin":null,"_enabled":null,"_filters":null,"_layout":null,"_elementor_import_session_id":null,"_wp_trash_meta_status":null,"_wp_trash_meta_time":null,"_edit_lock":"1743525327:2","_elementor_floating_elements_type":null,"_elementor_edit_mode":null,"_elementor_template_type":null,"tc-thumb-fld":{"_thumb_id":4997,"_thumb_type":"thumb"},"_wp_page_template":"default","_elementor_version":null,"_elementor_pro_version":null,"_elementor_page_settings":null,"_elementor_data":null,"_elementor_conditions":null,"_elementor_popup_display_settings":null,"_edit_last":"2","_elementor_template_sub_type":null,"_elementor_controls_usage":null,"_elementor_screenshot":null,"_elementor_css":null,"_elementor_page_assets":[],"_elementor_element_cache":null,"_elementor_screenshot_failed":null,"_elementor_source":null,"_wp_old_date":null,"layout_key":"","post_slider_check_key":"0","_links":{"self":[{"href":"https:\/\/snoeck.de\/fr\/wp-json\/wp\/v2\/product\/3582","targetHints":{"allow":["GET"]}}],"collection":[{"href":"https:\/\/snoeck.de\/fr\/wp-json\/wp\/v2\/product"}],"about":[{"href":"https:\/\/snoeck.de\/fr\/wp-json\/wp\/v2\/types\/product"}],"wp:featuredmedia":[{"embeddable":true,"href":"https:\/\/snoeck.de\/fr\/wp-json\/wp\/v2\/media\/4997"}],"wp:attachment":[{"href":"https:\/\/snoeck.de\/fr\/wp-json\/wp\/v2\/media?parent=3582"}],"wp:term":[{"taxonomy":"product_brand","embeddable":true,"href":"https:\/\/snoeck.de\/fr\/wp-json\/wp\/v2\/product_brand?post=3582"},{"taxonomy":"product_cat","embeddable":true,"href":"https:\/\/snoeck.de\/fr\/wp-json\/wp\/v2\/product_cat?post=3582"},{"taxonomy":"product_tag","embeddable":true,"href":"https:\/\/snoeck.de\/fr\/wp-json\/wp\/v2\/product_tag?post=3582"}],"curies":[{"name":"wp","href":"https:\/\/api.w.org\/{rel}","templated":true}]}}