{"id":3583,"date":"2025-01-31T11:30:36","date_gmt":"2025-01-31T11:30:36","guid":{"rendered":"https:\/\/snoeck.process-vision.de\/shop\/gegeben-sind-%e2%86%92-reuterswaerd-fahlstroem-duchamp\/"},"modified":"2025-04-01T16:35:18","modified_gmt":"2025-04-01T16:35:18","slug":"gegeben-sind-%e2%86%92-reuterswaerd-fahlstroem-duchamp","status":"publish","type":"product","link":"https:\/\/snoeck.de\/fr\/shop\/gegeben-sind-%e2%86%92-reuterswaerd-fahlstroem-duchamp\/","title":{"rendered":"Donn\u00e9 \/ Given \u2192 Reutersw\u00e4rd Fahlstr\u00f6m Duchamp"},"content":{"rendered":"<h3>NON VIOLENCE<\/h3>\n<p>\u00d6yvind Fahlstr\u00f6m et Carl Fredrik Reutersw\u00e4rd - dont l'\u0153uvre est repr\u00e9sent\u00e9e de mani\u00e8re importante dans la collection du Sprengel Museum de Hanovre gr\u00e2ce \u00e0 une g\u00e9n\u00e9reuse donation de l'artiste - faisaient partie d'un cercle au sein de la sc\u00e8ne artistique su\u00e9doise des ann\u00e9es 1950 et 1960, qui \u00e9tait aussi uni dans l'enthousiasme pour l'\u0153uvre de Marcel Duchamp que dans le rejet violent de l'expressionnisme abstrait. Les travaux de ces trois artistes si diff\u00e9rents se rencontrent \u00e0 pr\u00e9sent dans l'exposition, mais aussi et surtout dans le livre GEGEBEN SIND. De nombreux liens apparaissent entre leurs \u0153uvres, de sorte que ce qu'ils ont en commun ressort de plus en plus face aux concepts et aux jeux, \u00e0 l'humour et \u00e0 l'ironie. Parmi les \u0153uvres les plus connues de Carl Frederik Reutersward figure la sculpture \"Non Violence\" : ce revolver au canon nou\u00e9, plac\u00e9 devant le si\u00e8ge de l'ONU \u00e0 New York, est devenu le symbole de la mission apparemment impossible de cette institution, \u00e0 savoir le maintien de la paix dans le monde. C'est avec cette sculpture, install\u00e9e dans 16 autres lieux \u00e0 l'\u00e9chelle internationale, que Carl Frederik Reutersw\u00e4rd a r\u00e9agi \u00e0 l'assassinat de John Lennon.<\/p>\n<p>Exposition :<br \/>\nMus\u00e9e Sprengel de Hanovre, 26\/3 - 26\/6\/2022<\/p>","protected":false},"excerpt":{"rendered":"<p>Catalogue d'exposition, Sprengel Museum Hannover, \u00e9d. Thomas Millroth, Norbert Nobis, Carina Plath, Paula Schwerdtfeger<br \/>\nTextes (all.\/ang.) de Teddy Hultberg, Thomas Millroth, Norbert Nobis, Jesper Olssen, Carina Plath, Paula Schwerdtfeger<br \/>\n176 p. avec 35 illustrations en noir et blanc et 100 en couleur<br \/>\nformat 32 x 21 cm, couverture rigide gaufr\u00e9e<\/p>","protected":false},"featured_media":4998,"template":"","meta":[],"product_brand":[],"product_cat":[86,61,63,64,75],"product_tag":[],"class_list":{"0":"post-3583","1":"product","2":"type-product","3":"status-publish","4":"has-post-thumbnail","6":"product_cat-86","7":"product_cat-d","8":"product_cat-f","9":"product_cat-g","10":"product_cat-r","12":"first","13":"instock","14":"taxable","15":"shipping-taxable","16":"purchasable","17":"product-type-simple"},"aioseo_notices":[],"_wp_attached_file":null,"_wp_attachment_metadata":null,"_wc_attachment_source":null,"_elementor_inline_svg":null,"_elementor_is_screenshot":null,"_elementor_source_image_hash":null,"_source_url":null,"_wp_attachment_context":null,"_menu_item_type":null,"_menu_item_menu_item_parent":null,"_menu_item_object_id":null,"_menu_item_object":null,"_menu_item_target":null,"_menu_item_classes":null,"_menu_item_xfn":null,"_menu_item_url":null,"__elementor_forms_snapshot":null,"_unit":"","_unit_base":"","_unit_product":"","_unit_price_auto":"no","_unit_price_regular":"","_unit_price":"","_unit_price_sale":"","_sale_price_label":"","_sale_price_regular_label":"","_manufacturer_slug":"","_mini_desc":"","_defect_description":"","_safety_instructions":"","_allergen_ids":[],"_warranty_attachment_id":"","_safety_attachment_ids":[],"_min_age":"","_ts_gtin":"","_ts_mpn":"","_delivery_time_countries":[],"_free_shipping":"no","_service":"no","_photovoltaic_system":"no","_used_good":"no","_defective_copy":"no","_wireless_electronic_device":"no","_device_contains_power_supply":"no","_device_charging_supports_usb_pd":"no","_device_charging_watt_min":"0","_device_charging_watt_max":"0","_is_food":"no","_differential_taxation":"no","_gzd_version":"3.18.7","_hs_code":"","_customs_description":"","_manufacture_country":"0","_is_non_returnable":"no","_shipping_length":"","_shipping_width":"","_shipping_height":"","_sku":"ISBN 978-3-86442-378-9","_global_unique_id":"978-3-86442-378-9","_regular_price":"39.8","total_sales":"0","_tax_status":"taxable","_tax_class":"","_manage_stock":"no","_backorders":"no","_sold_individually":"no","_weight":"2","_virtual":"no","_downloadable":"no","_download_limit":"-1","_download_expiry":"-1","_stock":"","_stock_status":"instock","_wc_average_rating":"0","_wc_review_count":"0","_product_version":"9.7.1","_price":"39.8","shopengine_product_views_count":"5376","_thumbnail_id":"4998","_product_attributes":{"erscheinungsdatum":{"name":"Date de publication","value":"30.03.2022","position":0,"is_visible":1,"is_variation":0,"is_taxonomy":0,"checkout_visible":0}},"_nutrient_ids":[],"_upsell_ids":null,"pswc_subtitle":null,"_default_delivery_time":null,"_wp_desired_post_slug":null,"_isbn":null,"pageType":null,"isExternalUrl":null,"pageId":null,"externalUrl":null,"hideCookieBanner":null,"isTargetBlank":null,"isProviderCurrentWebsite":null,"isEmbeddingOnlyExternalResources":null,"legalBasis":null,"dataProcessingInCountries":null,"dataProcessingInCountriesSpecialTreatments":null,"technicalDefinitions":null,"googleConsentModeConsentTypes":null,"executePriority":null,"executeCodeOptInWhenNoTagManagerConsentIsGiven":null,"executeCodeOptOutWhenNoTagManagerConsentIsGiven":null,"deleteTechnicalDefinitionsAfterOptOut":null,"presetId":null,"presetVersion":null,"provider":null,"providerContactPhone":null,"providerContactEmail":null,"providerContactLink":null,"uniqueName":null,"providerPrivacyPolicyUrl":null,"providerLegalNoticeUrl":null,"codeOptIn":null,"codeOptOut":null,"codeOnPageLoad":null,"language_code":null,"shopengine_template__post_meta__type":null,"shopengine_template__post_meta":null,"shopengine_template__post_meta__edit_with":null,"origin":null,"_enabled":null,"_filters":null,"_layout":null,"_elementor_import_session_id":null,"_wp_trash_meta_status":null,"_wp_trash_meta_time":null,"_edit_lock":"1743525180:2","_elementor_floating_elements_type":null,"_elementor_edit_mode":null,"_elementor_template_type":null,"tc-thumb-fld":{"_thumb_id":4998,"_thumb_type":"thumb"},"_wp_page_template":"default","_elementor_version":null,"_elementor_pro_version":null,"_elementor_page_settings":null,"_elementor_data":null,"_elementor_conditions":null,"_elementor_popup_display_settings":null,"_edit_last":"2","_elementor_template_sub_type":null,"_elementor_controls_usage":null,"_elementor_screenshot":null,"_elementor_css":null,"_elementor_page_assets":[],"_elementor_element_cache":null,"_elementor_screenshot_failed":null,"_elementor_source":null,"_wp_old_date":null,"layout_key":"","post_slider_check_key":"0","_links":{"self":[{"href":"https:\/\/snoeck.de\/fr\/wp-json\/wp\/v2\/product\/3583","targetHints":{"allow":["GET"]}}],"collection":[{"href":"https:\/\/snoeck.de\/fr\/wp-json\/wp\/v2\/product"}],"about":[{"href":"https:\/\/snoeck.de\/fr\/wp-json\/wp\/v2\/types\/product"}],"wp:featuredmedia":[{"embeddable":true,"href":"https:\/\/snoeck.de\/fr\/wp-json\/wp\/v2\/media\/4998"}],"wp:attachment":[{"href":"https:\/\/snoeck.de\/fr\/wp-json\/wp\/v2\/media?parent=3583"}],"wp:term":[{"taxonomy":"product_brand","embeddable":true,"href":"https:\/\/snoeck.de\/fr\/wp-json\/wp\/v2\/product_brand?post=3583"},{"taxonomy":"product_cat","embeddable":true,"href":"https:\/\/snoeck.de\/fr\/wp-json\/wp\/v2\/product_cat?post=3583"},{"taxonomy":"product_tag","embeddable":true,"href":"https:\/\/snoeck.de\/fr\/wp-json\/wp\/v2\/product_tag?post=3583"}],"curies":[{"name":"wp","href":"https:\/\/api.w.org\/{rel}","templated":true}]}}