{"id":3584,"date":"2025-01-31T11:30:36","date_gmt":"2025-01-31T11:30:36","guid":{"rendered":"https:\/\/snoeck.process-vision.de\/shop\/thierry-geoffroy-colonel-a-propulsive-retrospective\/"},"modified":"2025-04-01T16:30:59","modified_gmt":"2025-04-01T16:30:59","slug":"thierry-geoffroy-colonel-a-propulsive-retrospective","status":"publish","type":"product","link":"https:\/\/snoeck.de\/fr\/shop\/thierry-geoffroy-colonel-a-propulsive-retrospective\/","title":{"rendered":"Thierry Geoffroy | Colonel : A PROPULSIVE RETROSPECTIVE. Format Art | Awareness Muscle | Emergency Art | Ultracontemporain | Biennalist | Moving Exhibitions | Critical Run | Delay Museum | Apathy Lab | Extracteur"},"content":{"rendered":"<p>Apr\u00e8s son exposition individuelle, THE AWARENESS MUSCLE TRAINING CENTER, la Villa Stuck et Snoeck sont heureux de pr\u00e9senter la premi\u00e8re monographie compl\u00e8te de THIERRY GEOFFROY \/ COLONEL. L'\u0153uvre aux multiples facettes de cet artiste conceptuel, n\u00e9 en 1961 \u00e0 Nancy (France), peut \u00eatre suivie ici sur plus de quatre d\u00e9cennies. Il est sans doute le plus connu pour les formats de son EMERGENCY ART.<br \/>\n\"Thierry Geoffroy\/ Colonel : A Propulsive Retrospective\" pr\u00e9sente 22 formats artistiques diff\u00e9rents, dont EMERGENCY ROOM, CRITICAL RUN et BIENNALIST, qu'il a pr\u00e9sent\u00e9s dans des institutions du monde entier. Geoffroy d\u00e9crit son Format Art comme une r\u00e9ponse artistique \u00e0 la mondialisation, offrant \u00e0 l'individu une forme d'expression toujours accessible, permettant ainsi \u00e0 chacun de r\u00e9pondre aux urgences et aux probl\u00e8mes r\u00e9els ici et maintenant.<br \/>\nPar le biais du Format Art et d'autres concepts artistiques ULTRACONTEMPORARY, Geoffroy a tent\u00e9 d'aborder des probl\u00e8mes sociaux et politiques et a \u00e9galement montr\u00e9 comment les artistes peuvent trouver des solutions. Cette monographie analyse les formes que l'art de Geoffroy a prises depuis ses d\u00e9buts jusqu'\u00e0 aujourd'hui et se penche, chapitre par chapitre, sur sa photographie, sa peinture, ses travaux bas\u00e9s sur la parole, son art m\u00e9diatique et les plateformes d'exposition.<br \/>\nDans cette monographie, des historiens de l'art et des compagnons de longue date de l'artiste proposent des analyses approfondies de sa pratique artistique, c'est-\u00e0-dire de sa mobilit\u00e9 et de sa flexibilit\u00e9, ainsi que de sa volont\u00e9 constante d'\u00eatre \"en avance\" sur le hasard et sur son temps. Accompagn\u00e9es de plus de 1.000 illustrations, leurs contributions montrent avec quel soin Geoffroy con\u00e7oit ses \u0153uvres pour transmettre et canaliser des messages sur les th\u00e8mes de l'identit\u00e9, de la migration, de la guerre, de la propagande ou du changement climatique. Une chronologie compl\u00e8te de l'\u0153uvre de Geoffroy, qui r\u00e9pertorie ses nombreuses expositions et interventions aupr\u00e8s d'innombrables institutions et \u00e9v\u00e9nements, montre toute l'ampleur et l'ambition continue de l'artiste de sensibiliser les gens \u00e0 leur v\u00e9ritable potentiel d'action face aux crises.<br \/>\nL'\u0153uvre prolifique de Geoffroy, fortement d\u00e9termin\u00e9e par un sentiment d'urgence, est n\u00e9anmoins marqu\u00e9e par la convivialit\u00e9, la g\u00e9n\u00e9rosit\u00e9 et, surtout, un sens de l'harmonie. L'\u0153uvre de Geoffroy est strat\u00e9giquement frontale, po\u00e9tique, humoristique, autocritique et institutionnelle, mais aussi profond\u00e9ment personnelle. Son \u00e9nergie d\u00e9bordante a donn\u00e9 naissance \u00e0 son propre mouvement artistique, au centre duquel se trouve l'\"Emergency Art\", qui interroge l'\u00e9tat de \"retard\" qui paralyse l'art contemporain et le monde qui l'entoure.<br \/>\nLe sous-titre de cette monographie, \"A Propulsive Retrospective\", illustre le caract\u00e8re \"prospectif\" de cette publication, qui condense et analyse le pass\u00e9 tout en contribuant \u00e0 l'avenir \u00e0 la mission de lutte contre l'apathie. La publication est accompagn\u00e9e d'une s\u00e9rie de pr\u00e9sentations et de s\u00e9minaires internationaux visant \u00e0 pr\u00e9senter, promouvoir, explorer et approfondir les th\u00e8ses de l'\u0153uvre de Geoffroy.<\/p>","protected":false},"excerpt":{"rendered":"<p>Catalogue d'exposition, Villa Stuck Munich, \u00e9d. par Michael Buhrs et Christian Ganzenberg<br \/>\nTextes (eng.) de Sebastian Baden, Michael Buhrs, Jonatan Habib Engqvist, Carsten Friberg, Morten Friis, Christian Ganzenberg, Elena Hansen, S\u00e9amus Kealy, Tijana Mi\u0161kovi\u0107, Susana Puente Matos, Marie-France Rafael, Johanne Schr\u00f8der, Inka Schube et des contributions de Mikkel B\u00f8gh, Raphael Chikukwa, Julia Draganovi\u0107, Mascha Faurschou, \u00c5smund Boye Kverneland, Christopher Lew, Madeleine Park, Holger Reenberg<br \/>\n608 p. avec env. 1.000 illustrations en couleur<br \/>\nformat 31,2 x 24,5 cm, couverture rigide<\/p>","protected":false},"featured_media":4999,"template":"","meta":[],"product_brand":[],"product_cat":[88,60,64,73],"product_tag":[],"class_list":{"0":"post-3584","1":"product","2":"type-product","3":"status-publish","4":"has-post-thumbnail","6":"product_cat-88","7":"product_cat-c","8":"product_cat-g","9":"product_cat-p","11":"first","12":"instock","13":"taxable","14":"shipping-taxable","15":"purchasable","16":"product-type-simple"},"aioseo_notices":[],"_wp_attached_file":null,"_wp_attachment_metadata":null,"_wc_attachment_source":null,"_elementor_inline_svg":null,"_elementor_is_screenshot":null,"_elementor_source_image_hash":null,"_source_url":null,"_wp_attachment_context":null,"_menu_item_type":null,"_menu_item_menu_item_parent":null,"_menu_item_object_id":null,"_menu_item_object":null,"_menu_item_target":null,"_menu_item_classes":null,"_menu_item_xfn":null,"_menu_item_url":null,"__elementor_forms_snapshot":null,"_unit":"","_unit_base":"","_unit_product":"","_unit_price_auto":"no","_unit_price_regular":"","_unit_price":"","_unit_price_sale":"","_sale_price_label":"","_sale_price_regular_label":"","_manufacturer_slug":"","_mini_desc":"","_defect_description":"","_safety_instructions":"","_allergen_ids":[],"_warranty_attachment_id":"","_safety_attachment_ids":[],"_min_age":"","_ts_gtin":"","_ts_mpn":"","_delivery_time_countries":[],"_free_shipping":"no","_service":"no","_photovoltaic_system":"no","_used_good":"no","_defective_copy":"no","_wireless_electronic_device":"no","_device_contains_power_supply":"no","_device_charging_supports_usb_pd":"no","_device_charging_watt_min":"0","_device_charging_watt_max":"0","_is_food":"no","_differential_taxation":"no","_gzd_version":"3.18.7","_hs_code":"","_customs_description":"","_manufacture_country":"0","_is_non_returnable":"no","_shipping_length":"","_shipping_width":"","_shipping_height":"","_sku":"ISBN 978-3-86442-395-6","_global_unique_id":"978-3-86442-395-6","_regular_price":"78","total_sales":"0","_tax_status":"taxable","_tax_class":"","_manage_stock":"no","_backorders":"no","_sold_individually":"no","_weight":"3","_virtual":"no","_downloadable":"no","_download_limit":"-1","_download_expiry":"-1","_stock":"","_stock_status":"instock","_wc_average_rating":"0","_wc_review_count":"0","_product_version":"9.7.1","_price":"78","shopengine_product_views_count":"3182","_thumbnail_id":"4999","_product_attributes":{"erscheinungsdatum":{"name":"Date de publication","value":"02.04.2024","position":0,"is_visible":1,"is_variation":0,"is_taxonomy":0,"checkout_visible":0}},"_nutrient_ids":[],"_upsell_ids":null,"pswc_subtitle":null,"_default_delivery_time":null,"_wp_desired_post_slug":null,"_isbn":null,"pageType":null,"isExternalUrl":null,"pageId":null,"externalUrl":null,"hideCookieBanner":null,"isTargetBlank":null,"isProviderCurrentWebsite":null,"isEmbeddingOnlyExternalResources":null,"legalBasis":null,"dataProcessingInCountries":null,"dataProcessingInCountriesSpecialTreatments":null,"technicalDefinitions":null,"googleConsentModeConsentTypes":null,"executePriority":null,"executeCodeOptInWhenNoTagManagerConsentIsGiven":null,"executeCodeOptOutWhenNoTagManagerConsentIsGiven":null,"deleteTechnicalDefinitionsAfterOptOut":null,"presetId":null,"presetVersion":null,"provider":null,"providerContactPhone":null,"providerContactEmail":null,"providerContactLink":null,"uniqueName":null,"providerPrivacyPolicyUrl":null,"providerLegalNoticeUrl":null,"codeOptIn":null,"codeOptOut":null,"codeOnPageLoad":null,"language_code":null,"shopengine_template__post_meta__type":null,"shopengine_template__post_meta":null,"shopengine_template__post_meta__edit_with":null,"origin":null,"_enabled":null,"_filters":null,"_layout":null,"_elementor_import_session_id":null,"_wp_trash_meta_status":null,"_wp_trash_meta_time":null,"_edit_lock":"1743524922:2","_elementor_floating_elements_type":null,"_elementor_edit_mode":null,"_elementor_template_type":null,"tc-thumb-fld":{"_thumb_id":4999,"_thumb_type":"thumb"},"_wp_page_template":"default","_elementor_version":null,"_elementor_pro_version":null,"_elementor_page_settings":null,"_elementor_data":null,"_elementor_conditions":null,"_elementor_popup_display_settings":null,"_edit_last":"2","_elementor_template_sub_type":null,"_elementor_controls_usage":null,"_elementor_screenshot":null,"_elementor_css":null,"_elementor_page_assets":[],"_elementor_element_cache":null,"_elementor_screenshot_failed":null,"_elementor_source":null,"_wp_old_date":null,"layout_key":"","post_slider_check_key":"0","_links":{"self":[{"href":"https:\/\/snoeck.de\/fr\/wp-json\/wp\/v2\/product\/3584","targetHints":{"allow":["GET"]}}],"collection":[{"href":"https:\/\/snoeck.de\/fr\/wp-json\/wp\/v2\/product"}],"about":[{"href":"https:\/\/snoeck.de\/fr\/wp-json\/wp\/v2\/types\/product"}],"wp:featuredmedia":[{"embeddable":true,"href":"https:\/\/snoeck.de\/fr\/wp-json\/wp\/v2\/media\/4999"}],"wp:attachment":[{"href":"https:\/\/snoeck.de\/fr\/wp-json\/wp\/v2\/media?parent=3584"}],"wp:term":[{"taxonomy":"product_brand","embeddable":true,"href":"https:\/\/snoeck.de\/fr\/wp-json\/wp\/v2\/product_brand?post=3584"},{"taxonomy":"product_cat","embeddable":true,"href":"https:\/\/snoeck.de\/fr\/wp-json\/wp\/v2\/product_cat?post=3584"},{"taxonomy":"product_tag","embeddable":true,"href":"https:\/\/snoeck.de\/fr\/wp-json\/wp\/v2\/product_tag?post=3584"}],"curies":[{"name":"wp","href":"https:\/\/api.w.org\/{rel}","templated":true}]}}