{"id":3585,"date":"2025-01-31T11:30:37","date_gmt":"2025-01-31T11:30:37","guid":{"rendered":"https:\/\/snoeck.process-vision.de\/shop\/frank-gerritz-temporary-ground\/"},"modified":"2025-04-01T16:25:16","modified_gmt":"2025-04-01T16:25:16","slug":"frank-gerritz-temporary-ground","status":"publish","type":"product","link":"https:\/\/snoeck.de\/fr\/shop\/frank-gerritz-temporary-ground\/","title":{"rendered":"Frank Gerritz : Terrain temporaire"},"content":{"rendered":"<h3>Heavy metal<\/h3>\n<p>Frank Gerritz, n\u00e9 en 1964 \u00e0 Hambourg, est un artiste dont la pens\u00e9e se d\u00e9place litt\u00e9ralement dans l'espace. Partant du sol, son \u0153uvre s'\u00e9tend au mur et, de l\u00e0, se r\u00e9percute dans l'espace. Le sculpteur traite notamment des panneaux d'aluminium avec un paintstick (craie \u00e0 l'huile) de mani\u00e8re si dense que leurs surfaces semblent ferm\u00e9es d'une part, mais que la structure de l'application reste visible d'autre part. Le noir n'est pas toujours noir, l\u00e0 o\u00f9 les surfaces en aluminium anodis\u00e9 argent\u00e9 refl\u00e8tent l'espace, les parties sombres des surfaces r\u00e9v\u00e8lent un miroitement, un reste de lumi\u00e8re qui varie selon le point de vue et l'\u00e9clairage. Les surfaces dessin\u00e9es - crayon graphite ou paint stick sur des panneaux MDF ou de l'aluminium - d\u00e9veloppent une mat\u00e9rialit\u00e9 marqu\u00e9e par des reflets flous qui transforment ainsi les surfaces des supports d'images bidimensionnels en une dimension spatiale. En outre, Gerritz coule des blocs de fer orient\u00e9s sur les dimensions de son corps, dont les surfaces d'appui servent de base aux premi\u00e8res impressions sur papier et d\u00e9finissent les proportions de ses travaux sculpturaux devant le mur. Le catalogue montre l'essence spatiale des objets muraux et des groupes de sculptures, en d\u00e9pliant \u00e9galement les d\u00e9tails des travaux.<\/p>\n<p>Exposition :<br \/>\nMus\u00e9e de Wiesbaden, 13\/5 - 20\/8\/2021<\/p>","protected":false},"excerpt":{"rendered":"<p>Catalogue d'exposition, Mus\u00e9e de Wiesbaden, \u00e9d. par J\u00f6rg Daur, Lea Sch\u00e4fer<br \/>\nTextes (all.\/ang.) de J\u00f6rg Daur, Andreas Henning, Franz Kaiser, Lea Sch\u00e4fer<br \/>\n144 p. avec 92 illustrations en couleur<br \/>\nformat 29 x 24 cm, toile gaufr\u00e9e<\/p>","protected":false},"featured_media":5000,"template":"","meta":[],"product_brand":[],"product_cat":[85,64],"product_tag":[],"class_list":{"0":"post-3585","1":"product","2":"type-product","3":"status-publish","4":"has-post-thumbnail","6":"product_cat-85","7":"product_cat-g","9":"first","10":"instock","11":"taxable","12":"shipping-taxable","13":"purchasable","14":"product-type-simple"},"aioseo_notices":[],"_wp_attached_file":null,"_wp_attachment_metadata":null,"_wc_attachment_source":null,"_elementor_inline_svg":null,"_elementor_is_screenshot":null,"_elementor_source_image_hash":null,"_source_url":null,"_wp_attachment_context":null,"_menu_item_type":null,"_menu_item_menu_item_parent":null,"_menu_item_object_id":null,"_menu_item_object":null,"_menu_item_target":null,"_menu_item_classes":null,"_menu_item_xfn":null,"_menu_item_url":null,"__elementor_forms_snapshot":null,"_unit":"","_unit_base":"","_unit_product":"","_unit_price_auto":"no","_unit_price_regular":"","_unit_price":"","_unit_price_sale":"","_sale_price_label":"","_sale_price_regular_label":"","_manufacturer_slug":"","_mini_desc":"","_defect_description":"","_safety_instructions":"","_allergen_ids":[],"_warranty_attachment_id":"","_safety_attachment_ids":[],"_min_age":"","_ts_gtin":"","_ts_mpn":"","_delivery_time_countries":[],"_free_shipping":"no","_service":"no","_photovoltaic_system":"no","_used_good":"no","_defective_copy":"no","_wireless_electronic_device":"no","_device_contains_power_supply":"no","_device_charging_supports_usb_pd":"no","_device_charging_watt_min":"0","_device_charging_watt_max":"0","_is_food":"no","_differential_taxation":"no","_gzd_version":"3.18.7","_hs_code":"","_customs_description":"","_manufacture_country":"0","_is_non_returnable":"no","_shipping_length":"","_shipping_width":"","_shipping_height":"","_sku":"ISBN 978-3-86442-351-2","_global_unique_id":"978-3-86442-351-2","_regular_price":"29.8","total_sales":"0","_tax_status":"taxable","_tax_class":"","_manage_stock":"no","_backorders":"no","_sold_individually":"no","_weight":"2","_virtual":"no","_downloadable":"no","_download_limit":"-1","_download_expiry":"-1","_stock":"","_stock_status":"instock","_wc_average_rating":"0","_wc_review_count":"0","_product_version":"9.7.1","_price":"29.8","shopengine_product_views_count":"2963","_thumbnail_id":"5000","_product_attributes":{"erscheinungsdatum":{"name":"Date de publication","value":"21.06.2021","position":0,"is_visible":1,"is_variation":0,"is_taxonomy":0,"checkout_visible":0}},"_nutrient_ids":[],"_upsell_ids":null,"pswc_subtitle":null,"_default_delivery_time":null,"_wp_desired_post_slug":null,"_isbn":null,"pageType":null,"isExternalUrl":null,"pageId":null,"externalUrl":null,"hideCookieBanner":null,"isTargetBlank":null,"isProviderCurrentWebsite":null,"isEmbeddingOnlyExternalResources":null,"legalBasis":null,"dataProcessingInCountries":null,"dataProcessingInCountriesSpecialTreatments":null,"technicalDefinitions":null,"googleConsentModeConsentTypes":null,"executePriority":null,"executeCodeOptInWhenNoTagManagerConsentIsGiven":null,"executeCodeOptOutWhenNoTagManagerConsentIsGiven":null,"deleteTechnicalDefinitionsAfterOptOut":null,"presetId":null,"presetVersion":null,"provider":null,"providerContactPhone":null,"providerContactEmail":null,"providerContactLink":null,"uniqueName":null,"providerPrivacyPolicyUrl":null,"providerLegalNoticeUrl":null,"codeOptIn":null,"codeOptOut":null,"codeOnPageLoad":null,"language_code":null,"shopengine_template__post_meta__type":null,"shopengine_template__post_meta":null,"shopengine_template__post_meta__edit_with":null,"origin":null,"_enabled":null,"_filters":null,"_layout":null,"_elementor_import_session_id":null,"_wp_trash_meta_status":null,"_wp_trash_meta_time":null,"_edit_lock":"1743524581:2","_elementor_floating_elements_type":null,"_elementor_edit_mode":null,"_elementor_template_type":null,"tc-thumb-fld":{"_thumb_id":5000,"_thumb_type":"thumb"},"_wp_page_template":"default","_elementor_version":null,"_elementor_pro_version":null,"_elementor_page_settings":null,"_elementor_data":null,"_elementor_conditions":null,"_elementor_popup_display_settings":null,"_edit_last":"2","_elementor_template_sub_type":null,"_elementor_controls_usage":null,"_elementor_screenshot":null,"_elementor_css":null,"_elementor_page_assets":[],"_elementor_element_cache":null,"_elementor_screenshot_failed":null,"_elementor_source":null,"_wp_old_date":null,"layout_key":"","post_slider_check_key":"0","_links":{"self":[{"href":"https:\/\/snoeck.de\/fr\/wp-json\/wp\/v2\/product\/3585","targetHints":{"allow":["GET"]}}],"collection":[{"href":"https:\/\/snoeck.de\/fr\/wp-json\/wp\/v2\/product"}],"about":[{"href":"https:\/\/snoeck.de\/fr\/wp-json\/wp\/v2\/types\/product"}],"wp:featuredmedia":[{"embeddable":true,"href":"https:\/\/snoeck.de\/fr\/wp-json\/wp\/v2\/media\/5000"}],"wp:attachment":[{"href":"https:\/\/snoeck.de\/fr\/wp-json\/wp\/v2\/media?parent=3585"}],"wp:term":[{"taxonomy":"product_brand","embeddable":true,"href":"https:\/\/snoeck.de\/fr\/wp-json\/wp\/v2\/product_brand?post=3585"},{"taxonomy":"product_cat","embeddable":true,"href":"https:\/\/snoeck.de\/fr\/wp-json\/wp\/v2\/product_cat?post=3585"},{"taxonomy":"product_tag","embeddable":true,"href":"https:\/\/snoeck.de\/fr\/wp-json\/wp\/v2\/product_tag?post=3585"}],"curies":[{"name":"wp","href":"https:\/\/api.w.org\/{rel}","templated":true}]}}