{"id":3586,"date":"2025-01-31T11:30:37","date_gmt":"2025-01-31T11:30:37","guid":{"rendered":"https:\/\/snoeck.process-vision.de\/shop\/siegfried-gohr-begegnungen\/"},"modified":"2025-04-01T16:24:06","modified_gmt":"2025-04-01T16:24:06","slug":"siegfried-gohr-begegnungen","status":"publish","type":"product","link":"https:\/\/snoeck.de\/fr\/shop\/siegfried-gohr-begegnungen\/","title":{"rendered":"Siegfried Gohr : Rencontres"},"content":{"rendered":"<h3>Une mosa\u00efque de tesselles color\u00e9es de diff\u00e9rentes tailles<\/h3>\n<p>Siegfried Gohr jette un regard r\u00e9trospectif sur 50 ann\u00e9es de rencontres dans le monde de l'art, au cours desquelles il a \u00e9t\u00e9 directeur de mus\u00e9e (de 1978 \u00e0 1985 \u00e0 la Kunsthalle de Cologne, puis jusqu'en 1991 au mus\u00e9e Ludwig de Cologne), professeur d'histoire de l'art et des m\u00e9dias \u00e0 Karlsruhe (1993-2004) et d'histoire de l'art \u00e0 D\u00fcsseldorf (2006-2014). La grande exposition g\u00e9n\u00e9rale \"Bilderstreit\", organis\u00e9e en 1989 dans les halls d'exposition de Cologne en collaboration avec Johannes Gachnang, est devenue l\u00e9gendaire. Dans notre ouvrage, il guide les lecteurs \u00e0 travers ses centres d'int\u00e9r\u00eat de mani\u00e8re anecdotique - en commen\u00e7ant par le r\u00e9cit d'un voyage-s\u00e9minaire aux \u00c9tats-Unis alors qu'il \u00e9tait jeune \u00e9tudiant en art, avec une visite chez Quappi Beckmann, suivi de ses s\u00e9jours \u00e0 Paris, o\u00f9 la sc\u00e8ne internationale des mus\u00e9es, des marchands et des collectionneurs le fascine - un int\u00e9r\u00eat qui le met \u00e9galement en relation avec le grand collectionneur Peter Ludwig jusque dans les ann\u00e9es 1990. Ses souvenirs de rencontres et de relations toujours amicales avec des artistes occupent une place de choix : Georg Baselitz, Joseph Beuys, Anthony Cragg, G\u00fcnther F\u00f6rg, Renato Guttuso, Antonius H\u00f6ckelmann, J\u00f6rg Immendorff, Konrad Klapheck, Per Kirkeby, Markus L\u00fcpertz, A. R. Penck et Sigmar Polke, auxquels il consacre des chapitres individuels. Ses multiples relations l'ont plac\u00e9 au premier rang des publicistes d'art de l'apr\u00e8s-guerre. Parmi ses publications, on compte, outre d'innombrables contributions \u00e0 des catalogues, des monographies sur Pablo Picasso, Ren\u00e9 Magritte et Markus L\u00fcpertz ainsi que l'\u00e9dition des catalogues raisonn\u00e9s d'Ernst Wilhelm Nay, Max Beckmann et J\u00f6rg Immendorff. Dans la remarque pr\u00e9liminaire de Siegfried Gohr, on peut lire : \"Ces souvenirs concernent un monde disparu, qui \u00e9tait encore marqu\u00e9 par l'optimisme et le d\u00e9sir d'action en Rh\u00e9nanie. A l'\u00e9poque, les gens se sentaient au centre d'un changement culturel qui trouvait une expression visible, notamment dans les nouveaux mus\u00e9es. Lorsque, dans les ann\u00e9es 1980, on parlait d'une nouvelle 'confusion', peu de gens se doutaient que cette situation pourrait encore s'accro\u00eetre consid\u00e9rablement jusqu'\u00e0 aujourd'hui\". On pourrait en d\u00e9duire que le nouveau n'a de base solide que s'il repose sur un savoir historique, c'est-\u00e0-dire qu'il s'appuie en quelque sorte sur les \u00e9paules de l'ancien.<\/p>\n<p>Avec des chapitres individuels sur : Quappi Beckmann, Georg Baselitz, Joseph Beuys, Anthony Cragg, G\u00fcnther F\u00f6rg, Johannes Gachnang, Renato Guttuso, Wolfgang Hahn, Antonius H\u00f6ckelmann, J\u00f6rg Immendorff, Fred Jahn, Knud W. Jensen, Konrad Klapheck, Per Kirkeby, Peter et Irene Ludwig, Markus L\u00fcpertz, Elisabeth Nay-Scheibler, A. R. Penck, Sigmar Polke, Wolfgang Rihm, Isabelle Rouault, Johannes Wasmuth<\/p>","protected":false},"excerpt":{"rendered":"<p>Avec des photographies de Benjamin Katz et d'autres.<br \/>\n160 p. avec 25 illustrations n\/b<br \/>\nformat 20,7 x 13,5 cm, broch\u00e9<\/p>","protected":false},"featured_media":5001,"template":"","meta":[],"product_brand":[],"product_cat":[84,64],"product_tag":[],"class_list":{"0":"post-3586","1":"product","2":"type-product","3":"status-publish","4":"has-post-thumbnail","6":"product_cat-84","7":"product_cat-g","9":"first","10":"instock","11":"taxable","12":"shipping-taxable","13":"purchasable","14":"product-type-simple"},"aioseo_notices":[],"_wp_attached_file":null,"_wp_attachment_metadata":null,"_wc_attachment_source":null,"_elementor_inline_svg":null,"_elementor_is_screenshot":null,"_elementor_source_image_hash":null,"_source_url":null,"_wp_attachment_context":null,"_menu_item_type":null,"_menu_item_menu_item_parent":null,"_menu_item_object_id":null,"_menu_item_object":null,"_menu_item_target":null,"_menu_item_classes":null,"_menu_item_xfn":null,"_menu_item_url":null,"__elementor_forms_snapshot":null,"_unit":"","_unit_base":"","_unit_product":"","_unit_price_auto":"no","_unit_price_regular":"","_unit_price":"","_unit_price_sale":"","_sale_price_label":"","_sale_price_regular_label":"","_manufacturer_slug":"","_mini_desc":"","_defect_description":"","_safety_instructions":"","_allergen_ids":[],"_warranty_attachment_id":"","_safety_attachment_ids":[],"_min_age":"","_ts_gtin":"","_ts_mpn":"","_delivery_time_countries":[],"_free_shipping":"no","_service":"no","_photovoltaic_system":"no","_used_good":"no","_defective_copy":"no","_wireless_electronic_device":"no","_device_contains_power_supply":"no","_device_charging_supports_usb_pd":"no","_device_charging_watt_min":"0","_device_charging_watt_max":"0","_is_food":"no","_differential_taxation":"no","_gzd_version":"3.18.7","_hs_code":"","_customs_description":"","_manufacture_country":"0","_is_non_returnable":"no","_shipping_length":"","_shipping_width":"","_shipping_height":"","_sku":"ISBN 978-3-86442-376-5","_global_unique_id":"978-3-86442-376-5","_regular_price":"24.8","total_sales":"0","_tax_status":"taxable","_tax_class":"","_manage_stock":"no","_backorders":"no","_sold_individually":"no","_weight":"1","_virtual":"no","_downloadable":"no","_download_limit":"-1","_download_expiry":"-1","_stock":"","_stock_status":"instock","_wc_average_rating":"0","_wc_review_count":"0","_product_version":"9.7.1","_price":"24.8","shopengine_product_views_count":"2985","_thumbnail_id":"5001","_product_attributes":{"erscheinungsdatum":{"name":"Date de publication","value":"03.01.2020","position":0,"is_visible":1,"is_variation":0,"is_taxonomy":0,"checkout_visible":0}},"_nutrient_ids":[],"_upsell_ids":null,"pswc_subtitle":null,"_default_delivery_time":null,"_wp_desired_post_slug":null,"_isbn":null,"pageType":null,"isExternalUrl":null,"pageId":null,"externalUrl":null,"hideCookieBanner":null,"isTargetBlank":null,"isProviderCurrentWebsite":null,"isEmbeddingOnlyExternalResources":null,"legalBasis":null,"dataProcessingInCountries":null,"dataProcessingInCountriesSpecialTreatments":null,"technicalDefinitions":null,"googleConsentModeConsentTypes":null,"executePriority":null,"executeCodeOptInWhenNoTagManagerConsentIsGiven":null,"executeCodeOptOutWhenNoTagManagerConsentIsGiven":null,"deleteTechnicalDefinitionsAfterOptOut":null,"presetId":null,"presetVersion":null,"provider":null,"providerContactPhone":null,"providerContactEmail":null,"providerContactLink":null,"uniqueName":null,"providerPrivacyPolicyUrl":null,"providerLegalNoticeUrl":null,"codeOptIn":null,"codeOptOut":null,"codeOnPageLoad":null,"language_code":null,"shopengine_template__post_meta__type":null,"shopengine_template__post_meta":null,"shopengine_template__post_meta__edit_with":null,"origin":null,"_enabled":null,"_filters":null,"_layout":null,"_elementor_import_session_id":null,"_wp_trash_meta_status":null,"_wp_trash_meta_time":null,"_edit_lock":"1743524507:2","_elementor_floating_elements_type":null,"_elementor_edit_mode":null,"_elementor_template_type":null,"tc-thumb-fld":{"_thumb_id":5001,"_thumb_type":"thumb"},"_wp_page_template":"default","_elementor_version":null,"_elementor_pro_version":null,"_elementor_page_settings":null,"_elementor_data":null,"_elementor_conditions":null,"_elementor_popup_display_settings":null,"_edit_last":"2","_elementor_template_sub_type":null,"_elementor_controls_usage":null,"_elementor_screenshot":null,"_elementor_css":null,"_elementor_page_assets":[],"_elementor_element_cache":null,"_elementor_screenshot_failed":null,"_elementor_source":null,"_wp_old_date":null,"layout_key":"","post_slider_check_key":"0","_links":{"self":[{"href":"https:\/\/snoeck.de\/fr\/wp-json\/wp\/v2\/product\/3586","targetHints":{"allow":["GET"]}}],"collection":[{"href":"https:\/\/snoeck.de\/fr\/wp-json\/wp\/v2\/product"}],"about":[{"href":"https:\/\/snoeck.de\/fr\/wp-json\/wp\/v2\/types\/product"}],"wp:featuredmedia":[{"embeddable":true,"href":"https:\/\/snoeck.de\/fr\/wp-json\/wp\/v2\/media\/5001"}],"wp:attachment":[{"href":"https:\/\/snoeck.de\/fr\/wp-json\/wp\/v2\/media?parent=3586"}],"wp:term":[{"taxonomy":"product_brand","embeddable":true,"href":"https:\/\/snoeck.de\/fr\/wp-json\/wp\/v2\/product_brand?post=3586"},{"taxonomy":"product_cat","embeddable":true,"href":"https:\/\/snoeck.de\/fr\/wp-json\/wp\/v2\/product_cat?post=3586"},{"taxonomy":"product_tag","embeddable":true,"href":"https:\/\/snoeck.de\/fr\/wp-json\/wp\/v2\/product_tag?post=3586"}],"curies":[{"name":"wp","href":"https:\/\/api.w.org\/{rel}","templated":true}]}}