{"id":3587,"date":"2025-01-31T11:30:38","date_gmt":"2025-01-31T11:30:38","guid":{"rendered":"https:\/\/snoeck.process-vision.de\/shop\/bruno-goller-retrospektive-1922-1992\/"},"modified":"2025-04-01T16:22:39","modified_gmt":"2025-04-01T16:22:39","slug":"bruno-goller-retrospektive-1922-1992","status":"publish","type":"product","link":"https:\/\/snoeck.de\/fr\/shop\/bruno-goller-retrospektive-1922-1992\/","title":{"rendered":"Bruno Goller : r\u00e9trospective 1922-1992"},"content":{"rendered":"<h3>La proximit\u00e9 de Goller avec le surr\u00e9alisme et la Nouvelle Objectivit\u00e9<\/h3>\n<p>On a longtemps interpr\u00e9t\u00e9 l'histoire de la peinture du 20e si\u00e8cle comme une lutte concurrentielle entre \u00e9coles et styles, sans se rendre compte \u00e0 quel point les marginaux pouvaient \u00eatre d\u00e9terminants pour l'\u00e9volution de l'art. Bruno Goller fait partie de ce groupe de solitaires, malgr\u00e9 les parall\u00e8les que son \u0153uvre pr\u00e9sente avec l'art du surr\u00e9alisme et de la nouvelle objectivit\u00e9. N\u00e9 en 1901 \u00e0 Gummersbach et install\u00e9 durablement \u00e0 D\u00fcsseldorf depuis 1927, il a d\u00e9ploy\u00e9 en plus de soixante-dix ans de cr\u00e9ation un monde pictural magique qui, en contraste avec le grand courant de l'abstraction, est marqu\u00e9 par un engagement clair en faveur de la figuration. Nous reconnaissons des maisons, des montres, des chapeaux, des roses, des parapluies, des manteaux et, surtout, des femmes, qui sont g\u00e9n\u00e9ralement repr\u00e9sent\u00e9es de mani\u00e8re typ\u00e9e et strictement formalis\u00e9e. M\u00eame si des hommes apparaissent parfois dans ses tableaux, ce sont les femmes qui sont au centre de son art. Dans leur pr\u00e9sence idol\u00e2tre, elles sont cependant aussi peu saisissables et interpr\u00e9tables que tous les objets dont elles sont entour\u00e9es. Quelle est la signification profonde qui r\u00e9unit toutes ces choses dans l'image ? Il est certainement possible d'\u00e9tablir ponctuellement des liens associatifs avec l'inventaire des images, mais les tableaux de Goller s'opposent \u00e0 une lisibilit\u00e9 univoque. En fin de compte, elles se refusent \u00e0 l'interpr\u00e9tation et c'est justement de l\u00e0 qu'elles tirent leur force : la magie de l'\u00e9nigme.<\/p>\n<p>Exposition :<br \/>\nMus\u00e9e d'art de Bonn, 19\/9\/2024 - 19\/1\/2025<\/p>","protected":false},"excerpt":{"rendered":"<p>Catalogue d'exposition, Kunstmuseum Bonn, \u00e9d. par Stephan Berg et Christoph Schreier<br \/>\nTextes (all.\/ang.) de Stephan Berg, Christoph Schreier<br \/>\n176 p. avec 100 illustrations en couleur<br \/>\nformat 32 x 24 cm, broch\u00e9 avec jaquette<\/p>","protected":false},"featured_media":5002,"template":"","meta":[],"product_brand":[],"product_cat":[88,64],"product_tag":[],"class_list":{"0":"post-3587","1":"product","2":"type-product","3":"status-publish","4":"has-post-thumbnail","6":"product_cat-88","7":"product_cat-g","9":"first","10":"instock","11":"taxable","12":"shipping-taxable","13":"purchasable","14":"product-type-simple"},"aioseo_notices":[],"_wp_attached_file":null,"_wp_attachment_metadata":null,"_wc_attachment_source":null,"_elementor_inline_svg":null,"_elementor_is_screenshot":null,"_elementor_source_image_hash":null,"_source_url":null,"_wp_attachment_context":null,"_menu_item_type":null,"_menu_item_menu_item_parent":null,"_menu_item_object_id":null,"_menu_item_object":null,"_menu_item_target":null,"_menu_item_classes":null,"_menu_item_xfn":null,"_menu_item_url":null,"__elementor_forms_snapshot":null,"_unit":"","_unit_base":"","_unit_product":"","_unit_price_auto":"no","_unit_price_regular":"","_unit_price":"","_unit_price_sale":"","_sale_price_label":"","_sale_price_regular_label":"","_manufacturer_slug":"","_mini_desc":"","_defect_description":"","_safety_instructions":"","_allergen_ids":[],"_warranty_attachment_id":"","_safety_attachment_ids":[],"_min_age":"","_ts_gtin":"","_ts_mpn":"","_delivery_time_countries":[],"_free_shipping":"no","_service":"no","_photovoltaic_system":"no","_used_good":"no","_defective_copy":"no","_wireless_electronic_device":"no","_device_contains_power_supply":"no","_device_charging_supports_usb_pd":"no","_device_charging_watt_min":"0","_device_charging_watt_max":"0","_is_food":"no","_differential_taxation":"no","_gzd_version":"3.18.7","_hs_code":"","_customs_description":"","_manufacture_country":"0","_is_non_returnable":"no","_shipping_length":"","_shipping_width":"","_shipping_height":"","_sku":"ISBN 978-3-86442-442-7","_global_unique_id":"978-3-86442-442-7","_regular_price":"39.8","total_sales":"0","_tax_status":"taxable","_tax_class":"","_manage_stock":"no","_backorders":"no","_sold_individually":"no","_weight":"1","_virtual":"no","_downloadable":"no","_download_limit":"-1","_download_expiry":"-1","_stock":"","_stock_status":"instock","_wc_average_rating":"0","_wc_review_count":"0","_product_version":"9.7.1","_price":"39.8","shopengine_product_views_count":"2920","_thumbnail_id":"5002","_product_attributes":{"erscheinungsdatum":{"name":"Date de publication","value":"19.09.2024","position":0,"is_visible":1,"is_variation":0,"is_taxonomy":0,"checkout_visible":0}},"_nutrient_ids":[],"_upsell_ids":null,"pswc_subtitle":null,"_default_delivery_time":null,"_wp_desired_post_slug":null,"_isbn":null,"pageType":null,"isExternalUrl":null,"pageId":null,"externalUrl":null,"hideCookieBanner":null,"isTargetBlank":null,"isProviderCurrentWebsite":null,"isEmbeddingOnlyExternalResources":null,"legalBasis":null,"dataProcessingInCountries":null,"dataProcessingInCountriesSpecialTreatments":null,"technicalDefinitions":null,"googleConsentModeConsentTypes":null,"executePriority":null,"executeCodeOptInWhenNoTagManagerConsentIsGiven":null,"executeCodeOptOutWhenNoTagManagerConsentIsGiven":null,"deleteTechnicalDefinitionsAfterOptOut":null,"presetId":null,"presetVersion":null,"provider":null,"providerContactPhone":null,"providerContactEmail":null,"providerContactLink":null,"uniqueName":null,"providerPrivacyPolicyUrl":null,"providerLegalNoticeUrl":null,"codeOptIn":null,"codeOptOut":null,"codeOnPageLoad":null,"language_code":null,"shopengine_template__post_meta__type":null,"shopengine_template__post_meta":null,"shopengine_template__post_meta__edit_with":null,"origin":null,"_enabled":null,"_filters":null,"_layout":null,"_elementor_import_session_id":null,"_wp_trash_meta_status":null,"_wp_trash_meta_time":null,"_edit_lock":"1743524595:2","_elementor_floating_elements_type":null,"_elementor_edit_mode":null,"_elementor_template_type":null,"tc-thumb-fld":{"_thumb_id":5002,"_thumb_type":"thumb"},"_wp_page_template":"default","_elementor_version":null,"_elementor_pro_version":null,"_elementor_page_settings":null,"_elementor_data":null,"_elementor_conditions":null,"_elementor_popup_display_settings":null,"_edit_last":"2","_elementor_template_sub_type":null,"_elementor_controls_usage":null,"_elementor_screenshot":null,"_elementor_css":null,"_elementor_page_assets":[],"_elementor_element_cache":null,"_elementor_screenshot_failed":null,"_elementor_source":null,"_wp_old_date":null,"layout_key":"","post_slider_check_key":"0","_links":{"self":[{"href":"https:\/\/snoeck.de\/fr\/wp-json\/wp\/v2\/product\/3587","targetHints":{"allow":["GET"]}}],"collection":[{"href":"https:\/\/snoeck.de\/fr\/wp-json\/wp\/v2\/product"}],"about":[{"href":"https:\/\/snoeck.de\/fr\/wp-json\/wp\/v2\/types\/product"}],"wp:featuredmedia":[{"embeddable":true,"href":"https:\/\/snoeck.de\/fr\/wp-json\/wp\/v2\/media\/5002"}],"wp:attachment":[{"href":"https:\/\/snoeck.de\/fr\/wp-json\/wp\/v2\/media?parent=3587"}],"wp:term":[{"taxonomy":"product_brand","embeddable":true,"href":"https:\/\/snoeck.de\/fr\/wp-json\/wp\/v2\/product_brand?post=3587"},{"taxonomy":"product_cat","embeddable":true,"href":"https:\/\/snoeck.de\/fr\/wp-json\/wp\/v2\/product_cat?post=3587"},{"taxonomy":"product_tag","embeddable":true,"href":"https:\/\/snoeck.de\/fr\/wp-json\/wp\/v2\/product_tag?post=3587"}],"curies":[{"name":"wp","href":"https:\/\/api.w.org\/{rel}","templated":true}]}}