{"id":3588,"date":"2025-01-31T11:30:38","date_gmt":"2025-01-31T11:30:38","guid":{"rendered":"https:\/\/snoeck.process-vision.de\/shop\/good-space-politische-aesthetische-und-urbane-raeume\/"},"modified":"2026-04-08T15:10:21","modified_gmt":"2026-04-08T14:10:21","slug":"good-space-politische-aesthetische-und-urbane-raeume","status":"publish","type":"product","link":"https:\/\/snoeck.de\/fr\/shop\/good-space-politische-aesthetische-und-urbane-raeume\/","title":{"rendered":"GOOD SPACE - espaces politiques, esth\u00e9tiques et urbains \/ political, aesthetic and urban spaces"},"content":{"rendered":"<h3>Les utopies architecturales des artistes<\/h3>\n<p>\"GOOD SPACE - espaces politiques, esth\u00e9tiques et urbains\" signifie avant tout : montrer les opportunit\u00e9s. Ce cycle d'expositions explore la mani\u00e8re dont les exigences adress\u00e9es aux espaces publics peuvent \u00eatre mises en \u0153uvre. L'accent est mis sur des utilisations surprenantes de l'espace et des strat\u00e9gies artistiques subversives. La forme et la signification des espaces publics, qu'ils soient construits de facto, con\u00e7us comme une utopie ou situ\u00e9s dans le monde num\u00e9rique, sont interrog\u00e9es. Il s'agit de la viabilit\u00e9 et des questions de perspective sur la mani\u00e8re dont l'individu peut et doit agir \u00e0 l'avenir dans le domaine public. Avec \"EVERYTHING IS ARCHITECTURE : Bau Magazine from the 60s and 70s\", une pr\u00e9sentation de l'ICA de Londres datant de 2015 a en outre \u00e9t\u00e9 int\u00e9gr\u00e9e au concept de l'exposition, qui aborde le contexte historique des notions visionnaires et utopiques de l'architecture et de l'espace des ann\u00e9es 1960 et 1970. En tant que lecteur, le livre est la somme de toutes les contributions \u00e0 l'exposition et des conf\u00e9rences tenues \u00e0 la Villa Merkel d'Esslingen durant l'\u00e9t\u00e9 2016.<\/p>\n<p>Artistes :<br \/>\nSam Arka, Los Carpinteros, Martin Creed, Binelde Hyrcan, Jasper Niens, Pnat, Jon Rafman, Raumlaborberlin, Hito Steyerl, Ryan Trecartin, Stephen Willats<\/p>\n<p>Exposition :<br \/>\nVilla Merkel Galeries de la ville d'Esslingen, 25\/5 - 21\/8\/2016<\/p>","protected":false},"excerpt":{"rendered":"<p>Catalogue d'exposition, Villa Merkel Esslingen, \u00e9d. par Andreas Baur<br \/>\nTextes (all.\/ang.) de Damir Barbari\u0107, Claus Baumann, Andreas Baur, Juliette Dersorgues, Julia Herrmann, Clea Laade, Stefan Mancuso, Katja Szymczak, George Frederrick Takis, Christoph Wachter &amp; Mathias Jud, Anka Wenzel, Philipp Ziegler<br \/>\n426 p. avec 180 illustrations en couleur<br \/>\nformat 28 x 21 cm, couverture souple<\/p>","protected":false},"featured_media":5003,"template":"","meta":[],"product_brand":[],"product_cat":[95],"product_tag":[],"class_list":{"0":"post-3588","1":"product","2":"type-product","3":"status-publish","4":"has-post-thumbnail","6":"product_cat-vergriffen","8":"first","9":"outofstock","10":"taxable","11":"shipping-taxable","12":"product-type-simple"},"aioseo_notices":[],"_wp_attached_file":null,"_wp_attachment_metadata":null,"_wc_attachment_source":null,"_elementor_inline_svg":null,"_elementor_is_screenshot":null,"_elementor_source_image_hash":null,"_source_url":null,"_wp_attachment_context":null,"_menu_item_type":null,"_menu_item_menu_item_parent":null,"_menu_item_object_id":null,"_menu_item_object":null,"_menu_item_target":null,"_menu_item_classes":null,"_menu_item_xfn":null,"_menu_item_url":null,"__elementor_forms_snapshot":null,"_unit":"","_unit_base":"","_unit_product":"","_unit_price_auto":"no","_unit_price_regular":"","_unit_price":"","_unit_price_sale":"","_sale_price_label":"","_sale_price_regular_label":"","_manufacturer_slug":"","_mini_desc":"","_defect_description":"","_safety_instructions":"","_allergen_ids":[],"_warranty_attachment_id":"","_safety_attachment_ids":[],"_min_age":"","_ts_gtin":"","_ts_mpn":"","_delivery_time_countries":[],"_free_shipping":"no","_service":"no","_photovoltaic_system":"no","_used_good":"no","_defective_copy":"no","_wireless_electronic_device":"no","_device_contains_power_supply":"no","_device_charging_supports_usb_pd":"no","_device_charging_watt_min":"0","_device_charging_watt_max":"0","_is_food":"no","_differential_taxation":"no","_gzd_version":"3.18.7","_hs_code":"","_customs_description":"","_manufacture_country":"0","_is_non_returnable":"no","_shipping_length":"","_shipping_width":"","_shipping_height":"","_sku":"ISBN 978-3-86442-184-6","_global_unique_id":"978-3-86442-184-6","_regular_price":null,"total_sales":"0","_tax_status":"taxable","_tax_class":"","_manage_stock":"no","_backorders":"no","_sold_individually":"no","_weight":"2","_virtual":"no","_downloadable":"no","_download_limit":"-1","_download_expiry":"-1","_stock":"","_stock_status":"outofstock","_wc_average_rating":"0","_wc_review_count":"0","_product_version":"10.1.4","_price":"","shopengine_product_views_count":"2758","_thumbnail_id":"5003","_product_attributes":{"erscheinungsdatum":{"name":"Date de publication","value":"14.02.2017","position":0,"is_visible":1,"is_variation":0,"is_taxonomy":0,"checkout_visible":0}},"_nutrient_ids":[],"_upsell_ids":null,"pswc_subtitle":null,"_default_delivery_time":null,"_wp_desired_post_slug":null,"_isbn":null,"pageType":null,"isExternalUrl":null,"pageId":null,"externalUrl":null,"hideCookieBanner":null,"isTargetBlank":null,"isProviderCurrentWebsite":null,"isEmbeddingOnlyExternalResources":null,"legalBasis":null,"dataProcessingInCountries":null,"dataProcessingInCountriesSpecialTreatments":null,"technicalDefinitions":null,"googleConsentModeConsentTypes":null,"executePriority":null,"executeCodeOptInWhenNoTagManagerConsentIsGiven":null,"executeCodeOptOutWhenNoTagManagerConsentIsGiven":null,"deleteTechnicalDefinitionsAfterOptOut":null,"presetId":null,"presetVersion":null,"provider":null,"providerContactPhone":null,"providerContactEmail":null,"providerContactLink":null,"uniqueName":null,"providerPrivacyPolicyUrl":null,"providerLegalNoticeUrl":null,"codeOptIn":null,"codeOptOut":null,"codeOnPageLoad":null,"language_code":null,"shopengine_template__post_meta__type":null,"shopengine_template__post_meta":null,"shopengine_template__post_meta__edit_with":null,"origin":null,"_enabled":null,"_filters":null,"_layout":null,"_elementor_import_session_id":null,"_wp_trash_meta_status":null,"_wp_trash_meta_time":null,"_edit_lock":"1743524362:2","_elementor_floating_elements_type":null,"_elementor_edit_mode":null,"_elementor_template_type":null,"tc-thumb-fld":{"_thumb_id":5003,"_thumb_type":"thumb"},"_wp_page_template":"default","_elementor_version":null,"_elementor_pro_version":null,"_elementor_page_settings":null,"_elementor_data":null,"_elementor_conditions":null,"_elementor_popup_display_settings":null,"_edit_last":"2","_elementor_template_sub_type":null,"_elementor_controls_usage":null,"_elementor_screenshot":null,"_elementor_css":null,"_elementor_page_assets":[],"_elementor_element_cache":null,"_elementor_screenshot_failed":null,"_elementor_source":null,"_wp_old_date":null,"layout_key":"","post_slider_check_key":"0","_links":{"self":[{"href":"https:\/\/snoeck.de\/fr\/wp-json\/wp\/v2\/product\/3588","targetHints":{"allow":["GET"]}}],"collection":[{"href":"https:\/\/snoeck.de\/fr\/wp-json\/wp\/v2\/product"}],"about":[{"href":"https:\/\/snoeck.de\/fr\/wp-json\/wp\/v2\/types\/product"}],"wp:featuredmedia":[{"embeddable":true,"href":"https:\/\/snoeck.de\/fr\/wp-json\/wp\/v2\/media\/5003"}],"wp:attachment":[{"href":"https:\/\/snoeck.de\/fr\/wp-json\/wp\/v2\/media?parent=3588"}],"wp:term":[{"taxonomy":"product_brand","embeddable":true,"href":"https:\/\/snoeck.de\/fr\/wp-json\/wp\/v2\/product_brand?post=3588"},{"taxonomy":"product_cat","embeddable":true,"href":"https:\/\/snoeck.de\/fr\/wp-json\/wp\/v2\/product_cat?post=3588"},{"taxonomy":"product_tag","embeddable":true,"href":"https:\/\/snoeck.de\/fr\/wp-json\/wp\/v2\/product_tag?post=3588"}],"curies":[{"name":"wp","href":"https:\/\/api.w.org\/{rel}","templated":true}]}}