{"id":3589,"date":"2025-01-31T11:30:39","date_gmt":"2025-01-31T11:30:39","guid":{"rendered":"https:\/\/snoeck.process-vision.de\/shop\/good-space\/"},"modified":"2026-04-08T15:19:03","modified_gmt":"2026-04-08T14:19:03","slug":"good-space","status":"publish","type":"product","link":"https:\/\/snoeck.de\/fr\/shop\/good-space\/","title":{"rendered":"GOOD ! SPACE"},"content":{"rendered":"<h3>\"La communaut\u00e9 suppose la perte\"<\/h3>\n<p>C'est ainsi que le journal Esslinger Zeitung a titr\u00e9 son article sur l'ouverture du spectacle ph\u00e9nom\u00e9nal \"Good ! Space\". Cette pr\u00e9sentation impressionnante est un essai d'exposition qui met \u00e0 l'\u00e9preuve notre exp\u00e9rience sensorielle de mani\u00e8re \u00e0 la fois intense et ludique et qui se concentre sur l'expression des communaut\u00e9s \u00e0 partir des perspectives de l'art contemporain. La diversit\u00e9 sociale se r\u00e9alise dans l'\u00e9change, la coh\u00e9sion des communaut\u00e9s est la cause et le r\u00e9sultat de valeurs et de projets d'identit\u00e9 supra-individuels ainsi que de normes et de r\u00e8gles concr\u00e8tes. Mais ce qui relie est toujours accompagn\u00e9 de ce qui exclut et exclut, c'est pourquoi la question de savoir ce qui d\u00e9termine le \"nous\" est pleine d'acuit\u00e9, y compris politique. Ainsi, les travaux des artistes expos\u00e9s naviguent le long des architectures du pouvoir - les cons\u00e9quences du colonialisme sont th\u00e9matis\u00e9es et ses effets d\u00e9vastateurs sont consign\u00e9s -, ils mettent en jeu le continuum du temps et de l'espace - la technologie et la spiritualit\u00e9 se croisent -, ils remettent en question des id\u00e9es - comme celle selon laquelle notre vie est libre, autod\u00e9termin\u00e9e et pleine de possibilit\u00e9s d'\u00e9panouissement -, appellent au respect absolu du droit des animaux \u00e0 une vie autod\u00e9termin\u00e9e - la relation entre l'homme et l'animal ainsi que les communaut\u00e9s v\u00e9g\u00e9tales sont ici mises en \u00e9vidence -, sont t\u00e9moins de relations humaines paradoxales - par exemple dans le cas de concepts d'habitat dans le contexte du brutalisme architectural -, nous montrent que les films ne cr\u00e9ent pas seulement des exp\u00e9riences communautaires fortes dans les salles de cin\u00e9ma ; La communaut\u00e9 isol\u00e9e d'un petit \u00e9quipage de sous-marin est \u00e9galement prise en consid\u00e9ration. L'essai de l'exposition se veut un plaidoyer pour une cohabitation guid\u00e9e par la curiosit\u00e9, le respect et l'estime, qui cherche constamment \u00e0 d\u00e9finir les besoins et \u00e0 n\u00e9gocier les diff\u00e9rences. En 2016, \"Good Space\" a trait\u00e9 du traitement des espaces inutilis\u00e9s et des friches. En 2019, les questions de l'animation de ces espaces et du fonctionnement des communaut\u00e9s seront examin\u00e9es, car l'ambiance politique a consid\u00e9rablement chang\u00e9, et pas seulement en raison du d\u00e9bat sur la migration.<\/p>\n<p>Artistes* :<br \/>\nMartha Atienza, Fatma Bucak, Melanie Gilligan, Mikhail Karikis, Mary Reid Kelley &amp; Patrick Kelley, Fr\u00e9d\u00e9ric Moser &amp; Philippe Schwinger, Gabriela Oberkofler, Katrin Plavcak, Tabita Rezaire, Julika Rudelius, Lin May Saeed, Rob Voerman, Alberto Zamora Ruiz<\/p>\n<p>Exposition :<br \/>\nVilla Merkel Galeries de la ville d'Esslingen, Merkelpark, halles des ateliers du chemin de fer royal du Wurtemberg ; 2\/6-1\/9\/2019<\/p>","protected":false},"excerpt":{"rendered":"<p>Catalogue d'exposition, Villa Merkel Esslingen, \u00e9d. par Andreas Baur<br \/>\nTextes (all.\/ang.) d'Andreas Baur, Julia Herrmann, Johannes Kaufmann, Anka Wenzel<br \/>\n248 p. avec 134 illustrations en couleur<br \/>\nformat 28 x 24 cm, couverture souple<\/p>","protected":false},"featured_media":5004,"template":"","meta":[],"product_brand":[],"product_cat":[95],"product_tag":[],"class_list":{"0":"post-3589","1":"product","2":"type-product","3":"status-publish","4":"has-post-thumbnail","6":"product_cat-vergriffen","8":"first","9":"outofstock","10":"taxable","11":"shipping-taxable","12":"product-type-simple"},"aioseo_notices":[],"_wp_attached_file":null,"_wp_attachment_metadata":null,"_wc_attachment_source":null,"_elementor_inline_svg":null,"_elementor_is_screenshot":null,"_elementor_source_image_hash":null,"_source_url":null,"_wp_attachment_context":null,"_menu_item_type":null,"_menu_item_menu_item_parent":null,"_menu_item_object_id":null,"_menu_item_object":null,"_menu_item_target":null,"_menu_item_classes":null,"_menu_item_xfn":null,"_menu_item_url":null,"__elementor_forms_snapshot":null,"_unit":"","_unit_base":"","_unit_product":"","_unit_price_auto":"no","_unit_price_regular":"","_unit_price":"","_unit_price_sale":"","_sale_price_label":"","_sale_price_regular_label":"","_manufacturer_slug":"","_mini_desc":"","_defect_description":"","_safety_instructions":"","_allergen_ids":[],"_warranty_attachment_id":"","_safety_attachment_ids":[],"_min_age":"","_ts_gtin":"","_ts_mpn":"","_delivery_time_countries":[],"_free_shipping":"no","_service":"no","_photovoltaic_system":"no","_used_good":"no","_defective_copy":"no","_wireless_electronic_device":"no","_device_contains_power_supply":"no","_device_charging_supports_usb_pd":"no","_device_charging_watt_min":"0","_device_charging_watt_max":"0","_is_food":"no","_differential_taxation":"no","_gzd_version":"3.18.7","_hs_code":"","_customs_description":"","_manufacture_country":"0","_is_non_returnable":"no","_shipping_length":"","_shipping_width":"","_shipping_height":"","_sku":"ISBN 978-3-86442-276-8","_global_unique_id":"978-3-86442-276-8","_regular_price":null,"total_sales":"0","_tax_status":"taxable","_tax_class":"","_manage_stock":"no","_backorders":"no","_sold_individually":"no","_weight":"2","_virtual":"no","_downloadable":"no","_download_limit":"-1","_download_expiry":"-1","_stock":"","_stock_status":"outofstock","_wc_average_rating":"0","_wc_review_count":"0","_product_version":"10.1.4","_price":"","shopengine_product_views_count":"2623","_thumbnail_id":"5004","_product_attributes":{"erscheinungsdatum":{"name":"Date de publication","value":"01.09.2019","position":0,"is_visible":1,"is_variation":0,"is_taxonomy":0,"checkout_visible":0}},"_nutrient_ids":[],"_upsell_ids":null,"pswc_subtitle":null,"_default_delivery_time":null,"_wp_desired_post_slug":null,"_isbn":null,"pageType":null,"isExternalUrl":null,"pageId":null,"externalUrl":null,"hideCookieBanner":null,"isTargetBlank":null,"isProviderCurrentWebsite":null,"isEmbeddingOnlyExternalResources":null,"legalBasis":null,"dataProcessingInCountries":null,"dataProcessingInCountriesSpecialTreatments":null,"technicalDefinitions":null,"googleConsentModeConsentTypes":null,"executePriority":null,"executeCodeOptInWhenNoTagManagerConsentIsGiven":null,"executeCodeOptOutWhenNoTagManagerConsentIsGiven":null,"deleteTechnicalDefinitionsAfterOptOut":null,"presetId":null,"presetVersion":null,"provider":null,"providerContactPhone":null,"providerContactEmail":null,"providerContactLink":null,"uniqueName":null,"providerPrivacyPolicyUrl":null,"providerLegalNoticeUrl":null,"codeOptIn":null,"codeOptOut":null,"codeOnPageLoad":null,"language_code":null,"shopengine_template__post_meta__type":null,"shopengine_template__post_meta":null,"shopengine_template__post_meta__edit_with":null,"origin":null,"_enabled":null,"_filters":null,"_layout":null,"_elementor_import_session_id":null,"_wp_trash_meta_status":null,"_wp_trash_meta_time":null,"_edit_lock":"1743524149:2","_elementor_floating_elements_type":null,"_elementor_edit_mode":null,"_elementor_template_type":null,"tc-thumb-fld":{"_thumb_id":5004,"_thumb_type":"thumb"},"_wp_page_template":"default","_elementor_version":null,"_elementor_pro_version":null,"_elementor_page_settings":null,"_elementor_data":null,"_elementor_conditions":null,"_elementor_popup_display_settings":null,"_edit_last":"2","_elementor_template_sub_type":null,"_elementor_controls_usage":null,"_elementor_screenshot":null,"_elementor_css":null,"_elementor_page_assets":[],"_elementor_element_cache":null,"_elementor_screenshot_failed":null,"_elementor_source":null,"_wp_old_date":null,"layout_key":"","post_slider_check_key":"0","_links":{"self":[{"href":"https:\/\/snoeck.de\/fr\/wp-json\/wp\/v2\/product\/3589","targetHints":{"allow":["GET"]}}],"collection":[{"href":"https:\/\/snoeck.de\/fr\/wp-json\/wp\/v2\/product"}],"about":[{"href":"https:\/\/snoeck.de\/fr\/wp-json\/wp\/v2\/types\/product"}],"wp:featuredmedia":[{"embeddable":true,"href":"https:\/\/snoeck.de\/fr\/wp-json\/wp\/v2\/media\/5004"}],"wp:attachment":[{"href":"https:\/\/snoeck.de\/fr\/wp-json\/wp\/v2\/media?parent=3589"}],"wp:term":[{"taxonomy":"product_brand","embeddable":true,"href":"https:\/\/snoeck.de\/fr\/wp-json\/wp\/v2\/product_brand?post=3589"},{"taxonomy":"product_cat","embeddable":true,"href":"https:\/\/snoeck.de\/fr\/wp-json\/wp\/v2\/product_cat?post=3589"},{"taxonomy":"product_tag","embeddable":true,"href":"https:\/\/snoeck.de\/fr\/wp-json\/wp\/v2\/product_tag?post=3589"}],"curies":[{"name":"wp","href":"https:\/\/api.w.org\/{rel}","templated":true}]}}