{"id":3591,"date":"2025-01-31T11:30:40","date_gmt":"2025-01-31T11:30:40","guid":{"rendered":"https:\/\/snoeck.process-vision.de\/shop\/paul-good-stefan-steiner-mein-heraklit\/"},"modified":"2025-04-01T16:16:35","modified_gmt":"2025-04-01T16:16:35","slug":"paul-good-stefan-steiner-mein-heraklit","status":"publish","type":"product","link":"https:\/\/snoeck.de\/fr\/shop\/paul-good-stefan-steiner-mein-heraklit\/","title":{"rendered":"Paul Good, Stefan Steiner : Mon H\u00e9raclite"},"content":{"rendered":"<h3>Accompagner H\u00e9raclite<\/h3>\n<p>H\u00e9raclite n'a pas encore trouv\u00e9 le repos. Comment pourrait-il le faire, lui qui voit dans chaque chose existante un \u00eatre qui se distingue inlassablement en lui-m\u00eame, un \u00eatre qui change ? Il donne raison \u00e0 ce qui coule, \u00e0 ce qui est le plus \u00e9ph\u00e9m\u00e8re, \u00e0 la comp\u00e9tition de toutes choses. Dans le langage populaire, la po\u00e9sie et les arts, sa voix continue de r\u00e9sonner de mani\u00e8re visionnaire dans notre monde en perp\u00e9tuel mouvement. La nouvelle traduction de Paul Good pr\u00e9sente pour la premi\u00e8re fois son discours de sagesse sous forme de lignes de mots. Le rythme paratactique de cette forme d'adage devient ainsi visible et perceptible. Paul Good, n\u00e9 \u00e0 Mels (Suisse), a \u00e9t\u00e9 professeur de philosophie \u00e0 l'Acad\u00e9mie des arts de D\u00fcsseldorf de 1983 \u00e0 2007, apr\u00e8s avoir obtenu son doctorat sur Merleau-Ponty \u00e0 Munich en 1970 et son habilitation en philosophie du langage \u00e0 Saint-Gall en 1973. Une mission de recherche \u00e0 Berkeley a \u00e9t\u00e9 suivie, jusqu'\u00e0 sa nomination \u00e0 D\u00fcsseldorf, par de nombreuses activit\u00e9s d'enseignement \u00e0 l'universit\u00e9, \u00e0 la haute \u00e9cole p\u00e9dagogique et au lyc\u00e9e de Saint-Gall et de Berne. Depuis son d\u00e9part \u00e0 la retraite en 2007, il entretient un atelier de philosophie \u00e0 Bad Ragaz.Stefan Steiner place des blocs de ses aquarelles dans le livre d'artiste commun sur les traductions de Paul Good. Le peintre \u00e9crit \u00e0 ce sujet : \"Les Grecs anciens ne connaissaient pas de mot pour d\u00e9signer le bleu. D'un geste simple, de la peinture \u00e0 l'aquarelle est appliqu\u00e9e sur un papier japonais. Pour chaque aquarelle, la couleur est rem\u00e9lang\u00e9e. La teinte se situe quelque part entre le bleu outremer et le bleu cobalt. Le sens de d\u00e9filement du papier est - horizontal. Le papier r\u00e9agit \u00e0 l'humidit\u00e9, il se plisse. En s\u00e9chant, l'encre s'accumule entre les plis. Quelque chose se passe. S\u00e9lectionner le papier. Le sens de d\u00e9filement du papier imprim\u00e9 est - vertical\". Stefan Steiner est n\u00e9 \u00e0 Zoug (Suisse) et a \u00e9t\u00e9 \u00e9l\u00e8ve de ma\u00eetrise de G\u00fcnther Uecker \u00e0 l'Acad\u00e9mie des arts de D\u00fcsseldorf de 1988 \u00e0 1992. Il vit et travaille \u00e0 Cologne. Outre de nombreuses expositions individuelles, ses \u0153uvres ont \u00e9t\u00e9 pr\u00e9sent\u00e9es \u00e0 plusieurs reprises dans le contexte du livre d'artiste et du papier.<\/p>","protected":false},"excerpt":{"rendered":"<p>Livre d'artiste avec illustrations en couleur des aquarelles de Stefan Steiner<br \/>\nTextes grecs originaux dans une nouvelle traduction et avec un essai de Paul Good<br \/>\n368 p. avec 146 illustrations pleine page en couleur<br \/>\n23,5 x 16,5 cm, toile gaufr\u00e9e avec jaquette<\/p>","protected":false},"featured_media":5005,"template":"","meta":[],"product_brand":[],"product_cat":[85,64,76],"product_tag":[],"class_list":{"0":"post-3591","1":"product","2":"type-product","3":"status-publish","4":"has-post-thumbnail","6":"product_cat-85","7":"product_cat-g","8":"product_cat-s","10":"first","11":"instock","12":"taxable","13":"shipping-taxable","14":"purchasable","15":"product-type-simple"},"aioseo_notices":[],"_wp_attached_file":null,"_wp_attachment_metadata":null,"_wc_attachment_source":null,"_elementor_inline_svg":null,"_elementor_is_screenshot":null,"_elementor_source_image_hash":null,"_source_url":null,"_wp_attachment_context":null,"_menu_item_type":null,"_menu_item_menu_item_parent":null,"_menu_item_object_id":null,"_menu_item_object":null,"_menu_item_target":null,"_menu_item_classes":null,"_menu_item_xfn":null,"_menu_item_url":null,"__elementor_forms_snapshot":null,"_unit":"","_unit_base":"","_unit_product":"","_unit_price_auto":"no","_unit_price_regular":"","_unit_price":"","_unit_price_sale":"","_sale_price_label":"","_sale_price_regular_label":"","_manufacturer_slug":"","_mini_desc":"","_defect_description":"","_safety_instructions":"","_allergen_ids":[],"_warranty_attachment_id":"","_safety_attachment_ids":[],"_min_age":"","_ts_gtin":"","_ts_mpn":"","_delivery_time_countries":[],"_free_shipping":"no","_service":"no","_photovoltaic_system":"no","_used_good":"no","_defective_copy":"no","_wireless_electronic_device":"no","_device_contains_power_supply":"no","_device_charging_supports_usb_pd":"no","_device_charging_watt_min":"0","_device_charging_watt_max":"0","_is_food":"no","_differential_taxation":"no","_gzd_version":"3.18.7","_hs_code":"","_customs_description":"","_manufacture_country":"0","_is_non_returnable":"no","_shipping_length":"","_shipping_width":"","_shipping_height":"","_sku":"ISBN 978-3-86442-360-4","_global_unique_id":"978-3-86442-360-4","_regular_price":"58","total_sales":"1","_tax_status":"taxable","_tax_class":"","_manage_stock":"no","_backorders":"no","_sold_individually":"no","_weight":"1","_virtual":"no","_downloadable":"no","_download_limit":"-1","_download_expiry":"-1","_stock":"","_stock_status":"instock","_wc_average_rating":"0","_wc_review_count":"0","_product_version":"9.7.1","_price":"58","shopengine_product_views_count":"2410","_thumbnail_id":"5005","_product_attributes":{"erscheinungsdatum":{"name":"Erscheinungsdatum","value":"27.09.2021","position":0,"is_visible":1,"is_variation":0,"is_taxonomy":0,"checkout_visible":0}},"_nutrient_ids":[],"_upsell_ids":null,"pswc_subtitle":null,"_default_delivery_time":null,"_wp_desired_post_slug":null,"_isbn":null,"pageType":null,"isExternalUrl":null,"pageId":null,"externalUrl":null,"hideCookieBanner":null,"isTargetBlank":null,"isProviderCurrentWebsite":null,"isEmbeddingOnlyExternalResources":null,"legalBasis":null,"dataProcessingInCountries":null,"dataProcessingInCountriesSpecialTreatments":null,"technicalDefinitions":null,"googleConsentModeConsentTypes":null,"executePriority":null,"executeCodeOptInWhenNoTagManagerConsentIsGiven":null,"executeCodeOptOutWhenNoTagManagerConsentIsGiven":null,"deleteTechnicalDefinitionsAfterOptOut":null,"presetId":null,"presetVersion":null,"provider":null,"providerContactPhone":null,"providerContactEmail":null,"providerContactLink":null,"uniqueName":null,"providerPrivacyPolicyUrl":null,"providerLegalNoticeUrl":null,"codeOptIn":null,"codeOptOut":null,"codeOnPageLoad":null,"language_code":null,"shopengine_template__post_meta__type":null,"shopengine_template__post_meta":null,"shopengine_template__post_meta__edit_with":null,"origin":null,"_enabled":null,"_filters":null,"_layout":null,"_elementor_import_session_id":null,"_wp_trash_meta_status":null,"_wp_trash_meta_time":null,"_edit_lock":"1743524064:2","_elementor_floating_elements_type":null,"_elementor_edit_mode":null,"_elementor_template_type":null,"tc-thumb-fld":{"_thumb_id":5005,"_thumb_type":"thumb"},"_wp_page_template":"default","_elementor_version":null,"_elementor_pro_version":null,"_elementor_page_settings":null,"_elementor_data":null,"_elementor_conditions":null,"_elementor_popup_display_settings":null,"_edit_last":"2","_elementor_template_sub_type":null,"_elementor_controls_usage":null,"_elementor_screenshot":null,"_elementor_css":null,"_elementor_page_assets":[],"_elementor_element_cache":null,"_elementor_screenshot_failed":null,"_elementor_source":null,"_wp_old_date":null,"layout_key":"","post_slider_check_key":"0","_links":{"self":[{"href":"https:\/\/snoeck.de\/fr\/wp-json\/wp\/v2\/product\/3591","targetHints":{"allow":["GET"]}}],"collection":[{"href":"https:\/\/snoeck.de\/fr\/wp-json\/wp\/v2\/product"}],"about":[{"href":"https:\/\/snoeck.de\/fr\/wp-json\/wp\/v2\/types\/product"}],"wp:featuredmedia":[{"embeddable":true,"href":"https:\/\/snoeck.de\/fr\/wp-json\/wp\/v2\/media\/5005"}],"wp:attachment":[{"href":"https:\/\/snoeck.de\/fr\/wp-json\/wp\/v2\/media?parent=3591"}],"wp:term":[{"taxonomy":"product_brand","embeddable":true,"href":"https:\/\/snoeck.de\/fr\/wp-json\/wp\/v2\/product_brand?post=3591"},{"taxonomy":"product_cat","embeddable":true,"href":"https:\/\/snoeck.de\/fr\/wp-json\/wp\/v2\/product_cat?post=3591"},{"taxonomy":"product_tag","embeddable":true,"href":"https:\/\/snoeck.de\/fr\/wp-json\/wp\/v2\/product_tag?post=3591"}],"curies":[{"name":"wp","href":"https:\/\/api.w.org\/{rel}","templated":true}]}}