{"id":3594,"date":"2025-01-31T11:30:42","date_gmt":"2025-01-31T11:30:42","guid":{"rendered":"https:\/\/snoeck.process-vision.de\/shop\/julia-gruner-universal-azo-fizz-eine-dekonstruktion\/"},"modified":"2025-04-02T13:34:53","modified_gmt":"2025-04-02T13:34:53","slug":"julia-gruner-universal-azo-fizz-eine-dekonstruktion","status":"publish","type":"product","link":"https:\/\/snoeck.de\/fr\/shop\/julia-gruner-universal-azo-fizz-eine-dekonstruktion\/","title":{"rendered":"Julia Gruner : Universal Azo Fizz - Une d\u00e9construction"},"content":{"rendered":"<h3>Des vues imprenables<\/h3>\n<p>Qui veut peindre a besoin de peinture, cela pourrait \u00eatre aussi simple que cela. Julia Gruner (*1984, L\u00fcdenscheid), dipl\u00f4m\u00e9e en 2015 de l'Acad\u00e9mie des Beaux-Arts de D\u00fcsseldorf en tant que ma\u00eetre-\u00e9l\u00e8ve de Katharina Grosse, mise sur une autre palette dans ses \"Domestic Paintings\", par exemple sur le gel douche Bilou Sweet Galaxy, le bain de bouche Dontodent Junior Lerneffekt, le concentr\u00e9 pour le bain Dresdner Essenz Ruhe Pur, le gel pour les cheveux got2b colle imperm\u00e9able, la cr\u00e8me Rewe Beste Wahl avec Aceto Balsamico di Modena IPG, l'huile de p\u00e9pins de courge Rewe Bio Steirisches K\u00fcrbisk\u00f6l et la cr\u00e8me de douche treaclemoon one ginger morning. Cela donne une structure, est estomp\u00e9, \u00e9cras\u00e9 les uns sur les autres et r\u00e9agit chimiquement les uns avec les autres. L'artiste \u00e9tale cela au scanner sur un film alimentaire, de sorte qu'il y a parfois quelques plis. Les effets se situent entre des vues bombastiques, des espaces interstellaires ou des gaudrioles enfantines. En d'autres termes, les images \u00e9ph\u00e9m\u00e8res captur\u00e9es par le scan \u00e9veillent la curiosit\u00e9 sur les produits fabriqu\u00e9s industriellement que nous c\u00f4toyons tous les jours, qui sont en outre parfaitement adapt\u00e9s \u00e0 chaque situation de vie et dont nous ne savons au fond que peu de choses sur les ingr\u00e9dients et le processus de fabrication. Les Kienbaum Artists' Books sont le lieu id\u00e9al pour de telles exp\u00e9riences. Ainsi, la publication se compose de quatre \u00e9l\u00e9ments : un poster pli\u00e9 en couverture qui reproduit int\u00e9gralement le scan d'un travail et trois cahiers : dans le premier, Julia Gruner montre les d\u00e9tails de plusieurs travaux, dans le deuxi\u00e8me, elle \u00e9num\u00e8re en d\u00e9tail les indications relatives aux produits et dans un troisi\u00e8me cahier, les couleurs utilis\u00e9es dans les produits alimentaires et leurs propri\u00e9t\u00e9s sont enregistr\u00e9es en d\u00e9tail.<\/p>","protected":false},"excerpt":{"rendered":"<p>Kienbaum Artists' Books 2025, \u00e9d. par Jochen et Laura Kienbaum<br \/>\n104 p. avec 66 col. ill.<br \/>\nFormats 32 x 24, 29,7 x 21 et 24 x 15 cm, 3 cahiers agraf\u00e9s et embo\u00eet\u00e9s de formats diff\u00e9rents, fix\u00e9s dans la reliure par un \u00e9lastique, poster pli\u00e9 rabattu comme enveloppe de protection<\/p>","protected":false},"featured_media":5008,"template":"","meta":[],"product_brand":[],"product_cat":[88,64,68],"product_tag":[],"class_list":{"0":"post-3594","1":"product","2":"type-product","3":"status-publish","4":"has-post-thumbnail","6":"product_cat-88","7":"product_cat-g","8":"product_cat-k","10":"first","11":"instock","12":"taxable","13":"shipping-taxable","14":"purchasable","15":"product-type-simple"},"aioseo_notices":[],"_wp_attached_file":null,"_wp_attachment_metadata":null,"_wc_attachment_source":null,"_elementor_inline_svg":null,"_elementor_is_screenshot":null,"_elementor_source_image_hash":null,"_source_url":null,"_wp_attachment_context":null,"_menu_item_type":null,"_menu_item_menu_item_parent":null,"_menu_item_object_id":null,"_menu_item_object":null,"_menu_item_target":null,"_menu_item_classes":null,"_menu_item_xfn":null,"_menu_item_url":null,"__elementor_forms_snapshot":null,"_unit":"","_unit_base":"","_unit_product":"","_unit_price_auto":"no","_unit_price_regular":"","_unit_price":"","_unit_price_sale":"","_sale_price_label":"","_sale_price_regular_label":"","_manufacturer_slug":"","_mini_desc":"","_defect_description":"","_safety_instructions":"","_allergen_ids":[],"_warranty_attachment_id":"","_safety_attachment_ids":[],"_min_age":"","_ts_gtin":"","_ts_mpn":"","_delivery_time_countries":[],"_free_shipping":"no","_service":"no","_photovoltaic_system":"no","_used_good":"no","_defective_copy":"no","_wireless_electronic_device":"no","_device_contains_power_supply":"no","_device_charging_supports_usb_pd":"no","_device_charging_watt_min":"0","_device_charging_watt_max":"0","_is_food":"no","_differential_taxation":"no","_gzd_version":"3.18.7","_hs_code":"","_customs_description":"","_manufacture_country":"0","_is_non_returnable":"no","_shipping_length":"","_shipping_width":"","_shipping_height":"","_sku":"ISBN 978-3-86442-453-3","_global_unique_id":"978-3-86442-453-3","_regular_price":"48","total_sales":"1","_tax_status":"taxable","_tax_class":"","_manage_stock":"no","_backorders":"no","_sold_individually":"no","_weight":"1","_virtual":"no","_downloadable":"no","_download_limit":"-1","_download_expiry":"-1","_stock":"","_stock_status":"instock","_wc_average_rating":"0","_wc_review_count":"0","_product_version":"9.7.1","_price":"48","shopengine_product_views_count":"2509","_thumbnail_id":"5008","_product_attributes":{"erscheinungsdatum":{"name":"Date de publication","value":"02.12.2024","position":0,"is_visible":1,"is_variation":0,"is_taxonomy":0,"checkout_visible":0}},"_nutrient_ids":[],"_upsell_ids":null,"pswc_subtitle":null,"_default_delivery_time":null,"_wp_desired_post_slug":null,"_isbn":null,"pageType":null,"isExternalUrl":null,"pageId":null,"externalUrl":null,"hideCookieBanner":null,"isTargetBlank":null,"isProviderCurrentWebsite":null,"isEmbeddingOnlyExternalResources":null,"legalBasis":null,"dataProcessingInCountries":null,"dataProcessingInCountriesSpecialTreatments":null,"technicalDefinitions":null,"googleConsentModeConsentTypes":null,"executePriority":null,"executeCodeOptInWhenNoTagManagerConsentIsGiven":null,"executeCodeOptOutWhenNoTagManagerConsentIsGiven":null,"deleteTechnicalDefinitionsAfterOptOut":null,"presetId":null,"presetVersion":null,"provider":null,"providerContactPhone":null,"providerContactEmail":null,"providerContactLink":null,"uniqueName":null,"providerPrivacyPolicyUrl":null,"providerLegalNoticeUrl":null,"codeOptIn":null,"codeOptOut":null,"codeOnPageLoad":null,"language_code":null,"shopengine_template__post_meta__type":null,"shopengine_template__post_meta":null,"shopengine_template__post_meta__edit_with":null,"origin":null,"_enabled":null,"_filters":null,"_layout":null,"_elementor_import_session_id":null,"_wp_trash_meta_status":null,"_wp_trash_meta_time":null,"_edit_lock":"1743600896:2","_elementor_floating_elements_type":null,"_elementor_edit_mode":null,"_elementor_template_type":null,"tc-thumb-fld":{"_thumb_id":5008,"_thumb_type":"thumb"},"_wp_page_template":"default","_elementor_version":null,"_elementor_pro_version":null,"_elementor_page_settings":null,"_elementor_data":null,"_elementor_conditions":null,"_elementor_popup_display_settings":null,"_edit_last":"2","_elementor_template_sub_type":null,"_elementor_controls_usage":null,"_elementor_screenshot":null,"_elementor_css":null,"_elementor_page_assets":[],"_elementor_element_cache":null,"_elementor_screenshot_failed":null,"_elementor_source":null,"_wp_old_date":null,"layout_key":"","post_slider_check_key":"0","_links":{"self":[{"href":"https:\/\/snoeck.de\/fr\/wp-json\/wp\/v2\/product\/3594","targetHints":{"allow":["GET"]}}],"collection":[{"href":"https:\/\/snoeck.de\/fr\/wp-json\/wp\/v2\/product"}],"about":[{"href":"https:\/\/snoeck.de\/fr\/wp-json\/wp\/v2\/types\/product"}],"wp:featuredmedia":[{"embeddable":true,"href":"https:\/\/snoeck.de\/fr\/wp-json\/wp\/v2\/media\/5008"}],"wp:attachment":[{"href":"https:\/\/snoeck.de\/fr\/wp-json\/wp\/v2\/media?parent=3594"}],"wp:term":[{"taxonomy":"product_brand","embeddable":true,"href":"https:\/\/snoeck.de\/fr\/wp-json\/wp\/v2\/product_brand?post=3594"},{"taxonomy":"product_cat","embeddable":true,"href":"https:\/\/snoeck.de\/fr\/wp-json\/wp\/v2\/product_cat?post=3594"},{"taxonomy":"product_tag","embeddable":true,"href":"https:\/\/snoeck.de\/fr\/wp-json\/wp\/v2\/product_tag?post=3594"}],"curies":[{"name":"wp","href":"https:\/\/api.w.org\/{rel}","templated":true}]}}