{"id":3595,"date":"2025-01-31T11:30:42","date_gmt":"2025-01-31T11:30:42","guid":{"rendered":"https:\/\/snoeck.process-vision.de\/shop\/alex-hanimann-same-but-different\/"},"modified":"2025-06-20T12:00:57","modified_gmt":"2025-06-20T11:00:57","slug":"alex-hanimann-same-but-different","status":"publish","type":"product","link":"https:\/\/snoeck.de\/fr\/shop\/alex-hanimann-same-but-different\/","title":{"rendered":"Alex Hanimann : M\u00eame mais diff\u00e9rent"},"content":{"rendered":"<h3>Capsules temporelles<\/h3>\n<p>Avec \"Same but Different\", Alex Hanimann con\u00e7oit un voyage dans le temps \u00e0 travers sa production artistique. La couverture, qui refl\u00e8te l'int\u00e9rieur, est d\u00e9j\u00e0 une r\u00e9f\u00e9rence \u00e0 la chanson cool de Nico, I AM YOUR MIRROR, plus parl\u00e9e que chant\u00e9e, avec les Velvet Underground, qui se trouve sur le disque avec le c\u00e9l\u00e8bre motif de banane d'Andy Warhol. Les images iconiques sont un th\u00e8me important pour l'artiste, qui est pr\u00e9sent\u00e9 dans ce livre par des textes tr\u00e8s informatifs et avec des images des trois expositions 2019 - 2020 au Kunstmuseum de Saint-Gall, \u00e0 la Villa Merkel d'Esslingen et au FRAC Grand Large de Dunquerque, comme dans une boucle. Ainsi, les images tram\u00e9es \u00e0 l'\u00e9poque des ann\u00e9es 1970 sont repr\u00e9sent\u00e9es au m\u00eame titre que les nouvelles sculptures brillantes de ces cinq derni\u00e8res ann\u00e9es, qui montrent \u00e0 une \u00e9chelle l\u00e9g\u00e8rement agrandie des jeunes dans leur tenue typique d'aujourd'hui (\"Conversation Piece\"). Un parcours vid\u00e9o \u00e0 v\u00e9lo (\"Catch of the Day\") \u00e0 travers le Victoria Park de Londres fait le lien. Elle associe de mani\u00e8re quasi utopique, en vertu de son motif de mouvement repr\u00e9sentatif de la vie, les images de sa propre jeunesse aux reproductions sculpturales de jeunes d'aujourd'hui.<\/p>\n<p>Expositions :<br \/>\nMus\u00e9e d'art de Saint-Gall, 8\/6 - 1\/9\/2019<br \/>\nVilla Merkel Galerie de la ville d'Esslingen, 9\/9 - 17\/11\/2019<br \/>\nFrac Grand-Large Hauts-de-France Dunkerque, 15\/2 - 26\/4\/2020<\/p>","protected":false},"excerpt":{"rendered":"<p>Catalogue d'exposition, \u00e9dit\u00e9 par le Kunstmuseum de Saint-Gall<br \/>\nTextes (all.\/ang.\/fran\u00e7ais) d'Angelika Affentranger-Kirchrath, Andreas Baur, Lorenzo Benedetti, Kerren Detton, Patrick Frey, Rolf Hengesbach, Omar Kholeif, Stephan Kunz, Gerhard Mack, Hans Ulrich Obrist, Marion Strunk, Nadia Veronese<br \/>\n470 p., avec 894 illustrations en grande partie en couleur<br \/>\nformat 29,7 x 21,5 cm, toile gaufr\u00e9e avec jaquette \u00e0 double pli<\/p>","protected":false},"featured_media":5009,"template":"","meta":[],"product_brand":[],"product_cat":[86,65],"product_tag":[],"class_list":{"0":"post-3595","1":"product","2":"type-product","3":"status-publish","4":"has-post-thumbnail","6":"product_cat-86","7":"product_cat-h","9":"first","10":"instock","11":"taxable","12":"shipping-taxable","13":"purchasable","14":"product-type-simple"},"aioseo_notices":[],"_wp_attached_file":null,"_wp_attachment_metadata":null,"_wc_attachment_source":null,"_elementor_inline_svg":null,"_elementor_is_screenshot":null,"_elementor_source_image_hash":null,"_source_url":null,"_wp_attachment_context":null,"_menu_item_type":null,"_menu_item_menu_item_parent":null,"_menu_item_object_id":null,"_menu_item_object":null,"_menu_item_target":null,"_menu_item_classes":null,"_menu_item_xfn":null,"_menu_item_url":null,"__elementor_forms_snapshot":null,"_unit":"","_unit_base":"","_unit_product":"","_unit_price_auto":"no","_unit_price_regular":"","_unit_price":"","_unit_price_sale":"","_sale_price_label":"","_sale_price_regular_label":"","_manufacturer_slug":"","_mini_desc":"","_defect_description":"","_safety_instructions":"","_allergen_ids":[],"_warranty_attachment_id":"","_safety_attachment_ids":[],"_min_age":"","_ts_gtin":"","_ts_mpn":"","_delivery_time_countries":[],"_free_shipping":"no","_service":"no","_photovoltaic_system":"no","_used_good":"no","_defective_copy":"no","_wireless_electronic_device":"no","_device_contains_power_supply":"no","_device_charging_supports_usb_pd":"no","_device_charging_watt_min":"0","_device_charging_watt_max":"0","_is_food":"no","_differential_taxation":"no","_gzd_version":"3.18.7","_hs_code":"","_customs_description":"","_manufacture_country":"0","_is_non_returnable":"no","_shipping_length":"","_shipping_width":"","_shipping_height":"","_sku":"ISBN 978-3-86442-344-4","_global_unique_id":"978-3-86442-344-4","_regular_price":"78","total_sales":"0","_tax_status":"taxable","_tax_class":"","_manage_stock":"no","_backorders":"no","_sold_individually":"no","_weight":"3","_virtual":"no","_downloadable":"no","_download_limit":"-1","_download_expiry":"-1","_stock":"","_stock_status":"instock","_wc_average_rating":"0","_wc_review_count":"0","_product_version":"9.8.3","_price":"78","shopengine_product_views_count":"3458","_thumbnail_id":"5009","_product_attributes":{"erscheinungsdatum":{"name":"Date de publication","value":"28.10.2022","position":0,"is_visible":1,"is_variation":0,"is_taxonomy":0,"checkout_visible":0}},"_nutrient_ids":[],"_upsell_ids":null,"pswc_subtitle":null,"_default_delivery_time":null,"_wp_desired_post_slug":null,"_isbn":null,"pageType":null,"isExternalUrl":null,"pageId":null,"externalUrl":null,"hideCookieBanner":null,"isTargetBlank":null,"isProviderCurrentWebsite":null,"isEmbeddingOnlyExternalResources":null,"legalBasis":null,"dataProcessingInCountries":null,"dataProcessingInCountriesSpecialTreatments":null,"technicalDefinitions":null,"googleConsentModeConsentTypes":null,"executePriority":null,"executeCodeOptInWhenNoTagManagerConsentIsGiven":null,"executeCodeOptOutWhenNoTagManagerConsentIsGiven":null,"deleteTechnicalDefinitionsAfterOptOut":null,"presetId":null,"presetVersion":null,"provider":null,"providerContactPhone":null,"providerContactEmail":null,"providerContactLink":null,"uniqueName":null,"providerPrivacyPolicyUrl":null,"providerLegalNoticeUrl":null,"codeOptIn":null,"codeOptOut":null,"codeOnPageLoad":null,"language_code":null,"shopengine_template__post_meta__type":null,"shopengine_template__post_meta":null,"shopengine_template__post_meta__edit_with":null,"origin":null,"_enabled":null,"_filters":null,"_layout":null,"_elementor_import_session_id":null,"_wp_trash_meta_status":null,"_wp_trash_meta_time":null,"_edit_lock":"1743523493:2","_elementor_floating_elements_type":null,"_elementor_edit_mode":null,"_elementor_template_type":null,"tc-thumb-fld":{"_thumb_id":5009,"_thumb_type":"thumb"},"_wp_page_template":"default","_elementor_version":null,"_elementor_pro_version":null,"_elementor_page_settings":null,"_elementor_data":null,"_elementor_conditions":null,"_elementor_popup_display_settings":null,"_edit_last":"2","_elementor_template_sub_type":null,"_elementor_controls_usage":null,"_elementor_screenshot":null,"_elementor_css":null,"_elementor_page_assets":[],"_elementor_element_cache":null,"_elementor_screenshot_failed":null,"_elementor_source":null,"_wp_old_date":null,"layout_key":"","post_slider_check_key":"0","_links":{"self":[{"href":"https:\/\/snoeck.de\/fr\/wp-json\/wp\/v2\/product\/3595","targetHints":{"allow":["GET"]}}],"collection":[{"href":"https:\/\/snoeck.de\/fr\/wp-json\/wp\/v2\/product"}],"about":[{"href":"https:\/\/snoeck.de\/fr\/wp-json\/wp\/v2\/types\/product"}],"wp:featuredmedia":[{"embeddable":true,"href":"https:\/\/snoeck.de\/fr\/wp-json\/wp\/v2\/media\/5009"}],"wp:attachment":[{"href":"https:\/\/snoeck.de\/fr\/wp-json\/wp\/v2\/media?parent=3595"}],"wp:term":[{"taxonomy":"product_brand","embeddable":true,"href":"https:\/\/snoeck.de\/fr\/wp-json\/wp\/v2\/product_brand?post=3595"},{"taxonomy":"product_cat","embeddable":true,"href":"https:\/\/snoeck.de\/fr\/wp-json\/wp\/v2\/product_cat?post=3595"},{"taxonomy":"product_tag","embeddable":true,"href":"https:\/\/snoeck.de\/fr\/wp-json\/wp\/v2\/product_tag?post=3595"}],"curies":[{"name":"wp","href":"https:\/\/api.w.org\/{rel}","templated":true}]}}