{"id":3597,"date":"2025-01-31T11:30:43","date_gmt":"2025-01-31T11:30:43","guid":{"rendered":"https:\/\/snoeck.process-vision.de\/shop\/sabrina-haunsperg-werke-2008-2018\/"},"modified":"2026-04-08T15:16:45","modified_gmt":"2026-04-08T14:16:45","slug":"sabrina-haunsperg-werke-2008-2018","status":"publish","type":"product","link":"https:\/\/snoeck.de\/fr\/shop\/sabrina-haunsperg-werke-2008-2018\/","title":{"rendered":"Sabrina Haunsperg : Oeuvres 2008-2018"},"content":{"rendered":"<h3>Un engagement physique total<\/h3>\n<p>Le livre accompagnant l'exposition au SCHAUWERK de Sindelfingen donne un aper\u00e7u aux multiples facettes de l'\u0153uvre de l'artiste autrichienne Sabrina Haunsperg (*1980) et pr\u00e9sente des travaux r\u00e9alis\u00e9s au cours des dix derni\u00e8res ann\u00e9es ou fra\u00eechement sortis de l'atelier et pr\u00e9sent\u00e9s pour la premi\u00e8re fois au public. Sabrina Haunsperg cr\u00e9e des tableaux aux couleurs intenses, dynamiques et g\u00e9n\u00e9ralement de grand format, en utilisant diff\u00e9rentes techniques et diff\u00e9rents mat\u00e9riaux. Elle attache une grande importance \u00e0 l'utilisation de couleurs de qualit\u00e9 sup\u00e9rieure qu'elle m\u00e9lange selon des recettes traditionnelles. Elle applique la peinture sur la toile \u00e0 l'aide d'un pinceau, d'un crayon, d'un pistolet pulv\u00e9risateur ou de d\u00e9versements en se donnant \u00e0 fond. L'interaction entre une planification minutieuse et une curiosit\u00e9 exp\u00e9rimentale donne naissance \u00e0 de nombreuses couches de surfaces color\u00e9es superpos\u00e9es, \u00e0 des entrelacs de couleurs et \u00e0 des explosions de couleurs pleines d'\u00e9nergie. Conform\u00e9ment \u00e0 leur proc\u00e9d\u00e9 de fabrication, les peintures finies captivent le spectateur par le rapport tendu entre la surface et la profondeur de l'image. Il en r\u00e9sulte des espaces immat\u00e9riels qui permettent de multiples associations. Sabrina Haunsperg a \u00e9tudi\u00e9 la peinture de 2001 \u00e0 2008 \u00e0 l'Acad\u00e9mie des Beaux-Arts de D\u00fcsseldorf, notamment aupr\u00e8s de Helmut Federle, et a \u00e9t\u00e9 ma\u00eetre-\u00e9l\u00e8ve de Herbert Brandl ; elle vit et travaille \u00e0 D\u00fcsseldorf.<\/p>\n<p>Exposition :<br \/>\nSchauwerk Sindelfingen, 18\/2\/2018 - 20\/1\/2019<\/p>","protected":false},"excerpt":{"rendered":"<p>Catalogue d'exposition, The Schaufler Foundation Schauwerk Sindelfingen, \u00e9d. par Christiane Schaufler-M\u00fcnch, Barbara Bergmann<br \/>\n96 p. avec 40 illustrations en couleur<br \/>\nformat 26 x 21 cm, brochure \u00e0 rabats<\/p>","protected":false},"featured_media":5011,"template":"","meta":[],"product_brand":[],"product_cat":[95],"product_tag":[],"class_list":{"0":"post-3597","1":"product","2":"type-product","3":"status-publish","4":"has-post-thumbnail","6":"product_cat-vergriffen","8":"first","9":"outofstock","10":"taxable","11":"shipping-taxable","12":"product-type-simple"},"aioseo_notices":[],"_wp_attached_file":null,"_wp_attachment_metadata":null,"_wc_attachment_source":null,"_elementor_inline_svg":null,"_elementor_is_screenshot":null,"_elementor_source_image_hash":null,"_source_url":null,"_wp_attachment_context":null,"_menu_item_type":null,"_menu_item_menu_item_parent":null,"_menu_item_object_id":null,"_menu_item_object":null,"_menu_item_target":null,"_menu_item_classes":null,"_menu_item_xfn":null,"_menu_item_url":null,"__elementor_forms_snapshot":null,"_unit":"","_unit_base":"","_unit_product":"","_unit_price_auto":"no","_unit_price_regular":"","_unit_price":"","_unit_price_sale":"","_sale_price_label":"","_sale_price_regular_label":"","_manufacturer_slug":"","_mini_desc":"","_defect_description":"","_safety_instructions":"","_allergen_ids":[],"_warranty_attachment_id":"","_safety_attachment_ids":[],"_min_age":"","_ts_gtin":"","_ts_mpn":"","_delivery_time_countries":[],"_free_shipping":"no","_service":"no","_photovoltaic_system":"no","_used_good":"no","_defective_copy":"no","_wireless_electronic_device":"no","_device_contains_power_supply":"no","_device_charging_supports_usb_pd":"no","_device_charging_watt_min":"0","_device_charging_watt_max":"0","_is_food":"no","_differential_taxation":"no","_gzd_version":"3.18.7","_hs_code":"","_customs_description":"","_manufacture_country":"0","_is_non_returnable":"no","_shipping_length":"","_shipping_width":"","_shipping_height":"","_sku":"ISBN 978-3-86442-256-0","_global_unique_id":"978-3-86442-256-0","_regular_price":null,"total_sales":"0","_tax_status":"taxable","_tax_class":"","_manage_stock":"no","_backorders":"no","_sold_individually":"no","_weight":"1","_virtual":"no","_downloadable":"no","_download_limit":"-1","_download_expiry":"-1","_stock":"","_stock_status":"outofstock","_wc_average_rating":"0","_wc_review_count":"0","_product_version":"10.1.4","_price":"","shopengine_product_views_count":"2525","_thumbnail_id":"5011","_product_attributes":{"erscheinungsdatum":{"name":"Date de publication","value":"13.07.2018","position":0,"is_visible":1,"is_variation":0,"is_taxonomy":0,"checkout_visible":0}},"_nutrient_ids":[],"_upsell_ids":null,"pswc_subtitle":null,"_default_delivery_time":null,"_wp_desired_post_slug":null,"_isbn":null,"pageType":null,"isExternalUrl":null,"pageId":null,"externalUrl":null,"hideCookieBanner":null,"isTargetBlank":null,"isProviderCurrentWebsite":null,"isEmbeddingOnlyExternalResources":null,"legalBasis":null,"dataProcessingInCountries":null,"dataProcessingInCountriesSpecialTreatments":null,"technicalDefinitions":null,"googleConsentModeConsentTypes":null,"executePriority":null,"executeCodeOptInWhenNoTagManagerConsentIsGiven":null,"executeCodeOptOutWhenNoTagManagerConsentIsGiven":null,"deleteTechnicalDefinitionsAfterOptOut":null,"presetId":null,"presetVersion":null,"provider":null,"providerContactPhone":null,"providerContactEmail":null,"providerContactLink":null,"uniqueName":null,"providerPrivacyPolicyUrl":null,"providerLegalNoticeUrl":null,"codeOptIn":null,"codeOptOut":null,"codeOnPageLoad":null,"language_code":null,"shopengine_template__post_meta__type":null,"shopengine_template__post_meta":null,"shopengine_template__post_meta__edit_with":null,"origin":null,"_enabled":null,"_filters":null,"_layout":null,"_elementor_import_session_id":null,"_wp_trash_meta_status":null,"_wp_trash_meta_time":null,"_edit_lock":"1743523117:2","_elementor_floating_elements_type":null,"_elementor_edit_mode":null,"_elementor_template_type":null,"tc-thumb-fld":{"_thumb_id":5011,"_thumb_type":"thumb"},"_wp_page_template":"default","_elementor_version":null,"_elementor_pro_version":null,"_elementor_page_settings":null,"_elementor_data":null,"_elementor_conditions":null,"_elementor_popup_display_settings":null,"_edit_last":"2","_elementor_template_sub_type":null,"_elementor_controls_usage":null,"_elementor_screenshot":null,"_elementor_css":null,"_elementor_page_assets":[],"_elementor_element_cache":null,"_elementor_screenshot_failed":null,"_elementor_source":null,"_wp_old_date":null,"layout_key":"","post_slider_check_key":"0","_links":{"self":[{"href":"https:\/\/snoeck.de\/fr\/wp-json\/wp\/v2\/product\/3597","targetHints":{"allow":["GET"]}}],"collection":[{"href":"https:\/\/snoeck.de\/fr\/wp-json\/wp\/v2\/product"}],"about":[{"href":"https:\/\/snoeck.de\/fr\/wp-json\/wp\/v2\/types\/product"}],"wp:featuredmedia":[{"embeddable":true,"href":"https:\/\/snoeck.de\/fr\/wp-json\/wp\/v2\/media\/5011"}],"wp:attachment":[{"href":"https:\/\/snoeck.de\/fr\/wp-json\/wp\/v2\/media?parent=3597"}],"wp:term":[{"taxonomy":"product_brand","embeddable":true,"href":"https:\/\/snoeck.de\/fr\/wp-json\/wp\/v2\/product_brand?post=3597"},{"taxonomy":"product_cat","embeddable":true,"href":"https:\/\/snoeck.de\/fr\/wp-json\/wp\/v2\/product_cat?post=3597"},{"taxonomy":"product_tag","embeddable":true,"href":"https:\/\/snoeck.de\/fr\/wp-json\/wp\/v2\/product_tag?post=3597"}],"curies":[{"name":"wp","href":"https:\/\/api.w.org\/{rel}","templated":true}]}}