{"id":3599,"date":"2025-01-31T11:30:44","date_gmt":"2025-01-31T11:30:44","guid":{"rendered":"https:\/\/snoeck.process-vision.de\/shop\/mary-heilmann-blinky-palermo-mary-blinky-yay\/"},"modified":"2025-04-01T15:57:27","modified_gmt":"2025-04-01T15:57:27","slug":"mary-heilmann-blinky-palermo-mary-blinky-yay","status":"publish","type":"product","link":"https:\/\/snoeck.de\/fr\/shop\/mary-heilmann-blinky-palermo-mary-blinky-yay\/","title":{"rendered":"Mary Heilmann \/ Blinky Palermo : Mary Blinky Yay !"},"content":{"rendered":"<h3>Un hommage \u00e0 Blinky Palermo !<\/h3>\n<p>Mary Heilmann est n\u00e9e en 1940 \u00e0 San Francisco et a commenc\u00e9 sa carri\u00e8re comme c\u00e9ramiste. Mais d\u00e8s son installation \u00e0 New York en 1968, elle change de m\u00e9tier, se met \u00e0 la peinture et d\u00e9veloppe un langage pictural abstrait dont le style n'est pas clairement d\u00e9finissable. Tant\u00f4t l'abstraction organique, tant\u00f4t l'abstraction g\u00e9om\u00e9trique dominent. Cette mani\u00e8re hybride de peindre refl\u00e8te en m\u00eame temps l'exp\u00e9rience de vie de Mary Heilmann, qui s'exprime de mani\u00e8re cod\u00e9e dans les tableaux. Ainsi, des vagues de couleurs vertes et bleues \u00e9voquent le long \u00e9t\u00e9 sur les plages du Pacifique, tandis que des bandes de couleurs vertes et jaunes apparaissent en m\u00eame temps comme des projecteurs qui \u00e9clairent l'obscurit\u00e9 des longs trajets nocturnes - deux codes typiques des d\u00e9buts de la culture hippie et marginale am\u00e9ricaine, qui n'a pas \u00e9pargn\u00e9 la consommation excessive de drogues. Mary Heilmann associe ainsi le niveau narratif au niveau purement pictural et \u00e9vite ainsi l'unidimensionnalit\u00e9 d'un message clairement identifiable. Elle cultive l'ambigu\u00eft\u00e9 et la capacit\u00e9 de dialogue, et cela permet un dialogue avec d'autres artistes. Dans le cas de ce catalogue, l'artiste int\u00e8gre des travaux de Blinky Palermo (1943-1977), d\u00e9c\u00e9d\u00e9 pr\u00e9matur\u00e9ment, dont elle appr\u00e9cie beaucoup l'\u0153uvre. On peut constater pour ses travaux une sensibilit\u00e9 et une souverainet\u00e9 non dogmatique similaires \u00e0 celles de l'\u0153uvre de Heilmann, raison pour laquelle le livre est con\u00e7u comme une sorte d'hommage \u00e0 Blinky Palermo, qui aurait eu soixante-dix ans cette ann\u00e9e.<\/p>\n<p>Exposition :<br \/>\nMus\u00e9e d'art de Bonn, 11\/7-29\/9\/2013<\/p>","protected":false},"excerpt":{"rendered":"<p>Catalogue d'exposition, Kunstmuseum Bonn, \u00e9d. Stefan Gronert, Christoph Schreier<br \/>\nTextes (all.\/ang.) de Stephan Berg, Stefan Gronert, Georg Imdahl, Christoph Schreier, Bernhart Schwenk, Stepen Westfall<br \/>\n128 p. avec 75 illustrations en couleur<br \/>\nformat 26 x 20 cm, reliure en toile gaufr\u00e9e<\/p>","protected":false},"featured_media":5013,"template":"","meta":[],"product_brand":[],"product_cat":[101,65,73,90],"product_tag":[],"class_list":{"0":"post-3599","1":"product","2":"type-product","3":"status-publish","4":"has-post-thumbnail","6":"product_cat-101","7":"product_cat-h","8":"product_cat-p","9":"product_cat-rare-books","11":"first","12":"instock","13":"taxable","14":"shipping-taxable","15":"purchasable","16":"product-type-simple"},"aioseo_notices":[],"_wp_attached_file":null,"_wp_attachment_metadata":null,"_wc_attachment_source":null,"_elementor_inline_svg":null,"_elementor_is_screenshot":null,"_elementor_source_image_hash":null,"_source_url":null,"_wp_attachment_context":null,"_menu_item_type":null,"_menu_item_menu_item_parent":null,"_menu_item_object_id":null,"_menu_item_object":null,"_menu_item_target":null,"_menu_item_classes":null,"_menu_item_xfn":null,"_menu_item_url":null,"__elementor_forms_snapshot":null,"_unit":"","_unit_base":"","_unit_product":"","_unit_price_auto":"no","_unit_price_regular":"","_unit_price":"","_unit_price_sale":"","_sale_price_label":"","_sale_price_regular_label":"","_manufacturer_slug":"","_mini_desc":"","_defect_description":"","_safety_instructions":"","_allergen_ids":[],"_warranty_attachment_id":"","_safety_attachment_ids":[],"_min_age":"","_ts_gtin":"","_ts_mpn":"","_delivery_time_countries":[],"_free_shipping":"no","_service":"no","_photovoltaic_system":"no","_used_good":"no","_defective_copy":"no","_wireless_electronic_device":"no","_device_contains_power_supply":"no","_device_charging_supports_usb_pd":"no","_device_charging_watt_min":"0","_device_charging_watt_max":"0","_is_food":"no","_differential_taxation":"no","_gzd_version":"3.18.7","_hs_code":"","_customs_description":"","_manufacture_country":"0","_is_non_returnable":"no","_shipping_length":"","_shipping_width":"","_shipping_height":"","_sku":"ISBN 978-3-86442-055-9","_global_unique_id":"978-3-86442-055-9","_regular_price":"58","total_sales":"0","_tax_status":"taxable","_tax_class":"","_manage_stock":"no","_backorders":"no","_sold_individually":"no","_weight":"1","_virtual":"no","_downloadable":"no","_download_limit":"-1","_download_expiry":"-1","_stock":"","_stock_status":"instock","_wc_average_rating":"0","_wc_review_count":"0","_product_version":"9.7.1","_price":"58","shopengine_product_views_count":"2908","_thumbnail_id":"5013","_product_attributes":{"erscheinungsdatum":{"name":"Erscheinungsdatum","value":"10.07.2013","position":0,"is_visible":1,"is_variation":0,"is_taxonomy":0,"checkout_visible":0}},"_nutrient_ids":[],"_upsell_ids":null,"pswc_subtitle":null,"_default_delivery_time":"","_wp_desired_post_slug":null,"_isbn":null,"pageType":null,"isExternalUrl":null,"pageId":null,"externalUrl":null,"hideCookieBanner":null,"isTargetBlank":null,"isProviderCurrentWebsite":null,"isEmbeddingOnlyExternalResources":null,"legalBasis":null,"dataProcessingInCountries":null,"dataProcessingInCountriesSpecialTreatments":null,"technicalDefinitions":null,"googleConsentModeConsentTypes":null,"executePriority":null,"executeCodeOptInWhenNoTagManagerConsentIsGiven":null,"executeCodeOptOutWhenNoTagManagerConsentIsGiven":null,"deleteTechnicalDefinitionsAfterOptOut":null,"presetId":null,"presetVersion":null,"provider":null,"providerContactPhone":null,"providerContactEmail":null,"providerContactLink":null,"uniqueName":null,"providerPrivacyPolicyUrl":null,"providerLegalNoticeUrl":null,"codeOptIn":null,"codeOptOut":null,"codeOnPageLoad":null,"language_code":null,"shopengine_template__post_meta__type":null,"shopengine_template__post_meta":null,"shopengine_template__post_meta__edit_with":null,"origin":null,"_enabled":null,"_filters":null,"_layout":null,"_elementor_import_session_id":null,"_wp_trash_meta_status":null,"_wp_trash_meta_time":null,"_edit_lock":"1743522908:2","_elementor_floating_elements_type":null,"_elementor_edit_mode":null,"_elementor_template_type":null,"tc-thumb-fld":{"_thumb_id":5013,"_thumb_type":"thumb"},"_wp_page_template":"default","_elementor_version":null,"_elementor_pro_version":null,"_elementor_page_settings":null,"_elementor_data":null,"_elementor_conditions":null,"_elementor_popup_display_settings":null,"_edit_last":"2","_elementor_template_sub_type":null,"_elementor_controls_usage":null,"_elementor_screenshot":null,"_elementor_css":null,"_elementor_page_assets":[],"_elementor_element_cache":null,"_elementor_screenshot_failed":null,"_elementor_source":null,"_wp_old_date":null,"layout_key":"","post_slider_check_key":"0","_links":{"self":[{"href":"https:\/\/snoeck.de\/fr\/wp-json\/wp\/v2\/product\/3599","targetHints":{"allow":["GET"]}}],"collection":[{"href":"https:\/\/snoeck.de\/fr\/wp-json\/wp\/v2\/product"}],"about":[{"href":"https:\/\/snoeck.de\/fr\/wp-json\/wp\/v2\/types\/product"}],"wp:featuredmedia":[{"embeddable":true,"href":"https:\/\/snoeck.de\/fr\/wp-json\/wp\/v2\/media\/5013"}],"wp:attachment":[{"href":"https:\/\/snoeck.de\/fr\/wp-json\/wp\/v2\/media?parent=3599"}],"wp:term":[{"taxonomy":"product_brand","embeddable":true,"href":"https:\/\/snoeck.de\/fr\/wp-json\/wp\/v2\/product_brand?post=3599"},{"taxonomy":"product_cat","embeddable":true,"href":"https:\/\/snoeck.de\/fr\/wp-json\/wp\/v2\/product_cat?post=3599"},{"taxonomy":"product_tag","embeddable":true,"href":"https:\/\/snoeck.de\/fr\/wp-json\/wp\/v2\/product_tag?post=3599"}],"curies":[{"name":"wp","href":"https:\/\/api.w.org\/{rel}","templated":true}]}}