{"id":3601,"date":"2025-01-31T11:30:46","date_gmt":"2025-01-31T11:30:46","guid":{"rendered":"https:\/\/snoeck.process-vision.de\/shop\/jeppe-hein-take-a-walk-in-the-forrest-at-sunlight\/"},"modified":"2026-04-08T15:32:28","modified_gmt":"2026-04-08T14:32:28","slug":"jeppe-hein-take-a-walk-in-the-forrest-at-sunlight","status":"publish","type":"product","link":"https:\/\/snoeck.de\/fr\/shop\/jeppe-hein-take-a-walk-in-the-forrest-at-sunlight\/","title":{"rendered":"Jeppe Hein : Take a Walk in the Forrest at Sunlight (Prenez une marche dans la for\u00eat au soleil)"},"content":{"rendered":"<h3>La revanche du minimalisme<\/h3>\n<p>Depuis cinq ans, les \u0153uvres de Jeppe Hein (n\u00e9 en 1974 \u00e0 Copenhague et vivant \u00e0 Berlin) font sensation, qu'il s'agisse de bancs roulants et de murs en mouvement au mus\u00e9e Ludwig de Cologne, de rideaux d'eau giclant \u00e0 la Kokerei d'Essen, \u00e0 la Biennale de Venise ou, dans une galerie berlinoise, d'une boule de fer s'approchant sans frein des murs, les fr\u00f4lant au mieux, mais les fracassant m\u00e9chamment le reste du temps. Pour Niklas Maak et le \"Frankfurter Allgemeine Sonntagszeitung\", il s'agissait \u00e0 l'\u00e9poque de la \"revanche du minimalisme\", car Hein introduisait avec autant de subtilit\u00e9 que peu d'autres avant lui un fracas lib\u00e9rateur du happening dans les bo\u00eetes fig\u00e9es de la fin de si\u00e8cle tout juste r\u00e9volue, dans le minimalisme devenu design. La premi\u00e8re publication monographique de l'artiste, parue \u00e0 l'occasion de l'exposition au Kunstverein Heilbronn, contient, outre de nombreuses illustrations couleur en double ou pleine page des \u0153uvres spectaculaires, une liste compl\u00e8te de toutes les \u0153uvres r\u00e9alis\u00e9es jusqu'en 2002 ainsi que leurs descriptions fonctionnelles.<\/p>\n<p>Exposition :<br \/>\nAssociation artistique de Heilbronn, 1\/2 - 23\/3\/2003<\/p>","protected":false},"excerpt":{"rendered":"<p>Catalogue d'exposition, Kunstverein Heilbronn, \u00e9d. par Matthia L\u00f6bke<br \/>\nTexte (all.\/ang.) de Raimar Stange<br \/>\n80 p. avec 100 illustrations en couleur<br \/>\nformat 22 x 17 cm, couverture rigide<\/p>","protected":false},"featured_media":5015,"template":"","meta":[],"product_brand":[],"product_cat":[95],"product_tag":[],"class_list":{"0":"post-3601","1":"product","2":"type-product","3":"status-publish","4":"has-post-thumbnail","6":"product_cat-vergriffen","8":"first","9":"outofstock","10":"taxable","11":"shipping-taxable","12":"product-type-simple"},"aioseo_notices":[],"_wp_attached_file":null,"_wp_attachment_metadata":null,"_wc_attachment_source":null,"_elementor_inline_svg":null,"_elementor_is_screenshot":null,"_elementor_source_image_hash":null,"_source_url":null,"_wp_attachment_context":null,"_menu_item_type":null,"_menu_item_menu_item_parent":null,"_menu_item_object_id":null,"_menu_item_object":null,"_menu_item_target":null,"_menu_item_classes":null,"_menu_item_xfn":null,"_menu_item_url":null,"__elementor_forms_snapshot":null,"_unit":"","_unit_base":"","_unit_product":"","_unit_price_auto":"no","_unit_price_regular":"","_unit_price":"","_unit_price_sale":"","_sale_price_label":"","_sale_price_regular_label":"","_manufacturer_slug":"","_mini_desc":"","_defect_description":"","_safety_instructions":"","_allergen_ids":[],"_warranty_attachment_id":"","_safety_attachment_ids":[],"_min_age":"","_ts_gtin":"","_ts_mpn":"","_delivery_time_countries":[],"_free_shipping":"no","_service":"no","_photovoltaic_system":"no","_used_good":"no","_defective_copy":"no","_wireless_electronic_device":"no","_device_contains_power_supply":"no","_device_charging_supports_usb_pd":"no","_device_charging_watt_min":"0","_device_charging_watt_max":"0","_is_food":"no","_differential_taxation":"no","_gzd_version":"3.18.7","_hs_code":"","_customs_description":"","_manufacture_country":"0","_is_non_returnable":"no","_shipping_length":"","_shipping_width":"","_shipping_height":"","_sku":"ISBN 978-3-936859-02-7","_global_unique_id":"978-3-936859-02-7","_regular_price":null,"total_sales":"0","_tax_status":"taxable","_tax_class":"","_manage_stock":"no","_backorders":"no","_sold_individually":"no","_weight":"1","_virtual":"no","_downloadable":"no","_download_limit":"-1","_download_expiry":"-1","_stock":"","_stock_status":"outofstock","_wc_average_rating":"0","_wc_review_count":"0","_product_version":"10.1.4","_price":"","shopengine_product_views_count":"3019","_thumbnail_id":"5015","_product_attributes":{"erscheinungsdatum":{"name":"Erscheinungsdatum","value":"01.02.2003","position":0,"is_visible":1,"is_variation":0,"is_taxonomy":0,"checkout_visible":0}},"_nutrient_ids":[],"_upsell_ids":null,"pswc_subtitle":null,"_default_delivery_time":"","_wp_desired_post_slug":null,"_isbn":null,"pageType":null,"isExternalUrl":null,"pageId":null,"externalUrl":null,"hideCookieBanner":null,"isTargetBlank":null,"isProviderCurrentWebsite":null,"isEmbeddingOnlyExternalResources":null,"legalBasis":null,"dataProcessingInCountries":null,"dataProcessingInCountriesSpecialTreatments":null,"technicalDefinitions":null,"googleConsentModeConsentTypes":null,"executePriority":null,"executeCodeOptInWhenNoTagManagerConsentIsGiven":null,"executeCodeOptOutWhenNoTagManagerConsentIsGiven":null,"deleteTechnicalDefinitionsAfterOptOut":null,"presetId":null,"presetVersion":null,"provider":null,"providerContactPhone":null,"providerContactEmail":null,"providerContactLink":null,"uniqueName":null,"providerPrivacyPolicyUrl":null,"providerLegalNoticeUrl":null,"codeOptIn":null,"codeOptOut":null,"codeOnPageLoad":null,"language_code":null,"shopengine_template__post_meta__type":null,"shopengine_template__post_meta":null,"shopengine_template__post_meta__edit_with":null,"origin":null,"_enabled":null,"_filters":null,"_layout":null,"_elementor_import_session_id":null,"_wp_trash_meta_status":null,"_wp_trash_meta_time":null,"_edit_lock":"1743522699:2","_elementor_floating_elements_type":null,"_elementor_edit_mode":null,"_elementor_template_type":null,"tc-thumb-fld":{"_thumb_id":5015,"_thumb_type":"thumb"},"_wp_page_template":"default","_elementor_version":null,"_elementor_pro_version":null,"_elementor_page_settings":null,"_elementor_data":null,"_elementor_conditions":null,"_elementor_popup_display_settings":null,"_edit_last":"2","_elementor_template_sub_type":null,"_elementor_controls_usage":null,"_elementor_screenshot":null,"_elementor_css":null,"_elementor_page_assets":[],"_elementor_element_cache":null,"_elementor_screenshot_failed":null,"_elementor_source":null,"_wp_old_date":null,"layout_key":"","post_slider_check_key":"0","_links":{"self":[{"href":"https:\/\/snoeck.de\/fr\/wp-json\/wp\/v2\/product\/3601","targetHints":{"allow":["GET"]}}],"collection":[{"href":"https:\/\/snoeck.de\/fr\/wp-json\/wp\/v2\/product"}],"about":[{"href":"https:\/\/snoeck.de\/fr\/wp-json\/wp\/v2\/types\/product"}],"wp:featuredmedia":[{"embeddable":true,"href":"https:\/\/snoeck.de\/fr\/wp-json\/wp\/v2\/media\/5015"}],"wp:attachment":[{"href":"https:\/\/snoeck.de\/fr\/wp-json\/wp\/v2\/media?parent=3601"}],"wp:term":[{"taxonomy":"product_brand","embeddable":true,"href":"https:\/\/snoeck.de\/fr\/wp-json\/wp\/v2\/product_brand?post=3601"},{"taxonomy":"product_cat","embeddable":true,"href":"https:\/\/snoeck.de\/fr\/wp-json\/wp\/v2\/product_cat?post=3601"},{"taxonomy":"product_tag","embeddable":true,"href":"https:\/\/snoeck.de\/fr\/wp-json\/wp\/v2\/product_tag?post=3601"}],"curies":[{"name":"wp","href":"https:\/\/api.w.org\/{rel}","templated":true}]}}