{"id":3604,"date":"2025-01-31T11:30:47","date_gmt":"2025-01-31T11:30:47","guid":{"rendered":"https:\/\/snoeck.process-vision.de\/shop\/georg-herold-da-wo-die\/"},"modified":"2025-04-01T15:41:58","modified_gmt":"2025-04-01T15:41:58","slug":"georg-herold-da-wo-die","status":"publish","type":"product","link":"https:\/\/snoeck.de\/fr\/shop\/georg-herold-da-wo-die\/","title":{"rendered":"Georg Herold : l\u00e0 o\u00f9 les ..."},"content":{"rendered":"<h3>Ind\u00e9pendance sculpturale<\/h3>\n<p>Lorsque l'on accompagne l'\u0153uvre d'un artiste pendant tant d'ann\u00e9es, on s'y attache tout particuli\u00e8rement - oui, on se r\u00e9jouit de son succ\u00e8s. Et Georg Herold a vraiment v\u00e9cu de nombreux moments de succ\u00e8s et de glamour, des hommages et des pr\u00e9sentations. Maintenant qu'il a f\u00eat\u00e9 son 70e anniversaire en juillet 2017, il peut donc se retourner sur une carri\u00e8re impressionnante et organiser d'une main ferme une r\u00e9trospective au Kunstmuseum de Bonn. Aujourd'hui, il est consid\u00e9r\u00e9 comme l'une des figures marquantes des 30 derni\u00e8res ann\u00e9es dans l'art international, notamment parce que son \u0153uvre est synonyme d'exp\u00e9rimentation d\u00e9bordante. Qu'il utilise des mat\u00e9riaux simples, comme cela a souvent \u00e9t\u00e9 expliqu\u00e9, que son \u0153uvre soit pleine de moments ironiques, que son travail remette constamment en question les formes traditionnelles de repr\u00e9sentation picturale et en particulier la sculpture en tant que telle, tout cela est vrai, mais ne doit pas occulter une \u00e9volution unique de l'\u0153uvre, dont le saut essentiel a conduit des concepts du postmodernisme \u00e0 une \u0153uvre artistique moderne lib\u00e9r\u00e9e de toute convention et, par cons\u00e9quent, \u00e0 une ind\u00e9pendance sculpturale absolue !<\/p>\n<p>Exposition :<br \/>\nMus\u00e9e d'art de Bonn, 21\/9\/2017 - 7\/1\/2018<\/p>","protected":false},"excerpt":{"rendered":"<p>Catalogue d'exposition, Kunstmuseum Bonn, \u00e9d. par Stephan Berg, Volker Adolphs<br \/>\nTextes (all.\/ang.) de Volker Adolphs, Stephan Berg, Georg Herold, Glenn O'Brien, Jochen Stremmel, Kerstin Stremmel<br \/>\n176 p. avec 166 illustrations en couleur<br \/>\nformat 30 x 24 cm, couverture rigide, gaufr\u00e9<\/p>","protected":false},"featured_media":5017,"template":"","meta":[],"product_brand":[],"product_cat":[112,65],"product_tag":[],"class_list":{"0":"post-3604","1":"product","2":"type-product","3":"status-publish","4":"has-post-thumbnail","6":"product_cat-112","7":"product_cat-h","9":"first","10":"instock","11":"taxable","12":"shipping-taxable","13":"purchasable","14":"product-type-simple"},"aioseo_notices":[],"_wp_attached_file":null,"_wp_attachment_metadata":null,"_wc_attachment_source":null,"_elementor_inline_svg":null,"_elementor_is_screenshot":null,"_elementor_source_image_hash":null,"_source_url":null,"_wp_attachment_context":null,"_menu_item_type":null,"_menu_item_menu_item_parent":null,"_menu_item_object_id":null,"_menu_item_object":null,"_menu_item_target":null,"_menu_item_classes":null,"_menu_item_xfn":null,"_menu_item_url":null,"__elementor_forms_snapshot":null,"_unit":"","_unit_base":"","_unit_product":"","_unit_price_auto":"no","_unit_price_regular":"","_unit_price":"","_unit_price_sale":"","_sale_price_label":"","_sale_price_regular_label":"","_manufacturer_slug":"","_mini_desc":"","_defect_description":"","_safety_instructions":"","_allergen_ids":[],"_warranty_attachment_id":"","_safety_attachment_ids":[],"_min_age":"","_ts_gtin":"","_ts_mpn":"","_delivery_time_countries":[],"_free_shipping":"no","_service":"no","_photovoltaic_system":"no","_used_good":"no","_defective_copy":"no","_wireless_electronic_device":"no","_device_contains_power_supply":"no","_device_charging_supports_usb_pd":"no","_device_charging_watt_min":"0","_device_charging_watt_max":"0","_is_food":"no","_differential_taxation":"no","_gzd_version":"3.18.7","_hs_code":"","_customs_description":"","_manufacture_country":"0","_is_non_returnable":"no","_shipping_length":"","_shipping_width":"","_shipping_height":"","_sku":"ISBN 978-3-86442-224-9","_global_unique_id":"978-3-86442-224-9","_regular_price":"48","total_sales":"0","_tax_status":"taxable","_tax_class":"","_manage_stock":"no","_backorders":"no","_sold_individually":"no","_weight":"2","_virtual":"no","_downloadable":"no","_download_limit":"-1","_download_expiry":"-1","_stock":"","_stock_status":"instock","_wc_average_rating":"0","_wc_review_count":"0","_product_version":"9.7.1","_price":"48","shopengine_product_views_count":"2641","_thumbnail_id":"5017","_product_attributes":{"erscheinungsdatum":{"name":"Date de publication","value":"19.09.2017","position":0,"is_visible":1,"is_variation":0,"is_taxonomy":0,"checkout_visible":0}},"_nutrient_ids":[],"_upsell_ids":null,"pswc_subtitle":null,"_default_delivery_time":null,"_wp_desired_post_slug":null,"_isbn":null,"pageType":null,"isExternalUrl":null,"pageId":null,"externalUrl":null,"hideCookieBanner":null,"isTargetBlank":null,"isProviderCurrentWebsite":null,"isEmbeddingOnlyExternalResources":null,"legalBasis":null,"dataProcessingInCountries":null,"dataProcessingInCountriesSpecialTreatments":null,"technicalDefinitions":null,"googleConsentModeConsentTypes":null,"executePriority":null,"executeCodeOptInWhenNoTagManagerConsentIsGiven":null,"executeCodeOptOutWhenNoTagManagerConsentIsGiven":null,"deleteTechnicalDefinitionsAfterOptOut":null,"presetId":null,"presetVersion":null,"provider":null,"providerContactPhone":null,"providerContactEmail":null,"providerContactLink":null,"uniqueName":null,"providerPrivacyPolicyUrl":null,"providerLegalNoticeUrl":null,"codeOptIn":null,"codeOptOut":null,"codeOnPageLoad":null,"language_code":null,"shopengine_template__post_meta__type":null,"shopengine_template__post_meta":null,"shopengine_template__post_meta__edit_with":null,"origin":null,"_enabled":null,"_filters":null,"_layout":null,"_elementor_import_session_id":null,"_wp_trash_meta_status":null,"_wp_trash_meta_time":null,"_edit_lock":"1743521979:2","_elementor_floating_elements_type":null,"_elementor_edit_mode":null,"_elementor_template_type":null,"tc-thumb-fld":{"_thumb_id":5017,"_thumb_type":"thumb"},"_wp_page_template":"default","_elementor_version":null,"_elementor_pro_version":null,"_elementor_page_settings":null,"_elementor_data":null,"_elementor_conditions":null,"_elementor_popup_display_settings":null,"_edit_last":"2","_elementor_template_sub_type":null,"_elementor_controls_usage":null,"_elementor_screenshot":null,"_elementor_css":null,"_elementor_page_assets":[],"_elementor_element_cache":null,"_elementor_screenshot_failed":null,"_elementor_source":null,"_wp_old_date":null,"layout_key":"","post_slider_check_key":"0","_links":{"self":[{"href":"https:\/\/snoeck.de\/fr\/wp-json\/wp\/v2\/product\/3604","targetHints":{"allow":["GET"]}}],"collection":[{"href":"https:\/\/snoeck.de\/fr\/wp-json\/wp\/v2\/product"}],"about":[{"href":"https:\/\/snoeck.de\/fr\/wp-json\/wp\/v2\/types\/product"}],"wp:featuredmedia":[{"embeddable":true,"href":"https:\/\/snoeck.de\/fr\/wp-json\/wp\/v2\/media\/5017"}],"wp:attachment":[{"href":"https:\/\/snoeck.de\/fr\/wp-json\/wp\/v2\/media?parent=3604"}],"wp:term":[{"taxonomy":"product_brand","embeddable":true,"href":"https:\/\/snoeck.de\/fr\/wp-json\/wp\/v2\/product_brand?post=3604"},{"taxonomy":"product_cat","embeddable":true,"href":"https:\/\/snoeck.de\/fr\/wp-json\/wp\/v2\/product_cat?post=3604"},{"taxonomy":"product_tag","embeddable":true,"href":"https:\/\/snoeck.de\/fr\/wp-json\/wp\/v2\/product_tag?post=3604"}],"curies":[{"name":"wp","href":"https:\/\/api.w.org\/{rel}","templated":true}]}}