{"id":3605,"date":"2025-01-31T11:30:48","date_gmt":"2025-01-31T11:30:48","guid":{"rendered":"https:\/\/snoeck.process-vision.de\/shop\/georg-herold-multiple-choice\/"},"modified":"2025-04-01T15:37:07","modified_gmt":"2025-04-01T15:37:07","slug":"georg-herold-multiple-choice","status":"publish","type":"product","link":"https:\/\/snoeck.de\/fr\/shop\/georg-herold-multiple-choice\/","title":{"rendered":"Georg Herold : Choix multiple"},"content":{"rendered":"<h3>L'exposition de l'ann\u00e9e ! (Die Welt, mai 2012)<\/h3>\n<p>Depuis les grandes expositions r\u00e9trospectives de 2005, l'\u0153uvre de Georg Herold (*1947) a connu d'\u00e9normes changements. Son utilisation souvent incomprise du bois ou de la latte de toit a \u00e9t\u00e9 consid\u00e9rablement modifi\u00e9e par l'artiste, de sorte qu'il appara\u00eet encore une fois plus clairement qu'il ne s'est jamais agi pour lui d'utiliser en priorit\u00e9 des mat\u00e9riaux dits pauvres, c'est-\u00e0-dire de prouver que l'art peut na\u00eetre de mat\u00e9riaux \"simples\". Les multiples travaux sur toile avec des briques ou du caviar ont d\u00e9j\u00e0 r\u00e9fut\u00e9 cette interpr\u00e9tation. Toutefois, Georg Herold a toujours tendu des pi\u00e8ges au spectateur avec des titres ironiques, car selon lui, rien \"ne peut \u00eatre transmis par le biais de la narration si l'on ne veut pas que ce soit compl\u00e8tement ennuyeux\". C'est ainsi qu'il s'est engag\u00e9 ces derni\u00e8res ann\u00e9es dans une voie radicalement diff\u00e9rente, sans devenir narratif. De simples lattes de toit, avec leurs possibilit\u00e9s d'\u00eatre un support, un cadre ou un espace r\u00e9serv\u00e9 pour quelque chose, deviennent maintenant des \u00e9l\u00e9ments d'une sculpture charg\u00e9e d'\u00e9nergie : les nouvelles \u0153uvres figuratives, enti\u00e8rement form\u00e9es de lattes. Qu'il s'agisse ensuite de l'utilisation d'une \"peau ext\u00e9rieure\" tendue, c'est-\u00e0-dire d'une enveloppe sp\u00e9cialement fabriqu\u00e9e \u00e0 cet effet, ou que le regard se porte sans d\u00e9tour sur la construction elle-m\u00eame, la latte est ici utilis\u00e9e dans son plein droit en tant que moyen artistique. L'artiste voit lui aussi qu'un autre grand pas a \u00e9t\u00e9 franchi : \"La beaut\u00e9 n'a jamais \u00e9t\u00e9 le but, mais on essaie de d\u00e9velopper et de mettre en \u0153uvre une technologie particuli\u00e8re, et tout \u00e0 coup, on se rend compte que cela peut donner de belles choses\". Le couple de collectionneurs Brandhorst a collectionn\u00e9 les multiples depuis les ann\u00e9es 1980. Aujourd'hui, une grande exposition temporaire est organis\u00e9e au mus\u00e9e Brandhorst de Munich. Elle pr\u00e9sente, outre les multiples de la collection, des pr\u00eats de tableaux caviar ainsi que de nouvelles \u0153uvres figuratives et installatives - toutes reproduites dans le riche catalogue.<\/p>\n<p>Exposition :<br \/>\nCollections de peintures de l'\u00c9tat de Bavi\u00e8re, Mus\u00e9e Brandhorst, Munich, 19\/4-2\/9\/2012<\/p>","protected":false},"excerpt":{"rendered":"<p>Catalogue d'exposition, Mus\u00e9e Brandhorst Munich, \u00e9d. par Armin Zweite<br \/>\nTextes (all.) de Rudi Fuchs, Friedrich Wolfram Heubach, Anna R\u00fchl, Nina Schleif, Armin Zweite<br \/>\n200 p. avec 200 couleurs. illustrations<br \/>\nformat 28,5 x 22 cm, couverture rigide<\/p>","protected":false},"featured_media":5018,"template":"","meta":[],"product_brand":[],"product_cat":[103,65],"product_tag":[],"class_list":{"0":"post-3605","1":"product","2":"type-product","3":"status-publish","4":"has-post-thumbnail","6":"product_cat-103","7":"product_cat-h","9":"first","10":"instock","11":"taxable","12":"shipping-taxable","13":"purchasable","14":"product-type-simple"},"aioseo_notices":[],"_wp_attached_file":null,"_wp_attachment_metadata":null,"_wc_attachment_source":null,"_elementor_inline_svg":null,"_elementor_is_screenshot":null,"_elementor_source_image_hash":null,"_source_url":null,"_wp_attachment_context":null,"_menu_item_type":null,"_menu_item_menu_item_parent":null,"_menu_item_object_id":null,"_menu_item_object":null,"_menu_item_target":null,"_menu_item_classes":null,"_menu_item_xfn":null,"_menu_item_url":null,"__elementor_forms_snapshot":null,"_unit":"","_unit_base":"","_unit_product":"","_unit_price_auto":"no","_unit_price_regular":"","_unit_price":"","_unit_price_sale":"","_sale_price_label":"","_sale_price_regular_label":"","_manufacturer_slug":"","_mini_desc":"","_defect_description":"","_safety_instructions":"","_allergen_ids":[],"_warranty_attachment_id":"","_safety_attachment_ids":[],"_min_age":"","_ts_gtin":"","_ts_mpn":"","_delivery_time_countries":[],"_free_shipping":"no","_service":"no","_photovoltaic_system":"no","_used_good":"no","_defective_copy":"no","_wireless_electronic_device":"no","_device_contains_power_supply":"no","_device_charging_supports_usb_pd":"no","_device_charging_watt_min":"0","_device_charging_watt_max":"0","_is_food":"no","_differential_taxation":"no","_gzd_version":"3.18.7","_hs_code":"","_customs_description":"","_manufacture_country":"0","_is_non_returnable":"no","_shipping_length":"","_shipping_width":"","_shipping_height":"","_sku":"ISBN 978-3-86442-007-8","_global_unique_id":"978-3-86442-007-8","_regular_price":"39.8","total_sales":"0","_tax_status":"taxable","_tax_class":"","_manage_stock":"no","_backorders":"no","_sold_individually":"no","_weight":"1","_virtual":"no","_downloadable":"no","_download_limit":"-1","_download_expiry":"-1","_stock":"","_stock_status":"instock","_wc_average_rating":"0","_wc_review_count":"0","_product_version":"9.7.1","_price":"39.8","shopengine_product_views_count":"3415","_thumbnail_id":"5018","_product_attributes":{"erscheinungsdatum":{"name":"Erscheinungsdatum","value":"19.04.2012","position":0,"is_visible":1,"is_variation":0,"is_taxonomy":0,"checkout_visible":0}},"_nutrient_ids":[],"_upsell_ids":null,"pswc_subtitle":null,"_default_delivery_time":null,"_wp_desired_post_slug":null,"_isbn":null,"pageType":null,"isExternalUrl":null,"pageId":null,"externalUrl":null,"hideCookieBanner":null,"isTargetBlank":null,"isProviderCurrentWebsite":null,"isEmbeddingOnlyExternalResources":null,"legalBasis":null,"dataProcessingInCountries":null,"dataProcessingInCountriesSpecialTreatments":null,"technicalDefinitions":null,"googleConsentModeConsentTypes":null,"executePriority":null,"executeCodeOptInWhenNoTagManagerConsentIsGiven":null,"executeCodeOptOutWhenNoTagManagerConsentIsGiven":null,"deleteTechnicalDefinitionsAfterOptOut":null,"presetId":null,"presetVersion":null,"provider":null,"providerContactPhone":null,"providerContactEmail":null,"providerContactLink":null,"uniqueName":null,"providerPrivacyPolicyUrl":null,"providerLegalNoticeUrl":null,"codeOptIn":null,"codeOptOut":null,"codeOnPageLoad":null,"language_code":null,"shopengine_template__post_meta__type":null,"shopengine_template__post_meta":null,"shopengine_template__post_meta__edit_with":null,"origin":null,"_enabled":null,"_filters":null,"_layout":null,"_elementor_import_session_id":null,"_wp_trash_meta_status":null,"_wp_trash_meta_time":null,"_edit_lock":"1743521687:2","_elementor_floating_elements_type":null,"_elementor_edit_mode":null,"_elementor_template_type":null,"tc-thumb-fld":{"_thumb_id":5018,"_thumb_type":"thumb"},"_wp_page_template":"default","_elementor_version":null,"_elementor_pro_version":null,"_elementor_page_settings":null,"_elementor_data":null,"_elementor_conditions":null,"_elementor_popup_display_settings":null,"_edit_last":"2","_elementor_template_sub_type":null,"_elementor_controls_usage":null,"_elementor_screenshot":null,"_elementor_css":null,"_elementor_page_assets":[],"_elementor_element_cache":null,"_elementor_screenshot_failed":null,"_elementor_source":null,"_wp_old_date":null,"layout_key":"","post_slider_check_key":"0","_links":{"self":[{"href":"https:\/\/snoeck.de\/fr\/wp-json\/wp\/v2\/product\/3605","targetHints":{"allow":["GET"]}}],"collection":[{"href":"https:\/\/snoeck.de\/fr\/wp-json\/wp\/v2\/product"}],"about":[{"href":"https:\/\/snoeck.de\/fr\/wp-json\/wp\/v2\/types\/product"}],"wp:featuredmedia":[{"embeddable":true,"href":"https:\/\/snoeck.de\/fr\/wp-json\/wp\/v2\/media\/5018"}],"wp:attachment":[{"href":"https:\/\/snoeck.de\/fr\/wp-json\/wp\/v2\/media?parent=3605"}],"wp:term":[{"taxonomy":"product_brand","embeddable":true,"href":"https:\/\/snoeck.de\/fr\/wp-json\/wp\/v2\/product_brand?post=3605"},{"taxonomy":"product_cat","embeddable":true,"href":"https:\/\/snoeck.de\/fr\/wp-json\/wp\/v2\/product_cat?post=3605"},{"taxonomy":"product_tag","embeddable":true,"href":"https:\/\/snoeck.de\/fr\/wp-json\/wp\/v2\/product_tag?post=3605"}],"curies":[{"name":"wp","href":"https:\/\/api.w.org\/{rel}","templated":true}]}}