{"id":3606,"date":"2025-01-31T11:30:48","date_gmt":"2025-01-31T11:30:48","guid":{"rendered":"https:\/\/snoeck.process-vision.de\/shop\/georg-herold-what-a-life\/"},"modified":"2025-04-01T15:33:11","modified_gmt":"2025-04-01T15:33:11","slug":"georg-herold-what-a-life","status":"publish","type":"product","link":"https:\/\/snoeck.de\/fr\/shop\/georg-herold-what-a-life\/","title":{"rendered":"Georg Herold : Quelle vie"},"content":{"rendered":"<h3>Jours f\u00e9ri\u00e9s mobiles<\/h3>\n<p>Au d\u00e9but des ann\u00e9es 1980, Georg Herold, avec Martin Kippenberger, Werner B\u00fcttner et Albert Oehlen, a remis en question l'art et le monde de l'art, d\u00e9veloppant ainsi - contrairement aux \"jeunes sauvages\" de cette g\u00e9n\u00e9ration - un scepticisme durable, encore productif aujourd'hui. Ses sculptures r\u00e9alis\u00e9es \u00e0 partir de mat\u00e9riaux tels que les lattes de toit, les briques, le fil de fer et les objets trouv\u00e9s se r\u00e9f\u00e8rent de mani\u00e8re critique et ironique \u00e0 la soci\u00e9t\u00e9, \u00e0 la politique et \u00e0 l'art moderne et invitent le spectateur \u00e0 poursuivre sa r\u00e9flexion sur les notions avec lesquelles il aborde l'art. Cette vaste publication donne une vue d'ensemble de l'\u0153uvre de Georg Herold depuis le d\u00e9but des ann\u00e9es 1980 jusqu'aux travaux vid\u00e9o de 2005. Il appara\u00eet clairement que l'absurdit\u00e9 et le paradoxe peuvent s'arr\u00eater dans la th\u00e9orie li\u00e9e au texte, mais qu'ils se r\u00e9v\u00e8lent mobiles et inventifs dans la pens\u00e9e de Georg Herold dans le domaine de l'image.<\/p>\n<p>Exposition :<br \/>\nKunsthalle Baden-Baden, 5\/3 - 9\/4\/2005<br \/>\nAssociation artistique de Hanovre, 16\/4 - 29\/5\/2005<br \/>\nMus\u00e9e d'art moderne de Klagenfurt, 16\/6 - 28\/8\/2005<\/p>","protected":false},"excerpt":{"rendered":"<p>Catalogue d'exposition, Kunsthalle Baden-Baden, \u00e9d. par Matthias Winzen<br \/>\nTextes (all.\/ang.) de Nicole Fritz, Rudi Fuchs, Friedrich Heubach, Reiner Speck, Carmela Thiele, Matthias Winzen<br \/>\n376 p. avec 350 illustrations en couleur et 100 en n\/b<br \/>\nformat 29 x 24 cm, couverture souple<\/p>","protected":false},"featured_media":5019,"template":"","meta":[],"product_brand":[],"product_cat":[84,65],"product_tag":[],"class_list":{"0":"post-3606","1":"product","2":"type-product","3":"status-publish","4":"has-post-thumbnail","6":"product_cat-84","7":"product_cat-h","9":"first","10":"instock","11":"taxable","12":"shipping-taxable","13":"purchasable","14":"product-type-simple"},"aioseo_notices":[],"_wp_attached_file":null,"_wp_attachment_metadata":null,"_wc_attachment_source":null,"_elementor_inline_svg":null,"_elementor_is_screenshot":null,"_elementor_source_image_hash":null,"_source_url":null,"_wp_attachment_context":null,"_menu_item_type":null,"_menu_item_menu_item_parent":null,"_menu_item_object_id":null,"_menu_item_object":null,"_menu_item_target":null,"_menu_item_classes":null,"_menu_item_xfn":null,"_menu_item_url":null,"__elementor_forms_snapshot":null,"_unit":"","_unit_base":"","_unit_product":"","_unit_price_auto":"no","_unit_price_regular":"","_unit_price":"","_unit_price_sale":"","_sale_price_label":"","_sale_price_regular_label":"","_manufacturer_slug":"","_mini_desc":"","_defect_description":"","_safety_instructions":"","_allergen_ids":[],"_warranty_attachment_id":"","_safety_attachment_ids":[],"_min_age":"","_ts_gtin":"","_ts_mpn":"","_delivery_time_countries":[],"_free_shipping":"no","_service":"no","_photovoltaic_system":"no","_used_good":"no","_defective_copy":"no","_wireless_electronic_device":"no","_device_contains_power_supply":"no","_device_charging_supports_usb_pd":"no","_device_charging_watt_min":"0","_device_charging_watt_max":"0","_is_food":"no","_differential_taxation":"no","_gzd_version":"3.18.7","_hs_code":"","_customs_description":"","_manufacture_country":"0","_is_non_returnable":"no","_shipping_length":"","_shipping_width":"","_shipping_height":"","_sku":"ISBN 978-3-936859-21-8","_global_unique_id":"978-3-936859-21-8","_regular_price":"58","total_sales":"0","_tax_status":"taxable","_tax_class":"","_manage_stock":"no","_backorders":"no","_sold_individually":"no","_weight":"3","_virtual":"no","_downloadable":"no","_download_limit":"-1","_download_expiry":"-1","_stock":"","_stock_status":"instock","_wc_average_rating":"0","_wc_review_count":"0","_product_version":"9.7.1","_price":"58","shopengine_product_views_count":"2924","_thumbnail_id":"5019","_product_attributes":{"erscheinungsdatum":{"name":"Date de publication","value":"06.07.2020","position":0,"is_visible":1,"is_variation":0,"is_taxonomy":0,"checkout_visible":0}},"_nutrient_ids":[],"_upsell_ids":null,"pswc_subtitle":null,"_default_delivery_time":null,"_wp_desired_post_slug":null,"_isbn":null,"pageType":null,"isExternalUrl":null,"pageId":null,"externalUrl":null,"hideCookieBanner":null,"isTargetBlank":null,"isProviderCurrentWebsite":null,"isEmbeddingOnlyExternalResources":null,"legalBasis":null,"dataProcessingInCountries":null,"dataProcessingInCountriesSpecialTreatments":null,"technicalDefinitions":null,"googleConsentModeConsentTypes":null,"executePriority":null,"executeCodeOptInWhenNoTagManagerConsentIsGiven":null,"executeCodeOptOutWhenNoTagManagerConsentIsGiven":null,"deleteTechnicalDefinitionsAfterOptOut":null,"presetId":null,"presetVersion":null,"provider":null,"providerContactPhone":null,"providerContactEmail":null,"providerContactLink":null,"uniqueName":null,"providerPrivacyPolicyUrl":null,"providerLegalNoticeUrl":null,"codeOptIn":null,"codeOptOut":null,"codeOnPageLoad":null,"language_code":null,"shopengine_template__post_meta__type":null,"shopengine_template__post_meta":null,"shopengine_template__post_meta__edit_with":null,"origin":null,"_enabled":null,"_filters":null,"_layout":null,"_elementor_import_session_id":null,"_wp_trash_meta_status":null,"_wp_trash_meta_time":null,"_edit_lock":"1743521451:2","_elementor_floating_elements_type":null,"_elementor_edit_mode":null,"_elementor_template_type":null,"tc-thumb-fld":{"_thumb_id":5019,"_thumb_type":"thumb"},"_wp_page_template":"default","_elementor_version":null,"_elementor_pro_version":null,"_elementor_page_settings":null,"_elementor_data":null,"_elementor_conditions":null,"_elementor_popup_display_settings":null,"_edit_last":"2","_elementor_template_sub_type":null,"_elementor_controls_usage":null,"_elementor_screenshot":null,"_elementor_css":null,"_elementor_page_assets":[],"_elementor_element_cache":null,"_elementor_screenshot_failed":null,"_elementor_source":null,"_wp_old_date":null,"layout_key":"","post_slider_check_key":"0","_links":{"self":[{"href":"https:\/\/snoeck.de\/fr\/wp-json\/wp\/v2\/product\/3606","targetHints":{"allow":["GET"]}}],"collection":[{"href":"https:\/\/snoeck.de\/fr\/wp-json\/wp\/v2\/product"}],"about":[{"href":"https:\/\/snoeck.de\/fr\/wp-json\/wp\/v2\/types\/product"}],"wp:featuredmedia":[{"embeddable":true,"href":"https:\/\/snoeck.de\/fr\/wp-json\/wp\/v2\/media\/5019"}],"wp:attachment":[{"href":"https:\/\/snoeck.de\/fr\/wp-json\/wp\/v2\/media?parent=3606"}],"wp:term":[{"taxonomy":"product_brand","embeddable":true,"href":"https:\/\/snoeck.de\/fr\/wp-json\/wp\/v2\/product_brand?post=3606"},{"taxonomy":"product_cat","embeddable":true,"href":"https:\/\/snoeck.de\/fr\/wp-json\/wp\/v2\/product_cat?post=3606"},{"taxonomy":"product_tag","embeddable":true,"href":"https:\/\/snoeck.de\/fr\/wp-json\/wp\/v2\/product_tag?post=3606"}],"curies":[{"name":"wp","href":"https:\/\/api.w.org\/{rel}","templated":true}]}}