{"id":3607,"date":"2025-01-31T11:30:49","date_gmt":"2025-01-31T11:30:49","guid":{"rendered":"https:\/\/snoeck.process-vision.de\/shop\/nic-hess-drawing-installations-1995-2013\/"},"modified":"2025-04-01T15:29:32","modified_gmt":"2025-04-01T15:29:32","slug":"nic-hess-drawing-installations-1995-2013","status":"publish","type":"product","link":"https:\/\/snoeck.de\/fr\/shop\/nic-hess-drawing-installations-1995-2013\/","title":{"rendered":"Nic Hess : Installations de dessins 1995-2013"},"content":{"rendered":"<h3>L'\u00e9l\u00e9gance de la fl\u00e2nerie<\/h3>\n<p>Les dessins installatifs, tels que Nic Hess les ex\u00e9cute dans des espaces occup\u00e9s temporairement, relient son propre travail aux \u0153uvres d'autres artistes dans un syst\u00e8me complexe de lignes, de surfaces, de citations et de fragments d'images de peinture r\u00e9aliste qui s'\u00e9tend sur tout l'espace. Du point de vue de l'histoire de l'art, on assiste ici \u00e0 une tentative de cr\u00e9ation d'un espace narratif sc\u00e9nique contemporain - \"en tant qu'interaction entre espace de m\u00e9moire et r\u00e9cit en images, en tant qu'espace narratif que le spectateur peut souvent embrasser d'un seul coup d'\u0153il dans sa totalit\u00e9, mais aussi \"lire\" en marchant et dans la succession et l'accumulation des \u00e9l\u00e9ments\", comme l'\u00e9crit Renate Wiehager. Cela conduit comme par enchantement \u00e0 un vol d'exploration avec l'\u0153il et touche toujours \u00e0 la relation dialectique entre l'image et le temps, car un aller-retour repose toujours sur une structure temporelle. Cette \u00e9l\u00e9gance de la fl\u00e2nerie est subtilement renforc\u00e9e par l'int\u00e9gration concr\u00e8te d'ic\u00f4nes du modernisme classique. Ici, les citations presque pop alternent avec l'int\u00e9gration douce et ironique d'\u0153uvres r\u00e9elles. Le catalogue des \u0153uvres pr\u00e9sent\u00e9 ici, soigneusement \u00e9labor\u00e9 par Christian Ganzenberg en collaboration avec l'artiste, reproduit toutes les installations de Nic Hess jusqu'\u00e0 aujourd'hui et montre de mani\u00e8re impressionnante cette forme tout \u00e0 fait exceptionnelle d'art installatif contemporain !<\/p>\n<p>Exposition :<br \/>\nDaimler Contemporary, Berlin, 17\/10\/2013-16\/3\/2014<\/p>","protected":false},"excerpt":{"rendered":"<p>Catalogue d'exposition, \u00e9dit\u00e9 pour la Daimler Art Collection Berlin par Renate Wiehager et Christian Ganzenberg<br \/>\nTextes (all.\/ang.) de Renate Wiehager, Christian Ganzenberg et un entretien avec Nic Hess de Christian Ganzenberg ainsi que des citations de Gianni Jetzer, Rein Wolfs, Elizabeth Finch, Christoph Doswald, Chris Dercon, Robert Summers, Renaud Proch, Stephanie Rosenthal<br \/>\n304 p. avec 355 illustrations en couleur<br \/>\nformat 23 x 28 cm, reliure en toile gaufr\u00e9e<\/p>","protected":false},"featured_media":5020,"template":"","meta":[],"product_brand":[],"product_cat":[104,65],"product_tag":[],"class_list":{"0":"post-3607","1":"product","2":"type-product","3":"status-publish","4":"has-post-thumbnail","6":"product_cat-104","7":"product_cat-h","9":"first","10":"instock","11":"taxable","12":"shipping-taxable","13":"purchasable","14":"product-type-simple"},"aioseo_notices":[],"_wp_attached_file":null,"_wp_attachment_metadata":null,"_wc_attachment_source":null,"_elementor_inline_svg":null,"_elementor_is_screenshot":null,"_elementor_source_image_hash":null,"_source_url":null,"_wp_attachment_context":null,"_menu_item_type":null,"_menu_item_menu_item_parent":null,"_menu_item_object_id":null,"_menu_item_object":null,"_menu_item_target":null,"_menu_item_classes":null,"_menu_item_xfn":null,"_menu_item_url":null,"__elementor_forms_snapshot":null,"_unit":"","_unit_base":"","_unit_product":"","_unit_price_auto":"no","_unit_price_regular":"","_unit_price":"","_unit_price_sale":"","_sale_price_label":"","_sale_price_regular_label":"","_manufacturer_slug":"","_mini_desc":"","_defect_description":"","_safety_instructions":"","_allergen_ids":[],"_warranty_attachment_id":"","_safety_attachment_ids":[],"_min_age":"","_ts_gtin":"","_ts_mpn":"","_delivery_time_countries":[],"_free_shipping":"no","_service":"no","_photovoltaic_system":"no","_used_good":"no","_defective_copy":"no","_wireless_electronic_device":"no","_device_contains_power_supply":"no","_device_charging_supports_usb_pd":"no","_device_charging_watt_min":"0","_device_charging_watt_max":"0","_is_food":"no","_differential_taxation":"no","_gzd_version":"3.18.7","_hs_code":"","_customs_description":"","_manufacture_country":"0","_is_non_returnable":"no","_shipping_length":"","_shipping_width":"","_shipping_height":"","_sku":"ISBN 978-3-86442-079-5","_global_unique_id":"978-3-86442-079-5","_regular_price":"48","total_sales":"0","_tax_status":"taxable","_tax_class":"","_manage_stock":"no","_backorders":"no","_sold_individually":"no","_weight":"2","_virtual":"no","_downloadable":"no","_download_limit":"-1","_download_expiry":"-1","_stock":"","_stock_status":"instock","_wc_average_rating":"0","_wc_review_count":"0","_product_version":"9.7.1","_price":"48","shopengine_product_views_count":"2639","_thumbnail_id":"5020","_product_attributes":{"erscheinungsdatum":{"name":"Erscheinungsdatum","value":"10.02.2014","position":0,"is_visible":1,"is_variation":0,"is_taxonomy":0,"checkout_visible":0}},"_nutrient_ids":[],"_upsell_ids":null,"pswc_subtitle":null,"_default_delivery_time":null,"_wp_desired_post_slug":null,"_isbn":null,"pageType":null,"isExternalUrl":null,"pageId":null,"externalUrl":null,"hideCookieBanner":null,"isTargetBlank":null,"isProviderCurrentWebsite":null,"isEmbeddingOnlyExternalResources":null,"legalBasis":null,"dataProcessingInCountries":null,"dataProcessingInCountriesSpecialTreatments":null,"technicalDefinitions":null,"googleConsentModeConsentTypes":null,"executePriority":null,"executeCodeOptInWhenNoTagManagerConsentIsGiven":null,"executeCodeOptOutWhenNoTagManagerConsentIsGiven":null,"deleteTechnicalDefinitionsAfterOptOut":null,"presetId":null,"presetVersion":null,"provider":null,"providerContactPhone":null,"providerContactEmail":null,"providerContactLink":null,"uniqueName":null,"providerPrivacyPolicyUrl":null,"providerLegalNoticeUrl":null,"codeOptIn":null,"codeOptOut":null,"codeOnPageLoad":null,"language_code":null,"shopengine_template__post_meta__type":null,"shopengine_template__post_meta":null,"shopengine_template__post_meta__edit_with":null,"origin":null,"_enabled":null,"_filters":null,"_layout":null,"_elementor_import_session_id":null,"_wp_trash_meta_status":null,"_wp_trash_meta_time":null,"_edit_lock":"1743521233:2","_elementor_floating_elements_type":null,"_elementor_edit_mode":null,"_elementor_template_type":null,"tc-thumb-fld":{"_thumb_id":5020,"_thumb_type":"thumb"},"_wp_page_template":"default","_elementor_version":null,"_elementor_pro_version":null,"_elementor_page_settings":null,"_elementor_data":null,"_elementor_conditions":null,"_elementor_popup_display_settings":null,"_edit_last":"2","_elementor_template_sub_type":null,"_elementor_controls_usage":null,"_elementor_screenshot":null,"_elementor_css":null,"_elementor_page_assets":[],"_elementor_element_cache":null,"_elementor_screenshot_failed":null,"_elementor_source":null,"_wp_old_date":null,"layout_key":"","post_slider_check_key":"0","_links":{"self":[{"href":"https:\/\/snoeck.de\/fr\/wp-json\/wp\/v2\/product\/3607","targetHints":{"allow":["GET"]}}],"collection":[{"href":"https:\/\/snoeck.de\/fr\/wp-json\/wp\/v2\/product"}],"about":[{"href":"https:\/\/snoeck.de\/fr\/wp-json\/wp\/v2\/types\/product"}],"wp:featuredmedia":[{"embeddable":true,"href":"https:\/\/snoeck.de\/fr\/wp-json\/wp\/v2\/media\/5020"}],"wp:attachment":[{"href":"https:\/\/snoeck.de\/fr\/wp-json\/wp\/v2\/media?parent=3607"}],"wp:term":[{"taxonomy":"product_brand","embeddable":true,"href":"https:\/\/snoeck.de\/fr\/wp-json\/wp\/v2\/product_brand?post=3607"},{"taxonomy":"product_cat","embeddable":true,"href":"https:\/\/snoeck.de\/fr\/wp-json\/wp\/v2\/product_cat?post=3607"},{"taxonomy":"product_tag","embeddable":true,"href":"https:\/\/snoeck.de\/fr\/wp-json\/wp\/v2\/product_tag?post=3607"}],"curies":[{"name":"wp","href":"https:\/\/api.w.org\/{rel}","templated":true}]}}