{"id":3608,"date":"2025-01-31T11:30:49","date_gmt":"2025-01-31T11:30:49","guid":{"rendered":"https:\/\/snoeck.process-vision.de\/shop\/gregor-hildebrandt-pawn\/"},"modified":"2025-04-01T15:26:58","modified_gmt":"2025-04-01T15:26:58","slug":"gregor-hildebrandt-pawn","status":"publish","type":"product","link":"https:\/\/snoeck.de\/fr\/shop\/gregor-hildebrandt-pawn\/","title":{"rendered":"Gregor Hildebrandt : Pawn"},"content":{"rendered":"<h3>Pawnshop<\/h3>\n<p>Chez un ami, Gregor Hildebrandt (*1974) a vu une photo de Will Steacy, un photographe am\u00e9ricain qui avait r\u00e9alis\u00e9 une s\u00e9rie sur les magasins de pr\u00eat sur gage (pawnshops) aux Etats-Unis. Cela lui a donn\u00e9 l'id\u00e9e de jouer \u00e0 son tour avec la signification et le sens du mot pawnshop et d'imaginer un magasin dans lequel des pi\u00e8ces d'\u00e9checs (pawns), d\u00e9tach\u00e9es de leur contexte ludique et donc en quelque sorte des sculptures, sont \u00e0 vendre. Il a donc fait d\u00e9filer les pions dans une installation murale sur des rang\u00e9es d'\u00e9tag\u00e8res dispos\u00e9es de mani\u00e8re r\u00e9guli\u00e8re. Avec le pr\u00e9sent livre d'artiste, Gregor Hildebrandt explore de multiples variations sur le th\u00e8me, c'est-\u00e0-dire les pi\u00e8ces d'\u00e9checs et les motifs d'\u00e9checs les plus divers dans les endroits les plus vari\u00e9s, sur les sols et les murs, sur des v\u00eatements, comme motifs de sa propre peinture abstraite et comme ornement dans un cimeti\u00e8re d'outre-mer. Les collages, les tableaux, les travaux photographiques et les installations de Gregor Hildebrandt ont toujours suscit\u00e9 l'\u00e9tonnement, voire le scandale.<\/p>","protected":false},"excerpt":{"rendered":"<p>Kienbaum Artists' Books 2020, \u00e9d. par Jochen et Laura Kienbaum<br \/>\n128 p. avec 95 illustrations en couleur<br \/>\nformat 20 x 12,5 cm, couverture rigide avec jaquette<\/p>","protected":false},"featured_media":5021,"template":"","meta":[],"product_brand":[],"product_cat":[84,65,68,73],"product_tag":[],"class_list":{"0":"post-3608","1":"product","2":"type-product","3":"status-publish","4":"has-post-thumbnail","6":"product_cat-84","7":"product_cat-h","8":"product_cat-k","9":"product_cat-p","11":"first","12":"instock","13":"taxable","14":"shipping-taxable","15":"purchasable","16":"product-type-simple"},"aioseo_notices":[],"_wp_attached_file":null,"_wp_attachment_metadata":null,"_wc_attachment_source":null,"_elementor_inline_svg":null,"_elementor_is_screenshot":null,"_elementor_source_image_hash":null,"_source_url":null,"_wp_attachment_context":null,"_menu_item_type":null,"_menu_item_menu_item_parent":null,"_menu_item_object_id":null,"_menu_item_object":null,"_menu_item_target":null,"_menu_item_classes":null,"_menu_item_xfn":null,"_menu_item_url":null,"__elementor_forms_snapshot":null,"_unit":"","_unit_base":"","_unit_product":"","_unit_price_auto":"no","_unit_price_regular":"","_unit_price":"","_unit_price_sale":"","_sale_price_label":"","_sale_price_regular_label":"","_manufacturer_slug":"","_mini_desc":"","_defect_description":"","_safety_instructions":"","_allergen_ids":[],"_warranty_attachment_id":"","_safety_attachment_ids":[],"_min_age":"","_ts_gtin":"","_ts_mpn":"","_delivery_time_countries":[],"_free_shipping":"no","_service":"no","_photovoltaic_system":"no","_used_good":"no","_defective_copy":"no","_wireless_electronic_device":"no","_device_contains_power_supply":"no","_device_charging_supports_usb_pd":"no","_device_charging_watt_min":"0","_device_charging_watt_max":"0","_is_food":"no","_differential_taxation":"no","_gzd_version":"3.18.7","_hs_code":"","_customs_description":"","_manufacture_country":"0","_is_non_returnable":"no","_shipping_length":"","_shipping_width":"","_shipping_height":"","_sku":"ISBN 978-3-86442-300-0","_global_unique_id":"978-3-86442-300-0","_regular_price":"28","total_sales":"0","_tax_status":"taxable","_tax_class":"","_manage_stock":"no","_backorders":"no","_sold_individually":"no","_weight":"1","_virtual":"no","_downloadable":"no","_download_limit":"-1","_download_expiry":"-1","_stock":"","_stock_status":"instock","_wc_average_rating":"0","_wc_review_count":"0","_product_version":"9.7.1","_price":"28","shopengine_product_views_count":"2845","_thumbnail_id":"5021","_product_attributes":{"erscheinungsdatum":{"name":"Date de publication","value":"06.01.2020","position":0,"is_visible":1,"is_variation":0,"is_taxonomy":0,"checkout_visible":0}},"_nutrient_ids":[],"_upsell_ids":null,"pswc_subtitle":null,"_default_delivery_time":null,"_wp_desired_post_slug":null,"_isbn":null,"pageType":null,"isExternalUrl":null,"pageId":null,"externalUrl":null,"hideCookieBanner":null,"isTargetBlank":null,"isProviderCurrentWebsite":null,"isEmbeddingOnlyExternalResources":null,"legalBasis":null,"dataProcessingInCountries":null,"dataProcessingInCountriesSpecialTreatments":null,"technicalDefinitions":null,"googleConsentModeConsentTypes":null,"executePriority":null,"executeCodeOptInWhenNoTagManagerConsentIsGiven":null,"executeCodeOptOutWhenNoTagManagerConsentIsGiven":null,"deleteTechnicalDefinitionsAfterOptOut":null,"presetId":null,"presetVersion":null,"provider":null,"providerContactPhone":null,"providerContactEmail":null,"providerContactLink":null,"uniqueName":null,"providerPrivacyPolicyUrl":null,"providerLegalNoticeUrl":null,"codeOptIn":null,"codeOptOut":null,"codeOnPageLoad":null,"language_code":null,"shopengine_template__post_meta__type":null,"shopengine_template__post_meta":null,"shopengine_template__post_meta__edit_with":null,"origin":null,"_enabled":null,"_filters":null,"_layout":null,"_elementor_import_session_id":null,"_wp_trash_meta_status":null,"_wp_trash_meta_time":null,"_edit_lock":"1743521082:2","_elementor_floating_elements_type":null,"_elementor_edit_mode":null,"_elementor_template_type":null,"tc-thumb-fld":{"_thumb_id":5021,"_thumb_type":"thumb"},"_wp_page_template":"default","_elementor_version":null,"_elementor_pro_version":null,"_elementor_page_settings":null,"_elementor_data":null,"_elementor_conditions":null,"_elementor_popup_display_settings":null,"_edit_last":"2","_elementor_template_sub_type":null,"_elementor_controls_usage":null,"_elementor_screenshot":null,"_elementor_css":null,"_elementor_page_assets":[],"_elementor_element_cache":null,"_elementor_screenshot_failed":null,"_elementor_source":null,"_wp_old_date":null,"layout_key":"","post_slider_check_key":"0","_links":{"self":[{"href":"https:\/\/snoeck.de\/fr\/wp-json\/wp\/v2\/product\/3608","targetHints":{"allow":["GET"]}}],"collection":[{"href":"https:\/\/snoeck.de\/fr\/wp-json\/wp\/v2\/product"}],"about":[{"href":"https:\/\/snoeck.de\/fr\/wp-json\/wp\/v2\/types\/product"}],"wp:featuredmedia":[{"embeddable":true,"href":"https:\/\/snoeck.de\/fr\/wp-json\/wp\/v2\/media\/5021"}],"wp:attachment":[{"href":"https:\/\/snoeck.de\/fr\/wp-json\/wp\/v2\/media?parent=3608"}],"wp:term":[{"taxonomy":"product_brand","embeddable":true,"href":"https:\/\/snoeck.de\/fr\/wp-json\/wp\/v2\/product_brand?post=3608"},{"taxonomy":"product_cat","embeddable":true,"href":"https:\/\/snoeck.de\/fr\/wp-json\/wp\/v2\/product_cat?post=3608"},{"taxonomy":"product_tag","embeddable":true,"href":"https:\/\/snoeck.de\/fr\/wp-json\/wp\/v2\/product_tag?post=3608"}],"curies":[{"name":"wp","href":"https:\/\/api.w.org\/{rel}","templated":true}]}}