{"id":3609,"date":"2025-01-31T11:30:50","date_gmt":"2025-01-31T11:30:50","guid":{"rendered":"https:\/\/snoeck.process-vision.de\/shop\/katharina-hinsberg-sequence-drawings-1-117\/"},"modified":"2025-04-01T15:23:58","modified_gmt":"2025-04-01T15:23:58","slug":"katharina-hinsberg-sequence-drawings-1-117","status":"publish","type":"product","link":"https:\/\/snoeck.de\/fr\/shop\/katharina-hinsberg-sequence-drawings-1-117\/","title":{"rendered":"Katharina Hinsberg : S\u00e9quence : Dessins 1-117"},"content":{"rendered":"<h3>De feuille en feuille<\/h3>\n<p>Le travail artistique de Katharina Hinsberg (*1967 ; professeur \u00e0 la HbK Saarbr\u00fccken) se concentre sur une confrontation complexe avec le genre du dessin, ses contextes historiques, techniques et spatiaux. Un proc\u00e9d\u00e9 typique pour elle est la d\u00e9coupe dans le support de l'image ou le d\u00e9coupage de lignes dessin\u00e9es. Avec le livre d'artiste \"Sequence - Drawings 1-117\", Katharina Hinsberg pr\u00e9sente pour la premi\u00e8re fois une s\u00e9rie de dessins en couleur con\u00e7us de mani\u00e8re permutative avec 117 crayons de couleur en lignes horizontales sur une grille. \u00c0 chaque nouvelle feuille, une autre couleur s'ajoute, grandit, est r\u00e9duite ou dispara\u00eet \u00e0 nouveau, la densit\u00e9 des hachures color\u00e9es des lignes \u00e9tant \u00e9troitement li\u00e9e au mouvement de la main. Sans espace interm\u00e9diaire, les traits et les lignes deviennent des champs color\u00e9s qui remplissent toute la surface et qui se poursuivent et se modifient de feuille en feuille. La grille fixe se compose de 23 cases transversales et de 30 lignes en hauteur, chaque case mesurant 5 x 5 mm. Katharina Hinsberg commence sa s\u00e9quence par le noir et la termine par le blanc. Les \u0153uvres \"Sequence - Drawings 1-117\" ont \u00e9t\u00e9 cr\u00e9\u00e9es sp\u00e9cialement pour ce livre du m\u00eame titre, \u00e9dit\u00e9 par Jochen et Laura Kienbaum : Kienbaum Arists' Books 2018.<\/p>","protected":false},"excerpt":{"rendered":"<p>Kienbaum Artists' Books 2018, \u00e9d. par Jochen et Laura Kienbaum<br \/>\n214 p. avec 118 illustrations en couleur<br \/>\nFormat 24 x 16,5 cm, couverture souple avec jaquette<\/p>","protected":false},"featured_media":5022,"template":"","meta":[],"product_brand":[],"product_cat":[111,65,68,76],"product_tag":[],"class_list":{"0":"post-3609","1":"product","2":"type-product","3":"status-publish","4":"has-post-thumbnail","6":"product_cat-111","7":"product_cat-h","8":"product_cat-k","9":"product_cat-s","11":"first","12":"instock","13":"taxable","14":"shipping-taxable","15":"purchasable","16":"product-type-simple"},"aioseo_notices":[],"_wp_attached_file":null,"_wp_attachment_metadata":null,"_wc_attachment_source":null,"_elementor_inline_svg":null,"_elementor_is_screenshot":null,"_elementor_source_image_hash":null,"_source_url":null,"_wp_attachment_context":null,"_menu_item_type":null,"_menu_item_menu_item_parent":null,"_menu_item_object_id":null,"_menu_item_object":null,"_menu_item_target":null,"_menu_item_classes":null,"_menu_item_xfn":null,"_menu_item_url":null,"__elementor_forms_snapshot":null,"_unit":"","_unit_base":"","_unit_product":"","_unit_price_auto":"no","_unit_price_regular":"","_unit_price":"","_unit_price_sale":"","_sale_price_label":"","_sale_price_regular_label":"","_manufacturer_slug":"","_mini_desc":"","_defect_description":"","_safety_instructions":"","_allergen_ids":[],"_warranty_attachment_id":"","_safety_attachment_ids":[],"_min_age":"","_ts_gtin":"","_ts_mpn":"","_delivery_time_countries":[],"_free_shipping":"no","_service":"no","_photovoltaic_system":"no","_used_good":"no","_defective_copy":"no","_wireless_electronic_device":"no","_device_contains_power_supply":"no","_device_charging_supports_usb_pd":"no","_device_charging_watt_min":"0","_device_charging_watt_max":"0","_is_food":"no","_differential_taxation":"no","_gzd_version":"3.18.7","_hs_code":"","_customs_description":"","_manufacture_country":"0","_is_non_returnable":"no","_shipping_length":"","_shipping_width":"","_shipping_height":"","_sku":"ISBN 978-3-86442-232-4","_global_unique_id":"978-3-86442-232-4","_regular_price":"29.8","total_sales":"0","_tax_status":"taxable","_tax_class":"","_manage_stock":"no","_backorders":"no","_sold_individually":"no","_weight":"1","_virtual":"no","_downloadable":"no","_download_limit":"-1","_download_expiry":"-1","_stock":"","_stock_status":"instock","_wc_average_rating":"0","_wc_review_count":"0","_product_version":"9.7.1","_price":"29.8","shopengine_product_views_count":"2799","_thumbnail_id":"5022","_product_attributes":{"erscheinungsdatum":{"name":"Erscheinungsdatum","value":"04.01.2018","position":0,"is_visible":1,"is_variation":0,"is_taxonomy":0,"checkout_visible":0}},"_nutrient_ids":[],"_upsell_ids":null,"pswc_subtitle":null,"_default_delivery_time":null,"_wp_desired_post_slug":null,"_isbn":null,"pageType":null,"isExternalUrl":null,"pageId":null,"externalUrl":null,"hideCookieBanner":null,"isTargetBlank":null,"isProviderCurrentWebsite":null,"isEmbeddingOnlyExternalResources":null,"legalBasis":null,"dataProcessingInCountries":null,"dataProcessingInCountriesSpecialTreatments":null,"technicalDefinitions":null,"googleConsentModeConsentTypes":null,"executePriority":null,"executeCodeOptInWhenNoTagManagerConsentIsGiven":null,"executeCodeOptOutWhenNoTagManagerConsentIsGiven":null,"deleteTechnicalDefinitionsAfterOptOut":null,"presetId":null,"presetVersion":null,"provider":null,"providerContactPhone":null,"providerContactEmail":null,"providerContactLink":null,"uniqueName":null,"providerPrivacyPolicyUrl":null,"providerLegalNoticeUrl":null,"codeOptIn":null,"codeOptOut":null,"codeOnPageLoad":null,"language_code":null,"shopengine_template__post_meta__type":null,"shopengine_template__post_meta":null,"shopengine_template__post_meta__edit_with":null,"origin":null,"_enabled":null,"_filters":null,"_layout":null,"_elementor_import_session_id":null,"_wp_trash_meta_status":null,"_wp_trash_meta_time":null,"_edit_lock":"1743520898:2","_elementor_floating_elements_type":null,"_elementor_edit_mode":null,"_elementor_template_type":null,"tc-thumb-fld":{"_thumb_id":5022,"_thumb_type":"thumb"},"_wp_page_template":"default","_elementor_version":null,"_elementor_pro_version":null,"_elementor_page_settings":null,"_elementor_data":null,"_elementor_conditions":null,"_elementor_popup_display_settings":null,"_edit_last":"2","_elementor_template_sub_type":null,"_elementor_controls_usage":null,"_elementor_screenshot":null,"_elementor_css":null,"_elementor_page_assets":[],"_elementor_element_cache":null,"_elementor_screenshot_failed":null,"_elementor_source":null,"_wp_old_date":null,"layout_key":"","post_slider_check_key":"0","_links":{"self":[{"href":"https:\/\/snoeck.de\/fr\/wp-json\/wp\/v2\/product\/3609","targetHints":{"allow":["GET"]}}],"collection":[{"href":"https:\/\/snoeck.de\/fr\/wp-json\/wp\/v2\/product"}],"about":[{"href":"https:\/\/snoeck.de\/fr\/wp-json\/wp\/v2\/types\/product"}],"wp:featuredmedia":[{"embeddable":true,"href":"https:\/\/snoeck.de\/fr\/wp-json\/wp\/v2\/media\/5022"}],"wp:attachment":[{"href":"https:\/\/snoeck.de\/fr\/wp-json\/wp\/v2\/media?parent=3609"}],"wp:term":[{"taxonomy":"product_brand","embeddable":true,"href":"https:\/\/snoeck.de\/fr\/wp-json\/wp\/v2\/product_brand?post=3609"},{"taxonomy":"product_cat","embeddable":true,"href":"https:\/\/snoeck.de\/fr\/wp-json\/wp\/v2\/product_cat?post=3609"},{"taxonomy":"product_tag","embeddable":true,"href":"https:\/\/snoeck.de\/fr\/wp-json\/wp\/v2\/product_tag?post=3609"}],"curies":[{"name":"wp","href":"https:\/\/api.w.org\/{rel}","templated":true}]}}