{"id":3610,"date":"2025-01-31T11:30:50","date_gmt":"2025-01-31T11:30:50","guid":{"rendered":"https:\/\/snoeck.process-vision.de\/shop\/bastian-hoffmann-radical-negation\/"},"modified":"2025-04-01T15:25:08","modified_gmt":"2025-04-01T15:25:08","slug":"bastian-hoffmann-radical-negation","status":"publish","type":"product","link":"https:\/\/snoeck.de\/fr\/shop\/bastian-hoffmann-radical-negation\/","title":{"rendered":"Bastian Hoffmann : N\u00e9gation radicale"},"content":{"rendered":"<h3>Comment transformer une Porsche en peinture<\/h3>\n<p>Guid\u00e9e par un langage formel dada\u00efste, cin\u00e9tique ou conceptuel, l'\u0153uvre de l'artiste de Cologne Bastian Hoffmann (*1983) joue de mani\u00e8re ambivalente avec le quotidien : Des murs qui ont une vie propre dynamique ou des flaques d'eau dont le caract\u00e8re pr\u00e9tendument occasionnel rel\u00e8ve d'une planification rigoureuse. La dissolution de contextes d'utilisation quotidiens et connus occupe une place omnipr\u00e9sente dans l'\u0153uvre de l'artiste. Chacune de ses \u0153uvres s'\u00e9loigne des attentes fix\u00e9es et laisse appara\u00eetre une source d'inspiration artistique \u00e0 la tendance parfois ludique et humoristique. Bastian Hoffmann ne se contente pas de remettre en question la mat\u00e9rialit\u00e9 g\u00e9n\u00e9rale des objets qu'il utilise, il montre plut\u00f4t que la mat\u00e9rialit\u00e9, tout comme une contextualisation pr\u00e9tendument normale des objets, est construite par leur manipulation et leur utilisation. Ou comme le dit l'artiste : \"Je profite de la libert\u00e9 de faire abstraction du sens et de la productivit\u00e9 d'un acte dans le processus de cr\u00e9ation et de contourner les compromis. Les pierres, les voitures et les flaques d'eau peuvent ainsi devenir des objets d'analyse ainsi que de r\u00e9flexion, loin de toute recherche de productivit\u00e9, d'efficacit\u00e9 et de rentabilit\u00e9. Les travaux finaux sont alors les produits de cette recherche exp\u00e9rimentale des formes de possibilit\u00e9s inconnues d'un objet ou d'une pens\u00e9e\". C'est ainsi qu'il est en train de broyer \u00e0 la main et avec les moyens les plus simples une Porsche Cayenne pour en faire du pigment qui doit donner une couleur pouvant \u00eatre peinte et qui lui servira ensuite de base pour des peintures \u00e0 grande \u00e9chelle.<\/p>\n<p>Exposition :<br \/>\nsprengel@feinkunst, Hanovre, 13\/4 - 23\/6\/2024<\/p>","protected":false},"excerpt":{"rendered":"<p>Catalogue d'exposition, sprengel@feinkunst Hanovre, \u00e9d. Alexander Leinemann<br \/>\nTextes (all.\/ang.) d'Alexander Leinemann, Reinhard Spieler<br \/>\n36 p. avec 45 illustrations en couleur<br \/>\nFormat 32 x 23,5 cm, cahier agraf\u00e9<\/p>","protected":false},"featured_media":5023,"template":"","meta":[],"product_brand":[],"product_cat":[88,65],"product_tag":[],"class_list":{"0":"post-3610","1":"product","2":"type-product","3":"status-publish","4":"has-post-thumbnail","6":"product_cat-88","7":"product_cat-h","9":"first","10":"instock","11":"taxable","12":"shipping-taxable","13":"purchasable","14":"product-type-simple"},"aioseo_notices":[],"_wp_attached_file":null,"_wp_attachment_metadata":null,"_wc_attachment_source":null,"_elementor_inline_svg":null,"_elementor_is_screenshot":null,"_elementor_source_image_hash":null,"_source_url":null,"_wp_attachment_context":null,"_menu_item_type":null,"_menu_item_menu_item_parent":null,"_menu_item_object_id":null,"_menu_item_object":null,"_menu_item_target":null,"_menu_item_classes":null,"_menu_item_xfn":null,"_menu_item_url":null,"__elementor_forms_snapshot":null,"_unit":"","_unit_base":"","_unit_product":"","_unit_price_auto":"no","_unit_price_regular":"","_unit_price":"","_unit_price_sale":"","_sale_price_label":"","_sale_price_regular_label":"","_manufacturer_slug":"","_mini_desc":"","_defect_description":"","_safety_instructions":"","_allergen_ids":[],"_warranty_attachment_id":"","_safety_attachment_ids":[],"_min_age":"","_ts_gtin":"","_ts_mpn":"","_delivery_time_countries":[],"_free_shipping":"no","_service":"no","_photovoltaic_system":"no","_used_good":"no","_defective_copy":"no","_wireless_electronic_device":"no","_device_contains_power_supply":"no","_device_charging_supports_usb_pd":"no","_device_charging_watt_min":"0","_device_charging_watt_max":"0","_is_food":"no","_differential_taxation":"no","_gzd_version":"3.18.7","_hs_code":"","_customs_description":"","_manufacture_country":"0","_is_non_returnable":"no","_shipping_length":"","_shipping_width":"","_shipping_height":"","_sku":"ISBN 978-3-86442-437-3","_global_unique_id":"978-3-86442-437-3","_regular_price":"24.8","total_sales":"0","_tax_status":"taxable","_tax_class":"","_manage_stock":"no","_backorders":"no","_sold_individually":"no","_weight":"1","_virtual":"no","_downloadable":"no","_download_limit":"-1","_download_expiry":"-1","_stock":"","_stock_status":"instock","_wc_average_rating":"0","_wc_review_count":"0","_product_version":"9.7.1","_price":"24.8","shopengine_product_views_count":"3260","_thumbnail_id":"5023","_product_attributes":{"erscheinungsdatum":{"name":"Erscheinungsdatum","value":"15.04.2024","position":0,"is_visible":1,"is_variation":0,"is_taxonomy":0,"checkout_visible":0}},"_nutrient_ids":[],"_upsell_ids":null,"pswc_subtitle":null,"_default_delivery_time":null,"_wp_desired_post_slug":null,"_isbn":null,"pageType":null,"isExternalUrl":null,"pageId":null,"externalUrl":null,"hideCookieBanner":null,"isTargetBlank":null,"isProviderCurrentWebsite":null,"isEmbeddingOnlyExternalResources":null,"legalBasis":null,"dataProcessingInCountries":null,"dataProcessingInCountriesSpecialTreatments":null,"technicalDefinitions":null,"googleConsentModeConsentTypes":null,"executePriority":null,"executeCodeOptInWhenNoTagManagerConsentIsGiven":null,"executeCodeOptOutWhenNoTagManagerConsentIsGiven":null,"deleteTechnicalDefinitionsAfterOptOut":null,"presetId":null,"presetVersion":null,"provider":null,"providerContactPhone":null,"providerContactEmail":null,"providerContactLink":null,"uniqueName":null,"providerPrivacyPolicyUrl":null,"providerLegalNoticeUrl":null,"codeOptIn":null,"codeOptOut":null,"codeOnPageLoad":null,"language_code":null,"shopengine_template__post_meta__type":null,"shopengine_template__post_meta":null,"shopengine_template__post_meta__edit_with":null,"origin":null,"_enabled":null,"_filters":null,"_layout":null,"_elementor_import_session_id":null,"_wp_trash_meta_status":null,"_wp_trash_meta_time":null,"_edit_lock":"1743520969:2","_elementor_floating_elements_type":null,"_elementor_edit_mode":null,"_elementor_template_type":null,"tc-thumb-fld":{"_thumb_id":5023,"_thumb_type":"thumb"},"_wp_page_template":"default","_elementor_version":null,"_elementor_pro_version":null,"_elementor_page_settings":null,"_elementor_data":null,"_elementor_conditions":null,"_elementor_popup_display_settings":null,"_edit_last":"2","_elementor_template_sub_type":null,"_elementor_controls_usage":null,"_elementor_screenshot":null,"_elementor_css":null,"_elementor_page_assets":[],"_elementor_element_cache":null,"_elementor_screenshot_failed":null,"_elementor_source":null,"_wp_old_date":null,"layout_key":"","post_slider_check_key":"0","_links":{"self":[{"href":"https:\/\/snoeck.de\/fr\/wp-json\/wp\/v2\/product\/3610","targetHints":{"allow":["GET"]}}],"collection":[{"href":"https:\/\/snoeck.de\/fr\/wp-json\/wp\/v2\/product"}],"about":[{"href":"https:\/\/snoeck.de\/fr\/wp-json\/wp\/v2\/types\/product"}],"wp:featuredmedia":[{"embeddable":true,"href":"https:\/\/snoeck.de\/fr\/wp-json\/wp\/v2\/media\/5023"}],"wp:attachment":[{"href":"https:\/\/snoeck.de\/fr\/wp-json\/wp\/v2\/media?parent=3610"}],"wp:term":[{"taxonomy":"product_brand","embeddable":true,"href":"https:\/\/snoeck.de\/fr\/wp-json\/wp\/v2\/product_brand?post=3610"},{"taxonomy":"product_cat","embeddable":true,"href":"https:\/\/snoeck.de\/fr\/wp-json\/wp\/v2\/product_cat?post=3610"},{"taxonomy":"product_tag","embeddable":true,"href":"https:\/\/snoeck.de\/fr\/wp-json\/wp\/v2\/product_tag?post=3610"}],"curies":[{"name":"wp","href":"https:\/\/api.w.org\/{rel}","templated":true}]}}