{"id":3611,"date":"2025-01-31T11:30:53","date_gmt":"2025-01-31T11:30:53","guid":{"rendered":"https:\/\/snoeck.process-vision.de\/shop\/hommage-a-georg-baselitz\/"},"modified":"2025-04-01T15:23:04","modified_gmt":"2025-04-01T15:23:04","slug":"hommage-a-georg-baselitz","status":"publish","type":"product","link":"https:\/\/snoeck.de\/fr\/shop\/hommage-a-georg-baselitz\/","title":{"rendered":"Hommage \u00e0 Georg Baselitz"},"content":{"rendered":"<h3>\"Je suis compl\u00e8tement d\u00e9raisonnable\"<\/h3>\n<p>C'est avec cette citation que le ZEIT du 18 janvier 2018 intitule son interview avec Georg Baselitz et \u00e9crit en pr\u00e9ambule que le peintre, qui f\u00eatera son quatre-vingti\u00e8me anniversaire le 23 janvier 2018, montre de la compr\u00e9hension pour Trump et l'AfD. Si l'on lit attentivement l'interview, on est surpris par cet effet de manche un peu grossier. Elle ne correspond pas non plus tout \u00e0 fait aux documentaires et reportages film\u00e9s que l'on a pu voir \u00e0 la t\u00e9l\u00e9vision ces derniers jours, o\u00f9 un homme plein d'humour, intelligent et fascinant s'approche des spectateurs. Il se d\u00e9crit presque avec d\u00e9lectation comme \"follement sentimental\" lorsqu'il s'agit de ses propres - anciens - travaux, et comme tr\u00e8s nerveux le soir d'une inauguration, lorsqu'il montre ses nouvelles \u0153uvres. L'\"Hommage \u00e0 Georg Baselitz\" de Siegfried Gohr, formul\u00e9 de mani\u00e8re analytique en suivant l'\u0153uvre et le parcours de son cr\u00e9ateur, arrive donc \u00e0 point nomm\u00e9 et para\u00eet \u00e0 l'occasion d'une ravissante exposition chez Contemporary Fine Arts \u00e0 Berlin. Le texte de Gohr offre un r\u00e9sum\u00e9 coh\u00e9rent et met en \u00e9vidence les r\u00e9alisations importantes pour l'histoire de l'art d'un artiste qui a toujours \u00e9t\u00e9 consid\u00e9r\u00e9 comme l'un des grands artistes allemands, mais qui, au vu des travaux de sa phase Remix, a r\u00e9cemment retrouv\u00e9 une grande pertinence actuelle. Siegfried Gohr nous le d\u00e9montre avec \u00e9l\u00e9gance dans son texte, dans lequel un vieux fauteuil en cuir joue un r\u00f4le tout aussi important que la marginalit\u00e9 que Baselitz s'est choisie et ses inventions picturales toujours nouvelles, souvent m\u00eame r\u00e9volutionnaires.<\/p>\n<p>Exposition :<br \/>\nCFA Contemporary Fine Arts, Berlin, 23\/1 - 3\/3\/2018<\/p>","protected":false},"excerpt":{"rendered":"<p>Catalogue d'exposition, Contemporary Fine Arts CFA Berlin, \u00e9d. Bruno Brunnet et Nicole Hackert<br \/>\nTexte (allemand) de Siegfried Gohr (traduction anglaise en encart)<br \/>\n64 p. avec 64 illustrations en couleur<br \/>\nformat 28 x 24 cm, couverture souple agraf\u00e9e<\/p>","protected":false},"featured_media":5024,"template":"","meta":[],"product_brand":[],"product_cat":[111,59,64,65],"product_tag":[],"class_list":{"0":"post-3611","1":"product","2":"type-product","3":"status-publish","4":"has-post-thumbnail","6":"product_cat-111","7":"product_cat-b","8":"product_cat-g","9":"product_cat-h","11":"first","12":"instock","13":"taxable","14":"shipping-taxable","15":"purchasable","16":"product-type-simple"},"aioseo_notices":[],"_wp_attached_file":null,"_wp_attachment_metadata":null,"_wc_attachment_source":null,"_elementor_inline_svg":null,"_elementor_is_screenshot":null,"_elementor_source_image_hash":null,"_source_url":null,"_wp_attachment_context":null,"_menu_item_type":null,"_menu_item_menu_item_parent":null,"_menu_item_object_id":null,"_menu_item_object":null,"_menu_item_target":null,"_menu_item_classes":null,"_menu_item_xfn":null,"_menu_item_url":null,"__elementor_forms_snapshot":null,"_unit":"","_unit_base":"","_unit_product":"","_unit_price_auto":"no","_unit_price_regular":"","_unit_price":"","_unit_price_sale":"","_sale_price_label":"","_sale_price_regular_label":"","_manufacturer_slug":"","_mini_desc":"","_defect_description":"","_safety_instructions":"","_allergen_ids":[],"_warranty_attachment_id":"","_safety_attachment_ids":[],"_min_age":"","_ts_gtin":"","_ts_mpn":"","_delivery_time_countries":[],"_free_shipping":"no","_service":"no","_photovoltaic_system":"no","_used_good":"no","_defective_copy":"no","_wireless_electronic_device":"no","_device_contains_power_supply":"no","_device_charging_supports_usb_pd":"no","_device_charging_watt_min":"0","_device_charging_watt_max":"0","_is_food":"no","_differential_taxation":"no","_gzd_version":"3.18.7","_hs_code":"","_customs_description":"","_manufacture_country":"0","_is_non_returnable":"no","_shipping_length":"","_shipping_width":"","_shipping_height":"","_sku":"ISBN 978-3-86442-243-0","_global_unique_id":"978-3-86442-243-0","_regular_price":"24.8","total_sales":"0","_tax_status":"taxable","_tax_class":"","_manage_stock":"no","_backorders":"no","_sold_individually":"no","_weight":"1","_virtual":"no","_downloadable":"no","_download_limit":"-1","_download_expiry":"-1","_stock":"","_stock_status":"instock","_wc_average_rating":"0","_wc_review_count":"0","_product_version":"9.7.1","_price":"24.8","shopengine_product_views_count":"3125","_thumbnail_id":"5024","_product_attributes":{"erscheinungsdatum":{"name":"Date de publication","value":"19.01.2018","position":0,"is_visible":1,"is_variation":0,"is_taxonomy":0,"checkout_visible":0}},"_nutrient_ids":[],"_upsell_ids":null,"pswc_subtitle":null,"_default_delivery_time":null,"_wp_desired_post_slug":null,"_isbn":null,"pageType":null,"isExternalUrl":null,"pageId":null,"externalUrl":null,"hideCookieBanner":null,"isTargetBlank":null,"isProviderCurrentWebsite":null,"isEmbeddingOnlyExternalResources":null,"legalBasis":null,"dataProcessingInCountries":null,"dataProcessingInCountriesSpecialTreatments":null,"technicalDefinitions":null,"googleConsentModeConsentTypes":null,"executePriority":null,"executeCodeOptInWhenNoTagManagerConsentIsGiven":null,"executeCodeOptOutWhenNoTagManagerConsentIsGiven":null,"deleteTechnicalDefinitionsAfterOptOut":null,"presetId":null,"presetVersion":null,"provider":null,"providerContactPhone":null,"providerContactEmail":null,"providerContactLink":null,"uniqueName":null,"providerPrivacyPolicyUrl":null,"providerLegalNoticeUrl":null,"codeOptIn":null,"codeOptOut":null,"codeOnPageLoad":null,"language_code":null,"shopengine_template__post_meta__type":null,"shopengine_template__post_meta":null,"shopengine_template__post_meta__edit_with":null,"origin":null,"_enabled":null,"_filters":null,"_layout":null,"_elementor_import_session_id":null,"_wp_trash_meta_status":null,"_wp_trash_meta_time":null,"_edit_lock":"1743520845:2","_elementor_floating_elements_type":null,"_elementor_edit_mode":null,"_elementor_template_type":null,"tc-thumb-fld":{"_thumb_id":5024,"_thumb_type":"thumb"},"_wp_page_template":"default","_elementor_version":null,"_elementor_pro_version":null,"_elementor_page_settings":null,"_elementor_data":null,"_elementor_conditions":null,"_elementor_popup_display_settings":null,"_edit_last":"2","_elementor_template_sub_type":null,"_elementor_controls_usage":null,"_elementor_screenshot":null,"_elementor_css":null,"_elementor_page_assets":[],"_elementor_element_cache":null,"_elementor_screenshot_failed":null,"_elementor_source":null,"_wp_old_date":null,"layout_key":"","post_slider_check_key":"0","_links":{"self":[{"href":"https:\/\/snoeck.de\/fr\/wp-json\/wp\/v2\/product\/3611","targetHints":{"allow":["GET"]}}],"collection":[{"href":"https:\/\/snoeck.de\/fr\/wp-json\/wp\/v2\/product"}],"about":[{"href":"https:\/\/snoeck.de\/fr\/wp-json\/wp\/v2\/types\/product"}],"wp:featuredmedia":[{"embeddable":true,"href":"https:\/\/snoeck.de\/fr\/wp-json\/wp\/v2\/media\/5024"}],"wp:attachment":[{"href":"https:\/\/snoeck.de\/fr\/wp-json\/wp\/v2\/media?parent=3611"}],"wp:term":[{"taxonomy":"product_brand","embeddable":true,"href":"https:\/\/snoeck.de\/fr\/wp-json\/wp\/v2\/product_brand?post=3611"},{"taxonomy":"product_cat","embeddable":true,"href":"https:\/\/snoeck.de\/fr\/wp-json\/wp\/v2\/product_cat?post=3611"},{"taxonomy":"product_tag","embeddable":true,"href":"https:\/\/snoeck.de\/fr\/wp-json\/wp\/v2\/product_tag?post=3611"}],"curies":[{"name":"wp","href":"https:\/\/api.w.org\/{rel}","templated":true}]}}