{"id":3613,"date":"2025-01-31T11:30:54","date_gmt":"2025-01-31T11:30:54","guid":{"rendered":"https:\/\/snoeck.process-vision.de\/shop\/hyper-a-journey-into-art-and-music\/"},"modified":"2025-04-01T15:07:34","modified_gmt":"2025-04-01T15:07:34","slug":"hyper-a-journey-into-art-and-music","status":"publish","type":"product","link":"https:\/\/snoeck.de\/fr\/shop\/hyper-a-journey-into-art-and-music\/","title":{"rendered":"HYPER ! Un voyage dans l'art et la musique"},"content":{"rendered":"<h3>Son, vision, film et un piano d\u00e9truit<\/h3>\n<p>Que se passe-t-il lorsque des musiciens* s'inspirent d'id\u00e9es et de strat\u00e9gies issues du monde de l'art ? Et quelles images apparaissent lorsque les peintres se laissent influencer par la musique ? S'int\u00e9resser \u00e0 la vie des autres, suivre l'inconnu, le copier, l'utiliser dans son propre travail - bref, pratiquer un cross-mapping entre les mondes de la musique et des arts plastiques, c'est ce dont il est question dans l'exposition et le catalogue HYPER ! A JOURNEY INTO ART AND MUSIC. Ce dernier rassemble des classiques tels que la pochette de disque pionni\u00e8re de Peter Saville pour le chef-d'\u0153uvre New Order \"Power, Corruption and Lies\" de 1983, ainsi que les images narratives et minimalistes d'Emil Schult, qui ont servi de mod\u00e8le \u00e0 la pochette de Kraftwerk \"Autobahn\" de 1974, ou encore l'installation 3D acclam\u00e9e de Cyprien Gaillard \"Night Life\" de 2015. L'influence de Richard Wagner sur l'\u0153uvre de l'artiste actionniste Christoph Schlingensief, d\u00e9c\u00e9d\u00e9 en 2010, est \u00e9galement abord\u00e9e, tout comme l'op\u00e9ra minute d'Alexander Kluge, compos\u00e9 sp\u00e9cialement pour l'occasion. Les influences r\u00e9ciproques entre la musique et l'art sont mises en lumi\u00e8re par les exemples d'Albert Oehlen et de Scooter, de Thomas Scheibitz et des Melvins ainsi que de Daniel Blumberg ou par les travaux photographiques et vid\u00e9o d'Andrea Stappert, Sven Marquardt et Andreas Gursky ; les travaux de The KLF, Mark Leckey et Bettina Pousttchi \u00e9largissent l'approche au documentaire. La coh\u00e9rence narrative du livre est assur\u00e9e par un grand nombre d'interviews de fond que Max Dax a men\u00e9es avec les protagonistes de HYPER ! depuis 30 ans.<br \/>\nDans le cadre de l'exposition HYPER ! aux Deichtorhallen de Hambourg, des pr\u00e9sentations musicales de Rosemarie Trockel et Thea Djordjaze, de Hans Ulrich Obrist et d'Albert Oehlen, entre autres, auront lieu \u00e0 l'Elbphilharmonie dans le cadre du \"Festival international de musique de Hambourg\" (du 27 avril au 29 mai 2019). Au total, plus de 40 artistes* et musiciens* internationaux participeront \u00e0 ce programme \u00e0 la fronti\u00e8re de l'art et de la musique.<\/p>\n<p>Personne interview\u00e9e :<br \/>\nKim Gordon, Alexander Kluge, Mark Leckey, Sven Marquardt, Michaela Meli\u00e1n, Olaf Nicolai, Albert Oehlen, Bettina Pousttchi, Daniel Richter, Peter Saville, Thomas Scheibitz, Bettina Scholz, Andrea Stappert, Britta Thie et bien d'autres.<\/p>\n<p>Exposition :<br \/>\nDeichtorhallen Hamburg, 1\/3 - 11\/8\/2019<\/p>","protected":false},"excerpt":{"rendered":"<p>Catalogue d'exposition, Deichtorhallen Hamburg, \u00e9d. par Max Dax et Dirk Luckow<br \/>\nNombreuses interviews d'artistes (en allemand) par Max Dax ainsi qu'un entretien entre Hans Ulrich Obrist et Max Dax, pr\u00e9face de Dirk Luckow<br \/>\n288 p. avec 650 illustrations en couleur<br \/>\nformat 28 x 24 cm, couverture souple<\/p>","protected":false},"featured_media":5026,"template":"","meta":[],"product_brand":[],"product_cat":[110,65,67,70],"product_tag":[],"class_list":{"0":"post-3613","1":"product","2":"type-product","3":"status-publish","4":"has-post-thumbnail","6":"product_cat-110","7":"product_cat-h","8":"product_cat-j","9":"product_cat-m","11":"first","12":"instock","13":"taxable","14":"shipping-taxable","15":"purchasable","16":"product-type-simple"},"aioseo_notices":[],"_wp_attached_file":null,"_wp_attachment_metadata":null,"_wc_attachment_source":null,"_elementor_inline_svg":null,"_elementor_is_screenshot":null,"_elementor_source_image_hash":null,"_source_url":null,"_wp_attachment_context":null,"_menu_item_type":null,"_menu_item_menu_item_parent":null,"_menu_item_object_id":null,"_menu_item_object":null,"_menu_item_target":null,"_menu_item_classes":null,"_menu_item_xfn":null,"_menu_item_url":null,"__elementor_forms_snapshot":null,"_unit":"","_unit_base":"","_unit_product":"","_unit_price_auto":"no","_unit_price_regular":"","_unit_price":"","_unit_price_sale":"","_sale_price_label":"","_sale_price_regular_label":"","_manufacturer_slug":"","_mini_desc":"","_defect_description":"","_safety_instructions":"","_allergen_ids":[],"_warranty_attachment_id":"","_safety_attachment_ids":[],"_min_age":"","_ts_gtin":"","_ts_mpn":"","_delivery_time_countries":[],"_free_shipping":"no","_service":"no","_photovoltaic_system":"no","_used_good":"no","_defective_copy":"no","_wireless_electronic_device":"no","_device_contains_power_supply":"no","_device_charging_supports_usb_pd":"no","_device_charging_watt_min":"0","_device_charging_watt_max":"0","_is_food":"no","_differential_taxation":"no","_gzd_version":"3.18.7","_hs_code":"","_customs_description":"","_manufacture_country":"0","_is_non_returnable":"no","_shipping_length":"","_shipping_width":"","_shipping_height":"","_sku":"ISBN 978-3-86442-283-6","_global_unique_id":"978-3-86442-283-6","_regular_price":"49.8","total_sales":"0","_tax_status":"taxable","_tax_class":"","_manage_stock":"no","_backorders":"no","_sold_individually":"no","_weight":"2","_virtual":"no","_downloadable":"no","_download_limit":"-1","_download_expiry":"-1","_stock":"","_stock_status":"instock","_wc_average_rating":"0","_wc_review_count":"0","_product_version":"9.7.1","_price":"49.8","shopengine_product_views_count":"3247","_thumbnail_id":"5026","_product_attributes":{"erscheinungsdatum":{"name":"Date de publication","value":"27.02.2019","position":0,"is_visible":1,"is_variation":0,"is_taxonomy":0,"checkout_visible":0}},"_nutrient_ids":[],"_upsell_ids":null,"pswc_subtitle":null,"_default_delivery_time":null,"_wp_desired_post_slug":null,"_isbn":null,"pageType":null,"isExternalUrl":null,"pageId":null,"externalUrl":null,"hideCookieBanner":null,"isTargetBlank":null,"isProviderCurrentWebsite":null,"isEmbeddingOnlyExternalResources":null,"legalBasis":null,"dataProcessingInCountries":null,"dataProcessingInCountriesSpecialTreatments":null,"technicalDefinitions":null,"googleConsentModeConsentTypes":null,"executePriority":null,"executeCodeOptInWhenNoTagManagerConsentIsGiven":null,"executeCodeOptOutWhenNoTagManagerConsentIsGiven":null,"deleteTechnicalDefinitionsAfterOptOut":null,"presetId":null,"presetVersion":null,"provider":null,"providerContactPhone":null,"providerContactEmail":null,"providerContactLink":null,"uniqueName":null,"providerPrivacyPolicyUrl":null,"providerLegalNoticeUrl":null,"codeOptIn":null,"codeOptOut":null,"codeOnPageLoad":null,"language_code":null,"shopengine_template__post_meta__type":null,"shopengine_template__post_meta":null,"shopengine_template__post_meta__edit_with":null,"origin":null,"_enabled":null,"_filters":null,"_layout":null,"_elementor_import_session_id":null,"_wp_trash_meta_status":null,"_wp_trash_meta_time":null,"_edit_lock":"1743608501:2","_elementor_floating_elements_type":null,"_elementor_edit_mode":null,"_elementor_template_type":null,"tc-thumb-fld":{"_thumb_id":5026,"_thumb_type":"thumb"},"_wp_page_template":"default","_elementor_version":null,"_elementor_pro_version":null,"_elementor_page_settings":null,"_elementor_data":null,"_elementor_conditions":null,"_elementor_popup_display_settings":null,"_edit_last":"2","_elementor_template_sub_type":null,"_elementor_controls_usage":null,"_elementor_screenshot":null,"_elementor_css":null,"_elementor_page_assets":[],"_elementor_element_cache":null,"_elementor_screenshot_failed":null,"_elementor_source":null,"_wp_old_date":null,"layout_key":"","post_slider_check_key":"0","_links":{"self":[{"href":"https:\/\/snoeck.de\/fr\/wp-json\/wp\/v2\/product\/3613","targetHints":{"allow":["GET"]}}],"collection":[{"href":"https:\/\/snoeck.de\/fr\/wp-json\/wp\/v2\/product"}],"about":[{"href":"https:\/\/snoeck.de\/fr\/wp-json\/wp\/v2\/types\/product"}],"wp:featuredmedia":[{"embeddable":true,"href":"https:\/\/snoeck.de\/fr\/wp-json\/wp\/v2\/media\/5026"}],"wp:attachment":[{"href":"https:\/\/snoeck.de\/fr\/wp-json\/wp\/v2\/media?parent=3613"}],"wp:term":[{"taxonomy":"product_brand","embeddable":true,"href":"https:\/\/snoeck.de\/fr\/wp-json\/wp\/v2\/product_brand?post=3613"},{"taxonomy":"product_cat","embeddable":true,"href":"https:\/\/snoeck.de\/fr\/wp-json\/wp\/v2\/product_cat?post=3613"},{"taxonomy":"product_tag","embeddable":true,"href":"https:\/\/snoeck.de\/fr\/wp-json\/wp\/v2\/product_tag?post=3613"}],"curies":[{"name":"wp","href":"https:\/\/api.w.org\/{rel}","templated":true}]}}