{"id":3614,"date":"2025-01-31T11:30:54","date_gmt":"2025-01-31T11:30:54","guid":{"rendered":"https:\/\/snoeck.process-vision.de\/shop\/i-hate-paul-klee\/"},"modified":"2025-04-01T14:33:00","modified_gmt":"2025-04-01T14:33:00","slug":"i-hate-paul-klee","status":"publish","type":"product","link":"https:\/\/snoeck.de\/fr\/shop\/i-hate-paul-klee\/","title":{"rendered":"Je d\u00e9teste Paul Klee"},"content":{"rendered":"<h3>Travaux sur papier et livres d'artistes de la collection Speck<\/h3>\n<p>C'est une collection tr\u00e8s particuli\u00e8re et exceptionnelle que Reiner Speck, m\u00e9decin, proustien et homme de lettres de Cologne, a rassembl\u00e9e en plus de 40 ans. La foule d'artistes rassembl\u00e9s est le Who's Who de l'historiographie de l'art moderne et contemporain. Et pourtant, malgr\u00e9 l'admiration du public pour une collection qui semble respirer l'esprit d'une biblioth\u00e8que, il y a quelque chose d'autre qui ressort, c'est une nuance qui irrite, touche et \u00e9tonne. Les \u0153uvres sur papier de Cy Twombly, avec leurs petits formats, sont incroyablement spectaculaires et denses, presque comme si elles voulaient faire oublier le vide des grandes toiles. Les \u0153uvres de Polke, F\u00f6rg, Herold, Kippenberger, Oehlen et Trockel semblent \u00e9galement agir comme une quintessence, sans \u00eatre grandiloquentes. En revanche, Klossowski, qui est d\u00e9sormais largement repr\u00e9sent\u00e9, est l'un des rares \u00e9crivains dessinateurs d'importance avec Proust - qui est pr\u00e9sent avec des miniatures d'\u00e0 peine dix centim\u00e8tres - et a d\u00e9couvert le grand format bien avant les photographes pour la r\u00e9alisation de ses fins dessins aux crayons de couleur, leurs obsessions finement \u00e9rotiques. Tout a donc sa place et son sens dans cette collection, et c'est \u00e0 juste titre que le volume qui vient enfin de voir le jour doit revendiquer, dans la longue s\u00e9rie des monographies de la collection, l'attribut du plus beau volume, de la mise en page r\u00e9ussie aux illustrations finement imprim\u00e9es d'\u0153uvres et de livres, du papier aux textes ; aucune autre publication n'a jusqu'\u00e0 pr\u00e9sent r\u00e9ussi \u00e0 respirer \u00e0 ce point l'esprit de cette collection et \u00e0 donner de l'importance \u00e0 une phrase jusqu'alors plut\u00f4t rat\u00e9e de ces derni\u00e8res ann\u00e9es : La modernit\u00e9 est notre antiquit\u00e9 ! Ce livre montre pourquoi !<\/p>\n<p>Exposition :<br \/>\nMus\u00e9e Leopold Hoesch D\u00fcren, 2\/10 - 20\/11\/2011<\/p>","protected":false},"excerpt":{"rendered":"<p>Catalogue d'exposition, Leopold-Hoesch-Museum D\u00fcren, \u00e9d. Renate Goldmann<br \/>\nTextes (all.\/ang.) de Robert Fleck, Kay Heymer, Reiner Speck, Ulrich Ernst<br \/>\n248 p. avec 350 illustrations en couleur<br \/>\nformat 30 x 21,5 cm, brochure \u00e0 rabats<\/p>","protected":false},"featured_media":5027,"template":"","meta":[],"product_brand":[],"product_cat":[107,65,66,68,73],"product_tag":[],"class_list":{"0":"post-3614","1":"product","2":"type-product","3":"status-publish","4":"has-post-thumbnail","6":"product_cat-107","7":"product_cat-h","8":"product_cat-i","9":"product_cat-k","10":"product_cat-p","12":"first","13":"instock","14":"taxable","15":"shipping-taxable","16":"purchasable","17":"product-type-simple"},"aioseo_notices":[],"_wp_attached_file":null,"_wp_attachment_metadata":null,"_wc_attachment_source":null,"_elementor_inline_svg":null,"_elementor_is_screenshot":null,"_elementor_source_image_hash":null,"_source_url":null,"_wp_attachment_context":null,"_menu_item_type":null,"_menu_item_menu_item_parent":null,"_menu_item_object_id":null,"_menu_item_object":null,"_menu_item_target":null,"_menu_item_classes":null,"_menu_item_xfn":null,"_menu_item_url":null,"__elementor_forms_snapshot":null,"_unit":"","_unit_base":"","_unit_product":"","_unit_price_auto":"no","_unit_price_regular":"","_unit_price":"","_unit_price_sale":"","_sale_price_label":"","_sale_price_regular_label":"","_manufacturer_slug":"","_mini_desc":"","_defect_description":"","_safety_instructions":"","_allergen_ids":[],"_warranty_attachment_id":"","_safety_attachment_ids":[],"_min_age":"","_ts_gtin":"","_ts_mpn":"","_delivery_time_countries":[],"_free_shipping":"no","_service":"no","_photovoltaic_system":"no","_used_good":"no","_defective_copy":"no","_wireless_electronic_device":"no","_device_contains_power_supply":"no","_device_charging_supports_usb_pd":"no","_device_charging_watt_min":"0","_device_charging_watt_max":"0","_is_food":"no","_differential_taxation":"no","_gzd_version":"3.18.7","_hs_code":"","_customs_description":"","_manufacture_country":"0","_is_non_returnable":"no","_shipping_length":"","_shipping_width":"","_shipping_height":"","_sku":"ISBN 978-3-940953-94-0","_global_unique_id":"978-3-940953-94-0","_regular_price":"58","total_sales":"0","_tax_status":"taxable","_tax_class":"","_manage_stock":"no","_backorders":"no","_sold_individually":"no","_weight":"2","_virtual":"no","_downloadable":"no","_download_limit":"-1","_download_expiry":"-1","_stock":"","_stock_status":"instock","_wc_average_rating":"0","_wc_review_count":"0","_product_version":"9.7.1","_price":"58","shopengine_product_views_count":"3806","_thumbnail_id":"5027","_product_attributes":{"erscheinungsdatum":{"name":"Date de publication","value":"02.10.2011","position":0,"is_visible":1,"is_variation":0,"is_taxonomy":0,"checkout_visible":0}},"_nutrient_ids":[],"_upsell_ids":null,"pswc_subtitle":null,"_default_delivery_time":null,"_wp_desired_post_slug":null,"_isbn":null,"pageType":null,"isExternalUrl":null,"pageId":null,"externalUrl":null,"hideCookieBanner":null,"isTargetBlank":null,"isProviderCurrentWebsite":null,"isEmbeddingOnlyExternalResources":null,"legalBasis":null,"dataProcessingInCountries":null,"dataProcessingInCountriesSpecialTreatments":null,"technicalDefinitions":null,"googleConsentModeConsentTypes":null,"executePriority":null,"executeCodeOptInWhenNoTagManagerConsentIsGiven":null,"executeCodeOptOutWhenNoTagManagerConsentIsGiven":null,"deleteTechnicalDefinitionsAfterOptOut":null,"presetId":null,"presetVersion":null,"provider":null,"providerContactPhone":null,"providerContactEmail":null,"providerContactLink":null,"uniqueName":null,"providerPrivacyPolicyUrl":null,"providerLegalNoticeUrl":null,"codeOptIn":null,"codeOptOut":null,"codeOnPageLoad":null,"language_code":null,"shopengine_template__post_meta__type":null,"shopengine_template__post_meta":null,"shopengine_template__post_meta__edit_with":null,"origin":null,"_enabled":null,"_filters":null,"_layout":null,"_elementor_import_session_id":null,"_wp_trash_meta_status":null,"_wp_trash_meta_time":null,"_edit_lock":"1743519736:2","_elementor_floating_elements_type":null,"_elementor_edit_mode":null,"_elementor_template_type":null,"tc-thumb-fld":{"_thumb_id":5027,"_thumb_type":"thumb"},"_wp_page_template":"default","_elementor_version":null,"_elementor_pro_version":null,"_elementor_page_settings":null,"_elementor_data":null,"_elementor_conditions":null,"_elementor_popup_display_settings":null,"_edit_last":"2","_elementor_template_sub_type":null,"_elementor_controls_usage":null,"_elementor_screenshot":null,"_elementor_css":null,"_elementor_page_assets":[],"_elementor_element_cache":null,"_elementor_screenshot_failed":null,"_elementor_source":null,"_wp_old_date":null,"layout_key":"","post_slider_check_key":"0","_links":{"self":[{"href":"https:\/\/snoeck.de\/fr\/wp-json\/wp\/v2\/product\/3614","targetHints":{"allow":["GET"]}}],"collection":[{"href":"https:\/\/snoeck.de\/fr\/wp-json\/wp\/v2\/product"}],"about":[{"href":"https:\/\/snoeck.de\/fr\/wp-json\/wp\/v2\/types\/product"}],"wp:featuredmedia":[{"embeddable":true,"href":"https:\/\/snoeck.de\/fr\/wp-json\/wp\/v2\/media\/5027"}],"wp:attachment":[{"href":"https:\/\/snoeck.de\/fr\/wp-json\/wp\/v2\/media?parent=3614"}],"wp:term":[{"taxonomy":"product_brand","embeddable":true,"href":"https:\/\/snoeck.de\/fr\/wp-json\/wp\/v2\/product_brand?post=3614"},{"taxonomy":"product_cat","embeddable":true,"href":"https:\/\/snoeck.de\/fr\/wp-json\/wp\/v2\/product_cat?post=3614"},{"taxonomy":"product_tag","embeddable":true,"href":"https:\/\/snoeck.de\/fr\/wp-json\/wp\/v2\/product_tag?post=3614"}],"curies":[{"name":"wp","href":"https:\/\/api.w.org\/{rel}","templated":true}]}}