{"id":3616,"date":"2025-01-31T11:30:55","date_gmt":"2025-01-31T11:30:55","guid":{"rendered":"https:\/\/snoeck.process-vision.de\/shop\/leiko-ikemura-momstars\/"},"modified":"2025-04-01T14:31:17","modified_gmt":"2025-04-01T14:31:17","slug":"leiko-ikemura-momstars","status":"publish","type":"product","link":"https:\/\/snoeck.de\/fr\/shop\/leiko-ikemura-momstars\/","title":{"rendered":"Leiko Ikemura : Momstars"},"content":{"rendered":"<h3>MONSTER ... MOMS ... MOMSTERS ... ou plut\u00f4t MOMSTARS !<\/h3>\n<p>Avec son univers pictural expressif et combatif, Leiko Ikemura, n\u00e9e \u00e0 Tsu au Japon, a fait sensation pour la premi\u00e8re fois dans les ann\u00e9es 1980 dans le milieu des Nouveaux Fauves. Elle est aujourd'hui c\u00e9l\u00e8bre au niveau international pour ses jeunes filles flottant dans des mondes interm\u00e9diaires et ses paysages cosmiques peupl\u00e9s de cr\u00e9atures hybrides fabuleuses, comme on a pu le voir lors d'expositions au Kunstmuseum de B\u00e2le ou au National Art Center de Tokyo. Au Japon, elle est c\u00e9l\u00e9br\u00e9e comme une artiste qui, pr\u00e9cis\u00e9ment gr\u00e2ce \u00e0 une immersion cons\u00e9quente dans l'art occidental, est devenue de plus en plus consciente de ses origines culturelles et a trouv\u00e9 une synth\u00e8se unique des deux cultures. Chez CFA Contemporary Fine Arts \u00e0 Berlin, elle occupe d\u00e9sormais les deux \u00e9tages de la galerie pour pr\u00e9senter des \u0153uvres de toutes ses p\u00e9riodes de cr\u00e9ation, jusqu'aux sculptures les plus r\u00e9centes. Leiko Ikemura a d'abord \u00e9tudi\u00e9 la litt\u00e9rature \u00e0 Osaka et en Espagne, avant de suivre des cours de peinture \u00e0 l'Escuela Superior de Bellas Artes de S\u00e9ville vers 1973. Elle a ensuite v\u00e9cu \u00e0 Zurich, \u00e0 Cologne depuis les ann\u00e9es 1980 et, depuis la chute du Mur, \u00e0 Berlin, o\u00f9 elle \u00e9tait professeur de peinture \u00e0 l'Universit\u00e9 des Arts depuis 1991. Dans son article, Ana\u00ebl Pigeat \u00e9crit que l'artiste habite toujours, comme le chat en elle, dans ce lieu o\u00f9 l'histoire se ressent dans la rue, sur l'ext\u00e9rieur des murs et dans le comportement des passants. Dans une ville mall\u00e9able en perp\u00e9tuelle transition, dont les g\u00e9ographies actuelles n'ont plus rien \u00e0 voir avec celles de son \u00e9poque d'arriv\u00e9e. Une ville o\u00f9 la politique se voit dans la rue, \u00e0 l'image de son travail : d'une forme \u00e0 l'autre.<\/p>\n<p>Exposition :<br \/>\nCFA Contemporary Fine Arts Berlin, 16\/3 - 20\/4\/2024<\/p>","protected":false},"excerpt":{"rendered":"<p>Catalogue d'exposition, Contemporary Fine Arts CFA Berlin, \u00e9d. Bruno Brunnet et Nicole Hackert<br \/>\nTexte (fran\u00e7ais\/allemand\/anglais) d'Ana\u00ebl Piaget<br \/>\n56 p. avec 30 illustrations en couleur<br \/>\nformat 28 x 20 cm, brochure \u00e0 rabats en carton miroir avec s\u00e9rigraphie<\/p>","protected":false},"featured_media":5029,"template":"","meta":[],"product_brand":[],"product_cat":[88,66],"product_tag":[],"class_list":{"0":"post-3616","1":"product","2":"type-product","3":"status-publish","4":"has-post-thumbnail","6":"product_cat-88","7":"product_cat-i","9":"first","10":"instock","11":"taxable","12":"shipping-taxable","13":"purchasable","14":"product-type-simple"},"aioseo_notices":[],"_wp_attached_file":null,"_wp_attachment_metadata":null,"_wc_attachment_source":null,"_elementor_inline_svg":null,"_elementor_is_screenshot":null,"_elementor_source_image_hash":null,"_source_url":null,"_wp_attachment_context":null,"_menu_item_type":null,"_menu_item_menu_item_parent":null,"_menu_item_object_id":null,"_menu_item_object":null,"_menu_item_target":null,"_menu_item_classes":null,"_menu_item_xfn":null,"_menu_item_url":null,"__elementor_forms_snapshot":null,"_unit":"","_unit_base":"","_unit_product":"","_unit_price_auto":"no","_unit_price_regular":"","_unit_price":"","_unit_price_sale":"","_sale_price_label":"","_sale_price_regular_label":"","_manufacturer_slug":"","_mini_desc":"","_defect_description":"","_safety_instructions":"","_allergen_ids":[],"_warranty_attachment_id":"","_safety_attachment_ids":[],"_min_age":"","_ts_gtin":"","_ts_mpn":"","_delivery_time_countries":[],"_free_shipping":"no","_service":"no","_photovoltaic_system":"no","_used_good":"no","_defective_copy":"no","_wireless_electronic_device":"no","_device_contains_power_supply":"no","_device_charging_supports_usb_pd":"no","_device_charging_watt_min":"0","_device_charging_watt_max":"0","_is_food":"no","_differential_taxation":"no","_gzd_version":"3.18.7","_hs_code":"","_customs_description":"","_manufacture_country":"0","_is_non_returnable":"no","_shipping_length":"","_shipping_width":"","_shipping_height":"","_sku":"ISBN 978-3-86442-435-9","_global_unique_id":"978-3-86442-435-9","_regular_price":"29.8","total_sales":"0","_tax_status":"taxable","_tax_class":"","_manage_stock":"no","_backorders":"no","_sold_individually":"no","_weight":"1","_virtual":"no","_downloadable":"no","_download_limit":"-1","_download_expiry":"-1","_stock":"","_stock_status":"instock","_wc_average_rating":"0","_wc_review_count":"0","_product_version":"9.7.1","_price":"29.8","shopengine_product_views_count":"2841","_thumbnail_id":"5029","_product_attributes":{"erscheinungsdatum":{"name":"Date de publication","value":"13.03.2024","position":0,"is_visible":1,"is_variation":0,"is_taxonomy":0,"checkout_visible":0}},"_nutrient_ids":[],"_upsell_ids":null,"pswc_subtitle":null,"_default_delivery_time":null,"_wp_desired_post_slug":null,"_isbn":null,"pageType":null,"isExternalUrl":null,"pageId":null,"externalUrl":null,"hideCookieBanner":null,"isTargetBlank":null,"isProviderCurrentWebsite":null,"isEmbeddingOnlyExternalResources":null,"legalBasis":null,"dataProcessingInCountries":null,"dataProcessingInCountriesSpecialTreatments":null,"technicalDefinitions":null,"googleConsentModeConsentTypes":null,"executePriority":null,"executeCodeOptInWhenNoTagManagerConsentIsGiven":null,"executeCodeOptOutWhenNoTagManagerConsentIsGiven":null,"deleteTechnicalDefinitionsAfterOptOut":null,"presetId":null,"presetVersion":null,"provider":null,"providerContactPhone":null,"providerContactEmail":null,"providerContactLink":null,"uniqueName":null,"providerPrivacyPolicyUrl":null,"providerLegalNoticeUrl":null,"codeOptIn":null,"codeOptOut":null,"codeOnPageLoad":null,"language_code":null,"shopengine_template__post_meta__type":null,"shopengine_template__post_meta":null,"shopengine_template__post_meta__edit_with":null,"origin":null,"_enabled":null,"_filters":null,"_layout":null,"_elementor_import_session_id":null,"_wp_trash_meta_status":null,"_wp_trash_meta_time":null,"_edit_lock":"1743517738:2","_elementor_floating_elements_type":null,"_elementor_edit_mode":null,"_elementor_template_type":null,"tc-thumb-fld":{"_thumb_id":5029,"_thumb_type":"thumb"},"_wp_page_template":"default","_elementor_version":null,"_elementor_pro_version":null,"_elementor_page_settings":null,"_elementor_data":null,"_elementor_conditions":null,"_elementor_popup_display_settings":null,"_edit_last":"2","_elementor_template_sub_type":null,"_elementor_controls_usage":null,"_elementor_screenshot":null,"_elementor_css":null,"_elementor_page_assets":[],"_elementor_element_cache":null,"_elementor_screenshot_failed":null,"_elementor_source":null,"_wp_old_date":null,"layout_key":"","post_slider_check_key":"0","_links":{"self":[{"href":"https:\/\/snoeck.de\/fr\/wp-json\/wp\/v2\/product\/3616","targetHints":{"allow":["GET"]}}],"collection":[{"href":"https:\/\/snoeck.de\/fr\/wp-json\/wp\/v2\/product"}],"about":[{"href":"https:\/\/snoeck.de\/fr\/wp-json\/wp\/v2\/types\/product"}],"wp:featuredmedia":[{"embeddable":true,"href":"https:\/\/snoeck.de\/fr\/wp-json\/wp\/v2\/media\/5029"}],"wp:attachment":[{"href":"https:\/\/snoeck.de\/fr\/wp-json\/wp\/v2\/media?parent=3616"}],"wp:term":[{"taxonomy":"product_brand","embeddable":true,"href":"https:\/\/snoeck.de\/fr\/wp-json\/wp\/v2\/product_brand?post=3616"},{"taxonomy":"product_cat","embeddable":true,"href":"https:\/\/snoeck.de\/fr\/wp-json\/wp\/v2\/product_cat?post=3616"},{"taxonomy":"product_tag","embeddable":true,"href":"https:\/\/snoeck.de\/fr\/wp-json\/wp\/v2\/product_tag?post=3616"}],"curies":[{"name":"wp","href":"https:\/\/api.w.org\/{rel}","templated":true}]}}