{"id":3617,"date":"2025-01-31T11:30:56","date_gmt":"2025-01-31T11:30:56","guid":{"rendered":"https:\/\/snoeck.process-vision.de\/shop\/immer-anders-immer-gleich-ein-versuch-ueber-kunst-und-systeme\/"},"modified":"2025-04-01T14:22:21","modified_gmt":"2025-04-01T14:22:21","slug":"immer-anders-immer-gleich-ein-versuch-ueber-kunst-und-systeme","status":"publish","type":"product","link":"https:\/\/snoeck.de\/fr\/shop\/immer-anders-immer-gleich-ein-versuch-ueber-kunst-und-systeme\/","title":{"rendered":"Toujours diff\u00e9rent, toujours le m\u00eame. Un essai sur l'art et les syst\u00e8mes \/ Always Different, Always the Same. Un essai sur l'art et les syst\u00e8mes"},"content":{"rendered":"<h3>Qu'est-ce que le minimal ?<\/h3>\n<p>Dans les ann\u00e9es 1960, le monde de l'art s'int\u00e9ressait de plus en plus aux syst\u00e8mes. Cela s'est produit parall\u00e8lement aux bouleversements sociaux et \u00e0 la critique fondamentale du syst\u00e8me du mouvement de 1968. Du point de vue actuel, les progr\u00e8s technologiques ont eu des cons\u00e9quences particuli\u00e8rement importantes. Le d\u00e9veloppement de la cybern\u00e9tique, des r\u00e9seaux de communication et des syst\u00e8mes informatiques a permis une mise en r\u00e9seau \u00e9tendue et un traitement performant des donn\u00e9es, faisant de l'\u00e9change d'informations un facteur social et \u00e9conomique important. L'exposition et la publication consid\u00e8rent l'art des ann\u00e9es 1960 et du d\u00e9but des ann\u00e9es 1970 sous les aspects de la pens\u00e9e syst\u00e9mique et le con\u00e7oivent comme une communication et une critique du syst\u00e8me. Ce sont surtout les \u0153uvres de l'art minimal et de l'art conceptuel qui se sont pench\u00e9es sur les principes du syst\u00e8me de communication linguistique et, ce faisant, sur la diff\u00e9rence et la r\u00e9p\u00e9tition. Le caract\u00e8re de signe, la s\u00e9rialit\u00e9, la r\u00e9gularit\u00e9 ainsi que la contextualisation de l'environnement architectural et institutionnel \u00e9taient d'autres caract\u00e9ristiques importantes. Les \u0153uvres reprenaient les principes de la pens\u00e9e syst\u00e9mique sur le plan formel et les mettaient en d\u00e9bat sur le plan du contenu. Les observateurs devaient prendre eux-m\u00eames leurs positions, aussi bien spatialement que mentalement, et devenaient ainsi une partie d\u00e9terminante des \u0153uvres. Cinquante ans plus tard, la pens\u00e9e syst\u00e9mique est plus efficace que jamais et la num\u00e9risation l'a rendue incontournable pour la compr\u00e9hension des soci\u00e9t\u00e9s industrielles. Les syst\u00e8mes complexes mettent en r\u00e9seau les connaissances, \u00e9valuent les donn\u00e9es, g\u00e8rent les flux d'informations et d\u00e9terminent les processus de d\u00e9cision et de production. Ils constituent notre environnement, dans lequel nous recherchons avant tout la compatibilit\u00e9 des syst\u00e8mes, la disponibilit\u00e9 et la port\u00e9e. L'exposition et la publication pr\u00e9sentent des \u0153uvres repr\u00e9sentatives des ann\u00e9es 1960 et 1970, accompagn\u00e9es d'\u0153uvres d'art contemporain, qui traitent de questions aujourd'hui importantes pour le syst\u00e8me, \u00e0 savoir la nature des processus, le traitement des donn\u00e9es, la distorsion de l'information et la compatibilit\u00e9 des syst\u00e8mes. Pour ces artistes contemporains, les syst\u00e8mes num\u00e9riques et les logiciels font partie de leurs outils, tout comme les principes de la pens\u00e9e syst\u00e9mique. Ces deux \u00e9l\u00e9ments influencent et orientent leurs d\u00e9cisions en mati\u00e8re de forme et de contenu lorsqu'ils cr\u00e9ent des \u0153uvres. Souvent, ils th\u00e9matisent justement cette d\u00e9pendance aux syst\u00e8mes et aux codes et rendent ainsi visibles leurs modes de fonctionnement. Le livre et l'exposition \"Toujours diff\u00e9rent, toujours pareil\" constituent eux-m\u00eames un syst\u00e8me de r\u00e9f\u00e9rence ouvert \u00e0 l'histoire de l'art et \u00e9tablissent de multiples relations entre les diff\u00e9rentes \u0153uvres d'art et d\u00e9cennies. Des th\u00e8mes importants autour de la relation entre le sujet, l'objet, la perception et l'environnement deviennent ainsi perceptibles par les sens : toujours diff\u00e9rents et pourtant toujours identiques.<\/p>\n<p>Artistes* :<br \/>\n!Mediengruppe Bitnik, Carl Andre, Art &amp; Language, John Baldessari, Walead Beshty, Stanley Brouwn, Peter Buggenhout, Angela Bulloch, Hanne Darboven, Matias Faldbakken, Corsin Fontana, Wade Guyton, Bethan Huws, Iman Issa, Donald Judd, On Kawara, Yves Klein, Sol LeWitt, Piero Manzoni, Robert Morris, Charlotte Prodger, Ad Reinhardt, Michael Riedel, Robert Ryman, Jan Schoonhoven, Frank Stella, Sturtevant, R\u00e9my Zaugg<\/p>\n<p>Exposition :<br \/>\nMus\u00e9e d'art des Grisons Coire, 30\/6 - 11\/11\/2018<\/p>","protected":false},"excerpt":{"rendered":"<p>Catalogue d'exposition, B\u00fcndner Kunstmuseum Chur, \u00e9d. par Lynn Kost<br \/>\nTextes (all.\/ang.) de Walead Beshty, Francis Halsall, Lynn Kost, Stephan Kunz, Dieter Schwarz ainsi qu'un glossaire d\u00e9taill\u00e9<br \/>\n240 p. avec 150 illustrations en couleur<br \/>\nformat 27 x 21 cm, couverture souple avec jaquette<\/p>","protected":false},"featured_media":5030,"template":"","meta":[],"product_brand":[],"product_cat":[111,58,62,64,66,75],"product_tag":[],"class_list":{"0":"post-3617","1":"product","2":"type-product","3":"status-publish","4":"has-post-thumbnail","6":"product_cat-111","7":"product_cat-a","8":"product_cat-e","9":"product_cat-g","10":"product_cat-i","11":"product_cat-r","13":"first","14":"instock","15":"taxable","16":"shipping-taxable","17":"purchasable","18":"product-type-simple"},"aioseo_notices":[],"_wp_attached_file":null,"_wp_attachment_metadata":null,"_wc_attachment_source":null,"_elementor_inline_svg":null,"_elementor_is_screenshot":null,"_elementor_source_image_hash":null,"_source_url":null,"_wp_attachment_context":null,"_menu_item_type":null,"_menu_item_menu_item_parent":null,"_menu_item_object_id":null,"_menu_item_object":null,"_menu_item_target":null,"_menu_item_classes":null,"_menu_item_xfn":null,"_menu_item_url":null,"__elementor_forms_snapshot":null,"_unit":"","_unit_base":"","_unit_product":"","_unit_price_auto":"no","_unit_price_regular":"","_unit_price":"","_unit_price_sale":"","_sale_price_label":"","_sale_price_regular_label":"","_manufacturer_slug":"","_mini_desc":"","_defect_description":"","_safety_instructions":"","_allergen_ids":[],"_warranty_attachment_id":"","_safety_attachment_ids":[],"_min_age":"","_ts_gtin":"","_ts_mpn":"","_delivery_time_countries":[],"_free_shipping":"no","_service":"no","_photovoltaic_system":"no","_used_good":"no","_defective_copy":"no","_wireless_electronic_device":"no","_device_contains_power_supply":"no","_device_charging_supports_usb_pd":"no","_device_charging_watt_min":"0","_device_charging_watt_max":"0","_is_food":"no","_differential_taxation":"no","_gzd_version":"3.18.7","_hs_code":"","_customs_description":"","_manufacture_country":"0","_is_non_returnable":"no","_shipping_length":"","_shipping_width":"","_shipping_height":"","_sku":"ISBN :978-3-86442-255-3","_global_unique_id":"978-3-86442-255-3","_regular_price":"48","total_sales":"0","_tax_status":"taxable","_tax_class":"","_manage_stock":"no","_backorders":"no","_sold_individually":"no","_weight":"2","_virtual":"no","_downloadable":"no","_download_limit":"-1","_download_expiry":"-1","_stock":"","_stock_status":"instock","_wc_average_rating":"0","_wc_review_count":"0","_product_version":"9.7.1","_price":"48","shopengine_product_views_count":"2479","_thumbnail_id":"5030","_product_attributes":{"erscheinungsdatum":{"name":"Erscheinungsdatum","value":"18.10.2018","position":0,"is_visible":1,"is_variation":0,"is_taxonomy":0,"checkout_visible":0}},"_nutrient_ids":[],"_upsell_ids":null,"pswc_subtitle":null,"_default_delivery_time":null,"_wp_desired_post_slug":null,"_isbn":null,"pageType":null,"isExternalUrl":null,"pageId":null,"externalUrl":null,"hideCookieBanner":null,"isTargetBlank":null,"isProviderCurrentWebsite":null,"isEmbeddingOnlyExternalResources":null,"legalBasis":null,"dataProcessingInCountries":null,"dataProcessingInCountriesSpecialTreatments":null,"technicalDefinitions":null,"googleConsentModeConsentTypes":null,"executePriority":null,"executeCodeOptInWhenNoTagManagerConsentIsGiven":null,"executeCodeOptOutWhenNoTagManagerConsentIsGiven":null,"deleteTechnicalDefinitionsAfterOptOut":null,"presetId":null,"presetVersion":null,"provider":null,"providerContactPhone":null,"providerContactEmail":null,"providerContactLink":null,"uniqueName":null,"providerPrivacyPolicyUrl":null,"providerLegalNoticeUrl":null,"codeOptIn":null,"codeOptOut":null,"codeOnPageLoad":null,"language_code":null,"shopengine_template__post_meta__type":null,"shopengine_template__post_meta":null,"shopengine_template__post_meta__edit_with":null,"origin":null,"_enabled":null,"_filters":null,"_layout":null,"_elementor_import_session_id":null,"_wp_trash_meta_status":null,"_wp_trash_meta_time":null,"_edit_lock":"1743517202:2","_elementor_floating_elements_type":null,"_elementor_edit_mode":null,"_elementor_template_type":null,"tc-thumb-fld":{"_thumb_id":5030,"_thumb_type":"thumb"},"_wp_page_template":"default","_elementor_version":null,"_elementor_pro_version":null,"_elementor_page_settings":null,"_elementor_data":null,"_elementor_conditions":null,"_elementor_popup_display_settings":null,"_edit_last":"2","_elementor_template_sub_type":null,"_elementor_controls_usage":null,"_elementor_screenshot":null,"_elementor_css":null,"_elementor_page_assets":[],"_elementor_element_cache":null,"_elementor_screenshot_failed":null,"_elementor_source":null,"_wp_old_date":null,"layout_key":"","post_slider_check_key":"0","_links":{"self":[{"href":"https:\/\/snoeck.de\/fr\/wp-json\/wp\/v2\/product\/3617","targetHints":{"allow":["GET"]}}],"collection":[{"href":"https:\/\/snoeck.de\/fr\/wp-json\/wp\/v2\/product"}],"about":[{"href":"https:\/\/snoeck.de\/fr\/wp-json\/wp\/v2\/types\/product"}],"wp:featuredmedia":[{"embeddable":true,"href":"https:\/\/snoeck.de\/fr\/wp-json\/wp\/v2\/media\/5030"}],"wp:attachment":[{"href":"https:\/\/snoeck.de\/fr\/wp-json\/wp\/v2\/media?parent=3617"}],"wp:term":[{"taxonomy":"product_brand","embeddable":true,"href":"https:\/\/snoeck.de\/fr\/wp-json\/wp\/v2\/product_brand?post=3617"},{"taxonomy":"product_cat","embeddable":true,"href":"https:\/\/snoeck.de\/fr\/wp-json\/wp\/v2\/product_cat?post=3617"},{"taxonomy":"product_tag","embeddable":true,"href":"https:\/\/snoeck.de\/fr\/wp-json\/wp\/v2\/product_tag?post=3617"}],"curies":[{"name":"wp","href":"https:\/\/api.w.org\/{rel}","templated":true}]}}