{"id":3618,"date":"2025-01-31T11:30:56","date_gmt":"2025-01-31T11:30:56","guid":{"rendered":"https:\/\/snoeck.process-vision.de\/shop\/in-the-heart-of-another-country-erzaehlungen-aus-der-diaspora-werke-aus-der-sharjah-art-foundation-collection\/"},"modified":"2025-04-01T14:17:46","modified_gmt":"2025-04-01T14:17:46","slug":"in-the-heart-of-another-country-erzaehlungen-aus-der-diaspora-werke-aus-der-sharjah-art-foundation-collection","status":"publish","type":"product","link":"https:\/\/snoeck.de\/fr\/shop\/in-the-heart-of-another-country-erzaehlungen-aus-der-diaspora-werke-aus-der-sharjah-art-foundation-collection\/","title":{"rendered":"In the Heart of Another Country - R\u00e9cits de la diaspora - Oeuvres de la Sharjah Art Foundation Collection"},"content":{"rendered":"<h3>R\u00e9cits de la diaspora<\/h3>\n<p>\"In the Heart of Another Country\" explore la notion de patrie en tant que sentiment de nostalgie et d'appartenance d'artistes de diff\u00e9rents groupes de la diaspora. L'exposition et le livre se consacrent \u00e0 la question de savoir de quelle mani\u00e8re le mouvement physique - la mobilit\u00e9 par-del\u00e0 les fronti\u00e8res - a fa\u00e7onn\u00e9 les conditions g\u00e9n\u00e9rales de la cr\u00e9ation artistique contemporaine internationale. Sur leurs routes migratoires, les artistes ont travers\u00e9 l'Asie du Sud et de l'Ouest, l'Afrique et les Cara\u00efbes. La plupart d'entre eux vivent aujourd'hui dispers\u00e9s dans le monde entier, loin des lieux auxquels ils avaient initialement le sentiment d'appartenir. Avec 150 \u0153uvres d'art provenant de la collection internationale de la Sharjah Art Foundation, EAU, \"In the Heart of Another Country\" pr\u00e9sente le travail de plus de 60 artistes de toutes les disciplines artistiques. Nombre de ces \u0153uvres ont rarement ou jamais \u00e9t\u00e9 expos\u00e9es en dehors de leur contexte d'origine. Les pi\u00e8ces expos\u00e9es vont d'installations fra\u00eechement restaur\u00e9es \u00e0 de nouvelles acquisitions r\u00e9centes, reli\u00e9es par un r\u00e9cit commun d'appartenance - souvent sur fond de troubles politiques et de conflits sociaux. \"In the Heart of Another Country\" symbolise l'objectif de la Sharjah Art Foundation de pr\u00e9senter, \u00e0 travers sa collection, un art qui postule des alliances Est-Est et Sud-Sud et de les r\u00e9unir \u00e0 un point d'intersection afin de cr\u00e9er une base fructueuse pour une histoire de l'art polyphonique et inclusive.<\/p>\n<p>Artistes* :<br \/>\nBani Abidi, Sarah Abu Abdallah, Etel Adnan, Latif Al Ani, Khadim Ali, Halil Altindere, Minam Apang, Rasheed Araeen, Thuraya Al Baqsami, Shiraz Bayjoo, Semiha Berksoy, Huma Bhabha, Huguette Caland, CAMP, Tony Chakar, Saloua Raouda Choucair, Tiffany Chung, Monir Shahroudy Farmanfarmaian, Simone Fattal, Marcos Grigorian, Abbas Habiballa, Joana Hadjithomas &amp; Khalil Joreige, Rokni Haerizadeh, Taloi Havini, Susan Hefuna, Adam Henein, Lubaina Himid, Emily Jacir, Hayv Kahraman, Ali Kazim, Amal Kenawy, Aisha Khalid, Anuar Khalifi, David Koloane, Farideh Lashai, Tala Madani, Taus Makhacheva, Jumana Manna, Marwan, Ibrahim Massouda, Ahmed Mater, Ahmed Morsi, Fateh Moudarres, Michael Rakowitz, Marwan Rechmaoui, Ibrahim El-Salahi, Mohan Samant, Hrair Sarkissian, Hassan Sharif, Wael Shawky, Anwar Jalal Shemza, Ahmed Shibrain, Shahzia Sikander, Rayyane Tabet, Richard Lokiden Wani, Nari Ward, Lionel Wendt, Kamal Youssef, Akram Zaatari<\/p>\n<p>Exposition :<br \/>\nDeichtorhallen Hambourg, 28\/10\/2022 - 14\/3\/2023<\/p>\n<p>&nbsp;<\/p>","protected":false},"excerpt":{"rendered":"<p>Catalogue d'exposition, Deichtorhallen Hamburg, Sharjah Art Foundation, \u00e9d. par Omar Kholeif<br \/>\nTextes (all.\/ang.) d'Omar Kholeif, pr\u00e9face de Dirk Luckow, Hoor Al Qasimi, postface de Nawar Al Qassimi, entretien de Sofia Victorino avec Bani Abidi, Lubaina Himid, Hrair Sarkissian<br \/>\n320 p. avec 235 illustrations en couleur<br \/>\nformat 24 x 21 cm, couverture rigide avec ruban de lecture<\/p>","protected":false},"featured_media":5031,"template":"","meta":[],"product_brand":[],"product_cat":[86,58,60,65,66],"product_tag":[],"class_list":{"0":"post-3618","1":"product","2":"type-product","3":"status-publish","4":"has-post-thumbnail","6":"product_cat-86","7":"product_cat-a","8":"product_cat-c","9":"product_cat-h","10":"product_cat-i","12":"first","13":"instock","14":"taxable","15":"shipping-taxable","16":"purchasable","17":"product-type-simple"},"aioseo_notices":[],"_wp_attached_file":null,"_wp_attachment_metadata":null,"_wc_attachment_source":null,"_elementor_inline_svg":null,"_elementor_is_screenshot":null,"_elementor_source_image_hash":null,"_source_url":null,"_wp_attachment_context":null,"_menu_item_type":null,"_menu_item_menu_item_parent":null,"_menu_item_object_id":null,"_menu_item_object":null,"_menu_item_target":null,"_menu_item_classes":null,"_menu_item_xfn":null,"_menu_item_url":null,"__elementor_forms_snapshot":null,"_unit":"","_unit_base":"","_unit_product":"","_unit_price_auto":"no","_unit_price_regular":"","_unit_price":"","_unit_price_sale":"","_sale_price_label":"","_sale_price_regular_label":"","_manufacturer_slug":"","_mini_desc":"","_defect_description":"","_safety_instructions":"","_allergen_ids":[],"_warranty_attachment_id":"","_safety_attachment_ids":[],"_min_age":"","_ts_gtin":"","_ts_mpn":"","_delivery_time_countries":[],"_free_shipping":"no","_service":"no","_photovoltaic_system":"no","_used_good":"no","_defective_copy":"no","_wireless_electronic_device":"no","_device_contains_power_supply":"no","_device_charging_supports_usb_pd":"no","_device_charging_watt_min":"0","_device_charging_watt_max":"0","_is_food":"no","_differential_taxation":"no","_gzd_version":"3.18.7","_hs_code":"","_customs_description":"","_manufacture_country":"0","_is_non_returnable":"no","_shipping_length":"","_shipping_width":"","_shipping_height":"","_sku":"ISBN 978-3-86442-399-4","_global_unique_id":"978-3-86442-399-4","_regular_price":"58","total_sales":"0","_tax_status":"taxable","_tax_class":"","_manage_stock":"no","_backorders":"no","_sold_individually":"no","_weight":"2","_virtual":"no","_downloadable":"no","_download_limit":"-1","_download_expiry":"-1","_stock":"","_stock_status":"instock","_wc_average_rating":"0","_wc_review_count":"0","_product_version":"9.7.1","_price":"58","shopengine_product_views_count":"3501","_thumbnail_id":"5031","_product_attributes":{"erscheinungsdatum":{"name":"Erscheinungsdatum","value":"30.10.2022","position":0,"is_visible":1,"is_variation":0,"is_taxonomy":0,"checkout_visible":0}},"_nutrient_ids":[],"_upsell_ids":null,"pswc_subtitle":null,"_default_delivery_time":null,"_wp_desired_post_slug":null,"_isbn":null,"pageType":null,"isExternalUrl":null,"pageId":null,"externalUrl":null,"hideCookieBanner":null,"isTargetBlank":null,"isProviderCurrentWebsite":null,"isEmbeddingOnlyExternalResources":null,"legalBasis":null,"dataProcessingInCountries":null,"dataProcessingInCountriesSpecialTreatments":null,"technicalDefinitions":null,"googleConsentModeConsentTypes":null,"executePriority":null,"executeCodeOptInWhenNoTagManagerConsentIsGiven":null,"executeCodeOptOutWhenNoTagManagerConsentIsGiven":null,"deleteTechnicalDefinitionsAfterOptOut":null,"presetId":null,"presetVersion":null,"provider":null,"providerContactPhone":null,"providerContactEmail":null,"providerContactLink":null,"uniqueName":null,"providerPrivacyPolicyUrl":null,"providerLegalNoticeUrl":null,"codeOptIn":null,"codeOptOut":null,"codeOnPageLoad":null,"language_code":null,"shopengine_template__post_meta__type":null,"shopengine_template__post_meta":null,"shopengine_template__post_meta__edit_with":null,"origin":null,"_enabled":null,"_filters":null,"_layout":null,"_elementor_import_session_id":null,"_wp_trash_meta_status":null,"_wp_trash_meta_time":null,"_edit_lock":"1743516928:2","_elementor_floating_elements_type":null,"_elementor_edit_mode":null,"_elementor_template_type":null,"tc-thumb-fld":{"_thumb_id":5031,"_thumb_type":"thumb"},"_wp_page_template":"default","_elementor_version":null,"_elementor_pro_version":null,"_elementor_page_settings":null,"_elementor_data":null,"_elementor_conditions":null,"_elementor_popup_display_settings":null,"_edit_last":"2","_elementor_template_sub_type":null,"_elementor_controls_usage":null,"_elementor_screenshot":null,"_elementor_css":null,"_elementor_page_assets":[],"_elementor_element_cache":null,"_elementor_screenshot_failed":null,"_elementor_source":null,"_wp_old_date":null,"layout_key":"","post_slider_check_key":"0","_links":{"self":[{"href":"https:\/\/snoeck.de\/fr\/wp-json\/wp\/v2\/product\/3618","targetHints":{"allow":["GET"]}}],"collection":[{"href":"https:\/\/snoeck.de\/fr\/wp-json\/wp\/v2\/product"}],"about":[{"href":"https:\/\/snoeck.de\/fr\/wp-json\/wp\/v2\/types\/product"}],"wp:featuredmedia":[{"embeddable":true,"href":"https:\/\/snoeck.de\/fr\/wp-json\/wp\/v2\/media\/5031"}],"wp:attachment":[{"href":"https:\/\/snoeck.de\/fr\/wp-json\/wp\/v2\/media?parent=3618"}],"wp:term":[{"taxonomy":"product_brand","embeddable":true,"href":"https:\/\/snoeck.de\/fr\/wp-json\/wp\/v2\/product_brand?post=3618"},{"taxonomy":"product_cat","embeddable":true,"href":"https:\/\/snoeck.de\/fr\/wp-json\/wp\/v2\/product_cat?post=3618"},{"taxonomy":"product_tag","embeddable":true,"href":"https:\/\/snoeck.de\/fr\/wp-json\/wp\/v2\/product_tag?post=3618"}],"curies":[{"name":"wp","href":"https:\/\/api.w.org\/{rel}","templated":true}]}}