{"id":3619,"date":"2025-01-31T11:30:57","date_gmt":"2025-01-31T11:30:57","guid":{"rendered":"https:\/\/snoeck.process-vision.de\/shop\/jak-soul-blindness-fall-into-indescribable-scenes\/"},"modified":"2026-04-08T15:13:45","modified_gmt":"2026-04-08T14:13:45","slug":"jak-soul-blindness-fall-into-indescribable-scenes","status":"publish","type":"product","link":"https:\/\/snoeck.de\/fr\/shop\/jak-soul-blindness-fall-into-indescribable-scenes\/","title":{"rendered":"JAK - SOUL BLINDNESS - tombent dans des sc\u00e8nes indescriptibles"},"content":{"rendered":"<h3>JAK et l'agnosie<\/h3>\n<p>Dans le foyer de la Villa Merkel, un vieux tronc d'arbre d'environ sept m\u00e8tres de haut se dresse comme une sculpture, une surface r\u00e9fl\u00e9chissante inclin\u00e9e en r\u00e9sine \u00e9poxyde d'un vert \u00e9clatant le soutient ; un paysage dans un brouillard \ufb02ottant ; des objets flottants en porcelaine - il s'agit des d\u00e9cors d'un sc\u00e9nario de film. Ces \u0153uvres sont l'\u0153uvre de JAK. Mais qui est JAK ? Au moment o\u00f9 nous lisons ces lignes, JAK s'est-il d\u00e9j\u00e0 install\u00e9 dans nos t\u00eates ? Depuis 2013, JAK travaille sur le film SOUL BLINDNESS, dont le processus de cr\u00e9ation ne ressemble pas \u00e0 celui d'un projet de film men\u00e9 \"normalement\". D'exposition en exposition, JAK continue d'\u00e9crire l'histoire du sc\u00e9nario en utilisant diff\u00e9rents m\u00e9dias tels que le dessin, le texte, la vid\u00e9o, le son, la sculpture, la peinture, la photo et l'installation. Ce film tourn\u00e9 en continu d\u00e9crit l'attitude de son acteur principal face \u00e0 l'agnosie, une anomalie psychique dans laquelle les objets ne peuvent plus \u00eatre clairement reconnus ou attribu\u00e9s et qui est pour cette raison \u00e9galement intitul\u00e9e \"c\u00e9cit\u00e9 de l'\u00e2me\". Il est int\u00e9ressant de noter que JAK, auteur\ufb01lmer et artiste \u00e0 la fois, et l'agnosie en tant que rapport au monde \"perturb\u00e9\" ne peuvent pas \u00eatre clairement distingu\u00e9s, de sorte que les participants et les niveaux se court-circuitent et deviennent mutuellement m\u00e9connaissables : JAK reste anonyme et l'agnosie reste dans le domaine de l'illusoire, ce qui correspond parfaitement \u00e0 son statut de malade. Parall\u00e8lement, les actions quotidiennes du sc\u00e9nario de SOUL BLINDNESS sont transform\u00e9es ou se concr\u00e9tisent en d\u00e9cors de th\u00e9\u00e2tre. En amont de ce projet complexe, trois expositions individuelles ont d\u00e9j\u00e0 \u00e9t\u00e9 organis\u00e9es par JAK \u00e0 Stuttgart, Taipei et Leonberg, et l'exposition \u00e0 la Villa Merkel a connu son ouverture en mars 2017 \u00e0 la repr\u00e9sentation du Land de Bade-Wurtemberg \u00e0 Bruxelles. Le livre donne un aper\u00e7u complet du travail de JAK, mais il ne donne vraiment aucune information sur l'identit\u00e9 de JAK !<\/p>\n<p>Exposition :<br \/>\nVilla Merkel, Galeries de la ville d'Esslingen, 18\/6 - 27\/8\/2017<\/p>","protected":false},"excerpt":{"rendered":"<p>Catalogue d'exposition, Villa Merkel Esslingen, \u00e9d. par Andreas Baur<br \/>\nTextes (all.\/ang.) d'Andreas Baur, Sven Beckstette, Ulrike Pompe-Alama<br \/>\n140 p. avec 78 illustrations en couleur et 15 planches laqu\u00e9es<br \/>\nformat 28,7 x 20,5 cm, brochure \u00e0 rabats<\/p>","protected":false},"featured_media":5032,"template":"","meta":[],"product_brand":[],"product_cat":[95],"product_tag":[],"class_list":{"0":"post-3619","1":"product","2":"type-product","3":"status-publish","4":"has-post-thumbnail","6":"product_cat-vergriffen","8":"first","9":"outofstock","10":"taxable","11":"shipping-taxable","12":"product-type-simple"},"aioseo_notices":[],"_wp_attached_file":null,"_wp_attachment_metadata":null,"_wc_attachment_source":null,"_elementor_inline_svg":null,"_elementor_is_screenshot":null,"_elementor_source_image_hash":null,"_source_url":null,"_wp_attachment_context":null,"_menu_item_type":null,"_menu_item_menu_item_parent":null,"_menu_item_object_id":null,"_menu_item_object":null,"_menu_item_target":null,"_menu_item_classes":null,"_menu_item_xfn":null,"_menu_item_url":null,"__elementor_forms_snapshot":null,"_unit":"","_unit_base":"","_unit_product":"","_unit_price_auto":"no","_unit_price_regular":"","_unit_price":"","_unit_price_sale":"","_sale_price_label":"","_sale_price_regular_label":"","_manufacturer_slug":"","_mini_desc":"","_defect_description":"","_safety_instructions":"","_allergen_ids":[],"_warranty_attachment_id":"","_safety_attachment_ids":[],"_min_age":"","_ts_gtin":"","_ts_mpn":"","_delivery_time_countries":[],"_free_shipping":"no","_service":"no","_photovoltaic_system":"no","_used_good":"no","_defective_copy":"no","_wireless_electronic_device":"no","_device_contains_power_supply":"no","_device_charging_supports_usb_pd":"no","_device_charging_watt_min":"0","_device_charging_watt_max":"0","_is_food":"no","_differential_taxation":"no","_gzd_version":"3.18.7","_hs_code":"","_customs_description":"","_manufacture_country":"0","_is_non_returnable":"no","_shipping_length":"","_shipping_width":"","_shipping_height":"","_sku":"ISBN 978-3-86442-222-5","_global_unique_id":"978-3-86442-222-5","_regular_price":null,"total_sales":"0","_tax_status":"taxable","_tax_class":"","_manage_stock":"no","_backorders":"no","_sold_individually":"no","_weight":"1","_virtual":"no","_downloadable":"no","_download_limit":"-1","_download_expiry":"-1","_stock":"","_stock_status":"outofstock","_wc_average_rating":"0","_wc_review_count":"0","_product_version":"10.1.4","_price":"","shopengine_product_views_count":"3500","_thumbnail_id":"5032","_product_attributes":{"erscheinungsdatum":{"name":"Date de publication","value":"22.02.2018","position":0,"is_visible":1,"is_variation":0,"is_taxonomy":0,"checkout_visible":0}},"_nutrient_ids":[],"_upsell_ids":null,"pswc_subtitle":null,"_default_delivery_time":null,"_wp_desired_post_slug":null,"_isbn":null,"pageType":null,"isExternalUrl":null,"pageId":null,"externalUrl":null,"hideCookieBanner":null,"isTargetBlank":null,"isProviderCurrentWebsite":null,"isEmbeddingOnlyExternalResources":null,"legalBasis":null,"dataProcessingInCountries":null,"dataProcessingInCountriesSpecialTreatments":null,"technicalDefinitions":null,"googleConsentModeConsentTypes":null,"executePriority":null,"executeCodeOptInWhenNoTagManagerConsentIsGiven":null,"executeCodeOptOutWhenNoTagManagerConsentIsGiven":null,"deleteTechnicalDefinitionsAfterOptOut":null,"presetId":null,"presetVersion":null,"provider":null,"providerContactPhone":null,"providerContactEmail":null,"providerContactLink":null,"uniqueName":null,"providerPrivacyPolicyUrl":null,"providerLegalNoticeUrl":null,"codeOptIn":null,"codeOptOut":null,"codeOnPageLoad":null,"language_code":null,"shopengine_template__post_meta__type":null,"shopengine_template__post_meta":null,"shopengine_template__post_meta__edit_with":null,"origin":null,"_enabled":null,"_filters":null,"_layout":null,"_elementor_import_session_id":null,"_wp_trash_meta_status":null,"_wp_trash_meta_time":null,"_edit_lock":"1743516806:2","_elementor_floating_elements_type":null,"_elementor_edit_mode":null,"_elementor_template_type":null,"tc-thumb-fld":{"_thumb_id":5032,"_thumb_type":"thumb"},"_wp_page_template":"default","_elementor_version":null,"_elementor_pro_version":null,"_elementor_page_settings":null,"_elementor_data":null,"_elementor_conditions":null,"_elementor_popup_display_settings":null,"_edit_last":"2","_elementor_template_sub_type":null,"_elementor_controls_usage":null,"_elementor_screenshot":null,"_elementor_css":null,"_elementor_page_assets":[],"_elementor_element_cache":null,"_elementor_screenshot_failed":null,"_elementor_source":null,"_wp_old_date":null,"layout_key":"","post_slider_check_key":"0","_links":{"self":[{"href":"https:\/\/snoeck.de\/fr\/wp-json\/wp\/v2\/product\/3619","targetHints":{"allow":["GET"]}}],"collection":[{"href":"https:\/\/snoeck.de\/fr\/wp-json\/wp\/v2\/product"}],"about":[{"href":"https:\/\/snoeck.de\/fr\/wp-json\/wp\/v2\/types\/product"}],"wp:featuredmedia":[{"embeddable":true,"href":"https:\/\/snoeck.de\/fr\/wp-json\/wp\/v2\/media\/5032"}],"wp:attachment":[{"href":"https:\/\/snoeck.de\/fr\/wp-json\/wp\/v2\/media?parent=3619"}],"wp:term":[{"taxonomy":"product_brand","embeddable":true,"href":"https:\/\/snoeck.de\/fr\/wp-json\/wp\/v2\/product_brand?post=3619"},{"taxonomy":"product_cat","embeddable":true,"href":"https:\/\/snoeck.de\/fr\/wp-json\/wp\/v2\/product_cat?post=3619"},{"taxonomy":"product_tag","embeddable":true,"href":"https:\/\/snoeck.de\/fr\/wp-json\/wp\/v2\/product_tag?post=3619"}],"curies":[{"name":"wp","href":"https:\/\/api.w.org\/{rel}","templated":true}]}}