{"id":3621,"date":"2025-01-31T11:30:58","date_gmt":"2025-01-31T11:30:58","guid":{"rendered":"https:\/\/snoeck.process-vision.de\/shop\/cuny-janssen-blu\/"},"modified":"2025-04-01T14:13:37","modified_gmt":"2025-04-01T14:13:37","slug":"cuny-janssen-blu","status":"publish","type":"product","link":"https:\/\/snoeck.de\/fr\/shop\/cuny-janssen-blu\/","title":{"rendered":"Cuny Janssen : BLU"},"content":{"rendered":"<h3>Alors BLU<\/h3>\n<p>Quiconque a d\u00e9j\u00e0 visit\u00e9 Naples est captiv\u00e9 par la beaut\u00e9 de cette ville : la vue sur le golfe de Naples, Capri et Ischia depuis le Museo Nazionale di Copodimonte ; le centre historique de la ville avec ses fortifications et ses rues sinueuses ; ou le c\u00e9l\u00e8bre jardin botanique. BLU, le nouveau projet de Cuny Janssen, qui fait l'objet d'un livre aussi beau que bouleversant et qui documente ses voyages d'avril 2012 \u00e0 octobre 2013, traite bien s\u00fbr aussi de la lumi\u00e8re, des diff\u00e9rentes nuances de bleu qui caract\u00e9risent l'exp\u00e9rience sensorielle de cette m\u00e9gapole d'aujourd'hui qui attire les visiteurs depuis le Moyen-\u00c2ge. Le bleu du ciel, azzurro, turquoise, outremer, cobalt ou indigo, a d\u00e9j\u00e0 fait dire \u00e0 Goethe en mars 1787 que Naples \u00e9tait \"la partie la plus agr\u00e9able du voyage\". Et Cuny Janssen nous emm\u00e8ne, comme toujours dans ses projets, dans le monde des enfants avec ses images qui traitent bien s\u00fbr aussi de la beaut\u00e9 d'un tel lieu. Dans ce livre \u00e9galement, elle aborde son sujet par le biais d'une vue ext\u00e9rieure et recherche une sorte d'\u00e9tat psychique dans les portraits des enfants ; c'est pour cette capacit\u00e9 que Freddy Langer l'a d\u00e9clar\u00e9e \"photographe d'enfants la plus remarquable de notre \u00e9poque\" dans le \"Frankfurter Allgemeine Zeitung\" en 2010. Ainsi, le livre nous bouleverse de mani\u00e8re insoup\u00e7onn\u00e9e, car il ne repr\u00e9sente pas seulement les enfants et les adolescents de la classe moyenne italienne, mais nous montre \u00e9galement des photos d'enfants roms dont on peut voir la vie ghetto\u00efs\u00e9e dans la pauvret\u00e9 et la salet\u00e9. Cela cr\u00e9e un lien avec l'id\u00e9e que l'on se fait sans cesse de cette ville \u00e0 couper le souffle, qui abrite \u00e9galement une mis\u00e8re humaine difficilement imaginable. Cuny Janssen a \u00e9galement fait cette exp\u00e9rience, comme elle le raconte \u00e0 Gabriele Conrath-Scholl, l'auteure de l'ouvrage. Lors de sa deuxi\u00e8me s\u00e9ance photo d'enfants roms, ceux-ci se sont souvenus de la photographe et lui ont demand\u00e9 quand l'\u00e9cole allait enfin commencer pour eux aussi ; ils avaient vu en Cuny Janssen une assistante sociale qui les photographiait pour la rentr\u00e9e scolaire. C'est ainsi que le dilemme de toute photographie documentaire, voire de tout voyage, devient visible et que l'empathie, au centre de ce livre de photos inhabituel BLU, nous \u00e9treint de mani\u00e8re inattendue.<\/p>","protected":false},"excerpt":{"rendered":"<p>Textes (eng.) de Gabriele Conrath-Scholl et Patricia Pulles<br \/>\n104 p. avec 80 illustrations en couleur<br \/>\nformat 30 x 24,5 cm, couverture souple avec jaquette pli\u00e9e en deux<\/p>","protected":false},"featured_media":5034,"template":"","meta":[],"product_brand":[],"product_cat":[102,67],"product_tag":[],"class_list":{"0":"post-3621","1":"product","2":"type-product","3":"status-publish","4":"has-post-thumbnail","6":"product_cat-102","7":"product_cat-j","9":"first","10":"instock","11":"taxable","12":"shipping-taxable","13":"purchasable","14":"product-type-simple"},"aioseo_notices":[],"_wp_attached_file":null,"_wp_attachment_metadata":null,"_wc_attachment_source":null,"_elementor_inline_svg":null,"_elementor_is_screenshot":null,"_elementor_source_image_hash":null,"_source_url":null,"_wp_attachment_context":null,"_menu_item_type":null,"_menu_item_menu_item_parent":null,"_menu_item_object_id":null,"_menu_item_object":null,"_menu_item_target":null,"_menu_item_classes":null,"_menu_item_xfn":null,"_menu_item_url":null,"__elementor_forms_snapshot":null,"_unit":"","_unit_base":"","_unit_product":"","_unit_price_auto":"no","_unit_price_regular":"","_unit_price":"","_unit_price_sale":"","_sale_price_label":"","_sale_price_regular_label":"","_manufacturer_slug":"","_mini_desc":"","_defect_description":"","_safety_instructions":"","_allergen_ids":[],"_warranty_attachment_id":"","_safety_attachment_ids":[],"_min_age":"","_ts_gtin":"","_ts_mpn":"","_delivery_time_countries":[],"_free_shipping":"no","_service":"no","_photovoltaic_system":"no","_used_good":"no","_defective_copy":"no","_wireless_electronic_device":"no","_device_contains_power_supply":"no","_device_charging_supports_usb_pd":"no","_device_charging_watt_min":"0","_device_charging_watt_max":"0","_is_food":"no","_differential_taxation":"no","_gzd_version":"3.18.7","_hs_code":"","_customs_description":"","_manufacture_country":"0","_is_non_returnable":"no","_shipping_length":"","_shipping_width":"","_shipping_height":"","_sku":"ISBN 978-3-86442-157-0","_global_unique_id":"978-3-86442-157-0","_regular_price":"58","total_sales":"0","_tax_status":"taxable","_tax_class":"","_manage_stock":"no","_backorders":"no","_sold_individually":"no","_weight":"1","_virtual":"no","_downloadable":"no","_download_limit":"-1","_download_expiry":"-1","_stock":"","_stock_status":"instock","_wc_average_rating":"0","_wc_review_count":"0","_product_version":"9.7.1","_price":"58","shopengine_product_views_count":"2949","_thumbnail_id":"5034","_product_attributes":{"erscheinungsdatum":{"name":"Date de publication","value":"19.10.2015","position":0,"is_visible":1,"is_variation":0,"is_taxonomy":0,"checkout_visible":0}},"_nutrient_ids":[],"_upsell_ids":null,"pswc_subtitle":null,"_default_delivery_time":null,"_wp_desired_post_slug":null,"_isbn":null,"pageType":null,"isExternalUrl":null,"pageId":null,"externalUrl":null,"hideCookieBanner":null,"isTargetBlank":null,"isProviderCurrentWebsite":null,"isEmbeddingOnlyExternalResources":null,"legalBasis":null,"dataProcessingInCountries":null,"dataProcessingInCountriesSpecialTreatments":null,"technicalDefinitions":null,"googleConsentModeConsentTypes":null,"executePriority":null,"executeCodeOptInWhenNoTagManagerConsentIsGiven":null,"executeCodeOptOutWhenNoTagManagerConsentIsGiven":null,"deleteTechnicalDefinitionsAfterOptOut":null,"presetId":null,"presetVersion":null,"provider":null,"providerContactPhone":null,"providerContactEmail":null,"providerContactLink":null,"uniqueName":null,"providerPrivacyPolicyUrl":null,"providerLegalNoticeUrl":null,"codeOptIn":null,"codeOptOut":null,"codeOnPageLoad":null,"language_code":null,"shopengine_template__post_meta__type":null,"shopengine_template__post_meta":null,"shopengine_template__post_meta__edit_with":null,"origin":null,"_enabled":null,"_filters":null,"_layout":null,"_elementor_import_session_id":null,"_wp_trash_meta_status":null,"_wp_trash_meta_time":null,"_edit_lock":"1743516678:2","_elementor_floating_elements_type":null,"_elementor_edit_mode":null,"_elementor_template_type":null,"tc-thumb-fld":{"_thumb_id":5034,"_thumb_type":"thumb"},"_wp_page_template":"default","_elementor_version":null,"_elementor_pro_version":null,"_elementor_page_settings":null,"_elementor_data":null,"_elementor_conditions":null,"_elementor_popup_display_settings":null,"_edit_last":"2","_elementor_template_sub_type":null,"_elementor_controls_usage":null,"_elementor_screenshot":null,"_elementor_css":null,"_elementor_page_assets":[],"_elementor_element_cache":null,"_elementor_screenshot_failed":null,"_elementor_source":null,"_wp_old_date":null,"layout_key":"","post_slider_check_key":"0","_links":{"self":[{"href":"https:\/\/snoeck.de\/fr\/wp-json\/wp\/v2\/product\/3621","targetHints":{"allow":["GET"]}}],"collection":[{"href":"https:\/\/snoeck.de\/fr\/wp-json\/wp\/v2\/product"}],"about":[{"href":"https:\/\/snoeck.de\/fr\/wp-json\/wp\/v2\/types\/product"}],"wp:featuredmedia":[{"embeddable":true,"href":"https:\/\/snoeck.de\/fr\/wp-json\/wp\/v2\/media\/5034"}],"wp:attachment":[{"href":"https:\/\/snoeck.de\/fr\/wp-json\/wp\/v2\/media?parent=3621"}],"wp:term":[{"taxonomy":"product_brand","embeddable":true,"href":"https:\/\/snoeck.de\/fr\/wp-json\/wp\/v2\/product_brand?post=3621"},{"taxonomy":"product_cat","embeddable":true,"href":"https:\/\/snoeck.de\/fr\/wp-json\/wp\/v2\/product_cat?post=3621"},{"taxonomy":"product_tag","embeddable":true,"href":"https:\/\/snoeck.de\/fr\/wp-json\/wp\/v2\/product_tag?post=3621"}],"curies":[{"name":"wp","href":"https:\/\/api.w.org\/{rel}","templated":true}]}}