{"id":3622,"date":"2025-01-31T11:30:59","date_gmt":"2025-01-31T11:30:59","guid":{"rendered":"https:\/\/snoeck.process-vision.de\/shop\/cuny-janssen-my-grandma-was-a-turtle\/"},"modified":"2025-04-01T14:12:21","modified_gmt":"2025-04-01T14:12:21","slug":"cuny-janssen-my-grandma-was-a-turtle","status":"publish","type":"product","link":"https:\/\/snoeck.de\/fr\/shop\/cuny-janssen-my-grandma-was-a-turtle\/","title":{"rendered":"Cuny Janssen : Ma grand-m\u00e8re \u00e9tait une tortue"},"content":{"rendered":"<h3>Une collection de motifs am\u00e9ricains<\/h3>\n<p>Cuny Janssen pr\u00e9sente cette ann\u00e9e (2010) deux livres tr\u00e8s particuliers, \u00e0 la technique raffin\u00e9e : \"Turtle\" et \"Amami\". Apr\u00e8s que la photographe n\u00e9erlandaise a d\u00e9j\u00e0 \u00e9t\u00e9 int\u00e9gr\u00e9e avec son premier livre par Martin Parr dans son volumineux \"The Photobook History : Volume II\", ils pourraient rapidement devenir des pi\u00e8ces de collection tr\u00e8s recherch\u00e9es en raison de leur tirage limit\u00e9 (1.000 ex.).<br \/>\n\"My Grandma was a Turtle\" est une collection de motifs, notamment am\u00e9ricains, qui culmine avec des images de prairie sur double page, sur lesquelles on peut voir un nombre consid\u00e9rable de bisons. Ici aussi, l'artiste associe des images de paysages aux portraits des habitants, mais il s'agit moins de les confronter que de donner au volume un format unique, qui pourrait tout au plus \u00eatre compar\u00e9 aux premiers albums photos ou aux magazines d'images \u00e0 collectionner, gr\u00e2ce aux nombreuses reproductions de photos coll\u00e9es \u00e0 la main :<br \/>\nFoam, Museum of Photography, Amsterdam, 25\/03\/2010-02\/05\/2010<\/p>","protected":false},"excerpt":{"rendered":"<p>Textes (eng.) de Paul Andriesse et Nicky Kay Michael<br \/>\n84 p. avec 85 illustrations en couleur, dont la plupart sont coll\u00e9es individuellement \u00e0 la main<br \/>\nformat 32,6 x 24,3 cm, toile gaufr\u00e9e sur le titre<\/p>","protected":false},"featured_media":5035,"template":"","meta":[],"product_brand":[],"product_cat":[105,67,90],"product_tag":[],"class_list":{"0":"post-3622","1":"product","2":"type-product","3":"status-publish","4":"has-post-thumbnail","6":"product_cat-105","7":"product_cat-j","8":"product_cat-rare-books","10":"first","11":"instock","12":"taxable","13":"shipping-taxable","14":"purchasable","15":"product-type-simple"},"aioseo_notices":[],"_wp_attached_file":null,"_wp_attachment_metadata":null,"_wc_attachment_source":null,"_elementor_inline_svg":null,"_elementor_is_screenshot":null,"_elementor_source_image_hash":null,"_source_url":null,"_wp_attachment_context":null,"_menu_item_type":null,"_menu_item_menu_item_parent":null,"_menu_item_object_id":null,"_menu_item_object":null,"_menu_item_target":null,"_menu_item_classes":null,"_menu_item_xfn":null,"_menu_item_url":null,"__elementor_forms_snapshot":null,"_unit":"","_unit_base":"","_unit_product":"","_unit_price_auto":"no","_unit_price_regular":"","_unit_price":"","_unit_price_sale":"","_sale_price_label":"","_sale_price_regular_label":"","_manufacturer_slug":"","_mini_desc":"","_defect_description":"","_safety_instructions":"","_allergen_ids":[],"_warranty_attachment_id":"","_safety_attachment_ids":[],"_min_age":"","_ts_gtin":"","_ts_mpn":"","_delivery_time_countries":[],"_free_shipping":"no","_service":"no","_photovoltaic_system":"no","_used_good":"no","_defective_copy":"no","_wireless_electronic_device":"no","_device_contains_power_supply":"no","_device_charging_supports_usb_pd":"no","_device_charging_watt_min":"0","_device_charging_watt_max":"0","_is_food":"no","_differential_taxation":"no","_gzd_version":"3.18.7","_hs_code":"","_customs_description":"","_manufacture_country":"0","_is_non_returnable":"no","_shipping_length":"","_shipping_width":"","_shipping_height":"","_sku":"ISBN 978-3-940953-30-8","_global_unique_id":"978-3-940953-30-8","_regular_price":"128","total_sales":"0","_tax_status":"taxable","_tax_class":"","_manage_stock":"no","_backorders":"no","_sold_individually":"no","_weight":"2","_virtual":"no","_downloadable":"no","_download_limit":"-1","_download_expiry":"-1","_stock":"","_stock_status":"instock","_wc_average_rating":"0","_wc_review_count":"0","_product_version":"9.7.1","_price":"128","shopengine_product_views_count":"3172","_thumbnail_id":"5035","_product_attributes":{"erscheinungsdatum":{"name":"Date de publication","value":"25.03.2010","position":0,"is_visible":1,"is_variation":0,"is_taxonomy":0,"checkout_visible":0}},"_nutrient_ids":[],"_upsell_ids":null,"pswc_subtitle":null,"_default_delivery_time":"","_wp_desired_post_slug":null,"_isbn":null,"pageType":null,"isExternalUrl":null,"pageId":null,"externalUrl":null,"hideCookieBanner":null,"isTargetBlank":null,"isProviderCurrentWebsite":null,"isEmbeddingOnlyExternalResources":null,"legalBasis":null,"dataProcessingInCountries":null,"dataProcessingInCountriesSpecialTreatments":null,"technicalDefinitions":null,"googleConsentModeConsentTypes":null,"executePriority":null,"executeCodeOptInWhenNoTagManagerConsentIsGiven":null,"executeCodeOptOutWhenNoTagManagerConsentIsGiven":null,"deleteTechnicalDefinitionsAfterOptOut":null,"presetId":null,"presetVersion":null,"provider":null,"providerContactPhone":null,"providerContactEmail":null,"providerContactLink":null,"uniqueName":null,"providerPrivacyPolicyUrl":null,"providerLegalNoticeUrl":null,"codeOptIn":null,"codeOptOut":null,"codeOnPageLoad":null,"language_code":null,"shopengine_template__post_meta__type":null,"shopengine_template__post_meta":null,"shopengine_template__post_meta__edit_with":null,"origin":null,"_enabled":null,"_filters":null,"_layout":null,"_elementor_import_session_id":null,"_wp_trash_meta_status":null,"_wp_trash_meta_time":null,"_edit_lock":"1743516609:2","_elementor_floating_elements_type":null,"_elementor_edit_mode":null,"_elementor_template_type":null,"tc-thumb-fld":{"_thumb_id":5035,"_thumb_type":"thumb"},"_wp_page_template":"default","_elementor_version":null,"_elementor_pro_version":null,"_elementor_page_settings":null,"_elementor_data":null,"_elementor_conditions":null,"_elementor_popup_display_settings":null,"_edit_last":"2","_elementor_template_sub_type":null,"_elementor_controls_usage":null,"_elementor_screenshot":null,"_elementor_css":null,"_elementor_page_assets":[],"_elementor_element_cache":null,"_elementor_screenshot_failed":null,"_elementor_source":null,"_wp_old_date":null,"layout_key":"","post_slider_check_key":"0","_links":{"self":[{"href":"https:\/\/snoeck.de\/fr\/wp-json\/wp\/v2\/product\/3622","targetHints":{"allow":["GET"]}}],"collection":[{"href":"https:\/\/snoeck.de\/fr\/wp-json\/wp\/v2\/product"}],"about":[{"href":"https:\/\/snoeck.de\/fr\/wp-json\/wp\/v2\/types\/product"}],"wp:featuredmedia":[{"embeddable":true,"href":"https:\/\/snoeck.de\/fr\/wp-json\/wp\/v2\/media\/5035"}],"wp:attachment":[{"href":"https:\/\/snoeck.de\/fr\/wp-json\/wp\/v2\/media?parent=3622"}],"wp:term":[{"taxonomy":"product_brand","embeddable":true,"href":"https:\/\/snoeck.de\/fr\/wp-json\/wp\/v2\/product_brand?post=3622"},{"taxonomy":"product_cat","embeddable":true,"href":"https:\/\/snoeck.de\/fr\/wp-json\/wp\/v2\/product_cat?post=3622"},{"taxonomy":"product_tag","embeddable":true,"href":"https:\/\/snoeck.de\/fr\/wp-json\/wp\/v2\/product_tag?post=3622"}],"curies":[{"name":"wp","href":"https:\/\/api.w.org\/{rel}","templated":true}]}}