{"id":3623,"date":"2025-01-31T11:30:59","date_gmt":"2025-01-31T11:30:59","guid":{"rendered":"https:\/\/snoeck.process-vision.de\/shop\/cuny-janssen-there-is-something-in-the-air-in-prince-albert\/"},"modified":"2025-04-01T14:11:09","modified_gmt":"2025-04-01T14:11:09","slug":"cuny-janssen-there-is-something-in-the-air-in-prince-albert","status":"publish","type":"product","link":"https:\/\/snoeck.de\/fr\/shop\/cuny-janssen-there-is-something-in-the-air-in-prince-albert\/","title":{"rendered":"Cuny Janssen : Il y a quelque chose dans l'air au Prince Albert"},"content":{"rendered":"<h3>Le propre cosmos abandonn\u00e9<\/h3>\n<p>\"Grincement, g\u00e9missement, \u00e9clatement de la pierre ... traction continentale, failles et fractures - voil\u00e0 \u00e0 quoi ressemblait le d\u00e9but de la fin du grand continent Godwana. De nouvelles montagnes - Swartberg, Witteberg - se sont form\u00e9es. Le fond des mers primitives a \u00e9t\u00e9 mis \u00e0 jour couche apr\u00e8s couche par les fleuves et les lacs - c'est ainsi que des cr\u00eates et des parois rocheuses de pierre noire et brune se sont \u00e9lev\u00e9es au-dessus de la surface de la terre \u00e9clat\u00e9e et d\u00e9vast\u00e9e. Des flots \u00e9rod\u00e9s, des masses d'eau boueuse submergeaient l'ancien glacier qui avait form\u00e9 le Dwyka Karoo. Prisonniers et enterr\u00e9s, ils \u00e9taient les seuls survivants de la grande mort verte du Permien-Trias, qui se couchaient maintenant comme une couche suppl\u00e9mentaire dans l'un des gisements fossiles les plus riches de la Terre. Les \u00e9ruptions volcaniques et les coul\u00e9es de lave ont continu\u00e9 \u00e0 fa\u00e7onner le visage des montagnes du Karoo. Nos premiers anc\u00eatres, durs et bruns, sont venus en tant que chasseurs-cueilleurs, ils ont gard\u00e9 le Karoo humide ou sec, pour le meilleur et pour le pire. Le regard toujours fix\u00e9 sur la pierre intemporelle, le buisson rugueux, l'herbe qui ne cesse de pousser et de se dess\u00e9cher, les immenses troupeaux d'antilopes qui se d\u00e9placent au loin et partout pour peupler la terre\".<br \/>\nLa jeune photographe hollandaise Cuny Jansen a \u00e9t\u00e9 l'assistante de Thomas Struth, elle vit maintenant de nouveau \u00e0 Amsterdam et vient de donner naissance \u00e0 une fille (2007), apr\u00e8s avoir pris des photos d'un cosmos ancestral et abandonn\u00e9 lors d'un s\u00e9jour de six mois en Afrique du Sud et les avoir transform\u00e9es en un livre onirique, imprim\u00e9 avec une tr\u00e8s grande qualit\u00e9 et \u00e0 la mise en page tr\u00e8s \u00e9labor\u00e9e.<\/p>","protected":false},"excerpt":{"rendered":"<p>Essai (eng.) de Craig McEwan<br \/>\n64 p. avec 50 illustrations en couleur<br \/>\nformat 25 x 37 cm, couverture rigide<\/p>","protected":false},"featured_media":5036,"template":"","meta":[],"product_brand":[],"product_cat":[117,67,90],"product_tag":[],"class_list":{"0":"post-3623","1":"product","2":"type-product","3":"status-publish","4":"has-post-thumbnail","6":"product_cat-117","7":"product_cat-j","8":"product_cat-rare-books","10":"first","11":"instock","12":"taxable","13":"shipping-taxable","14":"purchasable","15":"product-type-simple"},"aioseo_notices":[],"_wp_attached_file":null,"_wp_attachment_metadata":null,"_wc_attachment_source":null,"_elementor_inline_svg":null,"_elementor_is_screenshot":null,"_elementor_source_image_hash":null,"_source_url":null,"_wp_attachment_context":null,"_menu_item_type":null,"_menu_item_menu_item_parent":null,"_menu_item_object_id":null,"_menu_item_object":null,"_menu_item_target":null,"_menu_item_classes":null,"_menu_item_xfn":null,"_menu_item_url":null,"__elementor_forms_snapshot":null,"_unit":"","_unit_base":"","_unit_product":"","_unit_price_auto":"no","_unit_price_regular":"","_unit_price":"","_unit_price_sale":"","_sale_price_label":"","_sale_price_regular_label":"","_manufacturer_slug":"","_mini_desc":"","_defect_description":"","_safety_instructions":"","_allergen_ids":[],"_warranty_attachment_id":"","_safety_attachment_ids":[],"_min_age":"","_ts_gtin":"","_ts_mpn":"","_delivery_time_countries":[],"_free_shipping":"no","_service":"no","_photovoltaic_system":"no","_used_good":"no","_defective_copy":"no","_wireless_electronic_device":"no","_device_contains_power_supply":"no","_device_charging_supports_usb_pd":"no","_device_charging_watt_min":"0","_device_charging_watt_max":"0","_is_food":"no","_differential_taxation":"no","_gzd_version":"3.18.7","_hs_code":"","_customs_description":"","_manufacture_country":"0","_is_non_returnable":"no","_shipping_length":"","_shipping_width":"","_shipping_height":"","_sku":"ISBN 978-3-936859-49-2","_global_unique_id":"978-3-936859-49-2","_regular_price":"98","total_sales":"0","_tax_status":"taxable","_tax_class":"","_manage_stock":"no","_backorders":"no","_sold_individually":"no","_weight":"1","_virtual":"no","_downloadable":"no","_download_limit":"-1","_download_expiry":"-1","_stock":"","_stock_status":"instock","_wc_average_rating":"0","_wc_review_count":"0","_product_version":"9.7.1","_price":"98","shopengine_product_views_count":"3217","_thumbnail_id":"5036","_product_attributes":{"erscheinungsdatum":{"name":"Date de publication","value":"18.04.2007","position":0,"is_visible":1,"is_variation":0,"is_taxonomy":0,"checkout_visible":0}},"_nutrient_ids":[],"_upsell_ids":null,"pswc_subtitle":null,"_default_delivery_time":"","_wp_desired_post_slug":null,"_isbn":null,"pageType":null,"isExternalUrl":null,"pageId":null,"externalUrl":null,"hideCookieBanner":null,"isTargetBlank":null,"isProviderCurrentWebsite":null,"isEmbeddingOnlyExternalResources":null,"legalBasis":null,"dataProcessingInCountries":null,"dataProcessingInCountriesSpecialTreatments":null,"technicalDefinitions":null,"googleConsentModeConsentTypes":null,"executePriority":null,"executeCodeOptInWhenNoTagManagerConsentIsGiven":null,"executeCodeOptOutWhenNoTagManagerConsentIsGiven":null,"deleteTechnicalDefinitionsAfterOptOut":null,"presetId":null,"presetVersion":null,"provider":null,"providerContactPhone":null,"providerContactEmail":null,"providerContactLink":null,"uniqueName":null,"providerPrivacyPolicyUrl":null,"providerLegalNoticeUrl":null,"codeOptIn":null,"codeOptOut":null,"codeOnPageLoad":null,"language_code":null,"shopengine_template__post_meta__type":null,"shopengine_template__post_meta":null,"shopengine_template__post_meta__edit_with":null,"origin":null,"_enabled":null,"_filters":null,"_layout":null,"_elementor_import_session_id":null,"_wp_trash_meta_status":null,"_wp_trash_meta_time":null,"_edit_lock":"1743516531:2","_elementor_floating_elements_type":null,"_elementor_edit_mode":null,"_elementor_template_type":null,"tc-thumb-fld":{"_thumb_id":5036,"_thumb_type":"thumb"},"_wp_page_template":"default","_elementor_version":null,"_elementor_pro_version":null,"_elementor_page_settings":null,"_elementor_data":null,"_elementor_conditions":null,"_elementor_popup_display_settings":null,"_edit_last":"2","_elementor_template_sub_type":null,"_elementor_controls_usage":null,"_elementor_screenshot":null,"_elementor_css":null,"_elementor_page_assets":[],"_elementor_element_cache":null,"_elementor_screenshot_failed":null,"_elementor_source":null,"_wp_old_date":null,"layout_key":"","post_slider_check_key":"0","_links":{"self":[{"href":"https:\/\/snoeck.de\/fr\/wp-json\/wp\/v2\/product\/3623","targetHints":{"allow":["GET"]}}],"collection":[{"href":"https:\/\/snoeck.de\/fr\/wp-json\/wp\/v2\/product"}],"about":[{"href":"https:\/\/snoeck.de\/fr\/wp-json\/wp\/v2\/types\/product"}],"wp:featuredmedia":[{"embeddable":true,"href":"https:\/\/snoeck.de\/fr\/wp-json\/wp\/v2\/media\/5036"}],"wp:attachment":[{"href":"https:\/\/snoeck.de\/fr\/wp-json\/wp\/v2\/media?parent=3623"}],"wp:term":[{"taxonomy":"product_brand","embeddable":true,"href":"https:\/\/snoeck.de\/fr\/wp-json\/wp\/v2\/product_brand?post=3623"},{"taxonomy":"product_cat","embeddable":true,"href":"https:\/\/snoeck.de\/fr\/wp-json\/wp\/v2\/product_cat?post=3623"},{"taxonomy":"product_tag","embeddable":true,"href":"https:\/\/snoeck.de\/fr\/wp-json\/wp\/v2\/product_tag?post=3623"}],"curies":[{"name":"wp","href":"https:\/\/api.w.org\/{rel}","templated":true}]}}