{"id":3624,"date":"2025-01-31T11:31:00","date_gmt":"2025-01-31T11:31:00","guid":{"rendered":"https:\/\/snoeck.process-vision.de\/shop\/cuny-janssen-there-was-a-child-went-forth\/"},"modified":"2025-04-01T14:08:30","modified_gmt":"2025-04-01T14:08:30","slug":"cuny-janssen-there-was-a-child-went-forth","status":"publish","type":"product","link":"https:\/\/snoeck.de\/fr\/shop\/cuny-janssen-there-was-a-child-went-forth\/","title":{"rendered":"Cuny Janssen : There Was a Child Went Forth (Il y avait un enfant qui partait)."},"content":{"rendered":"<h3>\"Avec ce livre, c'est diff\u00e9rent des projets pr\u00e9c\u00e9dents\"<\/h3>\n<p>Le c\u00e9l\u00e8bre po\u00e8me de Walt Whitman (1819-1892) exploite l'imaginaire de l'enfant, bien que ses lignes \u00e9l\u00e9gamment balanc\u00e9es provoquent aussi le d\u00e9senchantement du lecteur. Cuny Janssen, la \"photogra\ufb01ne d'enfants la plus remarquable de notre \u00e9poque\" (Freddy Langer), repr\u00e9sente de mani\u00e8re inimitable l'\u00e9tat interm\u00e9diaire dans lequel la na\u00efvet\u00e9 c\u00e8de la place \u00e0 l'exp\u00e9rience dans son dernier essai photographique, construit en trois parties, avec des photos de nature ainsi que des portraits d'enfants d'Amsterdam. Les photos de nature prises dans des parcs et des quartiers r\u00e9sidentiels ne contrastent pas vraiment avec le r\u00e9alisme fantastique des photos d'enfants - l'ensemble des images du livre ressemble \u00e0 un seul grand r\u00eave : des arbustes dans des couleurs automnales, des visages d'enfants s\u00e9rieux jouant dans la prairie, se pr\u00e9lassant et lisant sur le canap\u00e9, \u00e9quip\u00e9s d'un \u00e9quipement de recherche ou assistant \u00e0 une repr\u00e9sentation th\u00e9\u00e2trale \u00e0 l'\u00e9cole. Comme dans les travaux ant\u00e9rieurs de Cuny Janssen, les portraits ne semblent jamais con\u00e7us pour l'instant particulier, ils nous apparaissent plut\u00f4t comme des stills, des images fig\u00e9es d'un film qui va se poursuivre. L'artiste parvient ainsi, comme par le pass\u00e9, \u00e0 laisser en suspens la distance et la proximit\u00e9 avec ses objets et les n\u00f4tres - et ce, bien que, comme le dit Cuny Janssen, ce livre soit diff\u00e9rent de ses projets pr\u00e9c\u00e9dents, dans la mesure o\u00f9 les images ont \u00e9t\u00e9 r\u00e9alis\u00e9es dans son environnement imm\u00e9diat et ne proviennent pas d'autres mondes et cultures. There Was a Child Went Forth\", un livre de photos de tr\u00e8s haute qualit\u00e9, est le sixi\u00e8me volume de la collaboration entre l'artiste et la maison d'\u00e9dition, qui dure depuis dix ans.<\/p>","protected":false},"excerpt":{"rendered":"<p>122 p. avec 122 illustrations en couleur<br \/>\nFormat 30 x 24 cm, en trois parties dans un \u00e9tui robuste et d\u00e9coup\u00e9<\/p>","protected":false},"featured_media":5037,"template":"","meta":[],"product_brand":[],"product_cat":[112,67],"product_tag":[],"class_list":{"0":"post-3624","1":"product","2":"type-product","3":"status-publish","4":"has-post-thumbnail","6":"product_cat-112","7":"product_cat-j","9":"first","10":"instock","11":"taxable","12":"shipping-taxable","13":"purchasable","14":"product-type-simple"},"aioseo_notices":[],"_wp_attached_file":null,"_wp_attachment_metadata":null,"_wc_attachment_source":null,"_elementor_inline_svg":null,"_elementor_is_screenshot":null,"_elementor_source_image_hash":null,"_source_url":null,"_wp_attachment_context":null,"_menu_item_type":null,"_menu_item_menu_item_parent":null,"_menu_item_object_id":null,"_menu_item_object":null,"_menu_item_target":null,"_menu_item_classes":null,"_menu_item_xfn":null,"_menu_item_url":null,"__elementor_forms_snapshot":null,"_unit":"","_unit_base":"","_unit_product":"","_unit_price_auto":"no","_unit_price_regular":"","_unit_price":"","_unit_price_sale":"","_sale_price_label":"","_sale_price_regular_label":"","_manufacturer_slug":"","_mini_desc":"","_defect_description":"","_safety_instructions":"","_allergen_ids":[],"_warranty_attachment_id":"","_safety_attachment_ids":[],"_min_age":"","_ts_gtin":"","_ts_mpn":"","_delivery_time_countries":[],"_free_shipping":"no","_service":"no","_photovoltaic_system":"no","_used_good":"no","_defective_copy":"no","_wireless_electronic_device":"no","_device_contains_power_supply":"no","_device_charging_supports_usb_pd":"no","_device_charging_watt_min":"0","_device_charging_watt_max":"0","_is_food":"no","_differential_taxation":"no","_gzd_version":"3.18.7","_hs_code":"","_customs_description":"","_manufacture_country":"0","_is_non_returnable":"no","_shipping_length":"","_shipping_width":"","_shipping_height":"","_sku":"ISBN 978-3-86442-212-6","_global_unique_id":"978-3-86442-212-6","_regular_price":"98","total_sales":"0","_tax_status":"taxable","_tax_class":"","_manage_stock":"no","_backorders":"no","_sold_individually":"no","_weight":"2","_virtual":"no","_downloadable":"no","_download_limit":"-1","_download_expiry":"-1","_stock":"","_stock_status":"instock","_wc_average_rating":"0","_wc_review_count":"0","_product_version":"9.7.1","_price":"98","shopengine_product_views_count":"2739","_thumbnail_id":"5037","_product_attributes":{"erscheinungsdatum":{"name":"Date de publication","value":"18.09.2017","position":0,"is_visible":1,"is_variation":0,"is_taxonomy":0,"checkout_visible":0}},"_nutrient_ids":[],"_upsell_ids":null,"pswc_subtitle":null,"_default_delivery_time":null,"_wp_desired_post_slug":null,"_isbn":null,"pageType":null,"isExternalUrl":null,"pageId":null,"externalUrl":null,"hideCookieBanner":null,"isTargetBlank":null,"isProviderCurrentWebsite":null,"isEmbeddingOnlyExternalResources":null,"legalBasis":null,"dataProcessingInCountries":null,"dataProcessingInCountriesSpecialTreatments":null,"technicalDefinitions":null,"googleConsentModeConsentTypes":null,"executePriority":null,"executeCodeOptInWhenNoTagManagerConsentIsGiven":null,"executeCodeOptOutWhenNoTagManagerConsentIsGiven":null,"deleteTechnicalDefinitionsAfterOptOut":null,"presetId":null,"presetVersion":null,"provider":null,"providerContactPhone":null,"providerContactEmail":null,"providerContactLink":null,"uniqueName":null,"providerPrivacyPolicyUrl":null,"providerLegalNoticeUrl":null,"codeOptIn":null,"codeOptOut":null,"codeOnPageLoad":null,"language_code":null,"shopengine_template__post_meta__type":null,"shopengine_template__post_meta":null,"shopengine_template__post_meta__edit_with":null,"origin":null,"_enabled":null,"_filters":null,"_layout":null,"_elementor_import_session_id":null,"_wp_trash_meta_status":null,"_wp_trash_meta_time":null,"_edit_lock":"1743516371:2","_elementor_floating_elements_type":null,"_elementor_edit_mode":null,"_elementor_template_type":null,"tc-thumb-fld":{"_thumb_id":5037,"_thumb_type":"thumb"},"_wp_page_template":"default","_elementor_version":null,"_elementor_pro_version":null,"_elementor_page_settings":null,"_elementor_data":null,"_elementor_conditions":null,"_elementor_popup_display_settings":null,"_edit_last":"2","_elementor_template_sub_type":null,"_elementor_controls_usage":null,"_elementor_screenshot":null,"_elementor_css":null,"_elementor_page_assets":[],"_elementor_element_cache":null,"_elementor_screenshot_failed":null,"_elementor_source":null,"_wp_old_date":null,"layout_key":"","post_slider_check_key":"0","_links":{"self":[{"href":"https:\/\/snoeck.de\/fr\/wp-json\/wp\/v2\/product\/3624","targetHints":{"allow":["GET"]}}],"collection":[{"href":"https:\/\/snoeck.de\/fr\/wp-json\/wp\/v2\/product"}],"about":[{"href":"https:\/\/snoeck.de\/fr\/wp-json\/wp\/v2\/types\/product"}],"wp:featuredmedia":[{"embeddable":true,"href":"https:\/\/snoeck.de\/fr\/wp-json\/wp\/v2\/media\/5037"}],"wp:attachment":[{"href":"https:\/\/snoeck.de\/fr\/wp-json\/wp\/v2\/media?parent=3624"}],"wp:term":[{"taxonomy":"product_brand","embeddable":true,"href":"https:\/\/snoeck.de\/fr\/wp-json\/wp\/v2\/product_brand?post=3624"},{"taxonomy":"product_cat","embeddable":true,"href":"https:\/\/snoeck.de\/fr\/wp-json\/wp\/v2\/product_cat?post=3624"},{"taxonomy":"product_tag","embeddable":true,"href":"https:\/\/snoeck.de\/fr\/wp-json\/wp\/v2\/product_tag?post=3624"}],"curies":[{"name":"wp","href":"https:\/\/api.w.org\/{rel}","templated":true}]}}