{"id":3627,"date":"2025-01-31T11:31:02","date_gmt":"2025-01-31T11:31:02","guid":{"rendered":"https:\/\/snoeck.process-vision.de\/shop\/asger-jorn-without-boundaries\/"},"modified":"2025-04-01T14:05:27","modified_gmt":"2025-04-01T14:05:27","slug":"asger-jorn-without-boundaries","status":"publish","type":"product","link":"https:\/\/snoeck.de\/fr\/shop\/asger-jorn-without-boundaries\/","title":{"rendered":"Asger Jorn : Without Boundaries (sans fronti\u00e8res)"},"content":{"rendered":"<h3>Les mondes visuels dynamiques d'Asger Jorn<\/h3>\n<p>Le peintre et \u00e9crivain danois Asger Jorn (1914-1973) fait na\u00eetre dans ses tableaux aux couleurs vives des mondes visuels dynamiques qui t\u00e9moignent tant\u00f4t d'une l\u00e9g\u00e8ret\u00e9 humoristique et ludique, tant\u00f4t d'une m\u00e9lancolie apocalyptique. Pouss\u00e9 par son grand int\u00e9r\u00eat pour la tradition scandinave, qui s'est notamment d\u00e9velopp\u00e9 en r\u00e9action \u00e0 l'adversit\u00e9, Asger Jorn a peint et \u00e9crit sans rel\u00e2che, mais a \u00e9galement cr\u00e9\u00e9 une vaste \u0153uvre en c\u00e9ramique. Ses \u0153uvres picturales sont \u00e9crites dans un langage visuel extraordinairement puissant, oscillant entre abstraction et figuration. Tout au long de sa carri\u00e8re, Asger Jorn a entretenu des contacts avec de nombreux autres artistes, il a \u00e9t\u00e9 membre fondateur du groupe CoBrA et plus tard de l'Internationale situationniste. Le livre volumineux qui accompagne l'exposition propose une s\u00e9lection concentr\u00e9e d'environ 60 \u0153uvres, l'accent \u00e9tant mis sur la p\u00e9riode de cr\u00e9ation comprise entre les ann\u00e9es 1930 et 1970. Des \u0153uvres majeures comme \"Sans bornes\" de 1959\/60 ou \"Au d\u00e9but \u00e9tait l'image\" de 1965\/66 sont pr\u00e9sent\u00e9es et discut\u00e9es en d\u00e9tail. L'\u00e9tendue du spectre m\u00e9diatique de l'\u0153uvre est illustr\u00e9e par des th\u00e8mes et des motifs cl\u00e9s qui, sans cesse repris par l'artiste, traversent toute sa pratique artistique. Les \u0153uvres expos\u00e9es \u00e0 Hambourg et pr\u00e9sent\u00e9es dans le livre sont un t\u00e9moignage \u00e9loquent de l'intensit\u00e9 et de l'actualit\u00e9 permanente de son travail et comptent sans aucun doute parmi les canons de l'art du 20e si\u00e8cle.<\/p>\n<p>Exposition :<br \/>\nDeichtorhallen Hamburg, 22\/6 - 23\/9\/2018<\/p>","protected":false},"excerpt":{"rendered":"<p>Catalogue d'exposition, Deichtorhallen Hamburg, \u00e9d. Dirk Luckow<br \/>\nTextes (all.\/ang.) de Siegfried Gohr, Petra Lange-Berndt, Dirk Luckow, Roberto Ohrt et Axel Heil, Thorsten Sadowsky<br \/>\nformat 28 x 24,5 cm, demi-lin<\/p>","protected":false},"featured_media":5040,"template":"","meta":[],"product_brand":[],"product_cat":[111,67,90],"product_tag":[],"class_list":{"0":"post-3627","1":"product","2":"type-product","3":"status-publish","4":"has-post-thumbnail","6":"product_cat-111","7":"product_cat-j","8":"product_cat-rare-books","10":"first","11":"instock","12":"taxable","13":"shipping-taxable","14":"purchasable","15":"product-type-simple"},"aioseo_notices":[],"_wp_attached_file":null,"_wp_attachment_metadata":null,"_wc_attachment_source":null,"_elementor_inline_svg":null,"_elementor_is_screenshot":null,"_elementor_source_image_hash":null,"_source_url":null,"_wp_attachment_context":null,"_menu_item_type":null,"_menu_item_menu_item_parent":null,"_menu_item_object_id":null,"_menu_item_object":null,"_menu_item_target":null,"_menu_item_classes":null,"_menu_item_xfn":null,"_menu_item_url":null,"__elementor_forms_snapshot":null,"_unit":"","_unit_base":"","_unit_product":"","_unit_price_auto":"no","_unit_price_regular":"","_unit_price":"","_unit_price_sale":"","_sale_price_label":"","_sale_price_regular_label":"","_manufacturer_slug":"","_mini_desc":"","_defect_description":"","_safety_instructions":"","_allergen_ids":[],"_warranty_attachment_id":"","_safety_attachment_ids":[],"_min_age":"","_ts_gtin":"","_ts_mpn":"","_delivery_time_countries":[],"_free_shipping":"no","_service":"no","_photovoltaic_system":"no","_used_good":"no","_defective_copy":"no","_wireless_electronic_device":"no","_device_contains_power_supply":"no","_device_charging_supports_usb_pd":"no","_device_charging_watt_min":"0","_device_charging_watt_max":"0","_is_food":"no","_differential_taxation":"no","_gzd_version":"3.18.7","_hs_code":"","_customs_description":"","_manufacture_country":"0","_is_non_returnable":"no","_shipping_length":"","_shipping_width":"","_shipping_height":"","_sku":"ISBN 978-3-86442-246-1","_global_unique_id":"978-3-86442-246-1","_regular_price":"68","total_sales":"0","_tax_status":"taxable","_tax_class":"","_manage_stock":"no","_backorders":"no","_sold_individually":"no","_weight":"1","_virtual":"no","_downloadable":"no","_download_limit":"-1","_download_expiry":"-1","_stock":"","_stock_status":"instock","_wc_average_rating":"0","_wc_review_count":"0","_product_version":"9.7.1","_price":"68","shopengine_product_views_count":"2991","_thumbnail_id":"5040","_product_attributes":{"erscheinungsdatum":{"name":"Erscheinungsdatum","value":"30.06.2018","position":0,"is_visible":1,"is_variation":0,"is_taxonomy":0,"checkout_visible":0}},"_nutrient_ids":[],"_upsell_ids":null,"pswc_subtitle":null,"_default_delivery_time":"","_wp_desired_post_slug":null,"_isbn":null,"pageType":null,"isExternalUrl":null,"pageId":null,"externalUrl":null,"hideCookieBanner":null,"isTargetBlank":null,"isProviderCurrentWebsite":null,"isEmbeddingOnlyExternalResources":null,"legalBasis":null,"dataProcessingInCountries":null,"dataProcessingInCountriesSpecialTreatments":null,"technicalDefinitions":null,"googleConsentModeConsentTypes":null,"executePriority":null,"executeCodeOptInWhenNoTagManagerConsentIsGiven":null,"executeCodeOptOutWhenNoTagManagerConsentIsGiven":null,"deleteTechnicalDefinitionsAfterOptOut":null,"presetId":null,"presetVersion":null,"provider":null,"providerContactPhone":null,"providerContactEmail":null,"providerContactLink":null,"uniqueName":null,"providerPrivacyPolicyUrl":null,"providerLegalNoticeUrl":null,"codeOptIn":null,"codeOptOut":null,"codeOnPageLoad":null,"language_code":null,"shopengine_template__post_meta__type":null,"shopengine_template__post_meta":null,"shopengine_template__post_meta__edit_with":null,"origin":null,"_enabled":null,"_filters":null,"_layout":null,"_elementor_import_session_id":null,"_wp_trash_meta_status":null,"_wp_trash_meta_time":null,"_edit_lock":"1743516190:2","_elementor_floating_elements_type":null,"_elementor_edit_mode":null,"_elementor_template_type":null,"tc-thumb-fld":{"_thumb_id":5040,"_thumb_type":"thumb"},"_wp_page_template":"default","_elementor_version":null,"_elementor_pro_version":null,"_elementor_page_settings":null,"_elementor_data":null,"_elementor_conditions":null,"_elementor_popup_display_settings":null,"_edit_last":"2","_elementor_template_sub_type":null,"_elementor_controls_usage":null,"_elementor_screenshot":null,"_elementor_css":null,"_elementor_page_assets":[],"_elementor_element_cache":null,"_elementor_screenshot_failed":null,"_elementor_source":null,"_wp_old_date":null,"layout_key":"","post_slider_check_key":"0","_links":{"self":[{"href":"https:\/\/snoeck.de\/fr\/wp-json\/wp\/v2\/product\/3627","targetHints":{"allow":["GET"]}}],"collection":[{"href":"https:\/\/snoeck.de\/fr\/wp-json\/wp\/v2\/product"}],"about":[{"href":"https:\/\/snoeck.de\/fr\/wp-json\/wp\/v2\/types\/product"}],"wp:featuredmedia":[{"embeddable":true,"href":"https:\/\/snoeck.de\/fr\/wp-json\/wp\/v2\/media\/5040"}],"wp:attachment":[{"href":"https:\/\/snoeck.de\/fr\/wp-json\/wp\/v2\/media?parent=3627"}],"wp:term":[{"taxonomy":"product_brand","embeddable":true,"href":"https:\/\/snoeck.de\/fr\/wp-json\/wp\/v2\/product_brand?post=3627"},{"taxonomy":"product_cat","embeddable":true,"href":"https:\/\/snoeck.de\/fr\/wp-json\/wp\/v2\/product_cat?post=3627"},{"taxonomy":"product_tag","embeddable":true,"href":"https:\/\/snoeck.de\/fr\/wp-json\/wp\/v2\/product_tag?post=3627"}],"curies":[{"name":"wp","href":"https:\/\/api.w.org\/{rel}","templated":true}]}}