{"id":3628,"date":"2025-01-31T11:31:02","date_gmt":"2025-01-31T11:31:02","guid":{"rendered":"https:\/\/snoeck.process-vision.de\/shop\/allan-kaprow-malerei-1946-1957-eine-werkschau\/"},"modified":"2026-04-08T15:12:08","modified_gmt":"2026-04-08T14:12:08","slug":"allan-kaprow-malerei-1946-1957-eine-werkschau","status":"publish","type":"product","link":"https:\/\/snoeck.de\/fr\/shop\/allan-kaprow-malerei-1946-1957-eine-werkschau\/","title":{"rendered":"Allan Kaprow : Peinture 1946-1957 - Une exposition de son \u0153uvre"},"content":{"rendered":"<h3>Les premi\u00e8res peintures d'Allan Kaprow n'ont jamais \u00e9t\u00e9 montr\u00e9es auparavant<\/h3>\n<p>Allan Kaprow (1927-2006) jouit d'une renomm\u00e9e mondiale, surtout en tant qu'artiste d'action. Mais il n'est pas le seul \u00e0 avoir invent\u00e9 le terme de happening - il a marqu\u00e9 cette forme d'art \u00e0 la fin des ann\u00e9es 1950 \u00e0 New York ; ses environnements - des installations g\u00e9antes et modulables faites de pneus, de tonneaux ou de blocs de glace - sont \u00e9galement consid\u00e9r\u00e9s comme des jalons dans l'histoire de l'art r\u00e9cente. Allan Kaprow a commenc\u00e9 sa carri\u00e8re artistique en tant que peintre, notamment dans le cadre de ses \u00e9tudes avec Hans Hofmann ; il a \u00e9galement \u00e9tudi\u00e9 l'histoire de l'art avec Meyer Shapiro et la composition avec John Cage, s'ouvrant ainsi tr\u00e8s t\u00f4t non seulement \u00e0 la th\u00e9orie, mais aussi aux approches artistiques et d'interpr\u00e9tation du monde les plus diverses. Il a toujours \u00e9volu\u00e9 dans le champ de tension entre l'intuition, la forme ouverte et la r\u00e9f\u00e9rence au temps d'une part, et la pratique r\u00e9flexive en tant que th\u00e9oricien et historien de l'art d'autre part. L'exposition \u00e0 la Villa Merkel d'Esslingen se consacre pour la premi\u00e8re fois exclusivement \u00e0 l'\u0153uvre picturale de jeunesse r\u00e9alis\u00e9e entre 1946 et 1957 et permet de reconna\u00eetre les mod\u00e8les auxquels le jeune artiste s'est orient\u00e9 et a travaill\u00e9, son int\u00e9r\u00eat pour les questions d'espace ainsi que sa volont\u00e9 de court-circuiter les performances d'un Jackson Pollock et d'un John Cage sautant notamment aux yeux. Cela va jusqu'aux travaux r\u00e9alis\u00e9s au milieu des ann\u00e9es 1950, qu'il appelle \"Actioncollages\" et dans lesquels il int\u00e8gre peu \u00e0 peu des mat\u00e9riaux et des objets du quotidien. L'exposition et le livre pr\u00e9sentent une grande quantit\u00e9 de peintures d'Allan Kaprow qui n'avaient encore jamais \u00e9t\u00e9 montr\u00e9es.<\/p>\n<p>Exposition :<br \/>\nVilla Merkel Esslingen, 19\/3-28\/5\/2017<\/p>","protected":false},"excerpt":{"rendered":"<p>Catalogue d'exposition, Villa Merkel Esslingen, \u00e9d. par Andreas Baur<br \/>\nTextes (all.\/ang.) d'Andreas Baur et Philip Ursprung<br \/>\n152 p. avec 68 illustrations en couleur et 71 en n\/b<br \/>\nformat 28 x 21 cm, couverture rigide<\/p>","protected":false},"featured_media":5041,"template":"","meta":[],"product_brand":[],"product_cat":[95],"product_tag":[],"class_list":{"0":"post-3628","1":"product","2":"type-product","3":"status-publish","4":"has-post-thumbnail","6":"product_cat-vergriffen","8":"first","9":"outofstock","10":"taxable","11":"shipping-taxable","12":"product-type-simple"},"aioseo_notices":[],"_wp_attached_file":null,"_wp_attachment_metadata":null,"_wc_attachment_source":null,"_elementor_inline_svg":null,"_elementor_is_screenshot":null,"_elementor_source_image_hash":null,"_source_url":null,"_wp_attachment_context":null,"_menu_item_type":null,"_menu_item_menu_item_parent":null,"_menu_item_object_id":null,"_menu_item_object":null,"_menu_item_target":null,"_menu_item_classes":null,"_menu_item_xfn":null,"_menu_item_url":null,"__elementor_forms_snapshot":null,"_unit":"","_unit_base":"","_unit_product":"","_unit_price_auto":"no","_unit_price_regular":"","_unit_price":"","_unit_price_sale":"","_sale_price_label":"","_sale_price_regular_label":"","_manufacturer_slug":"","_mini_desc":"","_defect_description":"","_safety_instructions":"","_allergen_ids":[],"_warranty_attachment_id":"","_safety_attachment_ids":[],"_min_age":"","_ts_gtin":"","_ts_mpn":"","_delivery_time_countries":[],"_free_shipping":"no","_service":"no","_photovoltaic_system":"no","_used_good":"no","_defective_copy":"no","_wireless_electronic_device":"no","_device_contains_power_supply":"no","_device_charging_supports_usb_pd":"no","_device_charging_watt_min":"0","_device_charging_watt_max":"0","_is_food":"no","_differential_taxation":"no","_gzd_version":"3.18.7","_hs_code":"","_customs_description":"","_manufacture_country":"0","_is_non_returnable":"no","_shipping_length":"","_shipping_width":"","_shipping_height":"","_sku":"ISBN 978-3-86442-202-7","_global_unique_id":"978-3-86442-202-7","_regular_price":null,"total_sales":"0","_tax_status":"taxable","_tax_class":"","_manage_stock":"no","_backorders":"no","_sold_individually":"no","_weight":"1","_virtual":"no","_downloadable":"no","_download_limit":"-1","_download_expiry":"-1","_stock":"","_stock_status":"outofstock","_wc_average_rating":"0","_wc_review_count":"0","_product_version":"10.1.4","_price":"","shopengine_product_views_count":"6069","_thumbnail_id":"5041","_product_attributes":{"erscheinungsdatum":{"name":"Date de publication","value":"07.08.2017","position":0,"is_visible":1,"is_variation":0,"is_taxonomy":0,"checkout_visible":0}},"_nutrient_ids":[],"_upsell_ids":null,"pswc_subtitle":null,"_default_delivery_time":null,"_wp_desired_post_slug":null,"_isbn":null,"pageType":null,"isExternalUrl":null,"pageId":null,"externalUrl":null,"hideCookieBanner":null,"isTargetBlank":null,"isProviderCurrentWebsite":null,"isEmbeddingOnlyExternalResources":null,"legalBasis":null,"dataProcessingInCountries":null,"dataProcessingInCountriesSpecialTreatments":null,"technicalDefinitions":null,"googleConsentModeConsentTypes":null,"executePriority":null,"executeCodeOptInWhenNoTagManagerConsentIsGiven":null,"executeCodeOptOutWhenNoTagManagerConsentIsGiven":null,"deleteTechnicalDefinitionsAfterOptOut":null,"presetId":null,"presetVersion":null,"provider":null,"providerContactPhone":null,"providerContactEmail":null,"providerContactLink":null,"uniqueName":null,"providerPrivacyPolicyUrl":null,"providerLegalNoticeUrl":null,"codeOptIn":null,"codeOptOut":null,"codeOnPageLoad":null,"language_code":null,"shopengine_template__post_meta__type":null,"shopengine_template__post_meta":null,"shopengine_template__post_meta__edit_with":null,"origin":null,"_enabled":null,"_filters":null,"_layout":null,"_elementor_import_session_id":null,"_wp_trash_meta_status":null,"_wp_trash_meta_time":null,"_edit_lock":"1743516130:2","_elementor_floating_elements_type":null,"_elementor_edit_mode":null,"_elementor_template_type":null,"tc-thumb-fld":{"_thumb_id":5041,"_thumb_type":"thumb"},"_wp_page_template":"default","_elementor_version":null,"_elementor_pro_version":null,"_elementor_page_settings":null,"_elementor_data":null,"_elementor_conditions":null,"_elementor_popup_display_settings":null,"_edit_last":"2","_elementor_template_sub_type":null,"_elementor_controls_usage":null,"_elementor_screenshot":null,"_elementor_css":null,"_elementor_page_assets":[],"_elementor_element_cache":null,"_elementor_screenshot_failed":null,"_elementor_source":null,"_wp_old_date":null,"layout_key":"","post_slider_check_key":"0","_links":{"self":[{"href":"https:\/\/snoeck.de\/fr\/wp-json\/wp\/v2\/product\/3628","targetHints":{"allow":["GET"]}}],"collection":[{"href":"https:\/\/snoeck.de\/fr\/wp-json\/wp\/v2\/product"}],"about":[{"href":"https:\/\/snoeck.de\/fr\/wp-json\/wp\/v2\/types\/product"}],"wp:featuredmedia":[{"embeddable":true,"href":"https:\/\/snoeck.de\/fr\/wp-json\/wp\/v2\/media\/5041"}],"wp:attachment":[{"href":"https:\/\/snoeck.de\/fr\/wp-json\/wp\/v2\/media?parent=3628"}],"wp:term":[{"taxonomy":"product_brand","embeddable":true,"href":"https:\/\/snoeck.de\/fr\/wp-json\/wp\/v2\/product_brand?post=3628"},{"taxonomy":"product_cat","embeddable":true,"href":"https:\/\/snoeck.de\/fr\/wp-json\/wp\/v2\/product_cat?post=3628"},{"taxonomy":"product_tag","embeddable":true,"href":"https:\/\/snoeck.de\/fr\/wp-json\/wp\/v2\/product_tag?post=3628"}],"curies":[{"name":"wp","href":"https:\/\/api.w.org\/{rel}","templated":true}]}}