{"id":3629,"date":"2025-01-31T11:31:03","date_gmt":"2025-01-31T11:31:03","guid":{"rendered":"https:\/\/snoeck.process-vision.de\/shop\/benjamin-katz-entdeckungen-discoveries-decouvertes\/"},"modified":"2025-04-01T14:03:18","modified_gmt":"2025-04-01T14:03:18","slug":"benjamin-katz-entdeckungen-discoveries-decouvertes","status":"publish","type":"product","link":"https:\/\/snoeck.de\/fr\/shop\/benjamin-katz-entdeckungen-discoveries-decouvertes\/","title":{"rendered":"Benjamin Katz : D\u00e9couvertes - Discoveries - D\u00e9couvertes"},"content":{"rendered":"<h3>L'amour du monde<\/h3>\n<p>Benjamin Katz, fils de juifs allemands n\u00e9 \u00e0 Anvers en 1939, est devenu c\u00e9l\u00e8bre gr\u00e2ce \u00e0 ses portraits d'artistes p\u00e9n\u00e9trants de Georg Baselitz, J\u00f6rg Immendorff, Josef Beuys, James Lee Byars, Sigmar Polke ou Gerhard Richter. Aucune exposition des soi-disant princes allemands de la peinture - Benjamin Katz leur est parfois li\u00e9 depuis des ann\u00e9es - ne peut se passer de ses portraits subtils. Mais ses archives, qui contiennent plus d'un demi-million de n\u00e9gatifs couvrant plus de 60 ans de travail photographique, rec\u00e8lent encore bien des surprises : outre des s\u00e9ries de photos conceptuelles, il s'agit notamment d'observations quotidiennes - paysages, vues portant les traces du d\u00e9clin industriel, d\u00e9tails architecturaux, trouvailles de po\u00e9sie quotidienne ou encore absurdit\u00e9 momentan\u00e9e. Les images rec\u00e8lent de nombreuses histoires non racont\u00e9es, les associations d'id\u00e9es les plus diverses sont convoqu\u00e9es et l'humour sous-jacent de l'artiste se manifeste toujours. Les influences d'anciens mod\u00e8les, qu'il s'agisse de Brassa\u00ef, Rodtchenko ou Cartier-Bresson, apparaissent toujours, mais les images de Benjamin Katz sont avant tout des narrations sans mots, li\u00e9es \u00e0 l'humour comme sagesse de vie et aux omissions \u00e9loquentes dans des histoires simples. Ce n'est qu'avec admiration que l'on peut suivre les r\u00e9sultats de cette cr\u00e9ation qui, lorsqu'on la regarde avec concentration, met en lumi\u00e8re des moments de vie plut\u00f4t anodins avec une brillante acuit\u00e9.<\/p>\n<p>Exposition :<br \/>\nMarta Herford, 13\/6 - 3\/10\/21<\/p>","protected":false},"excerpt":{"rendered":"<p>Catalogue d'exposition, \u00e9dit\u00e9 par Marta Herford<br \/>\nTextes (all.\/ang.\/fran\u00e7ais) de Roland Nachtig\u00e4ller, \u00c9ric Darragon<br \/>\n172 p. avec 200 illustrations en duplex<br \/>\nformat 30 x 20 cm, demi-lin<\/p>","protected":false},"featured_media":5042,"template":"","meta":[],"product_brand":[],"product_cat":[85,68],"product_tag":[],"class_list":{"0":"post-3629","1":"product","2":"type-product","3":"status-publish","4":"has-post-thumbnail","6":"product_cat-85","7":"product_cat-k","9":"first","10":"instock","11":"taxable","12":"shipping-taxable","13":"purchasable","14":"product-type-simple"},"aioseo_notices":[],"_wp_attached_file":null,"_wp_attachment_metadata":null,"_wc_attachment_source":null,"_elementor_inline_svg":null,"_elementor_is_screenshot":null,"_elementor_source_image_hash":null,"_source_url":null,"_wp_attachment_context":null,"_menu_item_type":null,"_menu_item_menu_item_parent":null,"_menu_item_object_id":null,"_menu_item_object":null,"_menu_item_target":null,"_menu_item_classes":null,"_menu_item_xfn":null,"_menu_item_url":null,"__elementor_forms_snapshot":null,"_unit":"","_unit_base":"","_unit_product":"","_unit_price_auto":"no","_unit_price_regular":"","_unit_price":"","_unit_price_sale":"","_sale_price_label":"","_sale_price_regular_label":"","_manufacturer_slug":"","_mini_desc":"","_defect_description":"","_safety_instructions":"","_allergen_ids":[],"_warranty_attachment_id":"","_safety_attachment_ids":[],"_min_age":"","_ts_gtin":"","_ts_mpn":"","_delivery_time_countries":[],"_free_shipping":"no","_service":"no","_photovoltaic_system":"no","_used_good":"no","_defective_copy":"no","_wireless_electronic_device":"no","_device_contains_power_supply":"no","_device_charging_supports_usb_pd":"no","_device_charging_watt_min":"0","_device_charging_watt_max":"0","_is_food":"no","_differential_taxation":"no","_gzd_version":"3.18.7","_hs_code":"","_customs_description":"","_manufacture_country":"0","_is_non_returnable":"no","_shipping_length":"","_shipping_width":"","_shipping_height":"","_sku":"ISBN 978-3-86442-350-5","_global_unique_id":"978-3-86442-350-5","_regular_price":"39.8","total_sales":"0","_tax_status":"taxable","_tax_class":"","_manage_stock":"no","_backorders":"no","_sold_individually":"no","_weight":"2","_virtual":"no","_downloadable":"no","_download_limit":"-1","_download_expiry":"-1","_stock":"","_stock_status":"instock","_wc_average_rating":"0","_wc_review_count":"0","_product_version":"9.7.1","_price":"39.8","shopengine_product_views_count":"2688","_thumbnail_id":"5042","_product_attributes":{"erscheinungsdatum":{"name":"Date de publication","value":"13.06.2021","position":0,"is_visible":1,"is_variation":0,"is_taxonomy":0,"checkout_visible":0}},"_nutrient_ids":[],"_upsell_ids":null,"pswc_subtitle":null,"_default_delivery_time":null,"_wp_desired_post_slug":null,"_isbn":null,"pageType":null,"isExternalUrl":null,"pageId":null,"externalUrl":null,"hideCookieBanner":null,"isTargetBlank":null,"isProviderCurrentWebsite":null,"isEmbeddingOnlyExternalResources":null,"legalBasis":null,"dataProcessingInCountries":null,"dataProcessingInCountriesSpecialTreatments":null,"technicalDefinitions":null,"googleConsentModeConsentTypes":null,"executePriority":null,"executeCodeOptInWhenNoTagManagerConsentIsGiven":null,"executeCodeOptOutWhenNoTagManagerConsentIsGiven":null,"deleteTechnicalDefinitionsAfterOptOut":null,"presetId":null,"presetVersion":null,"provider":null,"providerContactPhone":null,"providerContactEmail":null,"providerContactLink":null,"uniqueName":null,"providerPrivacyPolicyUrl":null,"providerLegalNoticeUrl":null,"codeOptIn":null,"codeOptOut":null,"codeOnPageLoad":null,"language_code":null,"shopengine_template__post_meta__type":null,"shopengine_template__post_meta":null,"shopengine_template__post_meta__edit_with":null,"origin":null,"_enabled":null,"_filters":null,"_layout":null,"_elementor_import_session_id":null,"_wp_trash_meta_status":null,"_wp_trash_meta_time":null,"_edit_lock":"1743516200:2","_elementor_floating_elements_type":null,"_elementor_edit_mode":null,"_elementor_template_type":null,"tc-thumb-fld":{"_thumb_id":5042,"_thumb_type":"thumb"},"_wp_page_template":"default","_elementor_version":null,"_elementor_pro_version":null,"_elementor_page_settings":null,"_elementor_data":null,"_elementor_conditions":null,"_elementor_popup_display_settings":null,"_edit_last":"2","_elementor_template_sub_type":null,"_elementor_controls_usage":null,"_elementor_screenshot":null,"_elementor_css":null,"_elementor_page_assets":[],"_elementor_element_cache":null,"_elementor_screenshot_failed":null,"_elementor_source":null,"_wp_old_date":null,"layout_key":"","post_slider_check_key":"0","_links":{"self":[{"href":"https:\/\/snoeck.de\/fr\/wp-json\/wp\/v2\/product\/3629","targetHints":{"allow":["GET"]}}],"collection":[{"href":"https:\/\/snoeck.de\/fr\/wp-json\/wp\/v2\/product"}],"about":[{"href":"https:\/\/snoeck.de\/fr\/wp-json\/wp\/v2\/types\/product"}],"wp:featuredmedia":[{"embeddable":true,"href":"https:\/\/snoeck.de\/fr\/wp-json\/wp\/v2\/media\/5042"}],"wp:attachment":[{"href":"https:\/\/snoeck.de\/fr\/wp-json\/wp\/v2\/media?parent=3629"}],"wp:term":[{"taxonomy":"product_brand","embeddable":true,"href":"https:\/\/snoeck.de\/fr\/wp-json\/wp\/v2\/product_brand?post=3629"},{"taxonomy":"product_cat","embeddable":true,"href":"https:\/\/snoeck.de\/fr\/wp-json\/wp\/v2\/product_cat?post=3629"},{"taxonomy":"product_tag","embeddable":true,"href":"https:\/\/snoeck.de\/fr\/wp-json\/wp\/v2\/product_tag?post=3629"}],"curies":[{"name":"wp","href":"https:\/\/api.w.org\/{rel}","templated":true}]}}