{"id":3630,"date":"2025-01-31T11:31:03","date_gmt":"2025-01-31T11:31:03","guid":{"rendered":"https:\/\/snoeck.process-vision.de\/shop\/benjamin-katz-fleurs\/"},"modified":"2025-04-01T14:02:08","modified_gmt":"2025-04-01T14:02:08","slug":"benjamin-katz-fleurs","status":"publish","type":"product","link":"https:\/\/snoeck.de\/fr\/shop\/benjamin-katz-fleurs\/","title":{"rendered":"Benjamin Katz : Fleurs"},"content":{"rendered":"<h3>N'oubliez pas vos fleurs, monsieur Katz !<\/h3>\n<p>\"Dans la vie d'un bouquet de fleurs, il y a parfois un photographe. Et dans la vie d'un photographe, il y a parfois des fleurs. C'est ce qui est arriv\u00e9 \u00e0 Benjamin Katz, et c'est peut-\u00eatre \u00e0 lui que cela devait arriver. Toute sa vie, il a r\u00e9alis\u00e9 des portraits d'artistes. Des milliers de portraits, non pas de milliers d'artistes, mais tout de m\u00eame de quelques dizaines d'entre eux. Inutile de les nommer tous. Ils sont en tout cas plus nombreux qu'on ne le pense. Il les a d\u00e9couverts avant tout le monde. Et apr\u00e8s toutes ces ann\u00e9es o\u00f9 il \u00e9tait l\u00e0, apr\u00e8s toutes ces \u0153uvres qu'il a mises en lumi\u00e8re, qu'il a parfois \u00e9t\u00e9 le premier \u00e0 voir, le premier \u00e0 poss\u00e9der, le premier \u00e0 montrer, il quitte maintenant son appartement, disons : le matin, si c'est le jour o\u00f9 il ach\u00e8te un bouquet de fleurs au march\u00e9. Ce bouquet du jour, qu'il trouve sans peine, il le monte \u00e0 son \u00e9tage, le met dans un vase, le fait poser dans son univers, toujours \u00e0 la m\u00eame place, sur la plaque de cuisson de la cuisine ; puis il prend une photo. Toujours la m\u00eame photo avec le m\u00eame objectif, et comme il r\u00e9p\u00e8te cette proc\u00e9dure, il obtient, qu'il fasse beau ou qu'il fasse mauvais dehors, une succession de jours avec des fleurs, comme pour un calendrier de la poste. Sauf que l'on ne compte pas les jours, mais que l'on remarque simplement quelques changements. Les fleurs changent, l'eau des fleurs est chang\u00e9e, le photographe aussi change un peu, mais l'image ne change pas, elle reste toujours un bouquet. L'image ne capture pas l'identit\u00e9. Plut\u00f4t l'alt\u00e9rit\u00e9. Une alt\u00e9rit\u00e9 qui, dans son r\u00e9ceptacle, fl\u00e9trit vers l'incertitude. Si l'on conna\u00eet le nom de la fleur, on n'a pas gagn\u00e9 grand-chose. Les peintres de fleurs d'autrefois racontaient des romans entiers dans leurs tableaux. Les fleurs du photographe n'en disent pas autant. Elles ne font que se transformer en elles-m\u00eames, chacune \u00e0 sa mani\u00e8re. Et elles rejoignent alors le cort\u00e8ge de toutes ces fleurs que l'on a toujours voulu montrer avant qu'elles ne se fanent. A-t-on d\u00e9j\u00e0 vu des tulipes dispara\u00eetre face \u00e0 ce photographe n\u00e9 \u00e0 Anvers ? En tout cas, depuis que les roses existent, on n'a jamais vu un jardinier mourir. Fais un pas en arri\u00e8re, vieux lecteur de formules magiques. Ce n'est qu'un bouquet pour tous les autres bouquets. Et aussi seulement une photo pour toutes les autres photos. Ne te d\u00e9range pas, il y a des souvenirs en cours !\" {Eric Darragon dans son texte)<\/p>\n<p>Exposition :<br \/>\nKnust Kunz Gallery Editions, Munich, 6 - 29\/2\/2020<\/p>","protected":false},"excerpt":{"rendered":"<p>Catalogue d'exposition, Knust Kunz Gallery Editions<br \/>\nTexte (all.\/angl.\/fran\u00e7ais) d'Eric Darragon<br \/>\n40 p. avec 17 ill. en duotone<br \/>\nformat 24 x 18 cm, cahier agraf\u00e9<br \/>\ntous les exemplaires sign\u00e9s par l'artiste<\/p>","protected":false},"featured_media":5043,"template":"","meta":[],"product_brand":[],"product_cat":[84,68],"product_tag":[],"class_list":{"0":"post-3630","1":"product","2":"type-product","3":"status-publish","4":"has-post-thumbnail","6":"product_cat-84","7":"product_cat-k","9":"first","10":"instock","11":"taxable","12":"shipping-taxable","13":"purchasable","14":"product-type-simple"},"aioseo_notices":[],"_wp_attached_file":null,"_wp_attachment_metadata":null,"_wc_attachment_source":null,"_elementor_inline_svg":null,"_elementor_is_screenshot":null,"_elementor_source_image_hash":null,"_source_url":null,"_wp_attachment_context":null,"_menu_item_type":null,"_menu_item_menu_item_parent":null,"_menu_item_object_id":null,"_menu_item_object":null,"_menu_item_target":null,"_menu_item_classes":null,"_menu_item_xfn":null,"_menu_item_url":null,"__elementor_forms_snapshot":null,"_unit":"","_unit_base":"","_unit_product":"","_unit_price_auto":"no","_unit_price_regular":"","_unit_price":"","_unit_price_sale":"","_sale_price_label":"","_sale_price_regular_label":"","_manufacturer_slug":"","_mini_desc":"","_defect_description":"","_safety_instructions":"","_allergen_ids":[],"_warranty_attachment_id":"","_safety_attachment_ids":[],"_min_age":"","_ts_gtin":"","_ts_mpn":"","_delivery_time_countries":[],"_free_shipping":"no","_service":"no","_photovoltaic_system":"no","_used_good":"no","_defective_copy":"no","_wireless_electronic_device":"no","_device_contains_power_supply":"no","_device_charging_supports_usb_pd":"no","_device_charging_watt_min":"0","_device_charging_watt_max":"0","_is_food":"no","_differential_taxation":"no","_gzd_version":"3.18.7","_hs_code":"","_customs_description":"","_manufacture_country":"0","_is_non_returnable":"no","_shipping_length":"","_shipping_width":"","_shipping_height":"","_sku":"ISBN 978-3-86442-315-4","_global_unique_id":"978-3-86442-315-4","_regular_price":"19.8","total_sales":"2","_tax_status":"taxable","_tax_class":"","_manage_stock":"no","_backorders":"no","_sold_individually":"no","_weight":"1","_virtual":"no","_downloadable":"no","_download_limit":"-1","_download_expiry":"-1","_stock":"","_stock_status":"instock","_wc_average_rating":"0","_wc_review_count":"0","_product_version":"9.7.1","_price":"19.8","shopengine_product_views_count":"3046","_thumbnail_id":"5043","_product_attributes":{"erscheinungsdatum":{"name":"Date de publication","value":"06.03.2020","position":0,"is_visible":1,"is_variation":0,"is_taxonomy":0,"checkout_visible":0}},"_nutrient_ids":[],"_upsell_ids":null,"pswc_subtitle":null,"_default_delivery_time":null,"_wp_desired_post_slug":null,"_isbn":null,"pageType":null,"isExternalUrl":null,"pageId":null,"externalUrl":null,"hideCookieBanner":null,"isTargetBlank":null,"isProviderCurrentWebsite":null,"isEmbeddingOnlyExternalResources":null,"legalBasis":null,"dataProcessingInCountries":null,"dataProcessingInCountriesSpecialTreatments":null,"technicalDefinitions":null,"googleConsentModeConsentTypes":null,"executePriority":null,"executeCodeOptInWhenNoTagManagerConsentIsGiven":null,"executeCodeOptOutWhenNoTagManagerConsentIsGiven":null,"deleteTechnicalDefinitionsAfterOptOut":null,"presetId":null,"presetVersion":null,"provider":null,"providerContactPhone":null,"providerContactEmail":null,"providerContactLink":null,"uniqueName":null,"providerPrivacyPolicyUrl":null,"providerLegalNoticeUrl":null,"codeOptIn":null,"codeOptOut":null,"codeOnPageLoad":null,"language_code":null,"shopengine_template__post_meta__type":null,"shopengine_template__post_meta":null,"shopengine_template__post_meta__edit_with":null,"origin":null,"_enabled":null,"_filters":null,"_layout":null,"_elementor_import_session_id":null,"_wp_trash_meta_status":null,"_wp_trash_meta_time":null,"_edit_lock":"1743516130:2","_elementor_floating_elements_type":null,"_elementor_edit_mode":null,"_elementor_template_type":null,"tc-thumb-fld":{"_thumb_id":5043,"_thumb_type":"thumb"},"_wp_page_template":"default","_elementor_version":null,"_elementor_pro_version":null,"_elementor_page_settings":null,"_elementor_data":null,"_elementor_conditions":null,"_elementor_popup_display_settings":null,"_edit_last":"2","_elementor_template_sub_type":null,"_elementor_controls_usage":null,"_elementor_screenshot":null,"_elementor_css":null,"_elementor_page_assets":[],"_elementor_element_cache":null,"_elementor_screenshot_failed":null,"_elementor_source":null,"_wp_old_date":null,"layout_key":"","post_slider_check_key":"0","_links":{"self":[{"href":"https:\/\/snoeck.de\/fr\/wp-json\/wp\/v2\/product\/3630","targetHints":{"allow":["GET"]}}],"collection":[{"href":"https:\/\/snoeck.de\/fr\/wp-json\/wp\/v2\/product"}],"about":[{"href":"https:\/\/snoeck.de\/fr\/wp-json\/wp\/v2\/types\/product"}],"wp:featuredmedia":[{"embeddable":true,"href":"https:\/\/snoeck.de\/fr\/wp-json\/wp\/v2\/media\/5043"}],"wp:attachment":[{"href":"https:\/\/snoeck.de\/fr\/wp-json\/wp\/v2\/media?parent=3630"}],"wp:term":[{"taxonomy":"product_brand","embeddable":true,"href":"https:\/\/snoeck.de\/fr\/wp-json\/wp\/v2\/product_brand?post=3630"},{"taxonomy":"product_cat","embeddable":true,"href":"https:\/\/snoeck.de\/fr\/wp-json\/wp\/v2\/product_cat?post=3630"},{"taxonomy":"product_tag","embeddable":true,"href":"https:\/\/snoeck.de\/fr\/wp-json\/wp\/v2\/product_tag?post=3630"}],"curies":[{"name":"wp","href":"https:\/\/api.w.org\/{rel}","templated":true}]}}