{"id":3631,"date":"2025-01-31T11:31:04","date_gmt":"2025-01-31T11:31:04","guid":{"rendered":"https:\/\/snoeck.process-vision.de\/shop\/guenther-kebeck-andreas-karl-schulze-uebersummativitaet\/"},"modified":"2025-04-01T13:59:31","modified_gmt":"2025-04-01T13:59:31","slug":"guenther-kebeck-andreas-karl-schulze-uebersummativitaet","status":"publish","type":"product","link":"https:\/\/snoeck.de\/fr\/shop\/guenther-kebeck-andreas-karl-schulze-uebersummativitaet\/","title":{"rendered":"G\u00fcnther Kebeck, Andreas Karl Schulze : Sursummatisme"},"content":{"rendered":"<h3>La perception entre analyse scientifique et travail artistique<\/h3>\n<p>La vision nous est tellement naturelle que nous ne nous demandons pas comment notre monde visuel se forme. Mais l'image r\u00e9tinienne, point de d\u00e9part de la perception humaine, ne ressemble gu\u00e8re \u00e0 ce que nous voyons. Notre image du monde est cr\u00e9\u00e9e dans le cerveau selon des r\u00e8gles bien \u00e9tablies : les lois de structuration et de regroupement. Ce sont des processus rapides et automatiques auxquels notre conscience n'a pas acc\u00e8s. Ils g\u00e9n\u00e8rent l'ordre du monde visible. Max Wertheimer a pr\u00e9sent\u00e9 en 1923 un travail de recherche r\u00e9volutionnaire \u00e0 ce sujet. Et quel est l'\u00e9tat actuel de la recherche ? L'articulation et le regroupement sont des th\u00e8mes de la science comme de l'art. Les \u0153uvres artistiques d'Andreas Karl Schulze pr\u00e9sent\u00e9es ici jouent avec les lois de la vision. D'une part, ils cr\u00e9ent de nouvelles \"figures\", d'autre part, ils provoquent justement les ambigu\u00eft\u00e9s qu'il faut \u00e9viter dans la vie quotidienne. Ils introduisent une contradiction productive dans les r\u00e8gles de construction du monde visuel, permettent des associations inhabituelles, r\u00e9organisent le monde connu. Des carr\u00e9s de coton color\u00e9s de 5 x 5 cm permettent des variations presque infinies dans leur disposition. Tri\u00e9s par couleur, les carr\u00e9s sont conserv\u00e9s dans des cartons et voyagent autour du monde comme des paquets d'\u00e9nergie. Ils constituent un \u00e9quipement artistique mobile et flexible, qui reste extr\u00eamement limit\u00e9 dans la r\u00e9duction conceptuelle de ses moyens formels. Leur perception, en revanche, est complexe. Ils sont \u00e0 la fois image et objet, rien ne peut \u00eatre ferm\u00e9 en tant que forme, tout a un rythme et est en mouvement. Le spectateur voit ce qui est visible. Cette concentration sur le visible ne signifie pas une limitation, mais est - comme l'a formul\u00e9 l'historien de l'art Erich Franz - \"une extension inachevable de ce qui est \u00e0 reconna\u00eetre\". La vision elle-m\u00eame devient une exp\u00e9rience. Trente-quatre photographies d'installations de peinture d'Andreas Karl Schulze datant de 1998 \u00e0 2016 ont \u00e9t\u00e9 s\u00e9lectionn\u00e9es pour ce livre. Le texte de G\u00fcnther Kebeck explore la question de savoir comment, \u00e0 l'aide des processus d'articulation et de regroupement, les ambigu\u00eft\u00e9s peuvent \u00eatre r\u00e9duites et comment l'ordre du monde visuel se construit progressivement. Comment des parties sont assembl\u00e9es en un tout de telle sorte qu'il en r\u00e9sulte finalement une sursummaticit\u00e9 : Le tout est plus que la somme de ses parties. Les r\u00e9flexions sur la productivit\u00e9 de la perception humaine sont le point de d\u00e9part des questions d'esth\u00e9tique. Pourquoi percevons-nous les choses comme belles ? Quelle est la particularit\u00e9 de la perception des \u0153uvres d'art ? \u00c0 premi\u00e8re vue, le contraste entre le texte scientifique et les \u0153uvres artistiques ne pourrait pas \u00eatre plus grand : lecture versus observation, r\u00e9flexion versus contemplation. Le texte et les images restent autonomes. Ce qu'ils ont en commun, c'est la concentration sur la vision comme acte de connaissance fondamental.<\/p>","protected":false},"excerpt":{"rendered":"<p>Texte (all.) de G\u00fctnher Kebeck,<br \/>\n96 p. avec 34 illustrations en couleur d'Andreas Karl Schulze<br \/>\nformat 24 x 17 cm, couverture rigide<\/p>","protected":false},"featured_media":5044,"template":"","meta":[],"product_brand":[],"product_cat":[110,68,76,120],"product_tag":[],"class_list":{"0":"post-3631","1":"product","2":"type-product","3":"status-publish","4":"has-post-thumbnail","6":"product_cat-110","7":"product_cat-k","8":"product_cat-s","9":"product_cat-ue","11":"first","12":"instock","13":"taxable","14":"shipping-taxable","15":"purchasable","16":"product-type-simple"},"aioseo_notices":[],"_wp_attached_file":null,"_wp_attachment_metadata":null,"_wc_attachment_source":null,"_elementor_inline_svg":null,"_elementor_is_screenshot":null,"_elementor_source_image_hash":null,"_source_url":null,"_wp_attachment_context":null,"_menu_item_type":null,"_menu_item_menu_item_parent":null,"_menu_item_object_id":null,"_menu_item_object":null,"_menu_item_target":null,"_menu_item_classes":null,"_menu_item_xfn":null,"_menu_item_url":null,"__elementor_forms_snapshot":null,"_unit":"","_unit_base":"","_unit_product":"","_unit_price_auto":"no","_unit_price_regular":"","_unit_price":"","_unit_price_sale":"","_sale_price_label":"","_sale_price_regular_label":"","_manufacturer_slug":"","_mini_desc":"","_defect_description":"","_safety_instructions":"","_allergen_ids":[],"_warranty_attachment_id":"","_safety_attachment_ids":[],"_min_age":"","_ts_gtin":"","_ts_mpn":"","_delivery_time_countries":[],"_free_shipping":"no","_service":"no","_photovoltaic_system":"no","_used_good":"no","_defective_copy":"no","_wireless_electronic_device":"no","_device_contains_power_supply":"no","_device_charging_supports_usb_pd":"no","_device_charging_watt_min":"0","_device_charging_watt_max":"0","_is_food":"no","_differential_taxation":"no","_gzd_version":"3.18.7","_hs_code":"","_customs_description":"","_manufacture_country":"0","_is_non_returnable":"no","_shipping_length":"","_shipping_width":"","_shipping_height":"","_sku":"ISBN 978-3-86442-299-7","_global_unique_id":"978-3-86442-299-7","_regular_price":"24.8","total_sales":"0","_tax_status":"taxable","_tax_class":"","_manage_stock":"no","_backorders":"no","_sold_individually":"no","_weight":"1","_virtual":"no","_downloadable":"no","_download_limit":"-1","_download_expiry":"-1","_stock":"","_stock_status":"instock","_wc_average_rating":"0","_wc_review_count":"0","_product_version":"9.7.1","_price":"24.8","shopengine_product_views_count":"2504","_thumbnail_id":"5044","_product_attributes":{"erscheinungsdatum":{"name":"Erscheinungsdatum","value":"28.06.2019","position":0,"is_visible":1,"is_variation":0,"is_taxonomy":0,"checkout_visible":0}},"_nutrient_ids":[],"_upsell_ids":null,"pswc_subtitle":null,"_default_delivery_time":null,"_wp_desired_post_slug":null,"_isbn":null,"pageType":null,"isExternalUrl":null,"pageId":null,"externalUrl":null,"hideCookieBanner":null,"isTargetBlank":null,"isProviderCurrentWebsite":null,"isEmbeddingOnlyExternalResources":null,"legalBasis":null,"dataProcessingInCountries":null,"dataProcessingInCountriesSpecialTreatments":null,"technicalDefinitions":null,"googleConsentModeConsentTypes":null,"executePriority":null,"executeCodeOptInWhenNoTagManagerConsentIsGiven":null,"executeCodeOptOutWhenNoTagManagerConsentIsGiven":null,"deleteTechnicalDefinitionsAfterOptOut":null,"presetId":null,"presetVersion":null,"provider":null,"providerContactPhone":null,"providerContactEmail":null,"providerContactLink":null,"uniqueName":null,"providerPrivacyPolicyUrl":null,"providerLegalNoticeUrl":null,"codeOptIn":null,"codeOptOut":null,"codeOnPageLoad":null,"language_code":null,"shopengine_template__post_meta__type":null,"shopengine_template__post_meta":null,"shopengine_template__post_meta__edit_with":null,"origin":null,"_enabled":null,"_filters":null,"_layout":null,"_elementor_import_session_id":null,"_wp_trash_meta_status":null,"_wp_trash_meta_time":null,"_edit_lock":"1743515831:2","_elementor_floating_elements_type":null,"_elementor_edit_mode":null,"_elementor_template_type":null,"tc-thumb-fld":{"_thumb_id":5044,"_thumb_type":"thumb"},"_wp_page_template":"default","_elementor_version":null,"_elementor_pro_version":null,"_elementor_page_settings":null,"_elementor_data":null,"_elementor_conditions":null,"_elementor_popup_display_settings":null,"_edit_last":"2","_elementor_template_sub_type":null,"_elementor_controls_usage":null,"_elementor_screenshot":null,"_elementor_css":null,"_elementor_page_assets":[],"_elementor_element_cache":null,"_elementor_screenshot_failed":null,"_elementor_source":null,"_wp_old_date":null,"layout_key":"","post_slider_check_key":"0","_links":{"self":[{"href":"https:\/\/snoeck.de\/fr\/wp-json\/wp\/v2\/product\/3631","targetHints":{"allow":["GET"]}}],"collection":[{"href":"https:\/\/snoeck.de\/fr\/wp-json\/wp\/v2\/product"}],"about":[{"href":"https:\/\/snoeck.de\/fr\/wp-json\/wp\/v2\/types\/product"}],"wp:featuredmedia":[{"embeddable":true,"href":"https:\/\/snoeck.de\/fr\/wp-json\/wp\/v2\/media\/5044"}],"wp:attachment":[{"href":"https:\/\/snoeck.de\/fr\/wp-json\/wp\/v2\/media?parent=3631"}],"wp:term":[{"taxonomy":"product_brand","embeddable":true,"href":"https:\/\/snoeck.de\/fr\/wp-json\/wp\/v2\/product_brand?post=3631"},{"taxonomy":"product_cat","embeddable":true,"href":"https:\/\/snoeck.de\/fr\/wp-json\/wp\/v2\/product_cat?post=3631"},{"taxonomy":"product_tag","embeddable":true,"href":"https:\/\/snoeck.de\/fr\/wp-json\/wp\/v2\/product_tag?post=3631"}],"curies":[{"name":"wp","href":"https:\/\/api.w.org\/{rel}","templated":true}]}}