{"id":3632,"date":"2025-01-31T11:31:04","date_gmt":"2025-01-31T11:31:04","guid":{"rendered":"https:\/\/snoeck.process-vision.de\/shop\/magdalena-kita-californication\/"},"modified":"2026-04-08T15:10:57","modified_gmt":"2026-04-08T14:10:57","slug":"magdalena-kita-californication","status":"publish","type":"product","link":"https:\/\/snoeck.de\/fr\/shop\/magdalena-kita-californication\/","title":{"rendered":"Magdalena Kita : Californication"},"content":{"rendered":"<h3>Goodbye dead grey towels<\/h3>\n<p>Les motifs de l'artiste germano-polonaise Magdalena Kita, qui les imprime sur des serviettes de bain, rappellent de loin les travaux obsessionnels de Dorothy Iannone. Toutefois, Magdalena Kita va encore un peu plus loin avec ses motifs color\u00e9s et tout aussi \u00e9rotiques. Dans sa premi\u00e8re publication \"Californication\", pr\u00e9sent\u00e9e ici, elle ne rassemble pas seulement un nombre imposant de serviettes de bain les plus diverses, avec lesquelles elle poursuit le programme d'images na\u00efves et plaisantes d'un f\u00e9minisme libertaire, mais aussi la documentation de nombreuses performances publiques et de spots t\u00e9l\u00e9vis\u00e9s qu'elle a elle-m\u00eame produits. Les serviettes de bain y sont pr\u00e9sent\u00e9es par de jeunes et pulpeuses baigneuses qui se pr\u00e9lassent sur elles au soleil ou les prom\u00e8nent sur la plage. Les r\u00e9cits en images des serviettes fonctionnent comme le cheval de Troie, elles montrent beaucoup de choses sans rien r\u00e9v\u00e9ler : Les motifs \u00e0 la charge \u00e9rotique complexe ne donnent aux spectateurs aucun indice sur le comportement social, ni sur le style de vie ni, plus concr\u00e8tement, sur le sexe et le genre des porteurs de serviettes de bain. Les \u0153uvres sont des reflets ironiques de la vie sociale actuelle, telle qu'elle est c\u00e9l\u00e9br\u00e9e par les protagonistes masculins sur les plages de LA. En 2016, Magdalena Kita re\u00e7oit pour cela le prix Van Bommel Van Dam du mus\u00e9e du m\u00eame nom \u00e0 Venlo, aux Pays-Bas.<\/p>\n<p>Exposition :<br \/>\n\"Magdalena Kita winner of Van Bommel Van Dam Price 2016\", Mus\u00e9e van Bommel van Dam, Venlo, 15\/10 - 31\/12\/2016<\/p>","protected":false},"excerpt":{"rendered":"<p>Textes (eng.) de Gia Edzgveradze, Tytus Klepacz, Thomas W. Kuhn, Matthew Licht, Elena Malzew, JL Murtaugh, Noemi Smolik, entretien de Marina Pinsky &amp; Alex Wisse, et une pr\u00e9face de Catherine G. Wagley<br \/>\n184 p. avec 108 illustrations en couleur<br \/>\nformat 21 \u00d7 13 cm, couverture rigide recouverte de tissu et gaufr\u00e9e<\/p>","protected":false},"featured_media":5045,"template":"","meta":[],"product_brand":[],"product_cat":[95],"product_tag":[],"class_list":{"0":"post-3632","1":"product","2":"type-product","3":"status-publish","4":"has-post-thumbnail","6":"product_cat-vergriffen","8":"first","9":"outofstock","10":"taxable","11":"shipping-taxable","12":"product-type-simple"},"aioseo_notices":[],"_wp_attached_file":null,"_wp_attachment_metadata":null,"_wc_attachment_source":null,"_elementor_inline_svg":null,"_elementor_is_screenshot":null,"_elementor_source_image_hash":null,"_source_url":null,"_wp_attachment_context":null,"_menu_item_type":null,"_menu_item_menu_item_parent":null,"_menu_item_object_id":null,"_menu_item_object":null,"_menu_item_target":null,"_menu_item_classes":null,"_menu_item_xfn":null,"_menu_item_url":null,"__elementor_forms_snapshot":null,"_unit":"","_unit_base":"","_unit_product":"","_unit_price_auto":"no","_unit_price_regular":"","_unit_price":"","_unit_price_sale":"","_sale_price_label":"","_sale_price_regular_label":"","_manufacturer_slug":"","_mini_desc":"","_defect_description":"","_safety_instructions":"","_allergen_ids":[],"_warranty_attachment_id":"","_safety_attachment_ids":[],"_min_age":"","_ts_gtin":"","_ts_mpn":"","_delivery_time_countries":[],"_free_shipping":"no","_service":"no","_photovoltaic_system":"no","_used_good":"no","_defective_copy":"no","_wireless_electronic_device":"no","_device_contains_power_supply":"no","_device_charging_supports_usb_pd":"no","_device_charging_watt_min":"0","_device_charging_watt_max":"0","_is_food":"no","_differential_taxation":"no","_gzd_version":"3.18.7","_hs_code":"","_customs_description":"","_manufacture_country":"0","_is_non_returnable":"no","_shipping_length":"","_shipping_width":"","_shipping_height":"","_sku":"ISBN 978-3-86442-192-1","_global_unique_id":"978-3-86442-192-1","_regular_price":null,"total_sales":"0","_tax_status":"taxable","_tax_class":"","_manage_stock":"no","_backorders":"no","_sold_individually":"no","_weight":"1","_virtual":"no","_downloadable":"no","_download_limit":"-1","_download_expiry":"-1","_stock":"","_stock_status":"outofstock","_wc_average_rating":"0","_wc_review_count":"0","_product_version":"10.1.4","_price":"","shopengine_product_views_count":"3129","_thumbnail_id":"5045","_product_attributes":{"erscheinungsdatum":{"name":"Date de publication","value":"01.12.2016","position":0,"is_visible":1,"is_variation":0,"is_taxonomy":0,"checkout_visible":0}},"_nutrient_ids":[],"_upsell_ids":null,"pswc_subtitle":null,"_default_delivery_time":null,"_wp_desired_post_slug":null,"_isbn":null,"pageType":null,"isExternalUrl":null,"pageId":null,"externalUrl":null,"hideCookieBanner":null,"isTargetBlank":null,"isProviderCurrentWebsite":null,"isEmbeddingOnlyExternalResources":null,"legalBasis":null,"dataProcessingInCountries":null,"dataProcessingInCountriesSpecialTreatments":null,"technicalDefinitions":null,"googleConsentModeConsentTypes":null,"executePriority":null,"executeCodeOptInWhenNoTagManagerConsentIsGiven":null,"executeCodeOptOutWhenNoTagManagerConsentIsGiven":null,"deleteTechnicalDefinitionsAfterOptOut":null,"presetId":null,"presetVersion":null,"provider":null,"providerContactPhone":null,"providerContactEmail":null,"providerContactLink":null,"uniqueName":null,"providerPrivacyPolicyUrl":null,"providerLegalNoticeUrl":null,"codeOptIn":null,"codeOptOut":null,"codeOnPageLoad":null,"language_code":null,"shopengine_template__post_meta__type":null,"shopengine_template__post_meta":null,"shopengine_template__post_meta__edit_with":null,"origin":null,"_enabled":null,"_filters":null,"_layout":null,"_elementor_import_session_id":null,"_wp_trash_meta_status":null,"_wp_trash_meta_time":null,"_edit_lock":"1743515761:2","_elementor_floating_elements_type":null,"_elementor_edit_mode":null,"_elementor_template_type":null,"tc-thumb-fld":{"_thumb_id":5045,"_thumb_type":"thumb"},"_wp_page_template":"default","_elementor_version":null,"_elementor_pro_version":null,"_elementor_page_settings":null,"_elementor_data":null,"_elementor_conditions":null,"_elementor_popup_display_settings":null,"_edit_last":"2","_elementor_template_sub_type":null,"_elementor_controls_usage":null,"_elementor_screenshot":null,"_elementor_css":null,"_elementor_page_assets":[],"_elementor_element_cache":null,"_elementor_screenshot_failed":null,"_elementor_source":null,"_wp_old_date":null,"layout_key":"","post_slider_check_key":"0","_links":{"self":[{"href":"https:\/\/snoeck.de\/fr\/wp-json\/wp\/v2\/product\/3632","targetHints":{"allow":["GET"]}}],"collection":[{"href":"https:\/\/snoeck.de\/fr\/wp-json\/wp\/v2\/product"}],"about":[{"href":"https:\/\/snoeck.de\/fr\/wp-json\/wp\/v2\/types\/product"}],"wp:featuredmedia":[{"embeddable":true,"href":"https:\/\/snoeck.de\/fr\/wp-json\/wp\/v2\/media\/5045"}],"wp:attachment":[{"href":"https:\/\/snoeck.de\/fr\/wp-json\/wp\/v2\/media?parent=3632"}],"wp:term":[{"taxonomy":"product_brand","embeddable":true,"href":"https:\/\/snoeck.de\/fr\/wp-json\/wp\/v2\/product_brand?post=3632"},{"taxonomy":"product_cat","embeddable":true,"href":"https:\/\/snoeck.de\/fr\/wp-json\/wp\/v2\/product_cat?post=3632"},{"taxonomy":"product_tag","embeddable":true,"href":"https:\/\/snoeck.de\/fr\/wp-json\/wp\/v2\/product_tag?post=3632"}],"curies":[{"name":"wp","href":"https:\/\/api.w.org\/{rel}","templated":true}]}}