{"id":3633,"date":"2025-01-31T11:31:05","date_gmt":"2025-01-31T11:31:05","guid":{"rendered":"https:\/\/snoeck.process-vision.de\/shop\/klug-und-von-hehrer-gestalt\/"},"modified":"2025-04-01T13:56:50","modified_gmt":"2025-04-01T13:56:50","slug":"klug-und-von-hehrer-gestalt","status":"publish","type":"product","link":"https:\/\/snoeck.de\/fr\/shop\/klug-und-von-hehrer-gestalt\/","title":{"rendered":"Intelligent et de haute stature"},"content":{"rendered":"<h3>Le premier homme moderne<\/h3>\n<p>Francesco Petrarca (1304-1374) - l'un des Tre Corone de Florence avec Dante et Boccaccio - est consid\u00e9r\u00e9 comme le premier humaniste de l'\u00e9poque moderne. Son \"Canzoniere\" mondialement connu, le cycle de po\u00e8mes sur la vie et la mort de la Madonna Laura, compte parmi la po\u00e9sie amoureuse la plus c\u00e9l\u00e8bre d'Occident. A l'image de son \u00e2me et de son esprit, il convient d'en associer une autre : celle d'une physionomie imagin\u00e9e et id\u00e9alis\u00e9e. Avec la conscience naissante de l'individu et le besoin de repr\u00e9sentation qui s'ensuit, les premiers portraits montrent d\u00e9j\u00e0 P\u00e9trarque comme une personnalit\u00e9 \u00e9minente de son \u00e9poque. Au cours des si\u00e8cles suivants, selon la r\u00e9ception de ses \u0153uvres, les repr\u00e9sentations les plus diverses voient le jour dans les miniatures, la typographie et le graphisme, sur les pi\u00e8ces de monnaie et les m\u00e9dailles ou sous forme de monuments et de sculptures. Le pr\u00e9sent ouvrage est la premi\u00e8re monographie consacr\u00e9e au portrait de P\u00e9trarque et \u00e0 ses variantes au fil des si\u00e8cles. Le choix des portraits et les textes qui les accompagnent cr\u00e9ent une anthologie richement illustr\u00e9e qui donne un aper\u00e7u de l'image de P\u00e9trarque \u00e0 travers sa personnalit\u00e9, sa post\u00e9rit\u00e9 et l'histoire de ses effets, tant pour les personnes int\u00e9ress\u00e9es que pour les sp\u00e9cialistes.Reiner Speck, n\u00e9 en 1941, docteur en m\u00e9decine, est m\u00e9decin, collectionneur et publiciste, ainsi que fondateur de la Soci\u00e9t\u00e9 Marcel Proust \u00e0 Cologne. Sa collection d'art est aussi connue que sa vaste biblioth\u00e8que sur l'\u0153uvre de Marcel Proust ou son importante collection sur Francesco Petrarca, consid\u00e9r\u00e9e comme la plus grande au monde en mains priv\u00e9es. Reiner Speck a publi\u00e9 des ouvrages sur l'art, la litt\u00e9rature et l'histoire de la m\u00e9decine. Chez Snoeck, il a r\u00e9cemment publi\u00e9 \"I hate Paul Klee. Travaux sur papier et livres d'artistes de la collection Speck\" et, en \u00e9dition bilingue (allemand\/fran\u00e7ais), en collaboration avec J\u00fcrgen Ritte, \"Cher ami ... Votre Marcel Proust. Marcel Proust dans le miroir de sa correspondance\".<\/p>","protected":false},"excerpt":{"rendered":"<p>\u00c9dit\u00e9 par Reiner Speck et Florian Neumann<br \/>\nTextes (all.) de Klaus Bergdolt, Hanna Christine Jacobs, Florian Neumann, Francesca Nodari, Patricia Oster, Ulrich Pfisterer, Reiner Speck, Mario Zanucchi, Olga Zoller<br \/>\n368 p. avec 320 illustrations en couleur<br \/>\nForrmat 28 x 19 cm, toile avec jaquette<\/p>","protected":false},"featured_media":5046,"template":"","meta":[],"product_brand":[],"product_cat":[111,64,65,68,73],"product_tag":[],"class_list":{"0":"post-3633","1":"product","2":"type-product","3":"status-publish","4":"has-post-thumbnail","6":"product_cat-111","7":"product_cat-g","8":"product_cat-h","9":"product_cat-k","10":"product_cat-p","12":"first","13":"instock","14":"taxable","15":"shipping-taxable","16":"purchasable","17":"product-type-simple"},"aioseo_notices":[],"_wp_attached_file":null,"_wp_attachment_metadata":null,"_wc_attachment_source":null,"_elementor_inline_svg":null,"_elementor_is_screenshot":null,"_elementor_source_image_hash":null,"_source_url":null,"_wp_attachment_context":null,"_menu_item_type":null,"_menu_item_menu_item_parent":null,"_menu_item_object_id":null,"_menu_item_object":null,"_menu_item_target":null,"_menu_item_classes":null,"_menu_item_xfn":null,"_menu_item_url":null,"__elementor_forms_snapshot":null,"_unit":"","_unit_base":"","_unit_product":"","_unit_price_auto":"no","_unit_price_regular":"","_unit_price":"","_unit_price_sale":"","_sale_price_label":"","_sale_price_regular_label":"","_manufacturer_slug":"","_mini_desc":"","_defect_description":"","_safety_instructions":"","_allergen_ids":[],"_warranty_attachment_id":"","_safety_attachment_ids":[],"_min_age":"","_ts_gtin":"","_ts_mpn":"","_delivery_time_countries":[],"_free_shipping":"no","_service":"no","_photovoltaic_system":"no","_used_good":"no","_defective_copy":"no","_wireless_electronic_device":"no","_device_contains_power_supply":"no","_device_charging_supports_usb_pd":"no","_device_charging_watt_min":"0","_device_charging_watt_max":"0","_is_food":"no","_differential_taxation":"no","_gzd_version":"3.18.7","_hs_code":"","_customs_description":"","_manufacture_country":"0","_is_non_returnable":"no","_shipping_length":"","_shipping_width":"","_shipping_height":"","_sku":"ISBN 978-3-86442-210-2","_global_unique_id":"978-3-86442-210-2","_regular_price":"78","total_sales":"0","_tax_status":"taxable","_tax_class":"","_manage_stock":"no","_backorders":"no","_sold_individually":"no","_weight":"2","_virtual":"no","_downloadable":"no","_download_limit":"-1","_download_expiry":"-1","_stock":"","_stock_status":"instock","_wc_average_rating":"0","_wc_review_count":"0","_product_version":"9.7.1","_price":"78","shopengine_product_views_count":"3008","_thumbnail_id":"5046","_product_attributes":{"erscheinungsdatum":{"name":"Date de publication","value":"03.09.2018","position":0,"is_visible":1,"is_variation":0,"is_taxonomy":0,"checkout_visible":0}},"_nutrient_ids":[],"_upsell_ids":null,"pswc_subtitle":null,"_default_delivery_time":null,"_wp_desired_post_slug":null,"_isbn":null,"pageType":null,"isExternalUrl":null,"pageId":null,"externalUrl":null,"hideCookieBanner":null,"isTargetBlank":null,"isProviderCurrentWebsite":null,"isEmbeddingOnlyExternalResources":null,"legalBasis":null,"dataProcessingInCountries":null,"dataProcessingInCountriesSpecialTreatments":null,"technicalDefinitions":null,"googleConsentModeConsentTypes":null,"executePriority":null,"executeCodeOptInWhenNoTagManagerConsentIsGiven":null,"executeCodeOptOutWhenNoTagManagerConsentIsGiven":null,"deleteTechnicalDefinitionsAfterOptOut":null,"presetId":null,"presetVersion":null,"provider":null,"providerContactPhone":null,"providerContactEmail":null,"providerContactLink":null,"uniqueName":null,"providerPrivacyPolicyUrl":null,"providerLegalNoticeUrl":null,"codeOptIn":null,"codeOptOut":null,"codeOnPageLoad":null,"language_code":null,"shopengine_template__post_meta__type":null,"shopengine_template__post_meta":null,"shopengine_template__post_meta__edit_with":null,"origin":null,"_enabled":null,"_filters":null,"_layout":null,"_elementor_import_session_id":null,"_wp_trash_meta_status":null,"_wp_trash_meta_time":null,"_edit_lock":"1743515670:2","_elementor_floating_elements_type":null,"_elementor_edit_mode":null,"_elementor_template_type":null,"tc-thumb-fld":{"_thumb_id":5046,"_thumb_type":"thumb"},"_wp_page_template":"default","_elementor_version":null,"_elementor_pro_version":null,"_elementor_page_settings":null,"_elementor_data":null,"_elementor_conditions":null,"_elementor_popup_display_settings":null,"_edit_last":"2","_elementor_template_sub_type":null,"_elementor_controls_usage":null,"_elementor_screenshot":null,"_elementor_css":null,"_elementor_page_assets":[],"_elementor_element_cache":null,"_elementor_screenshot_failed":null,"_elementor_source":null,"_wp_old_date":null,"layout_key":"","post_slider_check_key":"0","_links":{"self":[{"href":"https:\/\/snoeck.de\/fr\/wp-json\/wp\/v2\/product\/3633","targetHints":{"allow":["GET"]}}],"collection":[{"href":"https:\/\/snoeck.de\/fr\/wp-json\/wp\/v2\/product"}],"about":[{"href":"https:\/\/snoeck.de\/fr\/wp-json\/wp\/v2\/types\/product"}],"wp:featuredmedia":[{"embeddable":true,"href":"https:\/\/snoeck.de\/fr\/wp-json\/wp\/v2\/media\/5046"}],"wp:attachment":[{"href":"https:\/\/snoeck.de\/fr\/wp-json\/wp\/v2\/media?parent=3633"}],"wp:term":[{"taxonomy":"product_brand","embeddable":true,"href":"https:\/\/snoeck.de\/fr\/wp-json\/wp\/v2\/product_brand?post=3633"},{"taxonomy":"product_cat","embeddable":true,"href":"https:\/\/snoeck.de\/fr\/wp-json\/wp\/v2\/product_cat?post=3633"},{"taxonomy":"product_tag","embeddable":true,"href":"https:\/\/snoeck.de\/fr\/wp-json\/wp\/v2\/product_tag?post=3633"}],"curies":[{"name":"wp","href":"https:\/\/api.w.org\/{rel}","templated":true}]}}