{"id":3634,"date":"2025-01-31T11:31:06","date_gmt":"2025-01-31T11:31:06","guid":{"rendered":"https:\/\/snoeck.process-vision.de\/shop\/gustav-kluge-druckstoecke-1983-2018\/"},"modified":"2026-04-08T15:17:00","modified_gmt":"2026-04-08T14:17:00","slug":"gustav-kluge-druckstoecke-1983-2018","status":"publish","type":"product","link":"https:\/\/snoeck.de\/fr\/shop\/gustav-kluge-druckstoecke-1983-2018\/","title":{"rendered":"Gustav Kluge : Planches d'impression 1983-2018"},"content":{"rendered":"<h3>De l'instrument d'impression \u00e0 l'\u0153uvre plastique<\/h3>\n<p>L'impression \u00e0 partir d'un b\u00e2ton de bois d\u00e9coup\u00e9 joue un r\u00f4le cl\u00e9 dans l'\u0153uvre de l'artiste Gustav Kluge (*1947 ; cofondateur de la Produzentengalerie \u00e0 Hambourg). Sur les quelque 190 planches d'origine, il n'y a gu\u00e8re eu de tirages classiques, l'artiste n'a plut\u00f4t tir\u00e9 en r\u00e8gle g\u00e9n\u00e9rale que quelques variantes uniques. Ses quelque 900 impressions sur bois montrent d\u00e8s le d\u00e9but une tendance \u00e0 d\u00e9passer les limites classiques du m\u00e9dium et \u00e0 s'associer \u00e0 des \u00e9l\u00e9ments picturaux. Apr\u00e8s le tournant du mill\u00e9naire, les impressions prennent \u00e9galement des traits de plastique en relief gr\u00e2ce au d\u00e9coupage et au collage de formes. Cette extension consciente des possibilit\u00e9s de l'impression sur bois trouve son pendant dans l'utilisation par Gustav Kluge des clich\u00e9s, souvent obtenus \u00e0 partir d'objets trouv\u00e9s et de bois assembl\u00e9s. Au fil des ann\u00e9es, elles montrent une \u00e9volution de l'outil pour les impressions sur bois vers une \u0153uvre plastique autonome, qui peut se suffire \u00e0 elle-m\u00eame. Les clich\u00e9s et les impressions sur bois forment ensemble un corpus dans lequel le graphisme, la peinture et la sculpture forment des liens changeants. L'ouvrage donne un aper\u00e7u concis des estampes r\u00e9alis\u00e9es entre 1983 et 2018.<\/p>\n<p>Expositions<br \/>\nMus\u00e9e Horst Janssen Oldenburg, 9\/12\/2018-24\/3\/2019<br \/>\nMus\u00e9e Lothar Fischer Neumarkt i.d. OPf., 13\/4-16\/6\/2019<br \/>\nMus\u00e9e d'art de Reutlingen, 30\/6-13\/10\/2019<\/p>","protected":false},"excerpt":{"rendered":"<p>Catalogue d'exposition, \u00e9dit\u00e9 par le Kunstmuseum Reutlingen, le Horst-Janssen Museum Oldenburg et le Museum Lothar Fischer Neumarkt in der Oberpfalz<br \/>\nCatalogue raisonn\u00e9 \u00e9labor\u00e9 par Maren Ke\u00df-H\u00e4lbig<br \/>\nTextes (all.) de G\u00fcnther Gercken, Hans Werner Schmidt<br \/>\n208 p. avec 172 illustrations en couleur<br \/>\nformat 31 x 23, couverture rigide<\/p>","protected":false},"featured_media":5047,"template":"","meta":[],"product_brand":[],"product_cat":[95],"product_tag":[],"class_list":{"0":"post-3634","1":"product","2":"type-product","3":"status-publish","4":"has-post-thumbnail","6":"product_cat-vergriffen","8":"first","9":"outofstock","10":"taxable","11":"shipping-taxable","12":"product-type-simple"},"aioseo_notices":[],"_wp_attached_file":null,"_wp_attachment_metadata":null,"_wc_attachment_source":null,"_elementor_inline_svg":null,"_elementor_is_screenshot":null,"_elementor_source_image_hash":null,"_source_url":null,"_wp_attachment_context":null,"_menu_item_type":null,"_menu_item_menu_item_parent":null,"_menu_item_object_id":null,"_menu_item_object":null,"_menu_item_target":null,"_menu_item_classes":null,"_menu_item_xfn":null,"_menu_item_url":null,"__elementor_forms_snapshot":null,"_unit":"","_unit_base":"","_unit_product":"","_unit_price_auto":"no","_unit_price_regular":"","_unit_price":"","_unit_price_sale":"","_sale_price_label":"","_sale_price_regular_label":"","_manufacturer_slug":"","_mini_desc":"","_defect_description":"","_safety_instructions":"","_allergen_ids":[],"_warranty_attachment_id":"","_safety_attachment_ids":[],"_min_age":"","_ts_gtin":"","_ts_mpn":"","_delivery_time_countries":[],"_free_shipping":"no","_service":"no","_photovoltaic_system":"no","_used_good":"no","_defective_copy":"no","_wireless_electronic_device":"no","_device_contains_power_supply":"no","_device_charging_supports_usb_pd":"no","_device_charging_watt_min":"0","_device_charging_watt_max":"0","_is_food":"no","_differential_taxation":"no","_gzd_version":"3.18.7","_hs_code":"","_customs_description":"","_manufacture_country":"0","_is_non_returnable":"no","_shipping_length":"","_shipping_width":"","_shipping_height":"","_sku":"ISBN 978-3-86442-257-7","_global_unique_id":"978-3-86442-257-7","_regular_price":null,"total_sales":"0","_tax_status":"taxable","_tax_class":"","_manage_stock":"no","_backorders":"no","_sold_individually":"no","_weight":"2","_virtual":"no","_downloadable":"no","_download_limit":"-1","_download_expiry":"-1","_stock":"","_stock_status":"outofstock","_wc_average_rating":"0","_wc_review_count":"0","_product_version":"10.1.4","_price":"","shopengine_product_views_count":"2557","_thumbnail_id":"5047","_product_attributes":{"erscheinungsdatum":{"name":"Date de publication","value":"04.12.2018","position":0,"is_visible":1,"is_variation":0,"is_taxonomy":0,"checkout_visible":0}},"_nutrient_ids":[],"_upsell_ids":null,"pswc_subtitle":null,"_default_delivery_time":null,"_wp_desired_post_slug":null,"_isbn":null,"pageType":null,"isExternalUrl":null,"pageId":null,"externalUrl":null,"hideCookieBanner":null,"isTargetBlank":null,"isProviderCurrentWebsite":null,"isEmbeddingOnlyExternalResources":null,"legalBasis":null,"dataProcessingInCountries":null,"dataProcessingInCountriesSpecialTreatments":null,"technicalDefinitions":null,"googleConsentModeConsentTypes":null,"executePriority":null,"executeCodeOptInWhenNoTagManagerConsentIsGiven":null,"executeCodeOptOutWhenNoTagManagerConsentIsGiven":null,"deleteTechnicalDefinitionsAfterOptOut":null,"presetId":null,"presetVersion":null,"provider":null,"providerContactPhone":null,"providerContactEmail":null,"providerContactLink":null,"uniqueName":null,"providerPrivacyPolicyUrl":null,"providerLegalNoticeUrl":null,"codeOptIn":null,"codeOptOut":null,"codeOnPageLoad":null,"language_code":null,"shopengine_template__post_meta__type":null,"shopengine_template__post_meta":null,"shopengine_template__post_meta__edit_with":null,"origin":null,"_enabled":null,"_filters":null,"_layout":null,"_elementor_import_session_id":null,"_wp_trash_meta_status":null,"_wp_trash_meta_time":null,"_edit_lock":"1743515516:2","_elementor_floating_elements_type":null,"_elementor_edit_mode":null,"_elementor_template_type":null,"tc-thumb-fld":{"_thumb_id":5047,"_thumb_type":"thumb"},"_wp_page_template":"default","_elementor_version":null,"_elementor_pro_version":null,"_elementor_page_settings":null,"_elementor_data":null,"_elementor_conditions":null,"_elementor_popup_display_settings":null,"_edit_last":"2","_elementor_template_sub_type":null,"_elementor_controls_usage":null,"_elementor_screenshot":null,"_elementor_css":null,"_elementor_page_assets":[],"_elementor_element_cache":null,"_elementor_screenshot_failed":null,"_elementor_source":null,"_wp_old_date":null,"layout_key":"","post_slider_check_key":"0","_links":{"self":[{"href":"https:\/\/snoeck.de\/fr\/wp-json\/wp\/v2\/product\/3634","targetHints":{"allow":["GET"]}}],"collection":[{"href":"https:\/\/snoeck.de\/fr\/wp-json\/wp\/v2\/product"}],"about":[{"href":"https:\/\/snoeck.de\/fr\/wp-json\/wp\/v2\/types\/product"}],"wp:featuredmedia":[{"embeddable":true,"href":"https:\/\/snoeck.de\/fr\/wp-json\/wp\/v2\/media\/5047"}],"wp:attachment":[{"href":"https:\/\/snoeck.de\/fr\/wp-json\/wp\/v2\/media?parent=3634"}],"wp:term":[{"taxonomy":"product_brand","embeddable":true,"href":"https:\/\/snoeck.de\/fr\/wp-json\/wp\/v2\/product_brand?post=3634"},{"taxonomy":"product_cat","embeddable":true,"href":"https:\/\/snoeck.de\/fr\/wp-json\/wp\/v2\/product_cat?post=3634"},{"taxonomy":"product_tag","embeddable":true,"href":"https:\/\/snoeck.de\/fr\/wp-json\/wp\/v2\/product_tag?post=3634"}],"curies":[{"name":"wp","href":"https:\/\/api.w.org\/{rel}","templated":true}]}}