{"id":3635,"date":"2025-01-31T11:31:06","date_gmt":"2025-01-31T11:31:06","guid":{"rendered":"https:\/\/snoeck.process-vision.de\/shop\/kiki-kogelnik-i-have-seen-the-future\/"},"modified":"2025-04-01T13:55:39","modified_gmt":"2025-04-01T13:55:39","slug":"kiki-kogelnik-i-have-seen-the-future","status":"publish","type":"product","link":"https:\/\/snoeck.de\/fr\/shop\/kiki-kogelnik-i-have-seen-the-future\/","title":{"rendered":"Kiki Kogelnik : j'ai vu le futur !"},"content":{"rendered":"<h3>Tous les r\u00eaves sont proph\u00e9tiques en nous<\/h3>\n<p>Fus\u00e9es, canons, fragments de corps, collages, pochoirs, peintures en a\u00e9rosol, crazy-colours - ils caract\u00e9risent les mondes visuels de Kiki Kogelnik, n\u00e9e \u00e0 Graz en 1935. Apr\u00e8s avoir grandi en Carinthie, elle s'est rendue aux \u00c9tats-Unis en 1961, apr\u00e8s avoir fr\u00e9quent\u00e9 l'Acad\u00e9mie viennoise, et s'est install\u00e9e \u00e0 New York vers 1962. Ce n'est donc pas un hasard si ses travaux refl\u00e8tent les canons de la pop de la c\u00f4te Est de ses coll\u00e8gues masculins de l'\u00e9poque. Mais contrairement \u00e0 leurs jeux de mat\u00e9riaux ou \u00e0 leur festivisme prononc\u00e9 pour les marques, la jeune Autrichienne avait fait de l'\u00e9largissement de la conscience son \u00e9tendard et, d\u00e8s le d\u00e9but de la pop, elle voyait d'un \u0153il tr\u00e8s critique le lien entre l'amour de la technique et la mentalit\u00e9 de conqu\u00eate. Cela se voit dans ses images, qui peuvent \u00eatre lues au choix comme des d\u00e9clarations distanci\u00e9es, mais aussi comme un t\u00e9moignage na\u00eff de l'euphorie des ann\u00e9es 1960. Chez Kiki Kogelnik, le mot magique de l'\u00e9cart, tant sur la forme que sur le fond, est utopie, elle s'int\u00e9resse aux transformations, au d\u00e9passement de l'espace et du temps, elle a toujours consid\u00e9r\u00e9 le pr\u00e9sent comme le d\u00e9but d'un avenir meilleur. Il n'est donc pas \u00e9tonnant que dans les ann\u00e9es 1970, elle se soit davantage int\u00e9ress\u00e9e au th\u00e8me Womans Lib et se soit d\u00e8s lors pr\u00e9occup\u00e9e des questions d'appartenance \u00e0 un sexe. L'exposition r\u00e9trospective au Kunstverein de Hambourg et le catalogue luxueusement con\u00e7u et imprim\u00e9 t\u00e9moignent avec \u00e9loquence de toutes ces \u00e9tapes de l'\u0153uvre d'une artiste hors du commun ; Kiki Kogelnik est d\u00e9c\u00e9d\u00e9e \u00e0 Vienne en 1997.<\/p>\n<p>Exposition :<br \/>\nAssociation d'art \u00e0 Hambourg, 15\/9 - 30\/12\/2012<\/p>","protected":false},"excerpt":{"rendered":"<p>Catalogue d'exposition, Kunstverein in Hamburg, \u00e9d. Florian Waldvogel<br \/>\nTextes (all.\/ang.) de Angela Stief, Annette Tietenberg, Florian Waldvogel<br \/>\n216 p. avec 100 illustrations en couleur<br \/>\n24,5 x 16,5 cm, couverture souple<\/p>","protected":false},"featured_media":5048,"template":"","meta":[],"product_brand":[],"product_cat":[103,68],"product_tag":[],"class_list":{"0":"post-3635","1":"product","2":"type-product","3":"status-publish","4":"has-post-thumbnail","6":"product_cat-103","7":"product_cat-k","9":"first","10":"instock","11":"taxable","12":"shipping-taxable","13":"purchasable","14":"product-type-simple"},"aioseo_notices":[],"_wp_attached_file":null,"_wp_attachment_metadata":null,"_wc_attachment_source":null,"_elementor_inline_svg":null,"_elementor_is_screenshot":null,"_elementor_source_image_hash":null,"_source_url":null,"_wp_attachment_context":null,"_menu_item_type":null,"_menu_item_menu_item_parent":null,"_menu_item_object_id":null,"_menu_item_object":null,"_menu_item_target":null,"_menu_item_classes":null,"_menu_item_xfn":null,"_menu_item_url":null,"__elementor_forms_snapshot":null,"_unit":"","_unit_base":"","_unit_product":"","_unit_price_auto":"no","_unit_price_regular":"","_unit_price":"","_unit_price_sale":"","_sale_price_label":"","_sale_price_regular_label":"","_manufacturer_slug":"","_mini_desc":"","_defect_description":"","_safety_instructions":"","_allergen_ids":[],"_warranty_attachment_id":"","_safety_attachment_ids":[],"_min_age":"","_ts_gtin":"","_ts_mpn":"","_delivery_time_countries":[],"_free_shipping":"no","_service":"no","_photovoltaic_system":"no","_used_good":"no","_defective_copy":"no","_wireless_electronic_device":"no","_device_contains_power_supply":"no","_device_charging_supports_usb_pd":"no","_device_charging_watt_min":"0","_device_charging_watt_max":"0","_is_food":"no","_differential_taxation":"no","_gzd_version":"3.18.7","_hs_code":"","_customs_description":"","_manufacture_country":"0","_is_non_returnable":"no","_shipping_length":"","_shipping_width":"","_shipping_height":"","_sku":"ISBN 978-3-86442-024-5","_global_unique_id":"978-3-86442-024-5","_regular_price":"34","total_sales":"0","_tax_status":"taxable","_tax_class":"","_manage_stock":"no","_backorders":"no","_sold_individually":"no","_weight":"1","_virtual":"no","_downloadable":"no","_download_limit":"-1","_download_expiry":"-1","_stock":"","_stock_status":"instock","_wc_average_rating":"0","_wc_review_count":"0","_product_version":"9.7.1","_price":"34","shopengine_product_views_count":"3106","_thumbnail_id":"5048","_product_attributes":{"erscheinungsdatum":{"name":"Date de publication","value":"30.09.2012","position":0,"is_visible":1,"is_variation":0,"is_taxonomy":0,"checkout_visible":0}},"_nutrient_ids":[],"_upsell_ids":null,"pswc_subtitle":null,"_default_delivery_time":null,"_wp_desired_post_slug":null,"_isbn":null,"pageType":null,"isExternalUrl":null,"pageId":null,"externalUrl":null,"hideCookieBanner":null,"isTargetBlank":null,"isProviderCurrentWebsite":null,"isEmbeddingOnlyExternalResources":null,"legalBasis":null,"dataProcessingInCountries":null,"dataProcessingInCountriesSpecialTreatments":null,"technicalDefinitions":null,"googleConsentModeConsentTypes":null,"executePriority":null,"executeCodeOptInWhenNoTagManagerConsentIsGiven":null,"executeCodeOptOutWhenNoTagManagerConsentIsGiven":null,"deleteTechnicalDefinitionsAfterOptOut":null,"presetId":null,"presetVersion":null,"provider":null,"providerContactPhone":null,"providerContactEmail":null,"providerContactLink":null,"uniqueName":null,"providerPrivacyPolicyUrl":null,"providerLegalNoticeUrl":null,"codeOptIn":null,"codeOptOut":null,"codeOnPageLoad":null,"language_code":null,"shopengine_template__post_meta__type":null,"shopengine_template__post_meta":null,"shopengine_template__post_meta__edit_with":null,"origin":null,"_enabled":null,"_filters":null,"_layout":null,"_elementor_import_session_id":null,"_wp_trash_meta_status":null,"_wp_trash_meta_time":null,"_edit_lock":"1743515599:2","_elementor_floating_elements_type":null,"_elementor_edit_mode":null,"_elementor_template_type":null,"tc-thumb-fld":{"_thumb_id":5048,"_thumb_type":"thumb"},"_wp_page_template":"default","_elementor_version":null,"_elementor_pro_version":null,"_elementor_page_settings":null,"_elementor_data":null,"_elementor_conditions":null,"_elementor_popup_display_settings":null,"_edit_last":"2","_elementor_template_sub_type":null,"_elementor_controls_usage":null,"_elementor_screenshot":null,"_elementor_css":null,"_elementor_page_assets":[],"_elementor_element_cache":null,"_elementor_screenshot_failed":null,"_elementor_source":null,"_wp_old_date":null,"layout_key":"","post_slider_check_key":"0","_links":{"self":[{"href":"https:\/\/snoeck.de\/fr\/wp-json\/wp\/v2\/product\/3635","targetHints":{"allow":["GET"]}}],"collection":[{"href":"https:\/\/snoeck.de\/fr\/wp-json\/wp\/v2\/product"}],"about":[{"href":"https:\/\/snoeck.de\/fr\/wp-json\/wp\/v2\/types\/product"}],"wp:featuredmedia":[{"embeddable":true,"href":"https:\/\/snoeck.de\/fr\/wp-json\/wp\/v2\/media\/5048"}],"wp:attachment":[{"href":"https:\/\/snoeck.de\/fr\/wp-json\/wp\/v2\/media?parent=3635"}],"wp:term":[{"taxonomy":"product_brand","embeddable":true,"href":"https:\/\/snoeck.de\/fr\/wp-json\/wp\/v2\/product_brand?post=3635"},{"taxonomy":"product_cat","embeddable":true,"href":"https:\/\/snoeck.de\/fr\/wp-json\/wp\/v2\/product_cat?post=3635"},{"taxonomy":"product_tag","embeddable":true,"href":"https:\/\/snoeck.de\/fr\/wp-json\/wp\/v2\/product_tag?post=3635"}],"curies":[{"name":"wp","href":"https:\/\/api.w.org\/{rel}","templated":true}]}}